{"id":96,"date":"2016-03-04T22:14:21","date_gmt":"2016-03-04T21:14:21","guid":{"rendered":"http:\/\/84310.fr\/jardin-morierois\/?page_id=96"},"modified":"2017-04-24T21:10:24","modified_gmt":"2017-04-24T20:10:24","slug":"trouvailles-et-decouvertes","status":"publish","type":"page","link":"https:\/\/84310.fr\/jardin-morierois\/trouvailles-et-decouvertes\/","title":{"rendered":"Trouvailles"},"content":{"rendered":"<p>Aux alentours d&rsquo;Entraigues, au bord de la route, \u00e0 cot\u00e9 des poubelles se trouvait une grande vasque en pierre reconstitu\u00e9e. Elle avait \u00e9t\u00e9 d\u00e9pos\u00e9 sur le rebut visiblement car le pied n&rsquo;\u00e9tait pas l\u00e0. vite charg\u00e9e dans le coffre, elle n&rsquo;a pas tard\u00e9 \u00e0 trouver une seconde vie dans le jardin.<\/p>\n<p style=\"text-align: center;\"><img loading=\"lazy\" decoding=\"async\" class=\"alignnone size-full wp-image-1301\" src=\"https:\/\/84310.fr\/jardin-morierois\/wp-content\/uploads\/2016\/03\/DSCN1323.jpg\" alt=\"\" width=\"800\" height=\"600\" srcset=\"https:\/\/84310.fr\/jardin-morierois\/wp-content\/uploads\/2016\/03\/DSCN1323.jpg 800w, https:\/\/84310.fr\/jardin-morierois\/wp-content\/uploads\/2016\/03\/DSCN1323-300x225.jpg 300w, https:\/\/84310.fr\/jardin-morierois\/wp-content\/uploads\/2016\/03\/DSCN1323-768x576.jpg 768w\" sizes=\"auto, (max-width: 800px) 100vw, 800px\" \/>un peu de terreau et de compost maison, un peu de terre, et la revoil\u00e0 partie dans le monde du recyclage<\/p>\n<p style=\"text-align: center;\"><img loading=\"lazy\" decoding=\"async\" class=\"alignnone size-full wp-image-1303\" src=\"https:\/\/84310.fr\/jardin-morierois\/wp-content\/uploads\/2016\/03\/DSCN1327.jpg\" alt=\"\" width=\"800\" height=\"600\" srcset=\"https:\/\/84310.fr\/jardin-morierois\/wp-content\/uploads\/2016\/03\/DSCN1327.jpg 800w, https:\/\/84310.fr\/jardin-morierois\/wp-content\/uploads\/2016\/03\/DSCN1327-300x225.jpg 300w, https:\/\/84310.fr\/jardin-morierois\/wp-content\/uploads\/2016\/03\/DSCN1327-768x576.jpg 768w\" sizes=\"auto, (max-width: 800px) 100vw, 800px\" \/>c&rsquo;est finalement la foug\u00e8re qui se sentait bien \u00e0 l&rsquo;\u00e9troit dans son pot, qui b\u00e9n\u00e9ficie de cette trouvaille inattendue.<br \/>\nrecyclage , quand tu nous tiens &#8230;.<\/p>\n","protected":false},"excerpt":{"rendered":"<p>Aux alentours d&rsquo;Entraigues, au bord de la route, \u00e0 cot\u00e9 des poubelles se trouvait une grande vasque en pierre reconstitu\u00e9e. Elle avait \u00e9t\u00e9 d\u00e9pos\u00e9 sur le rebut visiblement car le pied n&rsquo;\u00e9tait pas l\u00e0. vite charg\u00e9e dans le coffre, elle&hellip; <\/p>\n","protected":false},"author":1,"featured_media":0,"parent":0,"menu_order":0,"comment_status":"closed","ping_status":"closed","template":"","meta":{"_exactmetrics_skip_tracking":false,"_exactmetrics_sitenote_active":false,"_exactmetrics_sitenote_note":"","_exactmetrics_sitenote_category":0,"footnotes":""},"class_list":["post-96","page","type-page","status-publish","hentry"],"_links":{"self":[{"href":"https:\/\/84310.fr\/jardin-morierois\/wp-json\/wp\/v2\/pages\/96","targetHints":{"allow":["GET"]}}],"collection":[{"href":"https:\/\/84310.fr\/jardin-morierois\/wp-json\/wp\/v2\/pages"}],"about":[{"href":"https:\/\/84310.fr\/jardin-morierois\/wp-json\/wp\/v2\/types\/page"}],"author":[{"embeddable":true,"href":"https:\/\/84310.fr\/jardin-morierois\/wp-json\/wp\/v2\/users\/1"}],"replies":[{"embeddable":true,"href":"https:\/\/84310.fr\/jardin-morierois\/wp-json\/wp\/v2\/comments?post=96"}],"version-history":[{"count":4,"href":"https:\/\/84310.fr\/jardin-morierois\/wp-json\/wp\/v2\/pages\/96\/revisions"}],"predecessor-version":[{"id":1304,"href":"https:\/\/84310.fr\/jardin-morierois\/wp-json\/wp\/v2\/pages\/96\/revisions\/1304"}],"wp:attachment":[{"href":"https:\/\/84310.fr\/jardin-morierois\/wp-json\/wp\/v2\/media?parent=96"}],"curies":[{"name":"wp","href":"https:\/\/api.w.org\/{rel}","templated":true}]}}