{"id":92,"date":"2016-03-04T22:12:50","date_gmt":"2016-03-04T21:12:50","guid":{"rendered":"http:\/\/84310.fr\/jardin-morierois\/?page_id=92"},"modified":"2016-11-14T21:11:55","modified_gmt":"2016-11-14T20:11:55","slug":"teton-de-venus-blanche","status":"publish","type":"page","link":"https:\/\/84310.fr\/jardin-morierois\/teton-de-venus-blanche\/","title":{"rendered":"T\u00c9TON DE VENUS BLANCHE"},"content":{"rendered":"<p>Tomate T\u00c9TON DE VENUS BLANCHE<\/p>\n<p>6 graines sem\u00e9es le 9 F\u00e9vrier 2016<\/p>\n<p>le 19 F\u00e9vrier, 6 petits plans sont sortis\u00a0 FIABILITE 100% \u00e0 J + 10<\/p>\n<p>Le 24 F\u00e9vrier, comme il me restait quelques graines, j\u2019ai sem\u00e9 deux graines de plus par \u00bb s\u00e9curit\u00e9 \u00bb<\/p>\n<p>Le 3 Mars, sur les 6 plants initiaux, 4 plants pr\u00e9vus pour greffe ont \u00e9t\u00e9 transplant\u00e9s en godet et les 2 plants restants pour graine ont \u00e9galement \u00e9t\u00e9 mis en godet.<br \/>\nLe 14 Mars, j&rsquo;ai mis les deux plants Bonus, cit\u00e9s plus hauts, en godet.<br \/>\nLe 20 Mars, 2 plants ont \u00e9t\u00e9 greff\u00e9s. les deux autres pr\u00e9vus pour greffe sont encore trop petits<\/p>\n<p><span style=\"color: #3366ff;\"><strong>Total au 14\/06\/16<\/strong><\/span><\/p>\n<p>Greff\u00e9 =&gt; 2<br \/>\nNormales =&gt; 2<br \/>\nR\u00e9cup =&gt; 2<br \/>\nHexagone =&gt; 1<br \/>\n<img loading=\"lazy\" decoding=\"async\" class=\"alignnone size-full wp-image-708\" src=\"https:\/\/84310.fr\/jardin-morierois\/wp-content\/uploads\/2016\/03\/t\u00e9ton-v\u00e9nus-B.jpg\" alt=\"t\u00e9ton v\u00e9nus B\" width=\"2918\" height=\"2195\" srcset=\"https:\/\/84310.fr\/jardin-morierois\/wp-content\/uploads\/2016\/03\/t\u00e9ton-v\u00e9nus-B.jpg 2918w, https:\/\/84310.fr\/jardin-morierois\/wp-content\/uploads\/2016\/03\/t\u00e9ton-v\u00e9nus-B-300x226.jpg 300w, https:\/\/84310.fr\/jardin-morierois\/wp-content\/uploads\/2016\/03\/t\u00e9ton-v\u00e9nus-B-768x578.jpg 768w, https:\/\/84310.fr\/jardin-morierois\/wp-content\/uploads\/2016\/03\/t\u00e9ton-v\u00e9nus-B-1024x770.jpg 1024w\" sizes=\"auto, (max-width: 2918px) 100vw, 2918px\" \/><\/p>\n<p>Comme son nom l&rsquo;indique, on voit appara\u00eetre un petit t\u00e9ton sous la tomate<\/p>\n<p><span style=\"color: #3366ff;\"><strong>Le 14\/06\/16<\/strong><\/span><\/p>\n<p><img loading=\"lazy\" decoding=\"async\" class=\"alignnone size-full wp-image-785\" src=\"https:\/\/84310.fr\/jardin-morierois\/wp-content\/uploads\/2016\/03\/DSCN2586teton1.jpg\" alt=\"DSCN2586teton1\" width=\"800\" height=\"600\" srcset=\"https:\/\/84310.fr\/jardin-morierois\/wp-content\/uploads\/2016\/03\/DSCN2586teton1.jpg 800w, https:\/\/84310.fr\/jardin-morierois\/wp-content\/uploads\/2016\/03\/DSCN2586teton1-300x225.jpg 300w, https:\/\/84310.fr\/jardin-morierois\/wp-content\/uploads\/2016\/03\/DSCN2586teton1-768x576.jpg 768w\" sizes=\"auto, (max-width: 800px) 100vw, 800px\" \/> <img loading=\"lazy\" decoding=\"async\" class=\"alignnone size-full wp-image-786\" src=\"https:\/\/84310.fr\/jardin-morierois\/wp-content\/uploads\/2016\/03\/DSCN2587teton-2.jpg\" alt=\"DSCN2587teton 2\" width=\"800\" height=\"600\" srcset=\"https:\/\/84310.fr\/jardin-morierois\/wp-content\/uploads\/2016\/03\/DSCN2587teton-2.jpg 800w, https:\/\/84310.fr\/jardin-morierois\/wp-content\/uploads\/2016\/03\/DSCN2587teton-2-300x225.jpg 300w, https:\/\/84310.fr\/jardin-morierois\/wp-content\/uploads\/2016\/03\/DSCN2587teton-2-768x576.jpg 768w\" sizes=\"auto, (max-width: 800px) 100vw, 800px\" \/><\/p>\n<h2 style=\"text-align: center;\"><span style=\"color: #ff0000;\"><strong>STATISTIQUES de la saison 2016<\/strong><\/span><\/h2>\n<p><img loading=\"lazy\" decoding=\"async\" class=\"alignnone size-full wp-image-957\" src=\"https:\/\/84310.fr\/jardin-morierois\/wp-content\/uploads\/2016\/03\/teton-venus.jpg\" alt=\"teton-venus\" width=\"711\" height=\"196\" srcset=\"https:\/\/84310.fr\/jardin-morierois\/wp-content\/uploads\/2016\/03\/teton-venus.jpg 711w, https:\/\/84310.fr\/jardin-morierois\/wp-content\/uploads\/2016\/03\/teton-venus-300x83.jpg 300w\" sizes=\"auto, (max-width: 711px) 100vw, 711px\" \/><\/p>\n<p>la greffe a \u00e9t\u00e9 peu rentable &#8230;<\/p>\n<p>le go\u00fbt et la couleur en font une tomate sympathique mis \u00e0 part \u00e7a, les r\u00e9sultats sont assez m\u00e9diocres.<br \/>\n<span style=\"color: #ff0000;\"><strong>ce n&rsquo;est pas une vari\u00e9t\u00e9 que je referai en 2017 &#8230;<\/strong><\/span> ou alors un plant juste pour ma conso perso<\/p>\n","protected":false},"excerpt":{"rendered":"<p>Tomate T\u00c9TON DE VENUS BLANCHE 6 graines sem\u00e9es le 9 F\u00e9vrier 2016 le 19 F\u00e9vrier, 6 petits plans sont sortis\u00a0 FIABILITE 100% \u00e0 J + 10 Le 24 F\u00e9vrier, comme il me restait quelques graines, j\u2019ai sem\u00e9 deux graines de&hellip; <\/p>\n","protected":false},"author":1,"featured_media":0,"parent":0,"menu_order":0,"comment_status":"closed","ping_status":"closed","template":"","meta":{"_exactmetrics_skip_tracking":false,"_exactmetrics_sitenote_active":false,"_exactmetrics_sitenote_note":"","_exactmetrics_sitenote_category":0,"footnotes":""},"class_list":["post-92","page","type-page","status-publish","hentry"],"_links":{"self":[{"href":"https:\/\/84310.fr\/jardin-morierois\/wp-json\/wp\/v2\/pages\/92","targetHints":{"allow":["GET"]}}],"collection":[{"href":"https:\/\/84310.fr\/jardin-morierois\/wp-json\/wp\/v2\/pages"}],"about":[{"href":"https:\/\/84310.fr\/jardin-morierois\/wp-json\/wp\/v2\/types\/page"}],"author":[{"embeddable":true,"href":"https:\/\/84310.fr\/jardin-morierois\/wp-json\/wp\/v2\/users\/1"}],"replies":[{"embeddable":true,"href":"https:\/\/84310.fr\/jardin-morierois\/wp-json\/wp\/v2\/comments?post=92"}],"version-history":[{"count":9,"href":"https:\/\/84310.fr\/jardin-morierois\/wp-json\/wp\/v2\/pages\/92\/revisions"}],"predecessor-version":[{"id":1018,"href":"https:\/\/84310.fr\/jardin-morierois\/wp-json\/wp\/v2\/pages\/92\/revisions\/1018"}],"wp:attachment":[{"href":"https:\/\/84310.fr\/jardin-morierois\/wp-json\/wp\/v2\/media?parent=92"}],"curies":[{"name":"wp","href":"https:\/\/api.w.org\/{rel}","templated":true}]}}