{"id":843,"date":"2016-09-26T21:53:41","date_gmt":"2016-09-26T20:53:41","guid":{"rendered":"http:\/\/84310.fr\/jardin-morierois\/?page_id=843"},"modified":"2016-09-26T21:53:41","modified_gmt":"2016-09-26T20:53:41","slug":"ma-permaculture","status":"publish","type":"page","link":"https:\/\/84310.fr\/jardin-morierois\/ma-permaculture\/","title":{"rendered":"ma permaculture"},"content":{"rendered":"<p>Ce que j&rsquo;entends moi par PERMACULTURE &#8230;.<\/p>\n<p>je vous donne la <a href=\"https:\/\/fr.wikipedia.org\/wiki\/Permaculture\">d\u00e9finition WIKI &#8230;. <\/a>bon courage tellement c&rsquo;est vaste<\/p>\n<p>ou m\u00eame <a href=\"https:\/\/reporterre.net\/Ca-y-est-J-ai-compris-ce-qu-est-la-permaculture\">cet article&#8230;<\/a><\/p>\n<p>et ce que je vais essayer d&rsquo;en faire &#8230;.\u00a0 \u00a0\u00bb <strong>une production agricole durable, tr\u00e8s \u00e9conome en \u00e9nergie (autant en ce qui concerne le carburant que le travail manuel et m\u00e9canique)<\/strong> \u00a0\u00bb<\/p>\n<p>en quelques mots , essayer de produire le plus avec le moins d&rsquo;efforts possible, sans retourner ni travailler la terre &#8230;. c&rsquo;est un m\u00e9lange de culture en butte et de polyculture &#8230;<\/p>\n","protected":false},"excerpt":{"rendered":"<p>Ce que j&rsquo;entends moi par PERMACULTURE &#8230;. je vous donne la d\u00e9finition WIKI &#8230;. bon courage tellement c&rsquo;est vaste ou m\u00eame cet article&#8230; et ce que je vais essayer d&rsquo;en faire &#8230;.\u00a0 \u00a0\u00bb une production agricole durable, tr\u00e8s \u00e9conome en&hellip; <\/p>\n","protected":false},"author":1,"featured_media":0,"parent":0,"menu_order":0,"comment_status":"closed","ping_status":"closed","template":"","meta":{"_exactmetrics_skip_tracking":false,"_exactmetrics_sitenote_active":false,"_exactmetrics_sitenote_note":"","_exactmetrics_sitenote_category":0,"footnotes":""},"class_list":["post-843","page","type-page","status-publish","hentry"],"_links":{"self":[{"href":"https:\/\/84310.fr\/jardin-morierois\/wp-json\/wp\/v2\/pages\/843","targetHints":{"allow":["GET"]}}],"collection":[{"href":"https:\/\/84310.fr\/jardin-morierois\/wp-json\/wp\/v2\/pages"}],"about":[{"href":"https:\/\/84310.fr\/jardin-morierois\/wp-json\/wp\/v2\/types\/page"}],"author":[{"embeddable":true,"href":"https:\/\/84310.fr\/jardin-morierois\/wp-json\/wp\/v2\/users\/1"}],"replies":[{"embeddable":true,"href":"https:\/\/84310.fr\/jardin-morierois\/wp-json\/wp\/v2\/comments?post=843"}],"version-history":[{"count":1,"href":"https:\/\/84310.fr\/jardin-morierois\/wp-json\/wp\/v2\/pages\/843\/revisions"}],"predecessor-version":[{"id":844,"href":"https:\/\/84310.fr\/jardin-morierois\/wp-json\/wp\/v2\/pages\/843\/revisions\/844"}],"wp:attachment":[{"href":"https:\/\/84310.fr\/jardin-morierois\/wp-json\/wp\/v2\/media?parent=843"}],"curies":[{"name":"wp","href":"https:\/\/api.w.org\/{rel}","templated":true}]}}