{"id":72,"date":"2016-03-04T21:58:29","date_gmt":"2016-03-04T20:58:29","guid":{"rendered":"http:\/\/84310.fr\/jardin-morierois\/?page_id=72"},"modified":"2016-11-14T19:38:01","modified_gmt":"2016-11-14T18:38:01","slug":"pink-berkeley-tie-dye","status":"publish","type":"page","link":"https:\/\/84310.fr\/jardin-morierois\/pink-berkeley-tie-dye\/","title":{"rendered":"PINK BERKELEY TIE DYE"},"content":{"rendered":"<p>Tomate PINK BERKELEY TIE DYE<\/p>\n<p>6 graines sem\u00e9es le 9 F\u00e9vrier 2016<\/p>\n<p>le 19 F\u00e9vrier, 6 petits plans sont sortis\u00a0 FIABILITE 100% \u00e0 J + 10<\/p>\n<p>Le 24 F\u00e9vrier, comme il me restait quelques graines, j\u2019ai sem\u00e9 deux graines de plus par \u00bb s\u00e9curit\u00e9 \u00bb<\/p>\n<p>Le 3 Mars, sur les 6 plants initiaux, 4 plants pr\u00e9vus pour greffe ont \u00e9t\u00e9 transplant\u00e9s en godet et les 2 plants restants pour graine ont \u00e9galement \u00e9t\u00e9 mis en godet.mais franchement, un des deux plants ne ressemble pas du tout aux feuilles de la pink, je l&rsquo;ai mis dans un godet mais sans \u00e9tiquette, ne sachant pas de quelle vari\u00e9t\u00e9 il s&rsquo;agit, je le verrai plus tard.<\/p>\n<p>Le 14 Mars, j&rsquo;ai mis les deux plants Bonus, cit\u00e9s plus hauts, en godet.<br \/>\nLe 20 Mars, 4 plants ont \u00e9t\u00e9 greff\u00e9s.<\/p>\n<p>Le 07 Avril, un des plants greff\u00e9 n&rsquo;a pas tenu le coup. =&gt; Compost !!!<\/p>\n<p><span style=\"color: #3366ff;\"><strong>Total au 20\/06\/16<\/strong><\/span><\/p>\n<p>Greff\u00e9 =&gt; 2<br \/>\nNormales =&gt; 2<br \/>\nR\u00e9cup =&gt; 1<\/p>\n<p><img loading=\"lazy\" decoding=\"async\" class=\"alignnone size-full wp-image-743\" src=\"https:\/\/84310.fr\/jardin-morierois\/wp-content\/uploads\/2016\/03\/DSCN2583pink-1.jpg\" alt=\"DSCN2583pink 1\" width=\"800\" height=\"600\" srcset=\"https:\/\/84310.fr\/jardin-morierois\/wp-content\/uploads\/2016\/03\/DSCN2583pink-1.jpg 800w, https:\/\/84310.fr\/jardin-morierois\/wp-content\/uploads\/2016\/03\/DSCN2583pink-1-300x225.jpg 300w, https:\/\/84310.fr\/jardin-morierois\/wp-content\/uploads\/2016\/03\/DSCN2583pink-1-768x576.jpg 768w\" sizes=\"auto, (max-width: 800px) 100vw, 800px\" \/> <img loading=\"lazy\" decoding=\"async\" class=\"alignnone size-full wp-image-744\" src=\"https:\/\/84310.fr\/jardin-morierois\/wp-content\/uploads\/2016\/03\/DSCN2584pink-2.jpg\" alt=\"DSCN2584pink 2\" width=\"800\" height=\"600\" srcset=\"https:\/\/84310.fr\/jardin-morierois\/wp-content\/uploads\/2016\/03\/DSCN2584pink-2.jpg 800w, https:\/\/84310.fr\/jardin-morierois\/wp-content\/uploads\/2016\/03\/DSCN2584pink-2-300x225.jpg 300w, https:\/\/84310.fr\/jardin-morierois\/wp-content\/uploads\/2016\/03\/DSCN2584pink-2-768x576.jpg 768w\" sizes=\"auto, (max-width: 800px) 100vw, 800px\" \/> <img loading=\"lazy\" decoding=\"async\" class=\"alignnone size-full wp-image-745\" src=\"https:\/\/84310.fr\/jardin-morierois\/wp-content\/uploads\/2016\/03\/DSCN2654pink.jpg\" alt=\"DSCN2654pink\" width=\"800\" height=\"600\" srcset=\"https:\/\/84310.fr\/jardin-morierois\/wp-content\/uploads\/2016\/03\/DSCN2654pink.jpg 800w, https:\/\/84310.fr\/jardin-morierois\/wp-content\/uploads\/2016\/03\/DSCN2654pink-300x225.jpg 300w, https:\/\/84310.fr\/jardin-morierois\/wp-content\/uploads\/2016\/03\/DSCN2654pink-768x576.jpg 768w\" sizes=\"auto, (max-width: 800px) 100vw, 800px\" \/> <img loading=\"lazy\" decoding=\"async\" class=\"alignnone size-full wp-image-746\" src=\"https:\/\/84310.fr\/jardin-morierois\/wp-content\/uploads\/2016\/03\/pink-b.png\" alt=\"pink b\" width=\"800\" height=\"603\" srcset=\"https:\/\/84310.fr\/jardin-morierois\/wp-content\/uploads\/2016\/03\/pink-b.png 800w, https:\/\/84310.fr\/jardin-morierois\/wp-content\/uploads\/2016\/03\/pink-b-300x226.png 300w, https:\/\/84310.fr\/jardin-morierois\/wp-content\/uploads\/2016\/03\/pink-b-768x579.png 768w\" sizes=\"auto, (max-width: 800px) 100vw, 800px\" \/><\/p>\n<h2 style=\"text-align: center;\"><span style=\"color: #ff0000;\"><strong>STATISTIQUES de la saison 2016<\/strong><\/span><\/h2>\n<p><img loading=\"lazy\" decoding=\"async\" class=\"alignnone size-full wp-image-958\" src=\"https:\/\/84310.fr\/jardin-morierois\/wp-content\/uploads\/2016\/03\/pink.jpg\" alt=\"pink\" width=\"711\" height=\"142\" srcset=\"https:\/\/84310.fr\/jardin-morierois\/wp-content\/uploads\/2016\/03\/pink.jpg 711w, https:\/\/84310.fr\/jardin-morierois\/wp-content\/uploads\/2016\/03\/pink-300x60.jpg 300w\" sizes=\"auto, (max-width: 711px) 100vw, 711px\" \/><\/p>\n<p>Le r\u00e9sultat sur le plan \u00a0\u00bb greff\u00e9es \u00a0\u00bb montre une diff\u00e9rence notable entre le plant 6 ( dont les gourmands ont \u00e9t\u00e9 enlev\u00e9s ) et le plant 7 ou le plant est rest\u00e9 libre de toute modification, ( plus du simple au double )<\/p>\n<p>au niveau g\u00e9n\u00e9ral on constate une diff\u00e9rence de rendement , il y a plus de fruits sur les plants greff\u00e9s,et ils sont plus gros.<\/p>\n<p>Les plants greff\u00e9s ont plus donn\u00e9 que les non greff\u00e9s.<\/p>\n<p><strong><span style=\"color: #ff0000;\">ce n&rsquo;est pas une vari\u00e9t\u00e9 que je referai en 2017 &#8230;<\/span><\/strong><\/p>\n","protected":false},"excerpt":{"rendered":"<p>Tomate PINK BERKELEY TIE DYE 6 graines sem\u00e9es le 9 F\u00e9vrier 2016 le 19 F\u00e9vrier, 6 petits plans sont sortis\u00a0 FIABILITE 100% \u00e0 J + 10 Le 24 F\u00e9vrier, comme il me restait quelques graines, j\u2019ai sem\u00e9 deux graines de&hellip; <\/p>\n","protected":false},"author":1,"featured_media":0,"parent":0,"menu_order":0,"comment_status":"closed","ping_status":"closed","template":"","meta":{"_exactmetrics_skip_tracking":false,"_exactmetrics_sitenote_active":false,"_exactmetrics_sitenote_note":"","_exactmetrics_sitenote_category":0,"footnotes":""},"class_list":["post-72","page","type-page","status-publish","hentry"],"_links":{"self":[{"href":"https:\/\/84310.fr\/jardin-morierois\/wp-json\/wp\/v2\/pages\/72","targetHints":{"allow":["GET"]}}],"collection":[{"href":"https:\/\/84310.fr\/jardin-morierois\/wp-json\/wp\/v2\/pages"}],"about":[{"href":"https:\/\/84310.fr\/jardin-morierois\/wp-json\/wp\/v2\/types\/page"}],"author":[{"embeddable":true,"href":"https:\/\/84310.fr\/jardin-morierois\/wp-json\/wp\/v2\/users\/1"}],"replies":[{"embeddable":true,"href":"https:\/\/84310.fr\/jardin-morierois\/wp-json\/wp\/v2\/comments?post=72"}],"version-history":[{"count":9,"href":"https:\/\/84310.fr\/jardin-morierois\/wp-json\/wp\/v2\/pages\/72\/revisions"}],"predecessor-version":[{"id":1009,"href":"https:\/\/84310.fr\/jardin-morierois\/wp-json\/wp\/v2\/pages\/72\/revisions\/1009"}],"wp:attachment":[{"href":"https:\/\/84310.fr\/jardin-morierois\/wp-json\/wp\/v2\/media?parent=72"}],"curies":[{"name":"wp","href":"https:\/\/api.w.org\/{rel}","templated":true}]}}