{"id":690,"date":"2016-06-08T21:37:17","date_gmt":"2016-06-08T20:37:17","guid":{"rendered":"http:\/\/84310.fr\/jardin-morierois\/?page_id=690"},"modified":"2016-06-08T21:37:17","modified_gmt":"2016-06-08T20:37:17","slug":"gourmand-ou-pas-gourmand","status":"publish","type":"page","link":"https:\/\/84310.fr\/jardin-morierois\/gourmand-ou-pas-gourmand\/","title":{"rendered":"GOURMAND ou pas GOURMAND ?"},"content":{"rendered":"<p>la question : faut il enlever ou laisser les gourmands sur les plants de tomates ?<\/p>\n<p>chaque jardinier en herbe, ou jardinier confirm\u00e9 a sa propre th\u00e9orie la dessus, mais r\u00e9ellement\u00a0 quelles en sont les preuves ?<\/p>\n<p>ne sachant pas s&rsquo;il faut, ou pas enlever les gourmands, voici une exp\u00e9rience de plus.<\/p>\n<p>A savoir si on peut avoir plus de tomates en laissant les gourmands ou en les \u00f4tant ?<\/p>\n<p><strong><span style=\"color: #ff0000;\"><span style=\"text-decoration: underline;\">sujets =&gt;<\/span><span style=\"color: #000000;\"> l<\/span><\/span><span style=\"color: #000000;\">e<\/span>s plants greff\u00e9s<\/strong><br \/>\n<strong><span style=\"text-decoration: underline; color: #ff0000;\">Comment ? =&gt;<\/span> les plants de tomates greff\u00e9es vont par deux, le premier plant aura les gourmands enlev\u00e9s, le second plant gardera ses gourmands.<\/strong><\/p>\n<p><span style=\"color: #3366ff;\">r\u00e9sultat en fin de saison !!!!!!!<\/span><\/p>\n","protected":false},"excerpt":{"rendered":"<p>la question : faut il enlever ou laisser les gourmands sur les plants de tomates ? chaque jardinier en herbe, ou jardinier confirm\u00e9 a sa propre th\u00e9orie la dessus, mais r\u00e9ellement\u00a0 quelles en sont les preuves ? ne sachant pas&hellip; <\/p>\n","protected":false},"author":1,"featured_media":0,"parent":0,"menu_order":0,"comment_status":"closed","ping_status":"closed","template":"","meta":{"_exactmetrics_skip_tracking":false,"_exactmetrics_sitenote_active":false,"_exactmetrics_sitenote_note":"","_exactmetrics_sitenote_category":0,"footnotes":""},"class_list":["post-690","page","type-page","status-publish","hentry"],"_links":{"self":[{"href":"https:\/\/84310.fr\/jardin-morierois\/wp-json\/wp\/v2\/pages\/690","targetHints":{"allow":["GET"]}}],"collection":[{"href":"https:\/\/84310.fr\/jardin-morierois\/wp-json\/wp\/v2\/pages"}],"about":[{"href":"https:\/\/84310.fr\/jardin-morierois\/wp-json\/wp\/v2\/types\/page"}],"author":[{"embeddable":true,"href":"https:\/\/84310.fr\/jardin-morierois\/wp-json\/wp\/v2\/users\/1"}],"replies":[{"embeddable":true,"href":"https:\/\/84310.fr\/jardin-morierois\/wp-json\/wp\/v2\/comments?post=690"}],"version-history":[{"count":1,"href":"https:\/\/84310.fr\/jardin-morierois\/wp-json\/wp\/v2\/pages\/690\/revisions"}],"predecessor-version":[{"id":691,"href":"https:\/\/84310.fr\/jardin-morierois\/wp-json\/wp\/v2\/pages\/690\/revisions\/691"}],"wp:attachment":[{"href":"https:\/\/84310.fr\/jardin-morierois\/wp-json\/wp\/v2\/media?parent=690"}],"curies":[{"name":"wp","href":"https:\/\/api.w.org\/{rel}","templated":true}]}}