{"id":69,"date":"2016-03-04T21:57:11","date_gmt":"2016-03-04T20:57:11","guid":{"rendered":"http:\/\/84310.fr\/jardin-morierois\/?page_id=69"},"modified":"2016-05-10T20:45:01","modified_gmt":"2016-05-10T19:45:01","slug":"petit-moineau","status":"publish","type":"page","link":"https:\/\/84310.fr\/jardin-morierois\/petit-moineau\/","title":{"rendered":"PETIT MOINEAU"},"content":{"rendered":"<p>Tomates PETIT MOINEAU<\/p>\n<p>cela sera mes porte Greffe.<\/p>\n<p>le 27 Janvier , j&rsquo;ai sem\u00e9 54 graines de petit moineau, 3 semaines apr\u00e8s, 51 sont sorties<\/p>\n<p>le 10 F\u00e9vrier, j&rsquo;ai sem\u00e9 la seconde plaque de 54 graines de petit moineau.<\/p>\n<p>9 jours apr\u00e8s, les plans commencent \u00e0 sortir<\/p>\n<p>24 F\u00e9vrier, 3eme et dernier semis de petit moineau &#8230;. cette fois ci, 24 graines,<\/p>\n<p>si tout pousse correctement, cela me fera 54+54+24 = 132 plants<\/p>\n<p>je compte prendre les plus beaux pour commencer \u00e0 greffer d&rsquo;ici quelques semaines<\/p>\n<p><img loading=\"lazy\" decoding=\"async\" class=\"aligncenter size-full wp-image-299\" src=\"http:\/\/www.cybermad.info\/jardin\/wp-content\/uploads\/2016\/02\/DSCN1452.jpg\" alt=\"DSCN1452\" width=\"800\" height=\"600\" \/>un mois apr\u00e8s le semis, voici mes premi\u00e8res plantations,\u00a0 certaines sont d\u00e9j\u00e0 tr\u00e8s jolies, d&rsquo;autres un peu plus faibles &#8230;<\/p>\n<p><img loading=\"lazy\" decoding=\"async\" class=\"aligncenter size-full wp-image-302\" src=\"http:\/\/www.cybermad.info\/jardin\/wp-content\/uploads\/2016\/02\/DSCN1458.jpg\" alt=\"DSCN1458\" width=\"800\" height=\"600\" \/>Le 29 F\u00e9vrier, j&rsquo;ai pris les 6 plus beaux plans, et les ai transplant\u00e9 dans des godets classiques.<\/p>\n<p>Le premier Mars, 6 autres plans transvas\u00e9s dans des godets.<\/p>\n<p>&nbsp;<\/p>\n<p>&nbsp;<\/p>\n<p style=\"text-align: center;\">Le 3 Mars, j&rsquo;ai transplant\u00e9 24 autres plants en godets<img loading=\"lazy\" decoding=\"async\" class=\"alignnone size-full wp-image-207\" src=\"https:\/\/84310.fr\/jardin-morierois\/wp-content\/uploads\/2016\/03\/DSCN1508.jpg\" alt=\"DSCN1508\" width=\"800\" height=\"600\" srcset=\"https:\/\/84310.fr\/jardin-morierois\/wp-content\/uploads\/2016\/03\/DSCN1508.jpg 800w, https:\/\/84310.fr\/jardin-morierois\/wp-content\/uploads\/2016\/03\/DSCN1508-300x225.jpg 300w, https:\/\/84310.fr\/jardin-morierois\/wp-content\/uploads\/2016\/03\/DSCN1508-768x576.jpg 768w\" sizes=\"auto, (max-width: 800px) 100vw, 800px\" \/><img loading=\"lazy\" decoding=\"async\" class=\"alignnone size-full wp-image-208\" src=\"https:\/\/84310.fr\/jardin-morierois\/wp-content\/uploads\/2016\/03\/DSCN1510.jpg\" alt=\"DSCN1510\" width=\"800\" height=\"600\" srcset=\"https:\/\/84310.fr\/jardin-morierois\/wp-content\/uploads\/2016\/03\/DSCN1510.jpg 800w, https:\/\/84310.fr\/jardin-morierois\/wp-content\/uploads\/2016\/03\/DSCN1510-300x225.jpg 300w, https:\/\/84310.fr\/jardin-morierois\/wp-content\/uploads\/2016\/03\/DSCN1510-768x576.jpg 768w\" sizes=\"auto, (max-width: 800px) 100vw, 800px\" \/><\/p>\n<p style=\"text-align: center;\">pour l&rsquo;instant, 36 godets de PETIT MOINEAU sont en train de prendre des forces pour la suite des op\u00e9rations &#8230;<\/p>\n<p style=\"text-align: center;\">Le 6 Mars, 12 plants suppl\u00e9mentaires ont \u00e9t\u00e9 transplant\u00e9s en godet.ce qui porte leur total \u00e0 48.<\/p>\n<p>&nbsp;<\/p>\n<p>Les PETIT MOINEAU, sont les porte greffe qui vont accueillir les greffons, cette vari\u00e9t\u00e9 poss\u00e8de un syst\u00e8me racinaire important,\u00a0 c&rsquo;est pour cela que j&rsquo;ai d\u00e9cid\u00e9 de les transplanter \u00e0 nouveau dans un r\u00e9ceptacle plus important, pour que les racines puissent se d\u00e9velopper plus efficacement et donner plus de robustesse au pied.<\/p>\n<p>les godets carr\u00e9s ont l&rsquo;air parfait pour les greffons mais sont trop justes pour les porte greffe.<\/p>\n<p style=\"text-align: center;\"><img loading=\"lazy\" decoding=\"async\" class=\"alignnone size-full wp-image-232\" src=\"https:\/\/84310.fr\/jardin-morierois\/wp-content\/uploads\/2016\/03\/DSCN1524.jpg\" alt=\"DSCN1524\" width=\"800\" height=\"611\" srcset=\"https:\/\/84310.fr\/jardin-morierois\/wp-content\/uploads\/2016\/03\/DSCN1524.jpg 800w, https:\/\/84310.fr\/jardin-morierois\/wp-content\/uploads\/2016\/03\/DSCN1524-300x229.jpg 300w, https:\/\/84310.fr\/jardin-morierois\/wp-content\/uploads\/2016\/03\/DSCN1524-768x587.jpg 768w\" sizes=\"auto, (max-width: 800px) 100vw, 800px\" \/><\/p>\n<p>&nbsp;<\/p>\n<p><span style=\"color: #ff6600;\"><strong>Le 7 Mars<\/strong><\/span>, j&rsquo;ai donc transplant\u00e9 la totalit\u00e9 des PETIT MOINEAU ( 48+3 ) dans des nouveaux godets plus grands. cette photo repr\u00e9sente 40% de mes porte greffe, 60% sont encore dans les plaques de mini godets et doivent grandir encore un peu pour pouvoir \u00eatre transplant\u00e9s.<\/p>\n<p><span style=\"color: #ff6600;\"><strong>Le 11 Mars<\/strong><\/span>, 18 plants ont \u00e9t\u00e9 transplant\u00e9s en grands godets. pour l&rsquo;instant &#8230; 69 plants en godets.<\/p>\n<p><strong><span style=\"color: #ff6600;\">Le 12 Mars<\/span><\/strong>, 15 plants ont \u00e9t\u00e9 transplant\u00e9s en grands godets. pour l&rsquo;instant &#8230; 84 plants en godets.<\/p>\n<p><strong><span style=\"color: #ff6600;\">Le 13 Mars<\/span><\/strong>, 19 plants suppl\u00e9mentaires ont \u00e9t\u00e9 transplant\u00e9s en grands godets. ce qui porte leur nombre \u00e0 103.<\/p>\n<p><span style=\"color: #ff6600;\"><strong>Le 18 Avril<\/strong><\/span><br \/>\nj&rsquo;en ai profit\u00e9 pour planter en godet les t\u00eates de mes porte greffe, que j&rsquo;avais mis a tremper dans un bocal rempli d&rsquo;eau ( vu sur internet ),<img loading=\"lazy\" decoding=\"async\" class=\"alignnone size-full wp-image-455\" src=\"https:\/\/84310.fr\/jardin-morierois\/wp-content\/uploads\/2016\/03\/DSCN1931.jpg\" alt=\"DSCN1931\" width=\"800\" height=\"600\" srcset=\"https:\/\/84310.fr\/jardin-morierois\/wp-content\/uploads\/2016\/03\/DSCN1931.jpg 800w, https:\/\/84310.fr\/jardin-morierois\/wp-content\/uploads\/2016\/03\/DSCN1931-300x225.jpg 300w, https:\/\/84310.fr\/jardin-morierois\/wp-content\/uploads\/2016\/03\/DSCN1931-768x576.jpg 768w\" sizes=\"auto, (max-width: 800px) 100vw, 800px\" \/><br \/>\ndans un milieu humide, des racines se sont form\u00e9es \u00e0 la base de la partie sectionn\u00e9e.<br \/>\n<img loading=\"lazy\" decoding=\"async\" class=\"alignnone size-full wp-image-456\" src=\"https:\/\/84310.fr\/jardin-morierois\/wp-content\/uploads\/2016\/03\/DSCN1932.jpg\" alt=\"DSCN1932\" width=\"800\" height=\"600\" srcset=\"https:\/\/84310.fr\/jardin-morierois\/wp-content\/uploads\/2016\/03\/DSCN1932.jpg 800w, https:\/\/84310.fr\/jardin-morierois\/wp-content\/uploads\/2016\/03\/DSCN1932-300x225.jpg 300w, https:\/\/84310.fr\/jardin-morierois\/wp-content\/uploads\/2016\/03\/DSCN1932-768x576.jpg 768w\" sizes=\"auto, (max-width: 800px) 100vw, 800px\" \/><br \/>\nimpressionnant comme volont\u00e9 de survie &#8230;<br \/>\n<img loading=\"lazy\" decoding=\"async\" class=\"alignnone size-full wp-image-457\" src=\"https:\/\/84310.fr\/jardin-morierois\/wp-content\/uploads\/2016\/03\/DSCN1934.jpg\" alt=\"DSCN1934\" width=\"800\" height=\"600\" srcset=\"https:\/\/84310.fr\/jardin-morierois\/wp-content\/uploads\/2016\/03\/DSCN1934.jpg 800w, https:\/\/84310.fr\/jardin-morierois\/wp-content\/uploads\/2016\/03\/DSCN1934-300x225.jpg 300w, https:\/\/84310.fr\/jardin-morierois\/wp-content\/uploads\/2016\/03\/DSCN1934-768x576.jpg 768w\" sizes=\"auto, (max-width: 800px) 100vw, 800px\" \/><\/p>\n<p>De quoi faire \u00e0 nouveau un futur porte greffe.<br \/>\n<img loading=\"lazy\" decoding=\"async\" class=\"alignnone size-full wp-image-458\" src=\"https:\/\/84310.fr\/jardin-morierois\/wp-content\/uploads\/2016\/03\/DSCN1935.jpg\" alt=\"DSCN1935\" width=\"800\" height=\"600\" srcset=\"https:\/\/84310.fr\/jardin-morierois\/wp-content\/uploads\/2016\/03\/DSCN1935.jpg 800w, https:\/\/84310.fr\/jardin-morierois\/wp-content\/uploads\/2016\/03\/DSCN1935-300x225.jpg 300w, https:\/\/84310.fr\/jardin-morierois\/wp-content\/uploads\/2016\/03\/DSCN1935-768x576.jpg 768w\" sizes=\"auto, (max-width: 800px) 100vw, 800px\" \/><\/p>\n<p>17 porte greffe en devenir, qui feront partie de la derni\u00e8re s\u00e9rie de greffe, car certains de ceux qui me restent, sont plus fr\u00eales que ceux l\u00e0.<\/p>\n<p style=\"text-align: left;\"><span style=\"color: #ff6600;\"><strong>Le 9 Mai<br \/>\n<\/strong><\/span><br \/>\nles plants de <a href=\"https:\/\/84310.fr\/jardin-morierois\/petit-moineau\/\" target=\"_blank\">PETIT MOINEAU <\/a>ci dessus en photo ont bien pouss\u00e9. Comme j&rsquo;ai fini mes derni\u00e8res greffes, je les ai mis sur ma butte de mulch le long du mur .<\/p>\n<p><img loading=\"lazy\" decoding=\"async\" class=\"alignnone size-full wp-image-495\" src=\"https:\/\/84310.fr\/jardin-morierois\/wp-content\/uploads\/2016\/04\/DSCN2161.jpg\" alt=\"DSCN2161\" width=\"800\" height=\"600\" srcset=\"https:\/\/84310.fr\/jardin-morierois\/wp-content\/uploads\/2016\/04\/DSCN2161.jpg 800w, https:\/\/84310.fr\/jardin-morierois\/wp-content\/uploads\/2016\/04\/DSCN2161-300x225.jpg 300w, https:\/\/84310.fr\/jardin-morierois\/wp-content\/uploads\/2016\/04\/DSCN2161-768x576.jpg 768w\" sizes=\"auto, (max-width: 800px) 100vw, 800px\" \/> <img loading=\"lazy\" decoding=\"async\" class=\"alignnone size-full wp-image-496\" src=\"https:\/\/84310.fr\/jardin-morierois\/wp-content\/uploads\/2016\/04\/DSCN2162.jpg\" alt=\"DSCN2162\" width=\"800\" height=\"600\" srcset=\"https:\/\/84310.fr\/jardin-morierois\/wp-content\/uploads\/2016\/04\/DSCN2162.jpg 800w, https:\/\/84310.fr\/jardin-morierois\/wp-content\/uploads\/2016\/04\/DSCN2162-300x225.jpg 300w, https:\/\/84310.fr\/jardin-morierois\/wp-content\/uploads\/2016\/04\/DSCN2162-768x576.jpg 768w\" sizes=\"auto, (max-width: 800px) 100vw, 800px\" \/><img loading=\"lazy\" decoding=\"async\" class=\"alignnone size-full wp-image-497\" src=\"https:\/\/84310.fr\/jardin-morierois\/wp-content\/uploads\/2016\/04\/DSCN2163.jpg\" alt=\"DSCN2163\" width=\"600\" height=\"800\" srcset=\"https:\/\/84310.fr\/jardin-morierois\/wp-content\/uploads\/2016\/04\/DSCN2163.jpg 600w, https:\/\/84310.fr\/jardin-morierois\/wp-content\/uploads\/2016\/04\/DSCN2163-225x300.jpg 225w\" sizes=\"auto, (max-width: 600px) 100vw, 600px\" \/><br \/>\nJ&rsquo;esp\u00e8re pouvoir r\u00e9colter quelques graines pour l&rsquo;ann\u00e9e prochaine.<\/p>\n<p>&nbsp;<\/p>\n<p>&nbsp;<\/p>\n","protected":false},"excerpt":{"rendered":"<p>Tomates PETIT MOINEAU cela sera mes porte Greffe. le 27 Janvier , j&rsquo;ai sem\u00e9 54 graines de petit moineau, 3 semaines apr\u00e8s, 51 sont sorties le 10 F\u00e9vrier, j&rsquo;ai sem\u00e9 la seconde plaque de 54 graines de petit moineau. 9&hellip; <\/p>\n","protected":false},"author":1,"featured_media":0,"parent":0,"menu_order":0,"comment_status":"closed","ping_status":"closed","template":"","meta":{"_exactmetrics_skip_tracking":false,"_exactmetrics_sitenote_active":false,"_exactmetrics_sitenote_note":"","_exactmetrics_sitenote_category":0,"footnotes":""},"class_list":["post-69","page","type-page","status-publish","hentry"],"_links":{"self":[{"href":"https:\/\/84310.fr\/jardin-morierois\/wp-json\/wp\/v2\/pages\/69","targetHints":{"allow":["GET"]}}],"collection":[{"href":"https:\/\/84310.fr\/jardin-morierois\/wp-json\/wp\/v2\/pages"}],"about":[{"href":"https:\/\/84310.fr\/jardin-morierois\/wp-json\/wp\/v2\/types\/page"}],"author":[{"embeddable":true,"href":"https:\/\/84310.fr\/jardin-morierois\/wp-json\/wp\/v2\/users\/1"}],"replies":[{"embeddable":true,"href":"https:\/\/84310.fr\/jardin-morierois\/wp-json\/wp\/v2\/comments?post=69"}],"version-history":[{"count":13,"href":"https:\/\/84310.fr\/jardin-morierois\/wp-json\/wp\/v2\/pages\/69\/revisions"}],"predecessor-version":[{"id":512,"href":"https:\/\/84310.fr\/jardin-morierois\/wp-json\/wp\/v2\/pages\/69\/revisions\/512"}],"wp:attachment":[{"href":"https:\/\/84310.fr\/jardin-morierois\/wp-json\/wp\/v2\/media?parent=69"}],"curies":[{"name":"wp","href":"https:\/\/api.w.org\/{rel}","templated":true}]}}