{"id":67,"date":"2016-03-04T21:56:20","date_gmt":"2016-03-04T20:56:20","guid":{"rendered":"http:\/\/84310.fr\/jardin-morierois\/?page_id=67"},"modified":"2016-11-14T19:34:11","modified_gmt":"2016-11-14T18:34:11","slug":"persimon","status":"publish","type":"page","link":"https:\/\/84310.fr\/jardin-morierois\/persimon\/","title":{"rendered":"PERSIMON"},"content":{"rendered":"<p>Tomate PERSIMON<\/p>\n<p>6 graines sem\u00e9es le 19 F\u00e9vrier 2016<\/p>\n<p>Le 24 F\u00e9vrier, comme il me restait quelques graines, j\u2019ai sem\u00e9 deux graines de plus par\u00a0\u00a0\u00a0\u00a0\u00a0\u00a0\u00a0\u00a0\u00a0\u00a0\u00a0\u00a0 \u00bb s\u00e9curit\u00e9\u00a0 \u00bb<\/p>\n<p>Le 12 Mars, sur les 6 plants initiaux, 4 plants pr\u00e9vus pour greffe ont \u00e9t\u00e9 transplant\u00e9s en godet et les 2 plants restants pour graine ont \u00e9galement \u00e9t\u00e9 mis en\u00a0 godet.<br \/>\nLe 14 Mars, j&rsquo;ai mis les deux plants Bonus, cit\u00e9s plus hauts, en godet.<\/p>\n<p><span style=\"color: #3366ff;\"><strong>Total au 20\/06\/16<\/strong><\/span><\/p>\n<p>Greff\u00e9 =&gt; 2<br \/>\nNormales =&gt; 2<br \/>\nR\u00e9cup =&gt; 3<br \/>\nRajout =&gt; 1<\/p>\n<p><img loading=\"lazy\" decoding=\"async\" class=\"alignnone size-full wp-image-741\" src=\"https:\/\/84310.fr\/jardin-morierois\/wp-content\/uploads\/2016\/03\/DSCN2601persimon.jpg\" alt=\"DSCN2601persimon\" width=\"800\" height=\"600\" srcset=\"https:\/\/84310.fr\/jardin-morierois\/wp-content\/uploads\/2016\/03\/DSCN2601persimon.jpg 800w, https:\/\/84310.fr\/jardin-morierois\/wp-content\/uploads\/2016\/03\/DSCN2601persimon-300x225.jpg 300w, https:\/\/84310.fr\/jardin-morierois\/wp-content\/uploads\/2016\/03\/DSCN2601persimon-768x576.jpg 768w\" sizes=\"auto, (max-width: 800px) 100vw, 800px\" \/><\/p>\n<h2 style=\"text-align: center;\"><span style=\"color: #ff0000;\"><strong>STATISTIQUES de la saison 2016<\/strong><\/span><\/h2>\n<p><img loading=\"lazy\" decoding=\"async\" class=\"alignnone size-full wp-image-956\" src=\"https:\/\/84310.fr\/jardin-morierois\/wp-content\/uploads\/2016\/03\/persimon.jpg\" alt=\"persimon\" width=\"711\" height=\"198\" srcset=\"https:\/\/84310.fr\/jardin-morierois\/wp-content\/uploads\/2016\/03\/persimon.jpg 711w, https:\/\/84310.fr\/jardin-morierois\/wp-content\/uploads\/2016\/03\/persimon-300x84.jpg 300w\" sizes=\"auto, (max-width: 711px) 100vw, 711px\" \/><\/p>\n<p>Le r\u00e9sultat sur le plan \u00a0\u00bb greff\u00e9es \u00a0\u00bb montre une diff\u00e9rence notable entre le plant 20 ( dont les gourmands ont \u00e9t\u00e9 enlev\u00e9s ) et le plant 21 ou le plant est rest\u00e9 libre de toute modification, ( plus du simple au double )<\/p>\n<p>au niveau g\u00e9n\u00e9ral on constate une diff\u00e9rence de rendement , il y a plus de fruits sur les plants greff\u00e9s,mais ils sont plus petits.<\/p>\n<p>Les plants greff\u00e9s ont plus donn\u00e9 a peu pr\u00e8s pareil que les non greff\u00e9s.<\/p>\n<p>sinon, pour ce qui est des plants de r\u00e9cup ( perdus ) les deux derniers ont du b\u00e9n\u00e9ficier d&rsquo;un terrain plus riche et mieux arros\u00e9 ( \u00e0 cot\u00e9 de l&rsquo;arrosage de la pelouse )<\/p>\n<p>pour le plant situ\u00e9 sur la Butt\u00e9e &#8230; une \u00e9norme surprise .. c&rsquo;est le plant qui a donn\u00e9 le plus.<\/p>\n<p><strong><span style=\"color: #008000;\">c&rsquo;est une vari\u00e9t\u00e9 que je referai en 2017 &#8230;<\/span><\/strong><\/p>\n","protected":false},"excerpt":{"rendered":"<p>Tomate PERSIMON 6 graines sem\u00e9es le 19 F\u00e9vrier 2016 Le 24 F\u00e9vrier, comme il me restait quelques graines, j\u2019ai sem\u00e9 deux graines de plus par\u00a0\u00a0\u00a0\u00a0\u00a0\u00a0\u00a0\u00a0\u00a0\u00a0\u00a0\u00a0 \u00bb s\u00e9curit\u00e9\u00a0 \u00bb Le 12 Mars, sur les 6 plants initiaux, 4 plants pr\u00e9vus pour&hellip; <\/p>\n","protected":false},"author":1,"featured_media":0,"parent":0,"menu_order":0,"comment_status":"closed","ping_status":"closed","template":"","meta":{"_exactmetrics_skip_tracking":false,"_exactmetrics_sitenote_active":false,"_exactmetrics_sitenote_note":"","_exactmetrics_sitenote_category":0,"footnotes":""},"class_list":["post-67","page","type-page","status-publish","hentry"],"_links":{"self":[{"href":"https:\/\/84310.fr\/jardin-morierois\/wp-json\/wp\/v2\/pages\/67","targetHints":{"allow":["GET"]}}],"collection":[{"href":"https:\/\/84310.fr\/jardin-morierois\/wp-json\/wp\/v2\/pages"}],"about":[{"href":"https:\/\/84310.fr\/jardin-morierois\/wp-json\/wp\/v2\/types\/page"}],"author":[{"embeddable":true,"href":"https:\/\/84310.fr\/jardin-morierois\/wp-json\/wp\/v2\/users\/1"}],"replies":[{"embeddable":true,"href":"https:\/\/84310.fr\/jardin-morierois\/wp-json\/wp\/v2\/comments?post=67"}],"version-history":[{"count":9,"href":"https:\/\/84310.fr\/jardin-morierois\/wp-json\/wp\/v2\/pages\/67\/revisions"}],"predecessor-version":[{"id":1008,"href":"https:\/\/84310.fr\/jardin-morierois\/wp-json\/wp\/v2\/pages\/67\/revisions\/1008"}],"wp:attachment":[{"href":"https:\/\/84310.fr\/jardin-morierois\/wp-json\/wp\/v2\/media?parent=67"}],"curies":[{"name":"wp","href":"https:\/\/api.w.org\/{rel}","templated":true}]}}