{"id":616,"date":"2016-05-26T21:57:11","date_gmt":"2016-05-26T20:57:11","guid":{"rendered":"http:\/\/84310.fr\/jardin-morierois\/?page_id=616"},"modified":"2016-06-16T19:50:33","modified_gmt":"2016-06-16T18:50:33","slug":"projet-radis","status":"publish","type":"page","link":"https:\/\/84310.fr\/jardin-morierois\/projet-radis\/","title":{"rendered":"Projet RADIS"},"content":{"rendered":"<p>par manque de place, ( beaucoup trop d\u00e9di\u00e9e \u00e0 la culture des tomates &#8230; ) mais par une forte envie, je n&rsquo;ai pas pu me r\u00e9signer \u00e0 ne pas faire de radis cette ann\u00e9e.<\/p>\n<p>Les ann\u00e9es pr\u00e9c\u00e9dentes, mes quelques essais furent assez d\u00e9courageants, lors du semis, et notamment lors de l&rsquo;arrosage, les graines se retrouvaient toutes entass\u00e9es au m\u00eame endroit, alors que de grands espaces se retrouvaient vides &#8230;. sans compter sur l&rsquo;aide des fourmis, et autres oiseaux qui venaient se r\u00e9galer des graines qui remontaient \u00e0 la surface.<br \/>\nje passe sur les flop\u00e9es et hordes de limaces, lima\u00e7ons, escargots et autres nuisibles qui venaient se r\u00e9galer des premi\u00e8res pouces si d\u00e9licieuses.<\/p>\n<p><span style=\"color: #ff00ff;\"><strong>Le 20 Mai 2016<\/strong><\/span><br \/>\nun petit essai dans un bac \u00e0 poisson en polystyr\u00e8ne ..d&rsquo;une dizaine de cm de hauteur &#8230;.<br \/>\nje crois que la vari\u00e9t\u00e9 est : Radis de 18 jours<\/p>\n<p>&nbsp;<\/p>\n<p><span style=\"color: #ff00ff;\"><strong>Le 26 Mai 2016 <\/strong><span style=\"color: #000000;\">( J + 6 ) <\/span><\/span><br \/>\nPlus d&rsquo;une soixantaine de graines sont lev\u00e9es.cela sera suffisant pour un premier jet.<\/p>\n<p><img loading=\"lazy\" decoding=\"async\" class=\"alignnone size-full wp-image-617\" src=\"https:\/\/84310.fr\/jardin-morierois\/wp-content\/uploads\/2016\/05\/DSCN2342.jpg\" alt=\"DSCN2342\" width=\"800\" height=\"600\" srcset=\"https:\/\/84310.fr\/jardin-morierois\/wp-content\/uploads\/2016\/05\/DSCN2342.jpg 800w, https:\/\/84310.fr\/jardin-morierois\/wp-content\/uploads\/2016\/05\/DSCN2342-300x225.jpg 300w, https:\/\/84310.fr\/jardin-morierois\/wp-content\/uploads\/2016\/05\/DSCN2342-768x576.jpg 768w\" sizes=\"auto, (max-width: 800px) 100vw, 800px\" \/><\/p>\n<p><span style=\"color: #ff00ff;\"><strong>\u00a0<\/strong><\/span><\/p>\n<p><span style=\"color: #ff00ff;\"><strong>Le 7 Juin 2016 <\/strong><span style=\"color: #000000;\">( J + 18 )<br \/>\nles radis ont bien pouss\u00e9, il est maintenant difficile de voir le bac \u00e0 poisson sous l&rsquo;\u00e9pais feuillage.<br \/>\n<img loading=\"lazy\" decoding=\"async\" class=\"alignnone size-full wp-image-682\" src=\"https:\/\/84310.fr\/jardin-morierois\/wp-content\/uploads\/2016\/05\/DSCN2474.jpg\" alt=\"DSCN2474\" width=\"800\" height=\"600\" srcset=\"https:\/\/84310.fr\/jardin-morierois\/wp-content\/uploads\/2016\/05\/DSCN2474.jpg 800w, https:\/\/84310.fr\/jardin-morierois\/wp-content\/uploads\/2016\/05\/DSCN2474-300x225.jpg 300w, https:\/\/84310.fr\/jardin-morierois\/wp-content\/uploads\/2016\/05\/DSCN2474-768x576.jpg 768w\" sizes=\"auto, (max-width: 800px) 100vw, 800px\" \/><br \/>\n<\/span><\/span><\/p>\n<p>si on soul\u00e8ve le feuillage &#8230; on aper\u00e7oit &#8230;. du rouge !!!!!<\/p>\n<p><span style=\"color: #ff00ff;\"><strong><img loading=\"lazy\" decoding=\"async\" class=\"alignnone size-full wp-image-683\" src=\"https:\/\/84310.fr\/jardin-morierois\/wp-content\/uploads\/2016\/05\/radis.jpg\" alt=\"radis\" width=\"800\" height=\"602\" srcset=\"https:\/\/84310.fr\/jardin-morierois\/wp-content\/uploads\/2016\/05\/radis.jpg 800w, https:\/\/84310.fr\/jardin-morierois\/wp-content\/uploads\/2016\/05\/radis-300x226.jpg 300w, https:\/\/84310.fr\/jardin-morierois\/wp-content\/uploads\/2016\/05\/radis-768x578.jpg 768w\" sizes=\"auto, (max-width: 800px) 100vw, 800px\" \/><br \/>\n<\/strong><span style=\"color: #000000;\">encore quelques jours \u00e0 patienter et\u00a0 &#8230; MIAM !!!<\/p>\n<p><\/span><\/span><span style=\"color: #3366ff;\"><strong>Le 16 Juin 2016 <\/strong><\/span><span style=\"color: #ff00ff;\"><span style=\"color: #000000;\">( J + 27 )<br \/>\n<img loading=\"lazy\" decoding=\"async\" class=\"alignnone size-full wp-image-717\" src=\"https:\/\/84310.fr\/jardin-morierois\/wp-content\/uploads\/2016\/05\/DSCN2564.jpg\" alt=\"DSCN2564\" width=\"800\" height=\"600\" srcset=\"https:\/\/84310.fr\/jardin-morierois\/wp-content\/uploads\/2016\/05\/DSCN2564.jpg 800w, https:\/\/84310.fr\/jardin-morierois\/wp-content\/uploads\/2016\/05\/DSCN2564-300x225.jpg 300w, https:\/\/84310.fr\/jardin-morierois\/wp-content\/uploads\/2016\/05\/DSCN2564-768x576.jpg 768w\" sizes=\"auto, (max-width: 800px) 100vw, 800px\" \/><br \/>\n<\/span><\/span><\/p>\n<p>Cela fait plusieurs petites r\u00e9coltes de ce style que nous goutons, h\u00e9las nous ne sommes pas les seuls, j&rsquo;ai du \u00e9radiquer une bonne quinzaine de chenilles vertes qui ont d\u00e9vor\u00e9 80% des fanes de radis.<br \/>\nil ne semble plus en rester ( des chenilles ) , les radis restants vont grossir encore un peu avant de finir dans nos assiettes.<\/p>\n","protected":false},"excerpt":{"rendered":"<p>par manque de place, ( beaucoup trop d\u00e9di\u00e9e \u00e0 la culture des tomates &#8230; ) mais par une forte envie, je n&rsquo;ai pas pu me r\u00e9signer \u00e0 ne pas faire de radis cette ann\u00e9e. Les ann\u00e9es pr\u00e9c\u00e9dentes, mes quelques essais&hellip; <\/p>\n","protected":false},"author":1,"featured_media":0,"parent":0,"menu_order":0,"comment_status":"closed","ping_status":"closed","template":"","meta":{"_exactmetrics_skip_tracking":false,"_exactmetrics_sitenote_active":false,"_exactmetrics_sitenote_note":"","_exactmetrics_sitenote_category":0,"footnotes":""},"class_list":["post-616","page","type-page","status-publish","hentry"],"_links":{"self":[{"href":"https:\/\/84310.fr\/jardin-morierois\/wp-json\/wp\/v2\/pages\/616","targetHints":{"allow":["GET"]}}],"collection":[{"href":"https:\/\/84310.fr\/jardin-morierois\/wp-json\/wp\/v2\/pages"}],"about":[{"href":"https:\/\/84310.fr\/jardin-morierois\/wp-json\/wp\/v2\/types\/page"}],"author":[{"embeddable":true,"href":"https:\/\/84310.fr\/jardin-morierois\/wp-json\/wp\/v2\/users\/1"}],"replies":[{"embeddable":true,"href":"https:\/\/84310.fr\/jardin-morierois\/wp-json\/wp\/v2\/comments?post=616"}],"version-history":[{"count":4,"href":"https:\/\/84310.fr\/jardin-morierois\/wp-json\/wp\/v2\/pages\/616\/revisions"}],"predecessor-version":[{"id":718,"href":"https:\/\/84310.fr\/jardin-morierois\/wp-json\/wp\/v2\/pages\/616\/revisions\/718"}],"wp:attachment":[{"href":"https:\/\/84310.fr\/jardin-morierois\/wp-json\/wp\/v2\/media?parent=616"}],"curies":[{"name":"wp","href":"https:\/\/api.w.org\/{rel}","templated":true}]}}