{"id":58,"date":"2016-03-04T21:53:36","date_gmt":"2016-03-04T20:53:36","guid":{"rendered":"http:\/\/84310.fr\/jardin-morierois\/?page_id=58"},"modified":"2016-11-11T23:12:24","modified_gmt":"2016-11-11T22:12:24","slug":"miel-de-mexique","status":"publish","type":"page","link":"https:\/\/84310.fr\/jardin-morierois\/miel-de-mexique\/","title":{"rendered":"MIEL de MEXIQUE"},"content":{"rendered":"<p>Tomate MIEL de MEXIQUE<\/p>\n<p>6 graines sem\u00e9es le 9 F\u00e9vrier 2016<\/p>\n<p>Le 24 F\u00e9vrier, comme il me restait quelques graines, j\u2019ai sem\u00e9 deux graines de plus par \u00bb s\u00e9curit\u00e9 \u00bb<\/p>\n<p>Le 6 Mars, sur les 6 plants initiaux, 4 plants pr\u00e9vus pour greffe ont \u00e9t\u00e9 transplant\u00e9s en godet et les 2 plants restants pour graine ont \u00e9galement \u00e9t\u00e9 mis en godet.<br \/>\nLe 14 Mars, j&rsquo;ai mis les deux plants Bonus, cit\u00e9s plus hauts, en godet.<br \/>\nLe 20 Mars, 2 plants ont \u00e9t\u00e9 greff\u00e9s. les deux autres pr\u00e9vus pour greffe sont encore trop petits<\/p>\n<p><span style=\"color: #3366ff;\"><strong>Total au 07\/06\/16<\/strong><\/span><\/p>\n<p>Greff\u00e9 =&gt; 2<br \/>\nNormales =&gt; 2<br \/>\nR\u00e9cup =&gt; 2<\/p>\n<p>voila de belles grappes des plants greff\u00e9s<\/p>\n<p><img loading=\"lazy\" decoding=\"async\" class=\"alignnone size-full wp-image-685\" src=\"https:\/\/84310.fr\/jardin-morierois\/wp-content\/uploads\/2016\/03\/DSCN2463.jpg\" alt=\"DSCN2463\" width=\"600\" height=\"800\" srcset=\"https:\/\/84310.fr\/jardin-morierois\/wp-content\/uploads\/2016\/03\/DSCN2463.jpg 600w, https:\/\/84310.fr\/jardin-morierois\/wp-content\/uploads\/2016\/03\/DSCN2463-225x300.jpg 225w\" sizes=\"auto, (max-width: 600px) 100vw, 600px\" \/><br \/>\nD\u00e9ja 6 petites tomates form\u00e9es, la suite arrive &#8230;<\/p>\n<p><img loading=\"lazy\" decoding=\"async\" class=\"alignnone size-full wp-image-686\" src=\"https:\/\/84310.fr\/jardin-morierois\/wp-content\/uploads\/2016\/03\/DSCN2464.jpg\" alt=\"DSCN2464\" width=\"600\" height=\"800\" srcset=\"https:\/\/84310.fr\/jardin-morierois\/wp-content\/uploads\/2016\/03\/DSCN2464.jpg 600w, https:\/\/84310.fr\/jardin-morierois\/wp-content\/uploads\/2016\/03\/DSCN2464-225x300.jpg 225w\" sizes=\"auto, (max-width: 600px) 100vw, 600px\" \/><br \/>\nSur l&rsquo;autre plan greff\u00e9, les fleurs sont en train de passer&#8230; bient\u00f4t les fruits arrivent &#8230;<\/p>\n<p><span style=\"color: #3366ff;\"><strong>Le 20\/06\/16<\/strong><\/span><\/p>\n<p><img loading=\"lazy\" decoding=\"async\" class=\"alignnone size-full wp-image-769\" src=\"https:\/\/84310.fr\/jardin-morierois\/wp-content\/uploads\/2016\/03\/DSCN2616miel1.jpg\" alt=\"DSCN2616miel1\" width=\"600\" height=\"800\" srcset=\"https:\/\/84310.fr\/jardin-morierois\/wp-content\/uploads\/2016\/03\/DSCN2616miel1.jpg 600w, https:\/\/84310.fr\/jardin-morierois\/wp-content\/uploads\/2016\/03\/DSCN2616miel1-225x300.jpg 225w\" sizes=\"auto, (max-width: 600px) 100vw, 600px\" \/><\/p>\n<p>la m\u00eame grappe que la premi\u00e8re photo, 15 jours apr\u00e8s, toutes les fleurs se sont transform\u00e9es en fruits.<\/p>\n<h2 style=\"text-align: center;\"><span style=\"color: #ff0000;\"><strong>STATISTIQUES de la saison 2016<\/strong><\/span><\/h2>\n<p><img loading=\"lazy\" decoding=\"async\" class=\"alignnone size-full wp-image-942\" src=\"https:\/\/84310.fr\/jardin-morierois\/wp-content\/uploads\/2016\/03\/miel-mex.jpg\" alt=\"miel-mex\" width=\"711\" height=\"159\" srcset=\"https:\/\/84310.fr\/jardin-morierois\/wp-content\/uploads\/2016\/03\/miel-mex.jpg 711w, https:\/\/84310.fr\/jardin-morierois\/wp-content\/uploads\/2016\/03\/miel-mex-300x67.jpg 300w\" sizes=\"auto, (max-width: 711px) 100vw, 711px\" \/>Le r\u00e9sultat sur le plan \u00a0\u00bb greff\u00e9es \u00a0\u00bb montre une diff\u00e9rence notable entre le plant 38 ( dont les gourmands ont \u00e9t\u00e9 enlev\u00e9s ) et le plant 39 ou le plant est rest\u00e9 libre de toute modification,<br \/>\nLes plants greff\u00e9s ont donn\u00e9 autant que les non greff\u00e9s&#8230;. bizarre<\/p>\n<p>la surprise, c&rsquo;est l&rsquo;hexagone, plus de 400 petites tomates sur un seul plant &#8230;<\/p>\n<p><strong><span style=\"color: #ff9900;\">c&rsquo;est une vari\u00e9t\u00e9 que je referai peut \u00eatre en 2017 &#8230;<\/span><\/strong><\/p>\n<p>&nbsp;<\/p>\n","protected":false},"excerpt":{"rendered":"<p>Tomate MIEL de MEXIQUE 6 graines sem\u00e9es le 9 F\u00e9vrier 2016 Le 24 F\u00e9vrier, comme il me restait quelques graines, j\u2019ai sem\u00e9 deux graines de plus par \u00bb s\u00e9curit\u00e9 \u00bb Le 6 Mars, sur les 6 plants initiaux, 4 plants&hellip; <\/p>\n","protected":false},"author":1,"featured_media":0,"parent":0,"menu_order":0,"comment_status":"closed","ping_status":"closed","template":"","meta":{"_exactmetrics_skip_tracking":false,"_exactmetrics_sitenote_active":false,"_exactmetrics_sitenote_note":"","_exactmetrics_sitenote_category":0,"footnotes":""},"class_list":["post-58","page","type-page","status-publish","hentry"],"_links":{"self":[{"href":"https:\/\/84310.fr\/jardin-morierois\/wp-json\/wp\/v2\/pages\/58","targetHints":{"allow":["GET"]}}],"collection":[{"href":"https:\/\/84310.fr\/jardin-morierois\/wp-json\/wp\/v2\/pages"}],"about":[{"href":"https:\/\/84310.fr\/jardin-morierois\/wp-json\/wp\/v2\/types\/page"}],"author":[{"embeddable":true,"href":"https:\/\/84310.fr\/jardin-morierois\/wp-json\/wp\/v2\/users\/1"}],"replies":[{"embeddable":true,"href":"https:\/\/84310.fr\/jardin-morierois\/wp-json\/wp\/v2\/comments?post=58"}],"version-history":[{"count":10,"href":"https:\/\/84310.fr\/jardin-morierois\/wp-json\/wp\/v2\/pages\/58\/revisions"}],"predecessor-version":[{"id":997,"href":"https:\/\/84310.fr\/jardin-morierois\/wp-json\/wp\/v2\/pages\/58\/revisions\/997"}],"wp:attachment":[{"href":"https:\/\/84310.fr\/jardin-morierois\/wp-json\/wp\/v2\/media?parent=58"}],"curies":[{"name":"wp","href":"https:\/\/api.w.org\/{rel}","templated":true}]}}