{"id":574,"date":"2016-05-24T20:13:02","date_gmt":"2016-05-24T19:13:02","guid":{"rendered":"http:\/\/84310.fr\/jardin-morierois\/?page_id=574"},"modified":"2016-11-14T20:39:40","modified_gmt":"2016-11-14T19:39:40","slug":"pyros","status":"publish","type":"page","link":"https:\/\/84310.fr\/jardin-morierois\/pyros\/","title":{"rendered":"PYROS"},"content":{"rendered":"<p>Tomate PYROS<\/p>\n<h2 style=\"text-align: center;\"><span style=\"color: #ff0000;\"><strong>STATISTIQUES de la saison 2016<\/strong><\/span><\/h2>\n<p><img loading=\"lazy\" decoding=\"async\" class=\"alignnone size-full wp-image-931\" src=\"https:\/\/84310.fr\/jardin-morierois\/wp-content\/uploads\/2016\/03\/pyros.jpg\" alt=\"pyros\" width=\"711\" height=\"101\" srcset=\"https:\/\/84310.fr\/jardin-morierois\/wp-content\/uploads\/2016\/03\/pyros.jpg 711w, https:\/\/84310.fr\/jardin-morierois\/wp-content\/uploads\/2016\/03\/pyros-300x43.jpg 300w\" sizes=\"auto, (max-width: 711px) 100vw, 711px\" \/><\/p>\n<p>c&rsquo;est une tomate que j&rsquo;ai \u00e9chang\u00e9 en d\u00e9but de saison avec un passionn\u00e9 de Gadagne.<\/p>\n<p>La saison \u00e9tait d\u00e9j\u00e0 trop avanc\u00e9e pour pratiquer la greffe , et n&rsquo;ayant quelques plants, j&rsquo;ai du cr\u00e9er un emplacement suppl\u00e9mentaire non pr\u00e9vu dans le jardin, c&rsquo;est devenu l&rsquo;hexagone a tomates.<\/p>\n<p><span style=\"color: #008000;\"><strong>c&rsquo;est une vari\u00e9t\u00e9 que je referai en 2017 &#8230;<\/strong><\/span><\/p>\n","protected":false},"excerpt":{"rendered":"<p>Tomate PYROS STATISTIQUES de la saison 2016 c&rsquo;est une tomate que j&rsquo;ai \u00e9chang\u00e9 en d\u00e9but de saison avec un passionn\u00e9 de Gadagne. La saison \u00e9tait d\u00e9j\u00e0 trop avanc\u00e9e pour pratiquer la greffe , et n&rsquo;ayant quelques plants, j&rsquo;ai du cr\u00e9er&hellip; <\/p>\n","protected":false},"author":1,"featured_media":0,"parent":0,"menu_order":0,"comment_status":"closed","ping_status":"closed","template":"","meta":{"_exactmetrics_skip_tracking":false,"_exactmetrics_sitenote_active":false,"_exactmetrics_sitenote_note":"","_exactmetrics_sitenote_category":0,"footnotes":""},"class_list":["post-574","page","type-page","status-publish","hentry"],"_links":{"self":[{"href":"https:\/\/84310.fr\/jardin-morierois\/wp-json\/wp\/v2\/pages\/574","targetHints":{"allow":["GET"]}}],"collection":[{"href":"https:\/\/84310.fr\/jardin-morierois\/wp-json\/wp\/v2\/pages"}],"about":[{"href":"https:\/\/84310.fr\/jardin-morierois\/wp-json\/wp\/v2\/types\/page"}],"author":[{"embeddable":true,"href":"https:\/\/84310.fr\/jardin-morierois\/wp-json\/wp\/v2\/users\/1"}],"replies":[{"embeddable":true,"href":"https:\/\/84310.fr\/jardin-morierois\/wp-json\/wp\/v2\/comments?post=574"}],"version-history":[{"count":2,"href":"https:\/\/84310.fr\/jardin-morierois\/wp-json\/wp\/v2\/pages\/574\/revisions"}],"predecessor-version":[{"id":1012,"href":"https:\/\/84310.fr\/jardin-morierois\/wp-json\/wp\/v2\/pages\/574\/revisions\/1012"}],"wp:attachment":[{"href":"https:\/\/84310.fr\/jardin-morierois\/wp-json\/wp\/v2\/media?parent=574"}],"curies":[{"name":"wp","href":"https:\/\/api.w.org\/{rel}","templated":true}]}}