{"id":572,"date":"2016-05-24T20:12:02","date_gmt":"2016-05-24T19:12:02","guid":{"rendered":"http:\/\/84310.fr\/jardin-morierois\/?page_id=572"},"modified":"2016-11-11T23:02:06","modified_gmt":"2016-11-11T22:02:06","slug":"merveille-des-marches","status":"publish","type":"page","link":"https:\/\/84310.fr\/jardin-morierois\/merveille-des-marches\/","title":{"rendered":"MERVEILLE DES MARCHES"},"content":{"rendered":"<p>Tomate MERVEILLE DES MARCHES<\/p>\n<h2 style=\"text-align: center;\"><span style=\"color: #ff0000;\"><strong>STATISTIQUES de la saison 2016<\/strong><\/span><\/h2>\n<p><img loading=\"lazy\" decoding=\"async\" class=\"alignnone size-full wp-image-928\" src=\"https:\/\/84310.fr\/jardin-morierois\/wp-content\/uploads\/2016\/03\/merveille.jpg\" alt=\"merveille\" width=\"711\" height=\"85\" srcset=\"https:\/\/84310.fr\/jardin-morierois\/wp-content\/uploads\/2016\/03\/merveille.jpg 711w, https:\/\/84310.fr\/jardin-morierois\/wp-content\/uploads\/2016\/03\/merveille-300x36.jpg 300w\" sizes=\"auto, (max-width: 711px) 100vw, 711px\" \/><\/p>\n<p>c&rsquo;est une tomate que j&rsquo;ai \u00e9chang\u00e9 en d\u00e9but de saison avec un passionn\u00e9 de Gadagne.<br \/>\ndeux seuls plants ont surv\u00e9cus.<br \/>\nLa saison \u00e9tait d\u00e9j\u00e0 trop avanc\u00e9e pour pratiquer la greffe , et n&rsquo;ayant quelques plants, j&rsquo;ai du cr\u00e9er un emplacement suppl\u00e9mentaire non pr\u00e9vu dans le jardin, c&rsquo;est devenu l&rsquo;hexagone a tomates.<br \/>\nles rendements ont \u00e9t\u00e9 bons, autant en nombre de tomates qu&rsquo;en poids.<br \/>\n<span style=\"color: #008000;\"><strong>c&rsquo;est une vari\u00e9t\u00e9 que je referai en 2017 &#8230;<\/strong><\/span><\/p>\n","protected":false},"excerpt":{"rendered":"<p>Tomate MERVEILLE DES MARCHES STATISTIQUES de la saison 2016 c&rsquo;est une tomate que j&rsquo;ai \u00e9chang\u00e9 en d\u00e9but de saison avec un passionn\u00e9 de Gadagne. deux seuls plants ont surv\u00e9cus. La saison \u00e9tait d\u00e9j\u00e0 trop avanc\u00e9e pour pratiquer la greffe ,&hellip; <\/p>\n","protected":false},"author":1,"featured_media":0,"parent":0,"menu_order":0,"comment_status":"closed","ping_status":"closed","template":"","meta":{"_exactmetrics_skip_tracking":false,"_exactmetrics_sitenote_active":false,"_exactmetrics_sitenote_note":"","_exactmetrics_sitenote_category":0,"footnotes":""},"class_list":["post-572","page","type-page","status-publish","hentry"],"_links":{"self":[{"href":"https:\/\/84310.fr\/jardin-morierois\/wp-json\/wp\/v2\/pages\/572","targetHints":{"allow":["GET"]}}],"collection":[{"href":"https:\/\/84310.fr\/jardin-morierois\/wp-json\/wp\/v2\/pages"}],"about":[{"href":"https:\/\/84310.fr\/jardin-morierois\/wp-json\/wp\/v2\/types\/page"}],"author":[{"embeddable":true,"href":"https:\/\/84310.fr\/jardin-morierois\/wp-json\/wp\/v2\/users\/1"}],"replies":[{"embeddable":true,"href":"https:\/\/84310.fr\/jardin-morierois\/wp-json\/wp\/v2\/comments?post=572"}],"version-history":[{"count":3,"href":"https:\/\/84310.fr\/jardin-morierois\/wp-json\/wp\/v2\/pages\/572\/revisions"}],"predecessor-version":[{"id":996,"href":"https:\/\/84310.fr\/jardin-morierois\/wp-json\/wp\/v2\/pages\/572\/revisions\/996"}],"wp:attachment":[{"href":"https:\/\/84310.fr\/jardin-morierois\/wp-json\/wp\/v2\/media?parent=572"}],"curies":[{"name":"wp","href":"https:\/\/api.w.org\/{rel}","templated":true}]}}