{"id":56,"date":"2016-03-04T21:53:20","date_gmt":"2016-03-04T20:53:20","guid":{"rendered":"http:\/\/84310.fr\/jardin-morierois\/?page_id=56"},"modified":"2016-11-11T22:58:49","modified_gmt":"2016-11-11T21:58:49","slug":"matina","status":"publish","type":"page","link":"https:\/\/84310.fr\/jardin-morierois\/matina\/","title":{"rendered":"MATINA"},"content":{"rendered":"<p>Tomate MATINA<\/p>\n<p>6 graines sem\u00e9es le 14 F\u00e9vrier 2016<br \/>\nLe 24 F\u00e9vrier, comme il me restait quelques graines, j\u2019ai sem\u00e9 deux graines de plus par\u00a0\u00a0\u00a0\u00a0\u00a0\u00a0\u00a0\u00a0\u00a0\u00a0\u00a0 \u00bb s\u00e9curit\u00e9\u00a0 \u00bb<\/p>\n<p>Le 11 Mars, sur les 6 graines sem\u00e9es, seulement 2 plants sont sortis, ils ont \u00e9t\u00e9 mis en\u00a0 godet.<\/p>\n<p>il n&rsquo;y aura pas de greffe sur cette vari\u00e9t\u00e9 de tomate, peut \u00eatre que les graines \u00e9taient trop anciennes.<br \/>\nLe 14 Mars, je n&rsquo;ai mis aucun des deux plants Bonus cit\u00e9s plus hauts, en godet, rien n&rsquo;a pouss\u00e9.<\/p>\n<p>&nbsp;<\/p>\n<p><span style=\"color: #3366ff;\"><strong>Total au 14\/06\/16<\/strong><\/span><\/p>\n<p>Normales =&gt; 2<\/p>\n<p>Matina, je n&rsquo;ai r\u00e9ussi qu&rsquo;\u00e0 en avoir deux exemplaires,\u00a0 pas de greffe, rien que pour la cat\u00e9gorie \u00a0\u00bb Normales \u00a0\u00bb<br \/>\nj&rsquo;esp\u00e8re en avoir plus l&rsquo;ann\u00e9e prochaine.<img loading=\"lazy\" decoding=\"async\" class=\"alignnone size-full wp-image-704\" src=\"https:\/\/84310.fr\/jardin-morierois\/wp-content\/uploads\/2016\/03\/matina.jpg\" alt=\"matina\" width=\"800\" height=\"602\" srcset=\"https:\/\/84310.fr\/jardin-morierois\/wp-content\/uploads\/2016\/03\/matina.jpg 800w, https:\/\/84310.fr\/jardin-morierois\/wp-content\/uploads\/2016\/03\/matina-300x226.jpg 300w, https:\/\/84310.fr\/jardin-morierois\/wp-content\/uploads\/2016\/03\/matina-768x578.jpg 768w\" sizes=\"auto, (max-width: 800px) 100vw, 800px\" \/><\/p>\n<p>une jolie grappe<\/p>\n<p><img loading=\"lazy\" decoding=\"async\" class=\"alignnone size-full wp-image-705\" src=\"https:\/\/84310.fr\/jardin-morierois\/wp-content\/uploads\/2016\/03\/matina2.jpg\" alt=\"matina2\" width=\"800\" height=\"600\" srcset=\"https:\/\/84310.fr\/jardin-morierois\/wp-content\/uploads\/2016\/03\/matina2.jpg 800w, https:\/\/84310.fr\/jardin-morierois\/wp-content\/uploads\/2016\/03\/matina2-300x225.jpg 300w, https:\/\/84310.fr\/jardin-morierois\/wp-content\/uploads\/2016\/03\/matina2-768x576.jpg 768w\" sizes=\"auto, (max-width: 800px) 100vw, 800px\" \/><br \/>\nLes fruits ont une jolie couleur vert clair, tr\u00e8s lisses<\/p>\n<h2 style=\"text-align: center;\"><span style=\"color: #ff0000;\"><strong>STATISTIQUES de la saison 2016<\/strong><\/span><\/h2>\n<p><img loading=\"lazy\" decoding=\"async\" class=\"alignnone size-full wp-image-929\" src=\"https:\/\/84310.fr\/jardin-morierois\/wp-content\/uploads\/2016\/03\/matina-1.jpg\" alt=\"matina\" width=\"711\" height=\"85\" srcset=\"https:\/\/84310.fr\/jardin-morierois\/wp-content\/uploads\/2016\/03\/matina-1.jpg 711w, https:\/\/84310.fr\/jardin-morierois\/wp-content\/uploads\/2016\/03\/matina-1-300x36.jpg 300w\" sizes=\"auto, (max-width: 711px) 100vw, 711px\" \/><\/p>\n<p>sur les deux seuls plants que j&rsquo;ai pu avoir,\u00a0 un a produit le double de l&rsquo;autre &#8230; sans raison particuli\u00e8re, mis a part le bon go\u00fbt, &#8230;<\/p>\n<p><strong><span style=\"color: #ff0000;\">ce n&rsquo;est pas une vari\u00e9t\u00e9 que je referai en 2017 &#8230;<\/span><\/strong><\/p>\n","protected":false},"excerpt":{"rendered":"<p>Tomate MATINA 6 graines sem\u00e9es le 14 F\u00e9vrier 2016 Le 24 F\u00e9vrier, comme il me restait quelques graines, j\u2019ai sem\u00e9 deux graines de plus par\u00a0\u00a0\u00a0\u00a0\u00a0\u00a0\u00a0\u00a0\u00a0\u00a0\u00a0 \u00bb s\u00e9curit\u00e9\u00a0 \u00bb Le 11 Mars, sur les 6 graines sem\u00e9es, seulement 2 plants sont&hellip; <\/p>\n","protected":false},"author":1,"featured_media":0,"parent":0,"menu_order":0,"comment_status":"closed","ping_status":"closed","template":"","meta":{"_exactmetrics_skip_tracking":false,"_exactmetrics_sitenote_active":false,"_exactmetrics_sitenote_note":"","_exactmetrics_sitenote_category":0,"footnotes":""},"class_list":["post-56","page","type-page","status-publish","hentry"],"_links":{"self":[{"href":"https:\/\/84310.fr\/jardin-morierois\/wp-json\/wp\/v2\/pages\/56","targetHints":{"allow":["GET"]}}],"collection":[{"href":"https:\/\/84310.fr\/jardin-morierois\/wp-json\/wp\/v2\/pages"}],"about":[{"href":"https:\/\/84310.fr\/jardin-morierois\/wp-json\/wp\/v2\/types\/page"}],"author":[{"embeddable":true,"href":"https:\/\/84310.fr\/jardin-morierois\/wp-json\/wp\/v2\/users\/1"}],"replies":[{"embeddable":true,"href":"https:\/\/84310.fr\/jardin-morierois\/wp-json\/wp\/v2\/comments?post=56"}],"version-history":[{"count":6,"href":"https:\/\/84310.fr\/jardin-morierois\/wp-json\/wp\/v2\/pages\/56\/revisions"}],"predecessor-version":[{"id":994,"href":"https:\/\/84310.fr\/jardin-morierois\/wp-json\/wp\/v2\/pages\/56\/revisions\/994"}],"wp:attachment":[{"href":"https:\/\/84310.fr\/jardin-morierois\/wp-json\/wp\/v2\/media?parent=56"}],"curies":[{"name":"wp","href":"https:\/\/api.w.org\/{rel}","templated":true}]}}