{"id":52,"date":"2016-03-04T21:52:20","date_gmt":"2016-03-04T20:52:20","guid":{"rendered":"http:\/\/84310.fr\/jardin-morierois\/?page_id=52"},"modified":"2016-11-11T22:54:27","modified_gmt":"2016-11-11T21:54:27","slug":"kumato","status":"publish","type":"page","link":"https:\/\/84310.fr\/jardin-morierois\/kumato\/","title":{"rendered":"KUMATO"},"content":{"rendered":"<p>Tomate KUMATO<\/p>\n<p>6 graines sem\u00e9es le 9 F\u00e9vrier 2016<\/p>\n<p>le 19 F\u00e9vrier, 5 petits plans sont sortis\u00a0 FIABILITE 83% \u00e0 J + 10<br \/>\nLe 24 F\u00e9vrier, comme il me restait quelques graines, j\u2019ai sem\u00e9 deux graines de plus par\u00a0\u00a0\u00a0\u00a0\u00a0\u00a0\u00a0\u00a0\u00a0\u00a0\u00a0\u00a0\u00a0 \u00a0\u00bb s\u00e9curit\u00e9 \u00a0\u00bb<\/p>\n<p>Le 7 Mars, sur les 6 plants initiaux, 4 plants pr\u00e9vus pour greffe ont \u00e9t\u00e9 transplant\u00e9s en godet et les 2 plants restants pour graine ont \u00e9galement \u00e9t\u00e9 mis en godet.<\/p>\n<p>Le 14 Mars, j&rsquo;ai mis les deux plants Bonus, cit\u00e9s plus hauts, en godet.<br \/>\nLe 20 Mars, 2 plants ont \u00e9t\u00e9 greff\u00e9s. les deux autres pr\u00e9vus pour greffe sont encore trop petits<\/p>\n<p><span style=\"color: #3366ff;\"><strong>Total au 14\/06\/16<\/strong><\/span><\/p>\n<p>Greff\u00e9 =&gt; 2<br \/>\nNormales =&gt; 2<br \/>\nR\u00e9cup =&gt; 2<\/p>\n<p><img loading=\"lazy\" decoding=\"async\" class=\"alignnone size-full wp-image-699\" src=\"https:\/\/84310.fr\/jardin-morierois\/wp-content\/uploads\/2016\/03\/kumato.jpg\" alt=\"kumato\" width=\"800\" height=\"602\" srcset=\"https:\/\/84310.fr\/jardin-morierois\/wp-content\/uploads\/2016\/03\/kumato.jpg 800w, https:\/\/84310.fr\/jardin-morierois\/wp-content\/uploads\/2016\/03\/kumato-300x226.jpg 300w, https:\/\/84310.fr\/jardin-morierois\/wp-content\/uploads\/2016\/03\/kumato-768x578.jpg 768w\" sizes=\"auto, (max-width: 800px) 100vw, 800px\" \/><\/p>\n<p>une jolie grappe de 4 tomates, avec un ton vert bien prononc\u00e9 , vert fonc\u00e9.<\/p>\n<h2 style=\"text-align: center;\"><span style=\"color: #ff0000;\"><strong>STATISTIQUES de la saison 2016<\/strong><\/span><\/h2>\n<p><img loading=\"lazy\" decoding=\"async\" class=\"alignnone size-full wp-image-954\" src=\"https:\/\/84310.fr\/jardin-morierois\/wp-content\/uploads\/2016\/03\/kumato-1.jpg\" alt=\"kumato\" width=\"711\" height=\"158\" srcset=\"https:\/\/84310.fr\/jardin-morierois\/wp-content\/uploads\/2016\/03\/kumato-1.jpg 711w, https:\/\/84310.fr\/jardin-morierois\/wp-content\/uploads\/2016\/03\/kumato-1-300x67.jpg 300w\" sizes=\"auto, (max-width: 711px) 100vw, 711px\" \/><\/p>\n<p>Le r\u00e9sultat sur le plan \u00a0\u00bb greff\u00e9es \u00a0\u00bb ne montre pas de diff\u00e9rence entre le plant 24 ( dont les gourmands ont \u00e9t\u00e9 enlev\u00e9s ) et le plant 25 ou le plant est rest\u00e9 libre de toute modification.<\/p>\n<p>au niveau g\u00e9n\u00e9ral on constate une diff\u00e9rence de rendement , il y a plus de fruits sur les plants greff\u00e9s,et ils sont plus gros.<\/p>\n<p>Les plants greff\u00e9s ont plus donn\u00e9 que les non greff\u00e9s.<\/p>\n<p>sinon, pour ce qui est des plants de r\u00e9cup ( perdus ) les deux ont du b\u00e9n\u00e9ficier d&rsquo;un terrain plus riche et mieux arros\u00e9 ( \u00e0 cot\u00e9 de l&rsquo;arrosage de la pelouse ) car ils font mieux que les plants \u00a0\u00bb normaux.<\/p>\n<p>mis \u00e0 part la curiosit\u00e9 de la couleur des fruits,<\/p>\n<p><strong><span style=\"color: #ff0000;\">ce n&rsquo;est pas une vari\u00e9t\u00e9 que je referai en 2017 &#8230;<\/span><\/strong><\/p>\n","protected":false},"excerpt":{"rendered":"<p>Tomate KUMATO 6 graines sem\u00e9es le 9 F\u00e9vrier 2016 le 19 F\u00e9vrier, 5 petits plans sont sortis\u00a0 FIABILITE 83% \u00e0 J + 10 Le 24 F\u00e9vrier, comme il me restait quelques graines, j\u2019ai sem\u00e9 deux graines de plus par\u00a0\u00a0\u00a0\u00a0\u00a0\u00a0\u00a0\u00a0\u00a0\u00a0\u00a0\u00a0\u00a0 \u00a0\u00bb&hellip; <\/p>\n","protected":false},"author":1,"featured_media":0,"parent":0,"menu_order":0,"comment_status":"closed","ping_status":"closed","template":"","meta":{"_exactmetrics_skip_tracking":false,"_exactmetrics_sitenote_active":false,"_exactmetrics_sitenote_note":"","_exactmetrics_sitenote_category":0,"footnotes":""},"class_list":["post-52","page","type-page","status-publish","hentry"],"_links":{"self":[{"href":"https:\/\/84310.fr\/jardin-morierois\/wp-json\/wp\/v2\/pages\/52","targetHints":{"allow":["GET"]}}],"collection":[{"href":"https:\/\/84310.fr\/jardin-morierois\/wp-json\/wp\/v2\/pages"}],"about":[{"href":"https:\/\/84310.fr\/jardin-morierois\/wp-json\/wp\/v2\/types\/page"}],"author":[{"embeddable":true,"href":"https:\/\/84310.fr\/jardin-morierois\/wp-json\/wp\/v2\/users\/1"}],"replies":[{"embeddable":true,"href":"https:\/\/84310.fr\/jardin-morierois\/wp-json\/wp\/v2\/comments?post=52"}],"version-history":[{"count":7,"href":"https:\/\/84310.fr\/jardin-morierois\/wp-json\/wp\/v2\/pages\/52\/revisions"}],"predecessor-version":[{"id":993,"href":"https:\/\/84310.fr\/jardin-morierois\/wp-json\/wp\/v2\/pages\/52\/revisions\/993"}],"wp:attachment":[{"href":"https:\/\/84310.fr\/jardin-morierois\/wp-json\/wp\/v2\/media?parent=52"}],"curies":[{"name":"wp","href":"https:\/\/api.w.org\/{rel}","templated":true}]}}