{"id":516,"date":"2016-05-10T21:50:53","date_gmt":"2016-05-10T20:50:53","guid":{"rendered":"http:\/\/84310.fr\/jardin-morierois\/?page_id=516"},"modified":"2016-05-15T13:37:11","modified_gmt":"2016-05-15T12:37:11","slug":"historique-butte","status":"publish","type":"page","link":"https:\/\/84310.fr\/jardin-morierois\/historique-butte\/","title":{"rendered":"Historique de la Butte"},"content":{"rendered":"<p>Histoire : un champ d&rsquo;une centaine de m\u00e8tre de longueur, un chemin d&rsquo;acc\u00e8s qui borde ce champ. il y a 35 ou 40 ans, mon p\u00e8re d\u00e9cide d&rsquo;y planter des pins pour verdir et faire un peu d&rsquo;ombre. <img loading=\"lazy\" decoding=\"async\" class=\"alignnone size-full wp-image-520\" src=\"https:\/\/84310.fr\/jardin-morierois\/wp-content\/uploads\/2016\/05\/DSCN0292.jpg\" alt=\"DSCN0292\" width=\"600\" height=\"800\" srcset=\"https:\/\/84310.fr\/jardin-morierois\/wp-content\/uploads\/2016\/05\/DSCN0292.jpg 600w, https:\/\/84310.fr\/jardin-morierois\/wp-content\/uploads\/2016\/05\/DSCN0292-225x300.jpg 225w\" sizes=\"auto, (max-width: 600px) 100vw, 600px\" \/><\/p>\n<p>quelques d\u00e9cennies plus tard, les arbres d\u00e9foncent le chemin et touchent les lignes \u00e9lectriques, tout en \u00e9touffant l&rsquo;herbe sous une \u00e9paisse couche d&rsquo;aiguilles.<br \/>\n<img loading=\"lazy\" decoding=\"async\" class=\"alignnone size-full wp-image-519\" src=\"https:\/\/84310.fr\/jardin-morierois\/wp-content\/uploads\/2016\/05\/DSCN0268.jpg\" alt=\"DSCN0268\" width=\"800\" height=\"600\" srcset=\"https:\/\/84310.fr\/jardin-morierois\/wp-content\/uploads\/2016\/05\/DSCN0268.jpg 800w, https:\/\/84310.fr\/jardin-morierois\/wp-content\/uploads\/2016\/05\/DSCN0268-300x225.jpg 300w, https:\/\/84310.fr\/jardin-morierois\/wp-content\/uploads\/2016\/05\/DSCN0268-768x576.jpg 768w\" sizes=\"auto, (max-width: 800px) 100vw, 800px\" \/><\/p>\n<p><img loading=\"lazy\" decoding=\"async\" class=\"alignnone size-full wp-image-522\" src=\"https:\/\/84310.fr\/jardin-morierois\/wp-content\/uploads\/2016\/05\/DSCN0340.jpg\" alt=\"DSCN0340\" width=\"800\" height=\"600\" srcset=\"https:\/\/84310.fr\/jardin-morierois\/wp-content\/uploads\/2016\/05\/DSCN0340.jpg 800w, https:\/\/84310.fr\/jardin-morierois\/wp-content\/uploads\/2016\/05\/DSCN0340-300x225.jpg 300w, https:\/\/84310.fr\/jardin-morierois\/wp-content\/uploads\/2016\/05\/DSCN0340-768x576.jpg 768w\" sizes=\"auto, (max-width: 800px) 100vw, 800px\" \/><\/p>\n<p>Les \u00e9lagueurs en pleine action &#8230;<br \/>\n<img loading=\"lazy\" decoding=\"async\" class=\"alignnone size-full wp-image-521\" src=\"https:\/\/84310.fr\/jardin-morierois\/wp-content\/uploads\/2016\/05\/DSCN0339.jpg\" alt=\"DSCN0339\" width=\"800\" height=\"600\" srcset=\"https:\/\/84310.fr\/jardin-morierois\/wp-content\/uploads\/2016\/05\/DSCN0339.jpg 800w, https:\/\/84310.fr\/jardin-morierois\/wp-content\/uploads\/2016\/05\/DSCN0339-300x225.jpg 300w, https:\/\/84310.fr\/jardin-morierois\/wp-content\/uploads\/2016\/05\/DSCN0339-768x576.jpg 768w\" sizes=\"auto, (max-width: 800px) 100vw, 800px\" \/><\/p>\n<p>les bois ont \u00e9t\u00e9 r\u00e9cup\u00e9r\u00e9s par des voisins, et les \u00e9normes tas de broyats ont \u00e9t\u00e9 dispos\u00e9s le long du mur.<\/p>\n","protected":false},"excerpt":{"rendered":"<p>Histoire : un champ d&rsquo;une centaine de m\u00e8tre de longueur, un chemin d&rsquo;acc\u00e8s qui borde ce champ. il y a 35 ou 40 ans, mon p\u00e8re d\u00e9cide d&rsquo;y planter des pins pour verdir et faire un peu d&rsquo;ombre. quelques d\u00e9cennies&hellip; <\/p>\n","protected":false},"author":1,"featured_media":0,"parent":0,"menu_order":0,"comment_status":"closed","ping_status":"closed","template":"","meta":{"_exactmetrics_skip_tracking":false,"_exactmetrics_sitenote_active":false,"_exactmetrics_sitenote_note":"","_exactmetrics_sitenote_category":0,"footnotes":""},"class_list":["post-516","page","type-page","status-publish","hentry"],"_links":{"self":[{"href":"https:\/\/84310.fr\/jardin-morierois\/wp-json\/wp\/v2\/pages\/516","targetHints":{"allow":["GET"]}}],"collection":[{"href":"https:\/\/84310.fr\/jardin-morierois\/wp-json\/wp\/v2\/pages"}],"about":[{"href":"https:\/\/84310.fr\/jardin-morierois\/wp-json\/wp\/v2\/types\/page"}],"author":[{"embeddable":true,"href":"https:\/\/84310.fr\/jardin-morierois\/wp-json\/wp\/v2\/users\/1"}],"replies":[{"embeddable":true,"href":"https:\/\/84310.fr\/jardin-morierois\/wp-json\/wp\/v2\/comments?post=516"}],"version-history":[{"count":5,"href":"https:\/\/84310.fr\/jardin-morierois\/wp-json\/wp\/v2\/pages\/516\/revisions"}],"predecessor-version":[{"id":530,"href":"https:\/\/84310.fr\/jardin-morierois\/wp-json\/wp\/v2\/pages\/516\/revisions\/530"}],"wp:attachment":[{"href":"https:\/\/84310.fr\/jardin-morierois\/wp-json\/wp\/v2\/media?parent=516"}],"curies":[{"name":"wp","href":"https:\/\/api.w.org\/{rel}","templated":true}]}}