{"id":48,"date":"2016-03-04T21:51:26","date_gmt":"2016-03-04T20:51:26","guid":{"rendered":"http:\/\/84310.fr\/jardin-morierois\/?page_id=48"},"modified":"2016-11-11T10:27:15","modified_gmt":"2016-11-11T09:27:15","slug":"inconnue-cadeau","status":"publish","type":"page","link":"https:\/\/84310.fr\/jardin-morierois\/inconnue-cadeau\/","title":{"rendered":"INCONNUE Cadeau"},"content":{"rendered":"<p>Tomate INCONNUE Cadeau<\/p>\n<p>6 graines sem\u00e9es le 9 F\u00e9vrier 2016<\/p>\n<p>le 19 F\u00e9vrier, 6 petits plans sont sortis\u00a0 FIABILITE 100% \u00e0 J + 10<\/p>\n<p>Le 24 F\u00e9vrier, comme il me restait quelques graines, j\u2019ai sem\u00e9 trois graines de plus par \u00bb s\u00e9curit\u00e9 \u00bb<\/p>\n<p>Le 3 Mars, sur les 6 plants initiaux, 4 plants pr\u00e9vus pour greffe ont \u00e9t\u00e9 transplant\u00e9s en godet et les 2 plants restants pour graine ont \u00e9galement \u00e9t\u00e9 mis en godet.<br \/>\nLe 14 Mars, j&rsquo;ai mis les trois plants Bonus, cit\u00e9s plus hauts, en godet.<\/p>\n<p>Le 20 Mars, 4 plants ont \u00e9t\u00e9 greff\u00e9s. c&rsquo;\u00e9tait les plus beaux plants greff\u00e9s aujourd&rsquo;hui ..<\/p>\n<p><span style=\"color: #3366ff;\"><strong>Total au 20\/06\/16<\/strong><\/span><\/p>\n<p>Greff\u00e9 =&gt; 3<br \/>\nR\u00e9cup =&gt; 1<br \/>\nRajout =&gt; 2<br \/>\n<img loading=\"lazy\" decoding=\"async\" class=\"alignnone size-full wp-image-772\" src=\"https:\/\/84310.fr\/jardin-morierois\/wp-content\/uploads\/2016\/03\/DSCN2627incorange1.jpg\" alt=\"DSCN2627incorange1\" width=\"800\" height=\"600\" srcset=\"https:\/\/84310.fr\/jardin-morierois\/wp-content\/uploads\/2016\/03\/DSCN2627incorange1.jpg 800w, https:\/\/84310.fr\/jardin-morierois\/wp-content\/uploads\/2016\/03\/DSCN2627incorange1-300x225.jpg 300w, https:\/\/84310.fr\/jardin-morierois\/wp-content\/uploads\/2016\/03\/DSCN2627incorange1-768x576.jpg 768w\" sizes=\"auto, (max-width: 800px) 100vw, 800px\" \/> <img loading=\"lazy\" decoding=\"async\" class=\"alignnone size-full wp-image-773\" src=\"https:\/\/84310.fr\/jardin-morierois\/wp-content\/uploads\/2016\/03\/DSCN2632incorange3.jpg\" alt=\"DSCN2632incorange3\" width=\"800\" height=\"600\" srcset=\"https:\/\/84310.fr\/jardin-morierois\/wp-content\/uploads\/2016\/03\/DSCN2632incorange3.jpg 800w, https:\/\/84310.fr\/jardin-morierois\/wp-content\/uploads\/2016\/03\/DSCN2632incorange3-300x225.jpg 300w, https:\/\/84310.fr\/jardin-morierois\/wp-content\/uploads\/2016\/03\/DSCN2632incorange3-768x576.jpg 768w\" sizes=\"auto, (max-width: 800px) 100vw, 800px\" \/> <img loading=\"lazy\" decoding=\"async\" class=\"alignnone size-full wp-image-774\" src=\"https:\/\/84310.fr\/jardin-morierois\/wp-content\/uploads\/2016\/03\/inconnue-Orange.jpg\" alt=\"inconnue Orange\" width=\"800\" height=\"601\" srcset=\"https:\/\/84310.fr\/jardin-morierois\/wp-content\/uploads\/2016\/03\/inconnue-Orange.jpg 800w, https:\/\/84310.fr\/jardin-morierois\/wp-content\/uploads\/2016\/03\/inconnue-Orange-300x225.jpg 300w, https:\/\/84310.fr\/jardin-morierois\/wp-content\/uploads\/2016\/03\/inconnue-Orange-768x577.jpg 768w\" sizes=\"auto, (max-width: 800px) 100vw, 800px\" \/><\/p>\n<h2 style=\"text-align: center;\"><span style=\"color: #ff0000;\"><strong>STATISTIQUES de la saison 2016<\/strong><\/span><\/h2>\n<p><img loading=\"lazy\" decoding=\"async\" class=\"alignnone size-full wp-image-934\" src=\"https:\/\/84310.fr\/jardin-morierois\/wp-content\/uploads\/2016\/03\/inconnue-O.jpg\" alt=\"inconnue-o\" width=\"711\" height=\"176\" srcset=\"https:\/\/84310.fr\/jardin-morierois\/wp-content\/uploads\/2016\/03\/inconnue-O.jpg 711w, https:\/\/84310.fr\/jardin-morierois\/wp-content\/uploads\/2016\/03\/inconnue-O-300x74.jpg 300w\" sizes=\"auto, (max-width: 711px) 100vw, 711px\" \/><\/p>\n<p>Le r\u00e9sultat sur le plan \u00a0\u00bb greff\u00e9es \u00a0\u00bb montre une diff\u00e9rence notable entre le plant 54 ( dont les gourmands ont \u00e9t\u00e9 enlev\u00e9s ) et le plant 55 ou le plant est rest\u00e9 libre de toute modification,<\/p>\n<p>au niveau g\u00e9n\u00e9ral on constate une diff\u00e9rence de rendement , il y a plus de fruits sur les plants greff\u00e9s,<\/p>\n<p>Les plants greff\u00e9s ont plus donn\u00e9 que les non greff\u00e9s.<\/p>\n<p><strong><span style=\"color: #ff0000;\">ce n&rsquo;est pas une vari\u00e9t\u00e9 que je referai en 2017 &#8230;<\/span><\/strong><\/p>\n<p>&nbsp;<\/p>\n","protected":false},"excerpt":{"rendered":"<p>Tomate INCONNUE Cadeau 6 graines sem\u00e9es le 9 F\u00e9vrier 2016 le 19 F\u00e9vrier, 6 petits plans sont sortis\u00a0 FIABILITE 100% \u00e0 J + 10 Le 24 F\u00e9vrier, comme il me restait quelques graines, j\u2019ai sem\u00e9 trois graines de plus par&hellip; <\/p>\n","protected":false},"author":1,"featured_media":0,"parent":0,"menu_order":0,"comment_status":"closed","ping_status":"closed","template":"","meta":{"_exactmetrics_skip_tracking":false,"_exactmetrics_sitenote_active":false,"_exactmetrics_sitenote_note":"","_exactmetrics_sitenote_category":0,"footnotes":""},"class_list":["post-48","page","type-page","status-publish","hentry"],"_links":{"self":[{"href":"https:\/\/84310.fr\/jardin-morierois\/wp-json\/wp\/v2\/pages\/48","targetHints":{"allow":["GET"]}}],"collection":[{"href":"https:\/\/84310.fr\/jardin-morierois\/wp-json\/wp\/v2\/pages"}],"about":[{"href":"https:\/\/84310.fr\/jardin-morierois\/wp-json\/wp\/v2\/types\/page"}],"author":[{"embeddable":true,"href":"https:\/\/84310.fr\/jardin-morierois\/wp-json\/wp\/v2\/users\/1"}],"replies":[{"embeddable":true,"href":"https:\/\/84310.fr\/jardin-morierois\/wp-json\/wp\/v2\/comments?post=48"}],"version-history":[{"count":8,"href":"https:\/\/84310.fr\/jardin-morierois\/wp-json\/wp\/v2\/pages\/48\/revisions"}],"predecessor-version":[{"id":989,"href":"https:\/\/84310.fr\/jardin-morierois\/wp-json\/wp\/v2\/pages\/48\/revisions\/989"}],"wp:attachment":[{"href":"https:\/\/84310.fr\/jardin-morierois\/wp-json\/wp\/v2\/media?parent=48"}],"curies":[{"name":"wp","href":"https:\/\/api.w.org\/{rel}","templated":true}]}}