{"id":440,"date":"2016-04-14T20:56:06","date_gmt":"2016-04-14T19:56:06","guid":{"rendered":"http:\/\/84310.fr\/jardin-morierois\/?page_id=440"},"modified":"2016-04-14T20:56:06","modified_gmt":"2016-04-14T19:56:06","slug":"premiere-tomate-plantee","status":"publish","type":"page","link":"https:\/\/84310.fr\/jardin-morierois\/premiere-tomate-plantee\/","title":{"rendered":"premi\u00e8re tomate plant\u00e9e"},"content":{"rendered":"<p>Aujourd&rsquo;hui, je me fais plaisir&#8230;<br \/>\ncela fait plus de deux mois que chaque jour je regarde germer, pousser, grandir mes tomates. Certains plants, ont presque trop bien pouss\u00e9, coinc\u00e9s dans leur petit godet, \u00e0 l&rsquo;\u00e9troit, je me languis de pouvoir les mettre en pleine terre. Mais, car il y a un mais, c&rsquo;est risqu\u00e9, il peut encore y avoir un coup de froid, et r\u00e9duire \u00e0 n\u00e9ant l&rsquo;effort et l&rsquo;investissement de plusieurs mois.<\/p>\n<p>pour habitude, dans le sud qui est notre r\u00e9gion, l&rsquo;ensemble des jardiniers du dimanche disent qu&rsquo;il ne faut pas planter les tomates avant la premi\u00e8re semaine de mai, au cas ou &#8230;.<br \/>\nla premi\u00e8re a \u00eatre plant\u00e9e est une tomate \u00ab\u00a0<a href=\"https:\/\/84310.fr\/jardin-morierois\/inconnue-cadeau\/\"> Inconnue <\/a>\u00a0\u00bb voir page pr\u00e9vue \u00e0 cet effet.<\/p>\n<p style=\"text-align: center;\"><img loading=\"lazy\" decoding=\"async\" class=\"alignnone size-full wp-image-441\" src=\"https:\/\/84310.fr\/jardin-morierois\/wp-content\/uploads\/2016\/04\/DSCN1928.jpg\" alt=\"DSCN1928\" width=\"800\" height=\"600\" srcset=\"https:\/\/84310.fr\/jardin-morierois\/wp-content\/uploads\/2016\/04\/DSCN1928.jpg 800w, https:\/\/84310.fr\/jardin-morierois\/wp-content\/uploads\/2016\/04\/DSCN1928-300x225.jpg 300w, https:\/\/84310.fr\/jardin-morierois\/wp-content\/uploads\/2016\/04\/DSCN1928-768x576.jpg 768w\" sizes=\"auto, (max-width: 800px) 100vw, 800px\" \/><br \/>\nun lit de terreau \u00e0 semis, avec du compost maison m\u00e9lang\u00e9 \u00e0 la terre du jardin, et voici la premi\u00e8re tomate de 2016 !<\/p>\n<p><img loading=\"lazy\" decoding=\"async\" class=\"alignnone size-full wp-image-442\" src=\"https:\/\/84310.fr\/jardin-morierois\/wp-content\/uploads\/2016\/04\/DSCN1930.jpg\" alt=\"DSCN1930\" width=\"800\" height=\"600\" srcset=\"https:\/\/84310.fr\/jardin-morierois\/wp-content\/uploads\/2016\/04\/DSCN1930.jpg 800w, https:\/\/84310.fr\/jardin-morierois\/wp-content\/uploads\/2016\/04\/DSCN1930-300x225.jpg 300w, https:\/\/84310.fr\/jardin-morierois\/wp-content\/uploads\/2016\/04\/DSCN1930-768x576.jpg 768w\" sizes=\"auto, (max-width: 800px) 100vw, 800px\" \/><\/p>\n","protected":false},"excerpt":{"rendered":"<p>Aujourd&rsquo;hui, je me fais plaisir&#8230; cela fait plus de deux mois que chaque jour je regarde germer, pousser, grandir mes tomates. Certains plants, ont presque trop bien pouss\u00e9, coinc\u00e9s dans leur petit godet, \u00e0 l&rsquo;\u00e9troit, je me languis de pouvoir&hellip; <\/p>\n","protected":false},"author":1,"featured_media":0,"parent":0,"menu_order":0,"comment_status":"closed","ping_status":"closed","template":"","meta":{"_exactmetrics_skip_tracking":false,"_exactmetrics_sitenote_active":false,"_exactmetrics_sitenote_note":"","_exactmetrics_sitenote_category":0,"footnotes":""},"class_list":["post-440","page","type-page","status-publish","hentry"],"_links":{"self":[{"href":"https:\/\/84310.fr\/jardin-morierois\/wp-json\/wp\/v2\/pages\/440","targetHints":{"allow":["GET"]}}],"collection":[{"href":"https:\/\/84310.fr\/jardin-morierois\/wp-json\/wp\/v2\/pages"}],"about":[{"href":"https:\/\/84310.fr\/jardin-morierois\/wp-json\/wp\/v2\/types\/page"}],"author":[{"embeddable":true,"href":"https:\/\/84310.fr\/jardin-morierois\/wp-json\/wp\/v2\/users\/1"}],"replies":[{"embeddable":true,"href":"https:\/\/84310.fr\/jardin-morierois\/wp-json\/wp\/v2\/comments?post=440"}],"version-history":[{"count":1,"href":"https:\/\/84310.fr\/jardin-morierois\/wp-json\/wp\/v2\/pages\/440\/revisions"}],"predecessor-version":[{"id":443,"href":"https:\/\/84310.fr\/jardin-morierois\/wp-json\/wp\/v2\/pages\/440\/revisions\/443"}],"wp:attachment":[{"href":"https:\/\/84310.fr\/jardin-morierois\/wp-json\/wp\/v2\/media?parent=440"}],"curies":[{"name":"wp","href":"https:\/\/api.w.org\/{rel}","templated":true}]}}