{"id":42,"date":"2016-03-04T21:49:21","date_gmt":"2016-03-04T20:49:21","guid":{"rendered":"http:\/\/84310.fr\/jardin-morierois\/?page_id=42"},"modified":"2016-11-11T10:14:41","modified_gmt":"2016-11-11T09:14:41","slug":"green-zebra","status":"publish","type":"page","link":"https:\/\/84310.fr\/jardin-morierois\/green-zebra\/","title":{"rendered":"GREEN ZEBRA"},"content":{"rendered":"<p>Tomate GREEN ZEBRA<\/p>\n<p>6 graines sem\u00e9es le 9 F\u00e9vrier 2016<\/p>\n<p>le 19 F\u00e9vrier, 6 petits plans sont sortis\u00a0 FIABILITE 100% \u00e0 J + 10<\/p>\n<p>Le 24 F\u00e9vrier, comme il me restait quelques graines, j\u2019ai sem\u00e9 deux graines de plus par \u00a0\u00bb s\u00e9curit\u00e9 \u00a0\u00bb<\/p>\n<p>Le 6 Mars, sur les 6 plants initiaux, 4 plants pr\u00e9vus pour greffe ont \u00e9t\u00e9 transplant\u00e9s en godet et le plant restant pour graine a \u00e9galement \u00e9t\u00e9 mis en godet.<\/p>\n<p>Le 14 Mars, j&rsquo;ai mis le seul\u00a0 des deux plants Bonus qui a pouss\u00e9, en godet.<br \/>\nLe 21 Mars, 2 plants ont \u00e9t\u00e9 greff\u00e9s. les deux autres pr\u00e9vus pour greffe sont encore trop petits<\/p>\n<p><strong>Total au 19\/06\/16<\/strong><\/p>\n<p>Greff\u00e9 =&gt; 2<br \/>\nNormales =&gt; 2<br \/>\nR\u00e9cup =&gt; 3<\/p>\n<p><img loading=\"lazy\" decoding=\"async\" class=\"alignnone size-full wp-image-733\" src=\"https:\/\/84310.fr\/jardin-morierois\/wp-content\/uploads\/2016\/03\/DSCN2592green.jpg\" alt=\"DSCN2592green\" width=\"800\" height=\"600\" srcset=\"https:\/\/84310.fr\/jardin-morierois\/wp-content\/uploads\/2016\/03\/DSCN2592green.jpg 800w, https:\/\/84310.fr\/jardin-morierois\/wp-content\/uploads\/2016\/03\/DSCN2592green-300x225.jpg 300w, https:\/\/84310.fr\/jardin-morierois\/wp-content\/uploads\/2016\/03\/DSCN2592green-768x576.jpg 768w\" sizes=\"auto, (max-width: 800px) 100vw, 800px\" \/><\/p>\n<p>plan greff\u00e9<img loading=\"lazy\" decoding=\"async\" class=\"alignnone size-full wp-image-734\" src=\"https:\/\/84310.fr\/jardin-morierois\/wp-content\/uploads\/2016\/03\/DSCN2593green2.jpg\" alt=\"DSCN2593green2\" width=\"800\" height=\"600\" srcset=\"https:\/\/84310.fr\/jardin-morierois\/wp-content\/uploads\/2016\/03\/DSCN2593green2.jpg 800w, https:\/\/84310.fr\/jardin-morierois\/wp-content\/uploads\/2016\/03\/DSCN2593green2-300x225.jpg 300w, https:\/\/84310.fr\/jardin-morierois\/wp-content\/uploads\/2016\/03\/DSCN2593green2-768x576.jpg 768w\" sizes=\"auto, (max-width: 800px) 100vw, 800px\" \/><\/p>\n<p>le m\u00eame sans les feuilles devant<img loading=\"lazy\" decoding=\"async\" class=\"alignnone size-full wp-image-735\" src=\"https:\/\/84310.fr\/jardin-morierois\/wp-content\/uploads\/2016\/03\/DSCN2652green.jpg\" alt=\"DSCN2652green\" width=\"800\" height=\"600\" srcset=\"https:\/\/84310.fr\/jardin-morierois\/wp-content\/uploads\/2016\/03\/DSCN2652green.jpg 800w, https:\/\/84310.fr\/jardin-morierois\/wp-content\/uploads\/2016\/03\/DSCN2652green-300x225.jpg 300w, https:\/\/84310.fr\/jardin-morierois\/wp-content\/uploads\/2016\/03\/DSCN2652green-768x576.jpg 768w\" sizes=\"auto, (max-width: 800px) 100vw, 800px\" \/><\/p>\n<p>plan normal, on appr\u00e9cie les jolies variations de couleurs.<\/p>\n<h2 style=\"text-align: center;\"><span style=\"color: #ff0000;\"><strong>STATISTIQUES de la saison 2016<\/strong><\/span><\/h2>\n<p><img loading=\"lazy\" decoding=\"async\" class=\"alignnone size-full wp-image-952\" src=\"https:\/\/84310.fr\/jardin-morierois\/wp-content\/uploads\/2016\/03\/green-zebra.jpg\" alt=\"green-zebra\" width=\"712\" height=\"159\" srcset=\"https:\/\/84310.fr\/jardin-morierois\/wp-content\/uploads\/2016\/03\/green-zebra.jpg 712w, https:\/\/84310.fr\/jardin-morierois\/wp-content\/uploads\/2016\/03\/green-zebra-300x67.jpg 300w\" sizes=\"auto, (max-width: 712px) 100vw, 712px\" \/><\/p>\n<p>tr\u00e8s jolies couleurs, un bon go\u00fbt particulier, mais un r\u00e9sultat moyen, les greff\u00e9s ont produit un peu plus que les plants non greff\u00e9s, avec un l\u00e9ger plus pour ceux auquel les gourmands ont \u00e9t\u00e9 enlev\u00e9s, les perdus, par contre &#8230;. ont fait piti\u00e9 ..<\/p>\n<p><strong><span style=\"color: #ff0000;\">ce n&rsquo;est pas une vari\u00e9t\u00e9 que je referai en 2017 &#8230; sauf pour le fun, consommation perso ..<\/span><\/strong><\/p>\n","protected":false},"excerpt":{"rendered":"<p>Tomate GREEN ZEBRA 6 graines sem\u00e9es le 9 F\u00e9vrier 2016 le 19 F\u00e9vrier, 6 petits plans sont sortis\u00a0 FIABILITE 100% \u00e0 J + 10 Le 24 F\u00e9vrier, comme il me restait quelques graines, j\u2019ai sem\u00e9 deux graines de plus par&hellip; <\/p>\n","protected":false},"author":1,"featured_media":0,"parent":0,"menu_order":0,"comment_status":"closed","ping_status":"closed","template":"","meta":{"_exactmetrics_skip_tracking":false,"_exactmetrics_sitenote_active":false,"_exactmetrics_sitenote_note":"","_exactmetrics_sitenote_category":0,"footnotes":""},"class_list":["post-42","page","type-page","status-publish","hentry"],"_links":{"self":[{"href":"https:\/\/84310.fr\/jardin-morierois\/wp-json\/wp\/v2\/pages\/42","targetHints":{"allow":["GET"]}}],"collection":[{"href":"https:\/\/84310.fr\/jardin-morierois\/wp-json\/wp\/v2\/pages"}],"about":[{"href":"https:\/\/84310.fr\/jardin-morierois\/wp-json\/wp\/v2\/types\/page"}],"author":[{"embeddable":true,"href":"https:\/\/84310.fr\/jardin-morierois\/wp-json\/wp\/v2\/users\/1"}],"replies":[{"embeddable":true,"href":"https:\/\/84310.fr\/jardin-morierois\/wp-json\/wp\/v2\/comments?post=42"}],"version-history":[{"count":7,"href":"https:\/\/84310.fr\/jardin-morierois\/wp-json\/wp\/v2\/pages\/42\/revisions"}],"predecessor-version":[{"id":987,"href":"https:\/\/84310.fr\/jardin-morierois\/wp-json\/wp\/v2\/pages\/42\/revisions\/987"}],"wp:attachment":[{"href":"https:\/\/84310.fr\/jardin-morierois\/wp-json\/wp\/v2\/media?parent=42"}],"curies":[{"name":"wp","href":"https:\/\/api.w.org\/{rel}","templated":true}]}}