{"id":413,"date":"2016-04-12T21:57:42","date_gmt":"2016-04-12T20:57:42","guid":{"rendered":"http:\/\/84310.fr\/jardin-morierois\/?page_id=413"},"modified":"2018-03-20T22:47:15","modified_gmt":"2018-03-20T21:47:15","slug":"la-tour-a-patates","status":"publish","type":"page","link":"https:\/\/84310.fr\/jardin-morierois\/la-tour-a-patates\/","title":{"rendered":"la tour \u00e0 patates"},"content":{"rendered":"<p style=\"text-align: center;\">une nouvelle id\u00e9e farfelue m&rsquo;est venue en parcourant divers blogs de jardinage.<\/p>\n<p style=\"text-align: center;\">la curiosit\u00e9 l&#8217;emporte et l&rsquo;envie de tester pour voir si ce qui est montr\u00e9 \u00e0 droite et a gauche peut tenir la route en vrai et non pas seulement sur le virtuel<\/p>\n<p style=\"text-align: center;\">pas besoin d&rsquo;acheter quoi que ce soit, un vieux grillage de r\u00e9cup fera l&rsquo;affaire.<br \/>\n<img loading=\"lazy\" decoding=\"async\" class=\"alignnone size-full wp-image-414\" src=\"https:\/\/84310.fr\/jardin-morierois\/wp-content\/uploads\/2016\/04\/DSCN1886.jpg\" alt=\"DSCN1886\" width=\"800\" height=\"600\" srcset=\"https:\/\/84310.fr\/jardin-morierois\/wp-content\/uploads\/2016\/04\/DSCN1886.jpg 800w, https:\/\/84310.fr\/jardin-morierois\/wp-content\/uploads\/2016\/04\/DSCN1886-300x225.jpg 300w, https:\/\/84310.fr\/jardin-morierois\/wp-content\/uploads\/2016\/04\/DSCN1886-768x576.jpg 768w\" sizes=\"auto, (max-width: 800px) 100vw, 800px\" \/><br \/>\nle grillage, enroul\u00e9 sur lui m\u00eame de sorte a faire un esp\u00e8ce de cylindre. Il a \u00e9t\u00e9 fix\u00e9 \u00e0 une cl\u00f4ture d\u00e9j\u00e0 existante, histoire d&rsquo;avoir une stabilit\u00e9 suffisante.<\/p>\n<p><img loading=\"lazy\" decoding=\"async\" class=\"alignnone size-full wp-image-415\" src=\"https:\/\/84310.fr\/jardin-morierois\/wp-content\/uploads\/2016\/04\/DSCN1891.jpg\" alt=\"DSCN1891\" width=\"800\" height=\"600\" srcset=\"https:\/\/84310.fr\/jardin-morierois\/wp-content\/uploads\/2016\/04\/DSCN1891.jpg 800w, https:\/\/84310.fr\/jardin-morierois\/wp-content\/uploads\/2016\/04\/DSCN1891-300x225.jpg 300w, https:\/\/84310.fr\/jardin-morierois\/wp-content\/uploads\/2016\/04\/DSCN1891-768x576.jpg 768w\" sizes=\"auto, (max-width: 800px) 100vw, 800px\" \/><br \/>\npour base, un peu de mulch, divers v\u00e9g\u00e9taux secs, un peu de cendre, un peu de terre et de compost maison.<br \/>\n<img loading=\"lazy\" decoding=\"async\" class=\"alignnone size-full wp-image-416\" src=\"https:\/\/84310.fr\/jardin-morierois\/wp-content\/uploads\/2016\/04\/DSCN1898.jpg\" alt=\"DSCN1898\" width=\"800\" height=\"600\" srcset=\"https:\/\/84310.fr\/jardin-morierois\/wp-content\/uploads\/2016\/04\/DSCN1898.jpg 800w, https:\/\/84310.fr\/jardin-morierois\/wp-content\/uploads\/2016\/04\/DSCN1898-300x225.jpg 300w, https:\/\/84310.fr\/jardin-morierois\/wp-content\/uploads\/2016\/04\/DSCN1898-768x576.jpg 768w\" sizes=\"auto, (max-width: 800px) 100vw, 800px\" \/><\/p>\n<p><span style=\"color: #cc99ff;\"><strong>Le 12 Avril<\/strong><\/span>, 7 patates ont ainsi pris possession de leur nouvel habitat. de l&rsquo;herbe de tonte fraiche a \u00e9t\u00e9 rajout\u00e9e par dessus.<\/p>\n<p><span style=\"color: #cc99ff;\"><strong>Le 1er Juin<\/strong><\/span>, les patates ont bien pouss\u00e9<br \/>\n<img loading=\"lazy\" decoding=\"async\" class=\"alignnone size-full wp-image-669\" src=\"https:\/\/84310.fr\/jardin-morierois\/wp-content\/uploads\/2016\/04\/DSCN2390.jpg\" alt=\"DSCN2390\" width=\"800\" height=\"600\" srcset=\"https:\/\/84310.fr\/jardin-morierois\/wp-content\/uploads\/2016\/04\/DSCN2390.jpg 800w, https:\/\/84310.fr\/jardin-morierois\/wp-content\/uploads\/2016\/04\/DSCN2390-300x225.jpg 300w, https:\/\/84310.fr\/jardin-morierois\/wp-content\/uploads\/2016\/04\/DSCN2390-768x576.jpg 768w\" sizes=\"auto, (max-width: 800px) 100vw, 800px\" \/><\/p>\n<p>nous avons du mettre deux protections en bois car d&rsquo;affam\u00e9es cocottes on trouv\u00e9 que les pousses de patates avaient bon gout .<\/p>\n<p><img loading=\"lazy\" decoding=\"async\" class=\"alignnone size-full wp-image-670\" src=\"https:\/\/84310.fr\/jardin-morierois\/wp-content\/uploads\/2016\/04\/DSCN2394.jpg\" alt=\"DSCN2394\" width=\"800\" height=\"600\" srcset=\"https:\/\/84310.fr\/jardin-morierois\/wp-content\/uploads\/2016\/04\/DSCN2394.jpg 800w, https:\/\/84310.fr\/jardin-morierois\/wp-content\/uploads\/2016\/04\/DSCN2394-300x225.jpg 300w, https:\/\/84310.fr\/jardin-morierois\/wp-content\/uploads\/2016\/04\/DSCN2394-768x576.jpg 768w\" sizes=\"auto, (max-width: 800px) 100vw, 800px\" \/><\/p>\n<p>un peu de paillage sur les bords, pour maintenir le compost qui est rajout\u00e9 au fur et \u00e0 mesure que les plants poussent.<\/p>\n<p>&nbsp;<\/p>\n<p>Quelques semaines plus tard \u2026..<\/p>\n<p>Quelques semaines encore plus tard \u2026.<\/p>\n<p><span style=\"color: #ff0000;\"><strong>Le 2 Octobre<\/strong><\/span> , beaucoup plus tard \u2026.<\/p>\n<p>&nbsp;<\/p>\n<p><img loading=\"lazy\" decoding=\"async\" class=\"alignnone size-full wp-image-900\" src=\"https:\/\/84310.fr\/jardin-morierois\/wp-content\/uploads\/2016\/04\/DSCN2793.jpg\" alt=\"dscn2793\" width=\"800\" height=\"600\" srcset=\"https:\/\/84310.fr\/jardin-morierois\/wp-content\/uploads\/2016\/04\/DSCN2793.jpg 800w, https:\/\/84310.fr\/jardin-morierois\/wp-content\/uploads\/2016\/04\/DSCN2793-300x225.jpg 300w, https:\/\/84310.fr\/jardin-morierois\/wp-content\/uploads\/2016\/04\/DSCN2793-768x576.jpg 768w\" sizes=\"auto, (max-width: 800px) 100vw, 800px\" \/><\/p>\n<p>le r\u00e9sultat est &#8230;&#8230; NUL &#8230;.<\/p>\n<p>rien n&rsquo;a pouss\u00e9, ou presque rien &#8230;. trop sec\u00a0 !!!!!<\/p>\n<p>les bords \u00e9tant a\u00e9r\u00e9s, tout a s\u00e9ch\u00e9 &#8230;.<\/p>\n<p style=\"text-align: center;\"><strong>l\u2019ann\u00e9e prochaine, \u2026 je planterai mes patates normalement \u2026.<\/strong><\/p>\n<p><img loading=\"lazy\" decoding=\"async\" class=\"alignnone size-full wp-image-1838\" src=\"https:\/\/84310.fr\/jardin-morierois\/wp-content\/uploads\/2018\/03\/ECHECpetit.png\" alt=\"\" width=\"300\" height=\"200\" \/><\/p>\n<p><span style=\"color: #ff0000;\"><strong>\u00a0\u00a0 Il faut savoir avouer et savourer ses \u00e9checs \u2026<\/strong><\/span><\/p>\n","protected":false},"excerpt":{"rendered":"<p>une nouvelle id\u00e9e farfelue m&rsquo;est venue en parcourant divers blogs de jardinage. la curiosit\u00e9 l&#8217;emporte et l&rsquo;envie de tester pour voir si ce qui est montr\u00e9 \u00e0 droite et a gauche peut tenir la route en vrai et non pas&hellip; <\/p>\n","protected":false},"author":1,"featured_media":0,"parent":0,"menu_order":0,"comment_status":"closed","ping_status":"closed","template":"","meta":{"_exactmetrics_skip_tracking":false,"_exactmetrics_sitenote_active":false,"_exactmetrics_sitenote_note":"","_exactmetrics_sitenote_category":0,"footnotes":""},"class_list":["post-413","page","type-page","status-publish","hentry"],"_links":{"self":[{"href":"https:\/\/84310.fr\/jardin-morierois\/wp-json\/wp\/v2\/pages\/413","targetHints":{"allow":["GET"]}}],"collection":[{"href":"https:\/\/84310.fr\/jardin-morierois\/wp-json\/wp\/v2\/pages"}],"about":[{"href":"https:\/\/84310.fr\/jardin-morierois\/wp-json\/wp\/v2\/types\/page"}],"author":[{"embeddable":true,"href":"https:\/\/84310.fr\/jardin-morierois\/wp-json\/wp\/v2\/users\/1"}],"replies":[{"embeddable":true,"href":"https:\/\/84310.fr\/jardin-morierois\/wp-json\/wp\/v2\/comments?post=413"}],"version-history":[{"count":5,"href":"https:\/\/84310.fr\/jardin-morierois\/wp-json\/wp\/v2\/pages\/413\/revisions"}],"predecessor-version":[{"id":1845,"href":"https:\/\/84310.fr\/jardin-morierois\/wp-json\/wp\/v2\/pages\/413\/revisions\/1845"}],"wp:attachment":[{"href":"https:\/\/84310.fr\/jardin-morierois\/wp-json\/wp\/v2\/media?parent=413"}],"curies":[{"name":"wp","href":"https:\/\/api.w.org\/{rel}","templated":true}]}}