{"id":406,"date":"2016-04-11T21:56:31","date_gmt":"2016-04-11T20:56:31","guid":{"rendered":"http:\/\/84310.fr\/jardin-morierois\/?page_id=406"},"modified":"2016-05-25T21:52:04","modified_gmt":"2016-05-25T20:52:04","slug":"patates-2016","status":"publish","type":"page","link":"https:\/\/84310.fr\/jardin-morierois\/patates-2016\/","title":{"rendered":"Patates 2016"},"content":{"rendered":"<p>ayant vu sur youtube, la vid\u00e9o :<a href=\"https:\/\/www.youtube.com\/watch?v=3o7tAL71IVw\">https:\/\/www.youtube.com\/watch?v=3o7tAL71IVw<\/a> je me suis demand\u00e9 si je pouvais faire de m\u00eame &#8230;<br \/>\ncette vid\u00e9o, parle de faire une culture de patates sans avoir \u00e0 travailler le sol, juste en plantant dans un tas constitu\u00e9 de r\u00e9sidus, de composts, et de mulchs.<br \/>\nil se trouve, que sur le bord de notre propri\u00e9t\u00e9, nous avons il y a quelques mois, mis en tas, un important monticule de broyats de pins, suite \u00e0 la coupe de plusieurs pins parasols g\u00e9ants.<br \/>\n<img loading=\"lazy\" decoding=\"async\" class=\"alignnone size-full wp-image-410\" src=\"https:\/\/84310.fr\/jardin-morierois\/wp-content\/uploads\/2016\/04\/DSCN1881.jpg\" alt=\"DSCN1881\" width=\"800\" height=\"600\" srcset=\"https:\/\/84310.fr\/jardin-morierois\/wp-content\/uploads\/2016\/04\/DSCN1881.jpg 800w, https:\/\/84310.fr\/jardin-morierois\/wp-content\/uploads\/2016\/04\/DSCN1881-300x225.jpg 300w, https:\/\/84310.fr\/jardin-morierois\/wp-content\/uploads\/2016\/04\/DSCN1881-768x576.jpg 768w\" sizes=\"auto, (max-width: 800px) 100vw, 800px\" \/><\/p>\n<p>&nbsp;<\/p>\n<p>&nbsp;<\/p>\n<p>&nbsp;<\/p>\n<p><img loading=\"lazy\" decoding=\"async\" class=\"alignnone size-full wp-image-411\" src=\"https:\/\/84310.fr\/jardin-morierois\/wp-content\/uploads\/2016\/04\/DSCN1882.jpg\" alt=\"DSCN1882\" width=\"800\" height=\"600\" srcset=\"https:\/\/84310.fr\/jardin-morierois\/wp-content\/uploads\/2016\/04\/DSCN1882.jpg 800w, https:\/\/84310.fr\/jardin-morierois\/wp-content\/uploads\/2016\/04\/DSCN1882-300x225.jpg 300w, https:\/\/84310.fr\/jardin-morierois\/wp-content\/uploads\/2016\/04\/DSCN1882-768x576.jpg 768w\" sizes=\"auto, (max-width: 800px) 100vw, 800px\" \/><br \/>\nsur presque une centaine de m\u00e8tres de lin\u00e9aire, nous allons exp\u00e9rimenter la plantation de patates. le magasin Auchan proche de notre domicile Solde ses cagettes de patates de plusieurs cat\u00e9gories \u00e0 50%. soit 2.50 Euros la caissette de 60 plants. perdu pour perdu, cette exp\u00e9rience ne me coutera pas grand chose.<\/p>\n<p><strong><span style=\"color: #3366ff;\">Le 11 Avril<\/span><\/strong>, 60 patates ont \u00e9t\u00e9 plant\u00e9es.<br \/>\n<span style=\"color: #3366ff;\"><strong>Le 12 Avril<\/strong><\/span>, 120 autres patates ont \u00e9t\u00e9 plant\u00e9es \u00e0 la suite des autres, le long du mur.<br \/>\n<span style=\"color: #3366ff;\"><strong>Le 14 Avril<\/strong><\/span>, 30 patates de plus ont \u00e9t\u00e9 plant\u00e9es.<\/p>\n<p>un total de 210 patates pour&#8230;. presque 5 kilos.<\/p>\n<p><span style=\"color: #3366ff;\"><strong>Le 9 Mai<\/strong><\/span>, quelques patates commencent \u00e0 pointer le bout de leur nez.<span style=\"color: #3366ff;\"><strong><br \/>\n<\/strong><\/span><\/p>\n<p style=\"text-align: center;\"><img loading=\"lazy\" decoding=\"async\" class=\"size-full wp-image-493 aligncenter\" src=\"https:\/\/84310.fr\/jardin-morierois\/wp-content\/uploads\/2016\/04\/DSCN2159.jpg\" alt=\"DSCN2159\" width=\"800\" height=\"600\" srcset=\"https:\/\/84310.fr\/jardin-morierois\/wp-content\/uploads\/2016\/04\/DSCN2159.jpg 800w, https:\/\/84310.fr\/jardin-morierois\/wp-content\/uploads\/2016\/04\/DSCN2159-300x225.jpg 300w, https:\/\/84310.fr\/jardin-morierois\/wp-content\/uploads\/2016\/04\/DSCN2159-768x576.jpg 768w\" sizes=\"auto, (max-width: 800px) 100vw, 800px\" \/>quelques feuilles \u00e9mergent du r\u00e9sidu de broyat \/ mulch<\/p>\n<p><img loading=\"lazy\" decoding=\"async\" class=\"size-full wp-image-494 aligncenter\" src=\"https:\/\/84310.fr\/jardin-morierois\/wp-content\/uploads\/2016\/04\/DSCN2160.jpg\" alt=\"DSCN2160\" width=\"800\" height=\"600\" srcset=\"https:\/\/84310.fr\/jardin-morierois\/wp-content\/uploads\/2016\/04\/DSCN2160.jpg 800w, https:\/\/84310.fr\/jardin-morierois\/wp-content\/uploads\/2016\/04\/DSCN2160-300x225.jpg 300w, https:\/\/84310.fr\/jardin-morierois\/wp-content\/uploads\/2016\/04\/DSCN2160-768x576.jpg 768w\" sizes=\"auto, (max-width: 800px) 100vw, 800px\" \/><\/p>\n<p><img loading=\"lazy\" decoding=\"async\" class=\"alignnone size-full wp-image-497\" src=\"https:\/\/84310.fr\/jardin-morierois\/wp-content\/uploads\/2016\/04\/DSCN2163.jpg\" alt=\"DSCN2163\" width=\"600\" height=\"800\" srcset=\"https:\/\/84310.fr\/jardin-morierois\/wp-content\/uploads\/2016\/04\/DSCN2163.jpg 600w, https:\/\/84310.fr\/jardin-morierois\/wp-content\/uploads\/2016\/04\/DSCN2163-225x300.jpg 225w\" sizes=\"auto, (max-width: 600px) 100vw, 600px\" \/><\/p>\n<p>en 3 &#8211; 4 semaines, 16 plants sur 210 ont donn\u00e9 signe d&rsquo;activit\u00e9.\u00a0 ( presque 8% )<\/p>\n<p><span style=\"color: #3366ff;\"><strong>Le 25 Mai<\/strong><\/span>, 99 tiges de patates sont visibles , environ 80 patates\u00a0 ( plus de 38 % )<img loading=\"lazy\" decoding=\"async\" class=\"alignnone size-full wp-image-597\" src=\"https:\/\/84310.fr\/jardin-morierois\/wp-content\/uploads\/2016\/04\/DSCN2331.jpg\" alt=\"DSCN2331\" width=\"800\" height=\"600\" srcset=\"https:\/\/84310.fr\/jardin-morierois\/wp-content\/uploads\/2016\/04\/DSCN2331.jpg 800w, https:\/\/84310.fr\/jardin-morierois\/wp-content\/uploads\/2016\/04\/DSCN2331-300x225.jpg 300w, https:\/\/84310.fr\/jardin-morierois\/wp-content\/uploads\/2016\/04\/DSCN2331-768x576.jpg 768w\" sizes=\"auto, (max-width: 800px) 100vw, 800px\" \/><\/p>\n<p>&nbsp;<\/p>\n<p><img loading=\"lazy\" decoding=\"async\" class=\"alignnone size-full wp-image-598\" src=\"https:\/\/84310.fr\/jardin-morierois\/wp-content\/uploads\/2016\/04\/DSCN2333.jpg\" alt=\"DSCN2333\" width=\"600\" height=\"800\" srcset=\"https:\/\/84310.fr\/jardin-morierois\/wp-content\/uploads\/2016\/04\/DSCN2333.jpg 600w, https:\/\/84310.fr\/jardin-morierois\/wp-content\/uploads\/2016\/04\/DSCN2333-225x300.jpg 225w\" sizes=\"auto, (max-width: 600px) 100vw, 600px\" \/><\/p>\n<p>&nbsp;<\/p>\n<p><img loading=\"lazy\" decoding=\"async\" class=\"alignnone size-full wp-image-599\" src=\"https:\/\/84310.fr\/jardin-morierois\/wp-content\/uploads\/2016\/04\/DSCN2334.jpg\" alt=\"DSCN2334\" width=\"800\" height=\"600\" srcset=\"https:\/\/84310.fr\/jardin-morierois\/wp-content\/uploads\/2016\/04\/DSCN2334.jpg 800w, https:\/\/84310.fr\/jardin-morierois\/wp-content\/uploads\/2016\/04\/DSCN2334-300x225.jpg 300w, https:\/\/84310.fr\/jardin-morierois\/wp-content\/uploads\/2016\/04\/DSCN2334-768x576.jpg 768w\" sizes=\"auto, (max-width: 800px) 100vw, 800px\" \/><\/p>\n<p>curieusement, les plants les plus jolis sont ceux qui sont dans un coin sombre, peu expos\u00e9 au soleil ( je suppose plus humide )<\/p>\n<p>&nbsp;<\/p>\n<p>&nbsp;<\/p>\n","protected":false},"excerpt":{"rendered":"<p>ayant vu sur youtube, la vid\u00e9o :https:\/\/www.youtube.com\/watch?v=3o7tAL71IVw je me suis demand\u00e9 si je pouvais faire de m\u00eame &#8230; cette vid\u00e9o, parle de faire une culture de patates sans avoir \u00e0 travailler le sol, juste en plantant dans un tas constitu\u00e9&hellip; <\/p>\n","protected":false},"author":1,"featured_media":0,"parent":0,"menu_order":0,"comment_status":"closed","ping_status":"closed","template":"","meta":{"_exactmetrics_skip_tracking":false,"_exactmetrics_sitenote_active":false,"_exactmetrics_sitenote_note":"","_exactmetrics_sitenote_category":0,"footnotes":""},"class_list":["post-406","page","type-page","status-publish","hentry"],"_links":{"self":[{"href":"https:\/\/84310.fr\/jardin-morierois\/wp-json\/wp\/v2\/pages\/406","targetHints":{"allow":["GET"]}}],"collection":[{"href":"https:\/\/84310.fr\/jardin-morierois\/wp-json\/wp\/v2\/pages"}],"about":[{"href":"https:\/\/84310.fr\/jardin-morierois\/wp-json\/wp\/v2\/types\/page"}],"author":[{"embeddable":true,"href":"https:\/\/84310.fr\/jardin-morierois\/wp-json\/wp\/v2\/users\/1"}],"replies":[{"embeddable":true,"href":"https:\/\/84310.fr\/jardin-morierois\/wp-json\/wp\/v2\/comments?post=406"}],"version-history":[{"count":8,"href":"https:\/\/84310.fr\/jardin-morierois\/wp-json\/wp\/v2\/pages\/406\/revisions"}],"predecessor-version":[{"id":600,"href":"https:\/\/84310.fr\/jardin-morierois\/wp-json\/wp\/v2\/pages\/406\/revisions\/600"}],"wp:attachment":[{"href":"https:\/\/84310.fr\/jardin-morierois\/wp-json\/wp\/v2\/media?parent=406"}],"curies":[{"name":"wp","href":"https:\/\/api.w.org\/{rel}","templated":true}]}}