{"id":393,"date":"2016-04-07T22:01:13","date_gmt":"2016-04-07T21:01:13","guid":{"rendered":"http:\/\/84310.fr\/jardin-morierois\/?page_id=393"},"modified":"2016-04-07T22:01:13","modified_gmt":"2016-04-07T21:01:13","slug":"notes-pour-2017","status":"publish","type":"page","link":"https:\/\/84310.fr\/jardin-morierois\/notes-pour-2017\/","title":{"rendered":"Notes pour 2017 !!!"},"content":{"rendered":"<p>Am\u00e9liorations \u00e0 pr\u00e9voir pour 2017<\/p>\n<ul>\n<li>Semer tous les portes greffe en m\u00eame temps ( trop d&rsquo;\u00e9cart dans les tailles )<\/li>\n<li>lors de la greffe, toujours mettre un tuteur<\/li>\n<li><\/li>\n<\/ul>\n","protected":false},"excerpt":{"rendered":"<p>Am\u00e9liorations \u00e0 pr\u00e9voir pour 2017 Semer tous les portes greffe en m\u00eame temps ( trop d&rsquo;\u00e9cart dans les tailles ) lors de la greffe, toujours mettre un tuteur<\/p>\n","protected":false},"author":1,"featured_media":0,"parent":0,"menu_order":0,"comment_status":"closed","ping_status":"closed","template":"","meta":{"_exactmetrics_skip_tracking":false,"_exactmetrics_sitenote_active":false,"_exactmetrics_sitenote_note":"","_exactmetrics_sitenote_category":0,"footnotes":""},"class_list":["post-393","page","type-page","status-publish","hentry"],"_links":{"self":[{"href":"https:\/\/84310.fr\/jardin-morierois\/wp-json\/wp\/v2\/pages\/393","targetHints":{"allow":["GET"]}}],"collection":[{"href":"https:\/\/84310.fr\/jardin-morierois\/wp-json\/wp\/v2\/pages"}],"about":[{"href":"https:\/\/84310.fr\/jardin-morierois\/wp-json\/wp\/v2\/types\/page"}],"author":[{"embeddable":true,"href":"https:\/\/84310.fr\/jardin-morierois\/wp-json\/wp\/v2\/users\/1"}],"replies":[{"embeddable":true,"href":"https:\/\/84310.fr\/jardin-morierois\/wp-json\/wp\/v2\/comments?post=393"}],"version-history":[{"count":1,"href":"https:\/\/84310.fr\/jardin-morierois\/wp-json\/wp\/v2\/pages\/393\/revisions"}],"predecessor-version":[{"id":394,"href":"https:\/\/84310.fr\/jardin-morierois\/wp-json\/wp\/v2\/pages\/393\/revisions\/394"}],"wp:attachment":[{"href":"https:\/\/84310.fr\/jardin-morierois\/wp-json\/wp\/v2\/media?parent=393"}],"curies":[{"name":"wp","href":"https:\/\/api.w.org\/{rel}","templated":true}]}}