{"id":3917,"date":"2025-02-26T17:32:40","date_gmt":"2025-02-26T16:32:40","guid":{"rendered":"https:\/\/84310.fr\/jardin-morierois\/?page_id=3917"},"modified":"2025-04-27T10:07:39","modified_gmt":"2025-04-27T09:07:39","slug":"2025-pieges-a-frelons-asiatiques","status":"publish","type":"page","link":"https:\/\/84310.fr\/jardin-morierois\/2025-pieges-a-frelons-asiatiques\/","title":{"rendered":"2025 Pi\u00e8ges \u00e0 Frelons \u2026 ( Asiatiques )"},"content":{"rendered":"<p><a href=\"https:\/\/84310.fr\/jardin-morierois\/2024-pieges-a-frelons-asiatiques\/\">R\u00e9cap 2024 entre 730 et 750 Frelons captur\u00e9s.<\/a><\/p>\n<hr \/>\n<p><span style=\"color: #ff00ff;\"><strong>26 F\u00e9vrier 2025<\/strong><\/span><\/p>\n<p>Fort du succ\u00e8s de l&rsquo;\u00e9dition 2024 des pi\u00e8ges \u00e0 frelons asiatiques, j&rsquo;ai pass\u00e9 une nouvelle commande de pi\u00e8ges.<br \/>\nj&rsquo;ai repris les m\u00eames que l&rsquo;ann\u00e9e derni\u00e8re, 10 de plus. Il seront dispatch\u00e9s sur une aire un peu plus importante.<\/p>\n<p>Mon m\u00e9lange secret ? rien de secret en fait . 1\/3 de bi\u00e8re, 1\/3 de sirop ( fraise ou fruit rouge)\u00a0 et un dernier 1\/3 de vin blanc ( les abeilles n&rsquo;aiment pas l&rsquo;alcool, et ne sont pas attir\u00e9es par ce m\u00e9lange ( l&rsquo;ann\u00e9e derni\u00e8re, Z\u00c9RO abeille de pi\u00e9g\u00e9e.))<\/p>\n<p><img loading=\"lazy\" decoding=\"async\" class=\"alignnone size-full wp-image-3918\" src=\"https:\/\/84310.fr\/jardin-morierois\/wp-content\/uploads\/2025\/02\/DSCN8896.jpg\" alt=\"\" width=\"600\" height=\"444\" srcset=\"https:\/\/84310.fr\/jardin-morierois\/wp-content\/uploads\/2025\/02\/DSCN8896.jpg 600w, https:\/\/84310.fr\/jardin-morierois\/wp-content\/uploads\/2025\/02\/DSCN8896-300x222.jpg 300w\" sizes=\"auto, (max-width: 600px) 100vw, 600px\" \/><br \/>\nj&rsquo;ai m\u00eame eu un pi\u00e8ge en plus en cadeau, non suspendable mais \u00e0 poser directement sur une bouteille, on verra bien ce que \u00e7a donne&#8230;<br \/>\n<img loading=\"lazy\" decoding=\"async\" class=\"alignnone size-full wp-image-3919 aligncenter\" src=\"https:\/\/84310.fr\/jardin-morierois\/wp-content\/uploads\/2025\/02\/DSCN8898.jpg\" alt=\"\" width=\"400\" height=\"324\" srcset=\"https:\/\/84310.fr\/jardin-morierois\/wp-content\/uploads\/2025\/02\/DSCN8898.jpg 400w, https:\/\/84310.fr\/jardin-morierois\/wp-content\/uploads\/2025\/02\/DSCN8898-300x243.jpg 300w\" sizes=\"auto, (max-width: 400px) 100vw, 400px\" \/><\/p>\n<hr \/>\n<p><strong><span style=\"color: #ff00ff;\">21 Avril 2025<\/span><\/strong><\/p>\n<p>Sur les 10 premiers pi\u00e8ges d\u00e9j\u00e0 en place ( ceux de l&rsquo;ann\u00e9e derni\u00e8re ) qui ont \u00e9t\u00e9 remplis le mois dernier, 9 ont \u00e9t\u00e9 vid\u00e9s ce jour ( le dixi\u00e8me avait pi\u00e9g\u00e9 bon nombre de frelons dont 3 encore vivants et assez \u00e9nerv\u00e9s, je le viderai quand il se seront calm\u00e9s, LOL).<br \/>\nj&rsquo;en ai rajout\u00e9 5 neufs, soit en tout 15&#8230; les 5 restants iront dans un autre endroit de Mori\u00e8res.<br \/>\nSuite au mauvais temps tr\u00e8s humide de ces derni\u00e8res semaines, nous avons quand m\u00eame pi\u00e9g\u00e9 35 Frelons asiatiques et 7 frelons Europ\u00e9ens. soit 42 nuisibles qui n&rsquo;iront pas nicher pr\u00e9s de chez vous.<br \/>\n( le pi\u00e8ge que je n&rsquo;ai pas pu vider aujourd&rsquo;hui est certainement celui le plus rempli&#8230; le \u00ab\u00a0score\u00a0\u00bb est tr\u00e8s sup\u00e9rieur ) d\u00e9compte pr\u00e9cis sous peu.<strong><br \/>\n<\/strong>Le temps que nous installons les 14 pi\u00e8ges que nous avons rempli, d\u00e9j\u00e0 trois pi\u00e8ges ont commenc\u00e9 leur fonction.<br \/>\nen quelques minutes &#8230; 3 frelons de moins sur le p\u00e9rim\u00e8tre.<\/p>\n<p><img loading=\"lazy\" decoding=\"async\" class=\"alignnone size-full wp-image-3924\" src=\"https:\/\/84310.fr\/jardin-morierois\/wp-content\/uploads\/2025\/04\/2025-piege-.jpg\" alt=\"\" width=\"674\" height=\"800\" srcset=\"https:\/\/84310.fr\/jardin-morierois\/wp-content\/uploads\/2025\/04\/2025-piege-.jpg 674w, https:\/\/84310.fr\/jardin-morierois\/wp-content\/uploads\/2025\/04\/2025-piege--253x300.jpg 253w\" sizes=\"auto, (max-width: 674px) 100vw, 674px\" \/><br \/>\nun pi\u00e8ge tout neuf, bouteille neuve et app\u00e2t neuf .. \u00e7a va pi\u00e9ger !!!<\/p>\n<p><img loading=\"lazy\" decoding=\"async\" class=\"alignnone size-full wp-image-3925\" src=\"https:\/\/84310.fr\/jardin-morierois\/wp-content\/uploads\/2025\/04\/frelons.jpg\" alt=\"\" width=\"776\" height=\"800\" srcset=\"https:\/\/84310.fr\/jardin-morierois\/wp-content\/uploads\/2025\/04\/frelons.jpg 776w, https:\/\/84310.fr\/jardin-morierois\/wp-content\/uploads\/2025\/04\/frelons-291x300.jpg 291w, https:\/\/84310.fr\/jardin-morierois\/wp-content\/uploads\/2025\/04\/frelons-768x792.jpg 768w\" sizes=\"auto, (max-width: 776px) 100vw, 776px\" \/><br \/>\nDeux des trois col\u00e9riques, qui prennent appuis sur une bonne couche de leurs cong\u00e9n\u00e8res tr\u00e9pass\u00e9s.\u00a0 Je viderai lorsqu&rsquo;ils seront sages&#8230;<strong><br \/>\n<img loading=\"lazy\" decoding=\"async\" class=\"alignnone size-full wp-image-3926\" src=\"https:\/\/84310.fr\/jardin-morierois\/wp-content\/uploads\/2025\/04\/frelons2.jpg\" alt=\"\" width=\"584\" height=\"394\" srcset=\"https:\/\/84310.fr\/jardin-morierois\/wp-content\/uploads\/2025\/04\/frelons2.jpg 584w, https:\/\/84310.fr\/jardin-morierois\/wp-content\/uploads\/2025\/04\/frelons2-300x202.jpg 300w\" sizes=\"auto, (max-width: 584px) 100vw, 584px\" \/><\/strong><\/p>\n<p><strong><span style=\"color: #ff00ff;\">27 Avril 2025<\/span><br \/>\nr\u00e9colte des pi\u00e9g\u00e9s.<\/strong><\/p>\n<p>Ce matin, sous quelques gouttes de pluie, nous sommes all\u00e9 r\u00e9colter les pi\u00e8ges remplis il y a 6 jours.<br \/>\nSur le parc des 14 pi\u00e8ges, ( j&rsquo;en ai \u00e9gar\u00e9 un&#8230; vous comprendrez, trop bien rang\u00e9 un &#8230;) y compris\u00a0 celui en photo ci dessus que j&rsquo;ai enfin r\u00e9ussi \u00e0 vider car au fur et \u00e0 mesure, de nouveaux frelons s&rsquo;y installaient en allant \u00a0\u00bb secourir\u00a0\u00bb leurs cong\u00e9n\u00e8res pi\u00e9g\u00e9s.<br \/>\n31 Frelons Asiatiques<br \/>\n11 Frelons Europ\u00e9ens<br \/>\n12 gu\u00eapes<br \/>\n0 Abeille.<br \/>\nA noter, un endroit ou sont pos\u00e9s 3 nouveaux pi\u00e8ges, r\u00e9colte beaucoup moins de frelons, c&rsquo;est un endroit plus fleuri avec \u00e9norm\u00e9ment de rosiers et d\u2019arbustes en train de fleurir. beaucoup de mouches et de papillons ont \u00e9t\u00e9 pi\u00e9g\u00e9s, mais sur les 3 rajout\u00e9s, un seul frelon europ\u00e9en et deux gu\u00eapes ..<br \/>\n<img loading=\"lazy\" decoding=\"async\" class=\"alignnone size-full wp-image-3929\" src=\"https:\/\/84310.fr\/jardin-morierois\/wp-content\/uploads\/2025\/04\/1000012764bis.jpg\" alt=\"\" width=\"500\" height=\"439\" srcset=\"https:\/\/84310.fr\/jardin-morierois\/wp-content\/uploads\/2025\/04\/1000012764bis.jpg 500w, https:\/\/84310.fr\/jardin-morierois\/wp-content\/uploads\/2025\/04\/1000012764bis-300x263.jpg 300w\" sizes=\"auto, (max-width: 500px) 100vw, 500px\" \/><br \/>\nUne partie des pi\u00e9g\u00e9s.<\/p>\n<p><strong><span style=\"color: #ff0000;\">Total au 27\/4\/2025<\/span><br \/>\n<span style=\"color: #ff0000;\">66 Frelons Asiatiques <\/span><\/strong><br \/>\n<span style=\"color: #ff0000;\"><strong>18 Frelons Europ\u00e9ens <\/strong><\/span><br \/>\n<span style=\"color: #ff0000;\"><strong>12 Gu\u00eapes<\/strong><\/span><br \/>\n<span style=\"color: #ff0000;\"><strong>0 Abeille<br \/>\nun gros paquet de mouches et moucherons et quelques bestioles volantes inconnues \u2026<\/strong><\/span><\/p>\n<p>&nbsp;<\/p>\n<p>&nbsp;<\/p>\n<p>&nbsp;<\/p>\n","protected":false},"excerpt":{"rendered":"<p>R\u00e9cap 2024 entre 730 et 750 Frelons captur\u00e9s. 26 F\u00e9vrier 2025 Fort du succ\u00e8s de l&rsquo;\u00e9dition 2024 des pi\u00e8ges \u00e0 frelons asiatiques, j&rsquo;ai pass\u00e9 une nouvelle commande de pi\u00e8ges. j&rsquo;ai repris les m\u00eames que l&rsquo;ann\u00e9e derni\u00e8re, 10 de plus. Il&hellip; <\/p>\n","protected":false},"author":1,"featured_media":0,"parent":0,"menu_order":0,"comment_status":"closed","ping_status":"closed","template":"","meta":{"_exactmetrics_skip_tracking":false,"_exactmetrics_sitenote_active":false,"_exactmetrics_sitenote_note":"","_exactmetrics_sitenote_category":0,"footnotes":""},"class_list":["post-3917","page","type-page","status-publish","hentry"],"_links":{"self":[{"href":"https:\/\/84310.fr\/jardin-morierois\/wp-json\/wp\/v2\/pages\/3917","targetHints":{"allow":["GET"]}}],"collection":[{"href":"https:\/\/84310.fr\/jardin-morierois\/wp-json\/wp\/v2\/pages"}],"about":[{"href":"https:\/\/84310.fr\/jardin-morierois\/wp-json\/wp\/v2\/types\/page"}],"author":[{"embeddable":true,"href":"https:\/\/84310.fr\/jardin-morierois\/wp-json\/wp\/v2\/users\/1"}],"replies":[{"embeddable":true,"href":"https:\/\/84310.fr\/jardin-morierois\/wp-json\/wp\/v2\/comments?post=3917"}],"version-history":[{"count":5,"href":"https:\/\/84310.fr\/jardin-morierois\/wp-json\/wp\/v2\/pages\/3917\/revisions"}],"predecessor-version":[{"id":3930,"href":"https:\/\/84310.fr\/jardin-morierois\/wp-json\/wp\/v2\/pages\/3917\/revisions\/3930"}],"wp:attachment":[{"href":"https:\/\/84310.fr\/jardin-morierois\/wp-json\/wp\/v2\/media?parent=3917"}],"curies":[{"name":"wp","href":"https:\/\/api.w.org\/{rel}","templated":true}]}}