{"id":3848,"date":"2024-04-22T21:53:19","date_gmt":"2024-04-22T20:53:19","guid":{"rendered":"https:\/\/84310.fr\/jardin-morierois\/?page_id=3848"},"modified":"2024-04-22T22:03:05","modified_gmt":"2024-04-22T21:03:05","slug":"2024-four-solaire-parabole","status":"publish","type":"page","link":"https:\/\/84310.fr\/jardin-morierois\/2024-four-solaire-parabole\/","title":{"rendered":"2024 Four Solaire Parabole"},"content":{"rendered":"<p>22 Avril 2024<br \/>\nEncore une id\u00e9e farfelue &#8230;<\/p>\n<p>r\u00e9aliser un four solaire avec une parabole pour capter la TV par satellite &#8230;<br \/>\nUne petite recherche sur le bon coin&#8230; parabole 95 cm \u00e0 10 \u20acuros &#8230;. \u00e7a ira pour un test pas cher &#8230;<\/p>\n<p><img loading=\"lazy\" decoding=\"async\" class=\"alignnone size-full wp-image-3849\" src=\"https:\/\/84310.fr\/jardin-morierois\/wp-content\/uploads\/2024\/04\/leboncoin.jpg\" alt=\"\" width=\"636\" height=\"459\" srcset=\"https:\/\/84310.fr\/jardin-morierois\/wp-content\/uploads\/2024\/04\/leboncoin.jpg 636w, https:\/\/84310.fr\/jardin-morierois\/wp-content\/uploads\/2024\/04\/leboncoin-300x217.jpg 300w, https:\/\/84310.fr\/jardin-morierois\/wp-content\/uploads\/2024\/04\/leboncoin-474x342.jpg 474w\" sizes=\"auto, (max-width: 636px) 100vw, 636px\" \/><\/p>\n<p>Rendez vous rapide, elle est en \u00e9tat correct &#8230; Je prends..<br \/>\nIl faudra la nettoyer un peu<\/p>\n<p>Pour la partie r\u00e9fl\u00e9chissante, j&rsquo;ai trouv\u00e9 \u00e7a \u00e0 Casto pour 19.90 \u20ac<br \/>\n<img loading=\"lazy\" decoding=\"async\" class=\"alignnone size-full wp-image-3850\" src=\"https:\/\/84310.fr\/jardin-morierois\/wp-content\/uploads\/2024\/04\/rouleau-alu.jpg\" alt=\"\" width=\"337\" height=\"354\" srcset=\"https:\/\/84310.fr\/jardin-morierois\/wp-content\/uploads\/2024\/04\/rouleau-alu.jpg 337w, https:\/\/84310.fr\/jardin-morierois\/wp-content\/uploads\/2024\/04\/rouleau-alu-286x300.jpg 286w\" sizes=\"auto, (max-width: 337px) 100vw, 337px\" \/><\/p>\n<p>cela sera mon premier test, en esp\u00e9rant que cela r\u00e9fl\u00e9chisse suffisamment le soleil.<\/p>\n<p>&nbsp;<\/p>\n","protected":false},"excerpt":{"rendered":"<p>22 Avril 2024 Encore une id\u00e9e farfelue &#8230; r\u00e9aliser un four solaire avec une parabole pour capter la TV par satellite &#8230; Une petite recherche sur le bon coin&#8230; parabole 95 cm \u00e0 10 \u20acuros &#8230;. \u00e7a ira pour un&hellip; <\/p>\n","protected":false},"author":1,"featured_media":0,"parent":0,"menu_order":0,"comment_status":"closed","ping_status":"closed","template":"","meta":{"_exactmetrics_skip_tracking":false,"_exactmetrics_sitenote_active":false,"_exactmetrics_sitenote_note":"","_exactmetrics_sitenote_category":0,"footnotes":""},"class_list":["post-3848","page","type-page","status-publish","hentry"],"_links":{"self":[{"href":"https:\/\/84310.fr\/jardin-morierois\/wp-json\/wp\/v2\/pages\/3848","targetHints":{"allow":["GET"]}}],"collection":[{"href":"https:\/\/84310.fr\/jardin-morierois\/wp-json\/wp\/v2\/pages"}],"about":[{"href":"https:\/\/84310.fr\/jardin-morierois\/wp-json\/wp\/v2\/types\/page"}],"author":[{"embeddable":true,"href":"https:\/\/84310.fr\/jardin-morierois\/wp-json\/wp\/v2\/users\/1"}],"replies":[{"embeddable":true,"href":"https:\/\/84310.fr\/jardin-morierois\/wp-json\/wp\/v2\/comments?post=3848"}],"version-history":[{"count":2,"href":"https:\/\/84310.fr\/jardin-morierois\/wp-json\/wp\/v2\/pages\/3848\/revisions"}],"predecessor-version":[{"id":3853,"href":"https:\/\/84310.fr\/jardin-morierois\/wp-json\/wp\/v2\/pages\/3848\/revisions\/3853"}],"wp:attachment":[{"href":"https:\/\/84310.fr\/jardin-morierois\/wp-json\/wp\/v2\/media?parent=3848"}],"curies":[{"name":"wp","href":"https:\/\/api.w.org\/{rel}","templated":true}]}}