{"id":3828,"date":"2024-04-03T17:29:35","date_gmt":"2024-04-03T16:29:35","guid":{"rendered":"https:\/\/84310.fr\/jardin-morierois\/?page_id=3828"},"modified":"2025-02-26T17:16:36","modified_gmt":"2025-02-26T16:16:36","slug":"2024-pieges-a-frelons-asiatiques","status":"publish","type":"page","link":"https:\/\/84310.fr\/jardin-morierois\/2024-pieges-a-frelons-asiatiques\/","title":{"rendered":"2024 Pi\u00e8ges \u00e0 Frelons &#8230; ( Asiatiques )"},"content":{"rendered":"<p><span style=\"color: #ff0000;\"><strong>3\/04\/2024<\/strong><\/span><\/p>\n<p>Depuis quelques ann\u00e9es, le frelon asiatique cause de nombreux ravages dans le monde apicole, et est une source d&rsquo;inqui\u00e9tude pour les simples promeneurs.<br \/>\nAu jardin Mori\u00e9rois, nous allons essayer de mettre notre pi\u00e8ce \u00e0 l&rsquo;\u00e9difice en ce qui concerne la lutte contre ces insectes ind\u00e9sirables.<\/p>\n<p><img loading=\"lazy\" decoding=\"async\" class=\"alignnone size-full wp-image-3830\" src=\"https:\/\/84310.fr\/jardin-morierois\/wp-content\/uploads\/2024\/04\/IMG_20240402_153520_493.jpg\" alt=\"\" width=\"600\" height=\"574\" srcset=\"https:\/\/84310.fr\/jardin-morierois\/wp-content\/uploads\/2024\/04\/IMG_20240402_153520_493.jpg 600w, https:\/\/84310.fr\/jardin-morierois\/wp-content\/uploads\/2024\/04\/IMG_20240402_153520_493-300x287.jpg 300w\" sizes=\"auto, (max-width: 600px) 100vw, 600px\" \/><br \/>\n5 bouteilles d&rsquo;eau utilis\u00e9es, ( recyclage ) apr\u00e8s recherche, il est conseill\u00e9 de faire le m\u00e9lange suivant ( Bi\u00e8re + Sirop + Vin blanc ) 10 cl de chaque. l&rsquo;ajout de vin blanc est justifi\u00e9 comme r\u00e9pulsif aux abeilles qui n&rsquo;aiment pas l&rsquo;alcool, compar\u00e9 aux frelons. ( d&rsquo;apr\u00e8s ce qui se dit ).<\/p>\n<p><img loading=\"lazy\" decoding=\"async\" class=\"alignnone size-full wp-image-3831\" src=\"https:\/\/84310.fr\/jardin-morierois\/wp-content\/uploads\/2024\/04\/IMG_20240402_154228_671.jpg\" alt=\"\" width=\"600\" height=\"589\" srcset=\"https:\/\/84310.fr\/jardin-morierois\/wp-content\/uploads\/2024\/04\/IMG_20240402_154228_671.jpg 600w, https:\/\/84310.fr\/jardin-morierois\/wp-content\/uploads\/2024\/04\/IMG_20240402_154228_671-300x295.jpg 300w\" sizes=\"auto, (max-width: 600px) 100vw, 600px\" \/><br \/>\nLe m\u00e9lange est pr\u00eat. il est dispos\u00e9 dans chaque bouteille.<br \/>\nLes capuchons jaunes sont de la marque TAP TRAP. Not\u00e9s comme \u00ab\u00a0sp\u00e9cifiques\u00a0\u00bb frelons.<br \/>\nIls se trouvent facilement sur internet, quelques vid\u00e9os sont disponibles pour la mise en \u0153uvre.<br \/>\nJ&rsquo;ai pu trouver les 10 bouchons pour 30 euros, frais de port compris.<br \/>\n<img loading=\"lazy\" decoding=\"async\" class=\"alignnone size-full wp-image-3832\" src=\"https:\/\/84310.fr\/jardin-morierois\/wp-content\/uploads\/2024\/04\/IMG_20240402_154337_301.jpg\" alt=\"\" width=\"600\" height=\"564\" srcset=\"https:\/\/84310.fr\/jardin-morierois\/wp-content\/uploads\/2024\/04\/IMG_20240402_154337_301.jpg 600w, https:\/\/84310.fr\/jardin-morierois\/wp-content\/uploads\/2024\/04\/IMG_20240402_154337_301-300x282.jpg 300w\" sizes=\"auto, (max-width: 600px) 100vw, 600px\" \/><br \/>\nLes pi\u00e8ges sont pr\u00eats \u00e0 \u00eatre pos\u00e9s au jardin<br \/>\n<img loading=\"lazy\" decoding=\"async\" class=\"alignnone size-full wp-image-3833\" src=\"https:\/\/84310.fr\/jardin-morierois\/wp-content\/uploads\/2024\/04\/IMG_20240402_154829_766.jpg\" alt=\"\" width=\"600\" height=\"800\" srcset=\"https:\/\/84310.fr\/jardin-morierois\/wp-content\/uploads\/2024\/04\/IMG_20240402_154829_766.jpg 600w, https:\/\/84310.fr\/jardin-morierois\/wp-content\/uploads\/2024\/04\/IMG_20240402_154829_766-225x300.jpg 225w\" sizes=\"auto, (max-width: 600px) 100vw, 600px\" \/><br \/>\nDans le vieux griottier mort.<\/p>\n<p><img loading=\"lazy\" decoding=\"async\" class=\"alignnone size-full wp-image-3834\" src=\"https:\/\/84310.fr\/jardin-morierois\/wp-content\/uploads\/2024\/04\/IMG_20240402_154949_358.jpg\" alt=\"\" width=\"600\" height=\"800\" srcset=\"https:\/\/84310.fr\/jardin-morierois\/wp-content\/uploads\/2024\/04\/IMG_20240402_154949_358.jpg 600w, https:\/\/84310.fr\/jardin-morierois\/wp-content\/uploads\/2024\/04\/IMG_20240402_154949_358-225x300.jpg 225w\" sizes=\"auto, (max-width: 600px) 100vw, 600px\" \/><br \/>\nSous la treille de raisin blanc.<br \/>\n<img loading=\"lazy\" decoding=\"async\" class=\"alignnone size-full wp-image-3835\" src=\"https:\/\/84310.fr\/jardin-morierois\/wp-content\/uploads\/2024\/04\/IMG_20240402_155005_483.jpg\" alt=\"\" width=\"600\" height=\"737\" srcset=\"https:\/\/84310.fr\/jardin-morierois\/wp-content\/uploads\/2024\/04\/IMG_20240402_155005_483.jpg 600w, https:\/\/84310.fr\/jardin-morierois\/wp-content\/uploads\/2024\/04\/IMG_20240402_155005_483-244x300.jpg 244w\" sizes=\"auto, (max-width: 600px) 100vw, 600px\" \/><br \/>\nNous avons ponctionn\u00e9 un peu de \u00ab\u00a0sirop\u00a0\u00bb dans chaque bouteille pour utiliser un pi\u00e8ge \u00e0 frelons que nous avions achet\u00e9 l&rsquo;ann\u00e9e derni\u00e8re.<br \/>\n<img loading=\"lazy\" decoding=\"async\" class=\"alignnone size-full wp-image-3836\" src=\"https:\/\/84310.fr\/jardin-morierois\/wp-content\/uploads\/2024\/04\/IMG_20240402_155323_192.jpg\" alt=\"\" width=\"600\" height=\"800\" srcset=\"https:\/\/84310.fr\/jardin-morierois\/wp-content\/uploads\/2024\/04\/IMG_20240402_155323_192.jpg 600w, https:\/\/84310.fr\/jardin-morierois\/wp-content\/uploads\/2024\/04\/IMG_20240402_155323_192-225x300.jpg 225w\" sizes=\"auto, (max-width: 600px) 100vw, 600px\" \/><br \/>\nLa premi\u00e8re dans le figuier.<br \/>\n<img loading=\"lazy\" decoding=\"async\" class=\"alignnone size-full wp-image-3837\" src=\"https:\/\/84310.fr\/jardin-morierois\/wp-content\/uploads\/2024\/04\/IMG_20240402_155344_476.jpg\" alt=\"\" width=\"600\" height=\"800\" srcset=\"https:\/\/84310.fr\/jardin-morierois\/wp-content\/uploads\/2024\/04\/IMG_20240402_155344_476.jpg 600w, https:\/\/84310.fr\/jardin-morierois\/wp-content\/uploads\/2024\/04\/IMG_20240402_155344_476-225x300.jpg 225w\" sizes=\"auto, (max-width: 600px) 100vw, 600px\" \/><br \/>\nLa deuxi\u00e8me dans le figuier.<br \/>\n<img loading=\"lazy\" decoding=\"async\" class=\"alignnone size-full wp-image-3838\" src=\"https:\/\/84310.fr\/jardin-morierois\/wp-content\/uploads\/2024\/04\/IMG_20240402_155410_616.jpg\" alt=\"\" width=\"600\" height=\"800\" srcset=\"https:\/\/84310.fr\/jardin-morierois\/wp-content\/uploads\/2024\/04\/IMG_20240402_155410_616.jpg 600w, https:\/\/84310.fr\/jardin-morierois\/wp-content\/uploads\/2024\/04\/IMG_20240402_155410_616-225x300.jpg 225w\" sizes=\"auto, (max-width: 600px) 100vw, 600px\" \/><br \/>\nEt la derni\u00e8re dans le cerisier.<\/p>\n<p>Note :<br \/>\n<span style=\"color: #ff0000;\"><strong>au bout d&rsquo;un jour,\u00a0 2 gu\u00eapes et un gros frelon ( Asiatique ? ) sont d\u00e9j\u00e0 de moins dans la nature.<\/strong><\/span><\/p>\n<p><span style=\"color: #3366ff;\"><strong>M.\u00e0.J du 21\/04<\/strong><\/span><br \/>\nen 18 jours fortement venteux,<br \/>\n30 Frelons Asiatiques<br \/>\n10 Frelons Europ\u00e9ens ( visiblement non consid\u00e9r\u00e9s comme nuisibles )<br \/>\n4 Gu\u00eapes<br \/>\n0 Abeille<\/p>\n<p><span style=\"color: #3366ff;\"><strong>M.\u00e0.J du 06\/05<\/strong><\/span><br \/>\nen 16 jours venteux et pluvieux,<br \/>\n28 Frelons Asiatiques<br \/>\n11 Frelons Europ\u00e9ens ( visiblement non consid\u00e9r\u00e9s comme nuisibles )<br \/>\n1 Gu\u00eape<br \/>\n0 Abeille<\/p>\n<p><strong>R\u00e9cap :<\/strong><br \/>\n<strong>En un peu plus d&rsquo;un mois :<\/strong><\/p>\n<p><span style=\"color: #ff0000;\"><strong>58 Frelons Asiatiques<\/strong><\/span><br \/>\n<span style=\"color: #ff0000;\"><strong>21 Frelons Europ\u00e9ens ( visiblement non consid\u00e9r\u00e9s comme nuisibles )<\/strong><\/span><br \/>\n<span style=\"color: #ff0000;\"><strong>5 Gu\u00eapes<\/strong><\/span><br \/>\n<span style=\"color: #ff0000;\"><strong>0 Abeille<\/strong><\/span><\/p>\n<p><span style=\"color: #3366ff;\"><strong>M.\u00e0.J du 06\/05<\/strong><\/span><span style=\"color: #ff0000;\"><strong><br \/>\n<\/strong><span style=\"color: #000000;\">14 Frelons Asiatiques<\/span><br \/>\n<span style=\"color: #000000;\">17 Frelons Europ\u00e9ens<\/span><br \/>\n<span style=\"color: #000000;\">0 Gu\u00eape<\/span><br \/>\n<span style=\"color: #000000;\">0 Abeille<\/span><strong><br \/>\n<\/strong><\/span><\/p>\n<p><strong>R\u00e9cap :<\/strong><br \/>\n<strong>En un peu plus d&rsquo;un mois :<\/strong><\/p>\n<p><span style=\"color: #ff0000;\"><strong>72 Frelons Asiatiques<\/strong><\/span><br \/>\n<span style=\"color: #ff0000;\"><strong>38 Frelons Europ\u00e9ens<\/strong><\/span><br \/>\n<span style=\"color: #ff0000;\"><strong>5 Gu\u00eapes<\/strong><\/span><br \/>\n<strong><span style=\"color: #ff0000;\">0 Abeille<\/span><br \/>\n<\/strong><\/p>\n<p><span style=\"color: #3366ff;\"><strong>M.\u00e0.J du 23\/06<\/strong><\/span><strong><br \/>\n<\/strong>11 Frelons Asiatiques<br \/>\n8 Frelons Europ\u00e9ens<br \/>\n0 Gu\u00eape<br \/>\n0 Abeille<strong><br \/>\n<\/strong><\/p>\n<p><strong>R\u00e9cap :<\/strong><br \/>\n<strong>En un peu plus de deux mois :<\/strong><\/p>\n<p><span style=\"color: #ff0000;\"><strong>83 Frelons Asiatiques<\/strong><\/span><br \/>\n<span style=\"color: #ff0000;\"><strong>46 Frelons Europ\u00e9ens<\/strong><\/span><br \/>\n<span style=\"color: #ff0000;\"><strong>5 Gu\u00eapes<\/strong><\/span><br \/>\n<span style=\"color: #ff0000;\"><strong>0 Abeille<\/strong><\/span><\/p>\n<p>&nbsp;<\/p>\n<p><span style=\"color: #0000ff;\"><strong>M.\u00e0.J du 17\/08<\/strong><\/span><strong><br \/>\n<\/strong>93 Frelons Asiatiques<br \/>\n132 Frelons Europ\u00e9ens<br \/>\n25 Gu\u00eapes<br \/>\n0 Abeille<strong><br \/>\n<\/strong><\/p>\n<p><span style=\"color: #ff0000;\"><strong>R\u00e9cap :<\/strong><\/span><br \/>\n<span style=\"color: #ff0000;\"><strong>En presque quatre mois :<\/strong><\/span><\/p>\n<p><span style=\"color: #ff0000;\"><strong>176 Frelons Asiatiques<\/strong><\/span><br \/>\n<span style=\"color: #ff0000;\"><strong>178 Frelons Europ\u00e9ens<\/strong><\/span><br \/>\n<span style=\"color: #ff0000;\"><strong>30 Gu\u00eapes<\/strong><\/span><br \/>\n<strong><span style=\"color: #ff0000;\">0 Abeille<\/span><br \/>\n<span style=\"color: #ff0000;\">un gros paquet de mouches &#8230; quelques scarab\u00e9es ( 4 ou 5 )<\/span> et quelques bestioles volantes inconnues &#8230;<\/strong><\/p>\n<p>Mise \u00e0 jour Fin 2024<br \/>\nj&rsquo;ai vid\u00e9 l&rsquo;ensemble des pi\u00e8ges a frelons en d\u00e9but d&rsquo;hiver<br \/>\nj&rsquo;ai compt\u00e9 plus de 210 frelons asiatiques et plus de 150 frelons Europ\u00e9ens<br \/>\net une cinquantaine de gu\u00eapes, je n&rsquo;ai pas compt\u00e9 les autres mouches ou insectes inconnus.<\/p>\n<p><span style=\"color: #ff0000;\"><strong>R\u00e9cap :<\/strong><\/span><br \/>\n<span style=\"color: #ff0000;\"><strong>En environ 7 mois :<br \/>\n<\/strong><\/span><\/p>\n<p><span style=\"color: #ff0000;\"><strong>386 Frelons Asiatiques ( au moins )<\/strong><\/span><br \/>\n<span style=\"color: #ff0000;\"><strong>328 Frelons Europ\u00e9ens ( au moins )<\/strong><\/span><br \/>\n<span style=\"color: #ff0000;\"><strong>80 Gu\u00eapes ( au moins )<\/strong><\/span><br \/>\n<span style=\"color: #ff0000;\"><strong>0 Abeille<br \/>\nun gros paquet de mouches &#8230; quelques scarab\u00e9es ( 4 ou 5 ) et quelques bestioles volantes inconnues &#8230;<\/strong><\/span><\/p>\n<p><span style=\"color: #ff0000;\"><strong><br \/>\n<\/strong><span style=\"color: #000000;\">Mise \u00e0 jour D\u00e9but 2025<\/span><strong><br \/>\n<span style=\"color: #ff00ff;\">sachant que je viens de retrouver un pi\u00e8ge \u00e0 frelon bien rempli que j&rsquo;avais oubli\u00e9 suspendu \u00e0 la vigne, que je n&rsquo;ai pas comptabilis\u00e9 ici, mais il y avait bien une quarantaine de frelons ( Asiatiques et Europ\u00e9ens ) \u00e0 l&rsquo;int\u00e9rieur.<\/span><\/strong><\/span><\/p>\n<p>&nbsp;<\/p>\n<p><span style=\"color: #ff0000;\"><strong>\u00a0<\/strong><\/span><\/p>\n","protected":false},"excerpt":{"rendered":"<p>3\/04\/2024 Depuis quelques ann\u00e9es, le frelon asiatique cause de nombreux ravages dans le monde apicole, et est une source d&rsquo;inqui\u00e9tude pour les simples promeneurs. Au jardin Mori\u00e9rois, nous allons essayer de mettre notre pi\u00e8ce \u00e0 l&rsquo;\u00e9difice en ce qui concerne&hellip; <\/p>\n","protected":false},"author":1,"featured_media":0,"parent":0,"menu_order":0,"comment_status":"closed","ping_status":"closed","template":"","meta":{"_exactmetrics_skip_tracking":false,"_exactmetrics_sitenote_active":false,"_exactmetrics_sitenote_note":"","_exactmetrics_sitenote_category":0,"footnotes":""},"class_list":["post-3828","page","type-page","status-publish","hentry"],"_links":{"self":[{"href":"https:\/\/84310.fr\/jardin-morierois\/wp-json\/wp\/v2\/pages\/3828","targetHints":{"allow":["GET"]}}],"collection":[{"href":"https:\/\/84310.fr\/jardin-morierois\/wp-json\/wp\/v2\/pages"}],"about":[{"href":"https:\/\/84310.fr\/jardin-morierois\/wp-json\/wp\/v2\/types\/page"}],"author":[{"embeddable":true,"href":"https:\/\/84310.fr\/jardin-morierois\/wp-json\/wp\/v2\/users\/1"}],"replies":[{"embeddable":true,"href":"https:\/\/84310.fr\/jardin-morierois\/wp-json\/wp\/v2\/comments?post=3828"}],"version-history":[{"count":15,"href":"https:\/\/84310.fr\/jardin-morierois\/wp-json\/wp\/v2\/pages\/3828\/revisions"}],"predecessor-version":[{"id":3913,"href":"https:\/\/84310.fr\/jardin-morierois\/wp-json\/wp\/v2\/pages\/3828\/revisions\/3913"}],"wp:attachment":[{"href":"https:\/\/84310.fr\/jardin-morierois\/wp-json\/wp\/v2\/media?parent=3828"}],"curies":[{"name":"wp","href":"https:\/\/api.w.org\/{rel}","templated":true}]}}