{"id":3734,"date":"2022-06-07T21:53:15","date_gmt":"2022-06-07T20:53:15","guid":{"rendered":"https:\/\/84310.fr\/jardin-morierois\/?page_id=3734"},"modified":"2022-06-07T22:05:37","modified_gmt":"2022-06-07T21:05:37","slug":"2022-bricolage-couture","status":"publish","type":"page","link":"https:\/\/84310.fr\/jardin-morierois\/2022-bricolage-couture\/","title":{"rendered":"2022 Bricolage Couture"},"content":{"rendered":"<p><img loading=\"lazy\" decoding=\"async\" class=\"alignnone size-full wp-image-3735\" src=\"https:\/\/84310.fr\/jardin-morierois\/wp-content\/uploads\/2022\/06\/DSCN6969.jpg\" alt=\"\" width=\"1500\" height=\"1287\" srcset=\"https:\/\/84310.fr\/jardin-morierois\/wp-content\/uploads\/2022\/06\/DSCN6969.jpg 1500w, https:\/\/84310.fr\/jardin-morierois\/wp-content\/uploads\/2022\/06\/DSCN6969-300x257.jpg 300w, https:\/\/84310.fr\/jardin-morierois\/wp-content\/uploads\/2022\/06\/DSCN6969-1024x879.jpg 1024w, https:\/\/84310.fr\/jardin-morierois\/wp-content\/uploads\/2022\/06\/DSCN6969-768x659.jpg 768w\" sizes=\"auto, (max-width: 1500px) 100vw, 1500px\" \/><\/p>\n<p>Un petit meuble \u00e0 tiroirs qui \u00e9tait dans un r\u00e9frig\u00e9rateur pour conserver les vaccins&#8230;<br \/>\n<img loading=\"lazy\" decoding=\"async\" class=\"alignnone size-full wp-image-3736\" src=\"https:\/\/84310.fr\/jardin-morierois\/wp-content\/uploads\/2022\/06\/DSCN6973.jpg\" alt=\"\" width=\"1500\" height=\"1156\" srcset=\"https:\/\/84310.fr\/jardin-morierois\/wp-content\/uploads\/2022\/06\/DSCN6973.jpg 1500w, https:\/\/84310.fr\/jardin-morierois\/wp-content\/uploads\/2022\/06\/DSCN6973-300x231.jpg 300w, https:\/\/84310.fr\/jardin-morierois\/wp-content\/uploads\/2022\/06\/DSCN6973-1024x789.jpg 1024w, https:\/\/84310.fr\/jardin-morierois\/wp-content\/uploads\/2022\/06\/DSCN6973-768x592.jpg 768w\" sizes=\"auto, (max-width: 1500px) 100vw, 1500px\" \/> <img loading=\"lazy\" decoding=\"async\" class=\"alignnone size-full wp-image-3737\" src=\"https:\/\/84310.fr\/jardin-morierois\/wp-content\/uploads\/2022\/06\/DSCN6976.jpg\" alt=\"\" width=\"1500\" height=\"1354\" srcset=\"https:\/\/84310.fr\/jardin-morierois\/wp-content\/uploads\/2022\/06\/DSCN6976.jpg 1500w, https:\/\/84310.fr\/jardin-morierois\/wp-content\/uploads\/2022\/06\/DSCN6976-300x271.jpg 300w, https:\/\/84310.fr\/jardin-morierois\/wp-content\/uploads\/2022\/06\/DSCN6976-1024x924.jpg 1024w, https:\/\/84310.fr\/jardin-morierois\/wp-content\/uploads\/2022\/06\/DSCN6976-768x693.jpg 768w\" sizes=\"auto, (max-width: 1500px) 100vw, 1500px\" \/><\/p>\n<p><img loading=\"lazy\" decoding=\"async\" class=\"alignnone size-full wp-image-3751\" src=\"https:\/\/84310.fr\/jardin-morierois\/wp-content\/uploads\/2022\/06\/DSCN6995.jpg\" alt=\"\" width=\"1500\" height=\"1125\" srcset=\"https:\/\/84310.fr\/jardin-morierois\/wp-content\/uploads\/2022\/06\/DSCN6995.jpg 1500w, https:\/\/84310.fr\/jardin-morierois\/wp-content\/uploads\/2022\/06\/DSCN6995-300x225.jpg 300w, https:\/\/84310.fr\/jardin-morierois\/wp-content\/uploads\/2022\/06\/DSCN6995-1024x768.jpg 1024w, https:\/\/84310.fr\/jardin-morierois\/wp-content\/uploads\/2022\/06\/DSCN6995-768x576.jpg 768w\" sizes=\"auto, (max-width: 1500px) 100vw, 1500px\" \/><br \/>\nil a fallu couper la t\u00eate en hauteur car le projet ne rentre pas \u00e0 son emplacement de pr\u00e9vu.<br \/>\nper\u00e7age + quelques rivets et \u00e7a passe !!!<br \/>\n<img loading=\"lazy\" decoding=\"async\" class=\"alignnone size-full wp-image-3739\" src=\"https:\/\/84310.fr\/jardin-morierois\/wp-content\/uploads\/2022\/06\/DSCN6978.jpg\" alt=\"\" width=\"1500\" height=\"1125\" srcset=\"https:\/\/84310.fr\/jardin-morierois\/wp-content\/uploads\/2022\/06\/DSCN6978.jpg 1500w, https:\/\/84310.fr\/jardin-morierois\/wp-content\/uploads\/2022\/06\/DSCN6978-300x225.jpg 300w, https:\/\/84310.fr\/jardin-morierois\/wp-content\/uploads\/2022\/06\/DSCN6978-1024x768.jpg 1024w, https:\/\/84310.fr\/jardin-morierois\/wp-content\/uploads\/2022\/06\/DSCN6978-768x576.jpg 768w\" sizes=\"auto, (max-width: 1500px) 100vw, 1500px\" \/><br \/>\nFa\u00e7ade en alu d\u00e9mont\u00e9e.<br \/>\n<img loading=\"lazy\" decoding=\"async\" class=\"alignnone size-full wp-image-3738\" src=\"https:\/\/84310.fr\/jardin-morierois\/wp-content\/uploads\/2022\/06\/DSCN6977.jpg\" alt=\"\" width=\"1500\" height=\"1125\" srcset=\"https:\/\/84310.fr\/jardin-morierois\/wp-content\/uploads\/2022\/06\/DSCN6977.jpg 1500w, https:\/\/84310.fr\/jardin-morierois\/wp-content\/uploads\/2022\/06\/DSCN6977-300x225.jpg 300w, https:\/\/84310.fr\/jardin-morierois\/wp-content\/uploads\/2022\/06\/DSCN6977-1024x768.jpg 1024w, https:\/\/84310.fr\/jardin-morierois\/wp-content\/uploads\/2022\/06\/DSCN6977-768x576.jpg 768w\" sizes=\"auto, (max-width: 1500px) 100vw, 1500px\" \/><br \/>\nPositionnement d&rsquo;une fa\u00e7ade de tiroir avec planche de r\u00e9cup\u00a0 <img loading=\"lazy\" decoding=\"async\" class=\"alignnone size-full wp-image-3741\" src=\"https:\/\/84310.fr\/jardin-morierois\/wp-content\/uploads\/2022\/06\/DSCN6980.jpg\" alt=\"\" width=\"1500\" height=\"1125\" srcset=\"https:\/\/84310.fr\/jardin-morierois\/wp-content\/uploads\/2022\/06\/DSCN6980.jpg 1500w, https:\/\/84310.fr\/jardin-morierois\/wp-content\/uploads\/2022\/06\/DSCN6980-300x225.jpg 300w, https:\/\/84310.fr\/jardin-morierois\/wp-content\/uploads\/2022\/06\/DSCN6980-1024x768.jpg 1024w, https:\/\/84310.fr\/jardin-morierois\/wp-content\/uploads\/2022\/06\/DSCN6980-768x576.jpg 768w\" sizes=\"auto, (max-width: 1500px) 100vw, 1500px\" \/><br \/>\nRajout d&rsquo;une poign\u00e9e m\u00e9tal<br \/>\n<img loading=\"lazy\" decoding=\"async\" class=\"alignnone size-full wp-image-3742\" src=\"https:\/\/84310.fr\/jardin-morierois\/wp-content\/uploads\/2022\/06\/DSCN6982.jpg\" alt=\"\" width=\"1500\" height=\"1125\" srcset=\"https:\/\/84310.fr\/jardin-morierois\/wp-content\/uploads\/2022\/06\/DSCN6982.jpg 1500w, https:\/\/84310.fr\/jardin-morierois\/wp-content\/uploads\/2022\/06\/DSCN6982-300x225.jpg 300w, https:\/\/84310.fr\/jardin-morierois\/wp-content\/uploads\/2022\/06\/DSCN6982-1024x768.jpg 1024w, https:\/\/84310.fr\/jardin-morierois\/wp-content\/uploads\/2022\/06\/DSCN6982-768x576.jpg 768w\" sizes=\"auto, (max-width: 1500px) 100vw, 1500px\" \/> <img loading=\"lazy\" decoding=\"async\" class=\"alignnone size-full wp-image-3743\" src=\"https:\/\/84310.fr\/jardin-morierois\/wp-content\/uploads\/2022\/06\/DSCN6983.jpg\" alt=\"\" width=\"1500\" height=\"1125\" srcset=\"https:\/\/84310.fr\/jardin-morierois\/wp-content\/uploads\/2022\/06\/DSCN6983.jpg 1500w, https:\/\/84310.fr\/jardin-morierois\/wp-content\/uploads\/2022\/06\/DSCN6983-300x225.jpg 300w, https:\/\/84310.fr\/jardin-morierois\/wp-content\/uploads\/2022\/06\/DSCN6983-1024x768.jpg 1024w, https:\/\/84310.fr\/jardin-morierois\/wp-content\/uploads\/2022\/06\/DSCN6983-768x576.jpg 768w\" sizes=\"auto, (max-width: 1500px) 100vw, 1500px\" \/> <img loading=\"lazy\" decoding=\"async\" class=\"alignnone size-full wp-image-3744\" src=\"https:\/\/84310.fr\/jardin-morierois\/wp-content\/uploads\/2022\/06\/DSCN6984.jpg\" alt=\"\" width=\"1500\" height=\"1125\" srcset=\"https:\/\/84310.fr\/jardin-morierois\/wp-content\/uploads\/2022\/06\/DSCN6984.jpg 1500w, https:\/\/84310.fr\/jardin-morierois\/wp-content\/uploads\/2022\/06\/DSCN6984-300x225.jpg 300w, https:\/\/84310.fr\/jardin-morierois\/wp-content\/uploads\/2022\/06\/DSCN6984-1024x768.jpg 1024w, https:\/\/84310.fr\/jardin-morierois\/wp-content\/uploads\/2022\/06\/DSCN6984-768x576.jpg 768w\" sizes=\"auto, (max-width: 1500px) 100vw, 1500px\" \/><br \/>\nQuelques planches d\u00e9coup\u00e9es serviront \u00e0 couvrir les cot\u00e9s.<br \/>\n<img loading=\"lazy\" decoding=\"async\" class=\"alignnone size-full wp-image-3745\" src=\"https:\/\/84310.fr\/jardin-morierois\/wp-content\/uploads\/2022\/06\/DSCN6986.jpg\" alt=\"\" width=\"1500\" height=\"1466\" srcset=\"https:\/\/84310.fr\/jardin-morierois\/wp-content\/uploads\/2022\/06\/DSCN6986.jpg 1500w, https:\/\/84310.fr\/jardin-morierois\/wp-content\/uploads\/2022\/06\/DSCN6986-300x293.jpg 300w, https:\/\/84310.fr\/jardin-morierois\/wp-content\/uploads\/2022\/06\/DSCN6986-1024x1001.jpg 1024w, https:\/\/84310.fr\/jardin-morierois\/wp-content\/uploads\/2022\/06\/DSCN6986-768x751.jpg 768w\" sizes=\"auto, (max-width: 1500px) 100vw, 1500px\" \/> <img loading=\"lazy\" decoding=\"async\" class=\"alignnone size-full wp-image-3746\" src=\"https:\/\/84310.fr\/jardin-morierois\/wp-content\/uploads\/2022\/06\/DSCN6988.jpg\" alt=\"\" width=\"1500\" height=\"1543\" srcset=\"https:\/\/84310.fr\/jardin-morierois\/wp-content\/uploads\/2022\/06\/DSCN6988.jpg 1500w, https:\/\/84310.fr\/jardin-morierois\/wp-content\/uploads\/2022\/06\/DSCN6988-292x300.jpg 292w, https:\/\/84310.fr\/jardin-morierois\/wp-content\/uploads\/2022\/06\/DSCN6988-995x1024.jpg 995w, https:\/\/84310.fr\/jardin-morierois\/wp-content\/uploads\/2022\/06\/DSCN6988-768x790.jpg 768w, https:\/\/84310.fr\/jardin-morierois\/wp-content\/uploads\/2022\/06\/DSCN6988-1493x1536.jpg 1493w\" sizes=\"auto, (max-width: 1500px) 100vw, 1500px\" \/> <img loading=\"lazy\" decoding=\"async\" class=\"alignnone size-full wp-image-3747\" src=\"https:\/\/84310.fr\/jardin-morierois\/wp-content\/uploads\/2022\/06\/DSCN6989.jpg\" alt=\"\" width=\"1500\" height=\"1513\" srcset=\"https:\/\/84310.fr\/jardin-morierois\/wp-content\/uploads\/2022\/06\/DSCN6989.jpg 1500w, https:\/\/84310.fr\/jardin-morierois\/wp-content\/uploads\/2022\/06\/DSCN6989-297x300.jpg 297w, https:\/\/84310.fr\/jardin-morierois\/wp-content\/uploads\/2022\/06\/DSCN6989-1015x1024.jpg 1015w, https:\/\/84310.fr\/jardin-morierois\/wp-content\/uploads\/2022\/06\/DSCN6989-150x150.jpg 150w, https:\/\/84310.fr\/jardin-morierois\/wp-content\/uploads\/2022\/06\/DSCN6989-768x775.jpg 768w\" sizes=\"auto, (max-width: 1500px) 100vw, 1500px\" \/> <img loading=\"lazy\" decoding=\"async\" class=\"alignnone size-full wp-image-3748\" src=\"https:\/\/84310.fr\/jardin-morierois\/wp-content\/uploads\/2022\/06\/DSCN6991.jpg\" alt=\"\" width=\"1500\" height=\"1125\" srcset=\"https:\/\/84310.fr\/jardin-morierois\/wp-content\/uploads\/2022\/06\/DSCN6991.jpg 1500w, https:\/\/84310.fr\/jardin-morierois\/wp-content\/uploads\/2022\/06\/DSCN6991-300x225.jpg 300w, https:\/\/84310.fr\/jardin-morierois\/wp-content\/uploads\/2022\/06\/DSCN6991-1024x768.jpg 1024w, https:\/\/84310.fr\/jardin-morierois\/wp-content\/uploads\/2022\/06\/DSCN6991-768x576.jpg 768w\" sizes=\"auto, (max-width: 1500px) 100vw, 1500px\" \/><br \/>\nQuatre roulettes ont \u00e9t\u00e9 rajout\u00e9es.<br \/>\n<img loading=\"lazy\" decoding=\"async\" class=\"alignnone size-full wp-image-3749\" src=\"https:\/\/84310.fr\/jardin-morierois\/wp-content\/uploads\/2022\/06\/DSCN6993.jpg\" alt=\"\" width=\"1500\" height=\"1125\" srcset=\"https:\/\/84310.fr\/jardin-morierois\/wp-content\/uploads\/2022\/06\/DSCN6993.jpg 1500w, https:\/\/84310.fr\/jardin-morierois\/wp-content\/uploads\/2022\/06\/DSCN6993-300x225.jpg 300w, https:\/\/84310.fr\/jardin-morierois\/wp-content\/uploads\/2022\/06\/DSCN6993-1024x768.jpg 1024w, https:\/\/84310.fr\/jardin-morierois\/wp-content\/uploads\/2022\/06\/DSCN6993-768x576.jpg 768w\" sizes=\"auto, (max-width: 1500px) 100vw, 1500px\" \/> <img loading=\"lazy\" decoding=\"async\" class=\"alignnone size-full wp-image-3750\" src=\"https:\/\/84310.fr\/jardin-morierois\/wp-content\/uploads\/2022\/06\/DSCN6994.jpg\" alt=\"\" width=\"1500\" height=\"1125\" srcset=\"https:\/\/84310.fr\/jardin-morierois\/wp-content\/uploads\/2022\/06\/DSCN6994.jpg 1500w, https:\/\/84310.fr\/jardin-morierois\/wp-content\/uploads\/2022\/06\/DSCN6994-300x225.jpg 300w, https:\/\/84310.fr\/jardin-morierois\/wp-content\/uploads\/2022\/06\/DSCN6994-1024x768.jpg 1024w, https:\/\/84310.fr\/jardin-morierois\/wp-content\/uploads\/2022\/06\/DSCN6994-768x576.jpg 768w\" sizes=\"auto, (max-width: 1500px) 100vw, 1500px\" \/>\u00a0 <img loading=\"lazy\" decoding=\"async\" class=\"alignnone size-full wp-image-3752\" src=\"https:\/\/84310.fr\/jardin-morierois\/wp-content\/uploads\/2022\/06\/DSCN6997.jpg\" alt=\"\" width=\"1500\" height=\"1125\" srcset=\"https:\/\/84310.fr\/jardin-morierois\/wp-content\/uploads\/2022\/06\/DSCN6997.jpg 1500w, https:\/\/84310.fr\/jardin-morierois\/wp-content\/uploads\/2022\/06\/DSCN6997-300x225.jpg 300w, https:\/\/84310.fr\/jardin-morierois\/wp-content\/uploads\/2022\/06\/DSCN6997-1024x768.jpg 1024w, https:\/\/84310.fr\/jardin-morierois\/wp-content\/uploads\/2022\/06\/DSCN6997-768x576.jpg 768w\" sizes=\"auto, (max-width: 1500px) 100vw, 1500px\" \/><br \/>\nle deuxi\u00e8me espace couture &#8230;<br \/>\n<img loading=\"lazy\" decoding=\"async\" class=\"alignnone size-full wp-image-3753\" src=\"https:\/\/84310.fr\/jardin-morierois\/wp-content\/uploads\/2022\/06\/DSCN6998.jpg\" alt=\"\" width=\"1500\" height=\"1125\" srcset=\"https:\/\/84310.fr\/jardin-morierois\/wp-content\/uploads\/2022\/06\/DSCN6998.jpg 1500w, https:\/\/84310.fr\/jardin-morierois\/wp-content\/uploads\/2022\/06\/DSCN6998-300x225.jpg 300w, https:\/\/84310.fr\/jardin-morierois\/wp-content\/uploads\/2022\/06\/DSCN6998-1024x768.jpg 1024w, https:\/\/84310.fr\/jardin-morierois\/wp-content\/uploads\/2022\/06\/DSCN6998-768x576.jpg 768w\" sizes=\"auto, (max-width: 1500px) 100vw, 1500px\" \/> <img loading=\"lazy\" decoding=\"async\" class=\"alignnone size-full wp-image-3754\" src=\"https:\/\/84310.fr\/jardin-morierois\/wp-content\/uploads\/2022\/06\/DSCN6999.jpg\" alt=\"\" width=\"1500\" height=\"1125\" srcset=\"https:\/\/84310.fr\/jardin-morierois\/wp-content\/uploads\/2022\/06\/DSCN6999.jpg 1500w, https:\/\/84310.fr\/jardin-morierois\/wp-content\/uploads\/2022\/06\/DSCN6999-300x225.jpg 300w, https:\/\/84310.fr\/jardin-morierois\/wp-content\/uploads\/2022\/06\/DSCN6999-1024x768.jpg 1024w, https:\/\/84310.fr\/jardin-morierois\/wp-content\/uploads\/2022\/06\/DSCN6999-768x576.jpg 768w\" sizes=\"auto, (max-width: 1500px) 100vw, 1500px\" \/><br \/>\nC&rsquo;est normal qu&rsquo;il y ait plus ou moins d&rsquo;espace entre les tiroirs &#8230;. c&rsquo;est mon esprit de contradiction.<br \/>\n<img loading=\"lazy\" decoding=\"async\" class=\"alignnone size-full wp-image-3755\" src=\"https:\/\/84310.fr\/jardin-morierois\/wp-content\/uploads\/2022\/06\/DSCN7000.jpg\" alt=\"\" width=\"1500\" height=\"1125\" srcset=\"https:\/\/84310.fr\/jardin-morierois\/wp-content\/uploads\/2022\/06\/DSCN7000.jpg 1500w, https:\/\/84310.fr\/jardin-morierois\/wp-content\/uploads\/2022\/06\/DSCN7000-300x225.jpg 300w, https:\/\/84310.fr\/jardin-morierois\/wp-content\/uploads\/2022\/06\/DSCN7000-1024x768.jpg 1024w, https:\/\/84310.fr\/jardin-morierois\/wp-content\/uploads\/2022\/06\/DSCN7000-768x576.jpg 768w\" sizes=\"auto, (max-width: 1500px) 100vw, 1500px\" \/><\/p>\n<p><img loading=\"lazy\" decoding=\"async\" class=\"alignnone size-full wp-image-3756\" src=\"https:\/\/84310.fr\/jardin-morierois\/wp-content\/uploads\/2022\/06\/DSCN7001.jpg\" alt=\"\" width=\"1500\" height=\"1125\" srcset=\"https:\/\/84310.fr\/jardin-morierois\/wp-content\/uploads\/2022\/06\/DSCN7001.jpg 1500w, https:\/\/84310.fr\/jardin-morierois\/wp-content\/uploads\/2022\/06\/DSCN7001-300x225.jpg 300w, https:\/\/84310.fr\/jardin-morierois\/wp-content\/uploads\/2022\/06\/DSCN7001-1024x768.jpg 1024w, https:\/\/84310.fr\/jardin-morierois\/wp-content\/uploads\/2022\/06\/DSCN7001-768x576.jpg 768w\" sizes=\"auto, (max-width: 1500px) 100vw, 1500px\" \/>D\u00e9j\u00e0 en fonction &#8230;<\/p>\n","protected":false},"excerpt":{"rendered":"<p>Un petit meuble \u00e0 tiroirs qui \u00e9tait dans un r\u00e9frig\u00e9rateur pour conserver les vaccins&#8230; il a fallu couper la t\u00eate en hauteur car le projet ne rentre pas \u00e0 son emplacement de pr\u00e9vu. per\u00e7age + quelques rivets et \u00e7a passe&hellip; <\/p>\n","protected":false},"author":1,"featured_media":0,"parent":0,"menu_order":0,"comment_status":"closed","ping_status":"closed","template":"","meta":{"_exactmetrics_skip_tracking":false,"_exactmetrics_sitenote_active":false,"_exactmetrics_sitenote_note":"","_exactmetrics_sitenote_category":0,"footnotes":""},"class_list":["post-3734","page","type-page","status-publish","hentry"],"_links":{"self":[{"href":"https:\/\/84310.fr\/jardin-morierois\/wp-json\/wp\/v2\/pages\/3734","targetHints":{"allow":["GET"]}}],"collection":[{"href":"https:\/\/84310.fr\/jardin-morierois\/wp-json\/wp\/v2\/pages"}],"about":[{"href":"https:\/\/84310.fr\/jardin-morierois\/wp-json\/wp\/v2\/types\/page"}],"author":[{"embeddable":true,"href":"https:\/\/84310.fr\/jardin-morierois\/wp-json\/wp\/v2\/users\/1"}],"replies":[{"embeddable":true,"href":"https:\/\/84310.fr\/jardin-morierois\/wp-json\/wp\/v2\/comments?post=3734"}],"version-history":[{"count":4,"href":"https:\/\/84310.fr\/jardin-morierois\/wp-json\/wp\/v2\/pages\/3734\/revisions"}],"predecessor-version":[{"id":3761,"href":"https:\/\/84310.fr\/jardin-morierois\/wp-json\/wp\/v2\/pages\/3734\/revisions\/3761"}],"wp:attachment":[{"href":"https:\/\/84310.fr\/jardin-morierois\/wp-json\/wp\/v2\/media?parent=3734"}],"curies":[{"name":"wp","href":"https:\/\/api.w.org\/{rel}","templated":true}]}}