{"id":3695,"date":"2022-05-12T22:08:04","date_gmt":"2022-05-12T21:08:04","guid":{"rendered":"https:\/\/84310.fr\/jardin-morierois\/?page_id=3695"},"modified":"2022-05-19T14:33:13","modified_gmt":"2022-05-19T13:33:13","slug":"2022-arrosage-goutte-a-goutte","status":"publish","type":"page","link":"https:\/\/84310.fr\/jardin-morierois\/2022-arrosage-goutte-a-goutte\/","title":{"rendered":"2022 Arrosage Goutte \u00e0 Goutte"},"content":{"rendered":"<h5 class=\"bi6gxh9e\"><span class=\"d2edcug0 hpfvmrgz qv66sw1b c1et5uql lr9zc1uh jq4qci2q a3bd9o3v b1v8xokw oo9gr5id\" style=\"color: #993366;\"><span class=\"d2edcug0 hpfvmrgz qv66sw1b c1et5uql lr9zc1uh jq4qci2q a3bd9o3v b1v8xokw oo9gr5id\"><b>6 MAI 2022<\/b><\/span><\/span><\/h5>\n<div class=\"bi6gxh9e\"><span class=\"d2edcug0 hpfvmrgz qv66sw1b c1et5uql lr9zc1uh jq4qci2q a3bd9o3v b1v8xokw oo9gr5id\"><span class=\"d2edcug0 hpfvmrgz qv66sw1b c1et5uql lr9zc1uh jq4qci2q a3bd9o3v b1v8xokw oo9gr5id\"><b><br \/>\nAujourd\u2019hui, nouvelle exp\u00e9rience pour moi.<\/b><br \/>\n\u00c0 l\u2019heure ou les restrictions d\u2019eau ne font que commencer, je me suis mis en qu\u00eate de trouver une solution pour p\u00e9renniser l\u2019arrosage de mon jardin, \u00e9conomiser une mati\u00e8re qui va devenir de plus en plus rare, \u00e9viter d\u2019y passer trop de temps de fatigue et d\u2019\u00e9nergie, avoir une autonomie de quelques jours au cas ou je dois m\u2019absenter et aussi \u00e9viter de maltraiter mes plantations qui grillent sous le soleil avec de l\u2019eau glac\u00e9e qui vient du puits.<\/span><\/span>J\u2019ai retrouv\u00e9 il y a quelques temps dans des cartons, des Kits d\u2019arrosage pour le jardin qu\u2019un ami m\u2019avait donn\u00e9 il y a quelques ann\u00e9es, lui m\u00eame n\u2019\u00e9tant pas jardinier dans l\u2019\u00e2me et n\u2019en ayant pas le besoin, il m\u2019en avait fait don.<br \/>\n<b>Description : Kit IRISO 20 Arroseurs ( ne cherchez pas, ce kit n\u2019existe plus, \u00e7a doit dater un peu)<img loading=\"lazy\" decoding=\"async\" class=\"alignnone size-full wp-image-3709\" src=\"https:\/\/84310.fr\/jardin-morierois\/wp-content\/uploads\/2022\/05\/DSCN6860.jpg\" alt=\"\" width=\"1125\" height=\"1500\" srcset=\"https:\/\/84310.fr\/jardin-morierois\/wp-content\/uploads\/2022\/05\/DSCN6860.jpg 1125w, https:\/\/84310.fr\/jardin-morierois\/wp-content\/uploads\/2022\/05\/DSCN6860-225x300.jpg 225w, https:\/\/84310.fr\/jardin-morierois\/wp-content\/uploads\/2022\/05\/DSCN6860-768x1024.jpg 768w\" sizes=\"auto, (max-width: 1125px) 100vw, 1125px\" \/><\/b>j\u2019ai achet\u00e9 un r\u00e9cup\u00e9rateur d\u2019eau de pluie de 210L, chez le castor bricoleur, ( m\u00eame prix chez l\u2019enchanteur royaliste ( mais comme le castor est plus proche, j\u2019ai aussi fait de l\u2019\u00e9conomie d\u2019\u00e9nergie fossile ( surtout \u00e0 2\u20ac le litre \u2026) ( 8 Euros plus cher \u00e0 Auchan !!! ) et 4 parpaings, ( \u00e0 95cm\/pi\u00e8ce ) au lieu du support plastique \u00e0 17 Euros \u2026c\u2019est toujours \u00e7a d\u2019\u00e9conomis\u00e9.<br \/>\n<span class=\"d2edcug0 hpfvmrgz qv66sw1b c1et5uql lr9zc1uh jq4qci2q a3bd9o3v b1v8xokw oo9gr5id\"><img loading=\"lazy\" decoding=\"async\" class=\"alignnone size-full wp-image-3704\" src=\"https:\/\/84310.fr\/jardin-morierois\/wp-content\/uploads\/2022\/05\/DSCN6824.jpg\" alt=\"\" width=\"1500\" height=\"1125\" srcset=\"https:\/\/84310.fr\/jardin-morierois\/wp-content\/uploads\/2022\/05\/DSCN6824.jpg 1500w, https:\/\/84310.fr\/jardin-morierois\/wp-content\/uploads\/2022\/05\/DSCN6824-300x225.jpg 300w, https:\/\/84310.fr\/jardin-morierois\/wp-content\/uploads\/2022\/05\/DSCN6824-1024x768.jpg 1024w, https:\/\/84310.fr\/jardin-morierois\/wp-content\/uploads\/2022\/05\/DSCN6824-768x576.jpg 768w\" sizes=\"auto, (max-width: 1500px) 100vw, 1500px\" \/><\/span>Il suffit de percer un trou de Diam 09 pour y enclencher la sortie d\u2019eau. Ici deux car j\u2019alimente deux rang\u00e9es de tomates avec une seule r\u00e9serve.<br \/>\n<span class=\"d2edcug0 hpfvmrgz qv66sw1b c1et5uql lr9zc1uh jq4qci2q a3bd9o3v b1v8xokw oo9gr5id\"><img loading=\"lazy\" decoding=\"async\" class=\"alignnone size-full wp-image-3705\" src=\"https:\/\/84310.fr\/jardin-morierois\/wp-content\/uploads\/2022\/05\/DSCN6827.jpg\" alt=\"\" width=\"1500\" height=\"1125\" srcset=\"https:\/\/84310.fr\/jardin-morierois\/wp-content\/uploads\/2022\/05\/DSCN6827.jpg 1500w, https:\/\/84310.fr\/jardin-morierois\/wp-content\/uploads\/2022\/05\/DSCN6827-300x225.jpg 300w, https:\/\/84310.fr\/jardin-morierois\/wp-content\/uploads\/2022\/05\/DSCN6827-1024x768.jpg 1024w, https:\/\/84310.fr\/jardin-morierois\/wp-content\/uploads\/2022\/05\/DSCN6827-768x576.jpg 768w\" sizes=\"auto, (max-width: 1500px) 100vw, 1500px\" \/><\/span>\u00c0 l\u2019int\u00e9rieur du r\u00e9servoir on peut voir de la mousse qui filtre les impuret\u00e9s pour \u00e9viter de boucher les tuyaux.<br \/>\n<span class=\"d2edcug0 hpfvmrgz qv66sw1b c1et5uql lr9zc1uh jq4qci2q a3bd9o3v b1v8xokw oo9gr5id\"><br \/>\n<img loading=\"lazy\" decoding=\"async\" class=\"alignnone size-full wp-image-3706\" src=\"https:\/\/84310.fr\/jardin-morierois\/wp-content\/uploads\/2022\/05\/DSCN6828.jpg\" alt=\"\" width=\"1500\" height=\"1125\" srcset=\"https:\/\/84310.fr\/jardin-morierois\/wp-content\/uploads\/2022\/05\/DSCN6828.jpg 1500w, https:\/\/84310.fr\/jardin-morierois\/wp-content\/uploads\/2022\/05\/DSCN6828-300x225.jpg 300w, https:\/\/84310.fr\/jardin-morierois\/wp-content\/uploads\/2022\/05\/DSCN6828-1024x768.jpg 1024w, https:\/\/84310.fr\/jardin-morierois\/wp-content\/uploads\/2022\/05\/DSCN6828-768x576.jpg 768w\" sizes=\"auto, (max-width: 1500px) 100vw, 1500px\" \/><\/span>Il faut par la suite, raccorder les tuyaux avec les T et le syst\u00e8me goutte \u00e0 goutte ( apr\u00e8s avoir r\u00e9gl\u00e9 le d\u00e9bit voulu ) , remplir le r\u00e9servoir et \u2026\u2026 LAISSER FAIRE le temps.<br \/>\n<span class=\"d2edcug0 hpfvmrgz qv66sw1b c1et5uql lr9zc1uh jq4qci2q a3bd9o3v b1v8xokw oo9gr5id\"><img loading=\"lazy\" decoding=\"async\" class=\"alignnone size-full wp-image-3699\" src=\"https:\/\/84310.fr\/jardin-morierois\/wp-content\/uploads\/2022\/05\/DSCN6832.jpg\" alt=\"\" width=\"1500\" height=\"1125\" srcset=\"https:\/\/84310.fr\/jardin-morierois\/wp-content\/uploads\/2022\/05\/DSCN6832.jpg 1500w, https:\/\/84310.fr\/jardin-morierois\/wp-content\/uploads\/2022\/05\/DSCN6832-300x225.jpg 300w, https:\/\/84310.fr\/jardin-morierois\/wp-content\/uploads\/2022\/05\/DSCN6832-1024x768.jpg 1024w, https:\/\/84310.fr\/jardin-morierois\/wp-content\/uploads\/2022\/05\/DSCN6832-768x576.jpg 768w\" sizes=\"auto, (max-width: 1500px) 100vw, 1500px\" \/><\/span><br \/>\nPour le moment, j\u2019estime \u00e0 4-5 jours d\u2019autonomie pour alimenter 24 goutteurs ( pieds de tomates ) avec un r\u00e9servoir de 210L ( je vous confirmerai \u00e7a d\u2019ici quelques jours)il m\u2019en reste suffisamment de quoi faire 4 rang\u00e9es de 12 plants de tomates, si le syst\u00e8me est vraiment fonctionnel, je n\u2019\u00e9carte pas le fait d\u2019acheter d\u2019autres Kits ( qui sont plus modernes, et plus fonctionnels d\u2019apr\u00e8s le site)<\/div>\n<div class=\"bi6gxh9e\"><span class=\"d2edcug0 hpfvmrgz qv66sw1b c1et5uql lr9zc1uh jq4qci2q a3bd9o3v b1v8xokw oo9gr5id\"><span class=\"d2edcug0 hpfvmrgz qv66sw1b c1et5uql lr9zc1uh jq4qci2q a3bd9o3v b1v8xokw oo9gr5id\"><span class=\"d2edcug0 hpfvmrgz qv66sw1b c1et5uql lr9zc1uh jq4qci2q a3bd9o3v b1v8xokw oo9gr5id\">Bon, cot\u00e9 arrosage, le surlendemain de l&rsquo;installation, il a plu, mais cette pluie providentielle n&rsquo;a pas dur\u00e9, compar\u00e9 \u00e0 l&rsquo;\u00e9t\u00e9 qui s&rsquo;annonce.<br \/>\n<img loading=\"lazy\" decoding=\"async\" class=\"alignnone size-full wp-image-3698\" src=\"https:\/\/84310.fr\/jardin-morierois\/wp-content\/uploads\/2022\/05\/DSCN6831-scaled.jpg\" alt=\"\" width=\"2560\" height=\"1920\" srcset=\"https:\/\/84310.fr\/jardin-morierois\/wp-content\/uploads\/2022\/05\/DSCN6831-scaled.jpg 2560w, https:\/\/84310.fr\/jardin-morierois\/wp-content\/uploads\/2022\/05\/DSCN6831-300x225.jpg 300w, https:\/\/84310.fr\/jardin-morierois\/wp-content\/uploads\/2022\/05\/DSCN6831-1024x768.jpg 1024w, https:\/\/84310.fr\/jardin-morierois\/wp-content\/uploads\/2022\/05\/DSCN6831-768x576.jpg 768w, https:\/\/84310.fr\/jardin-morierois\/wp-content\/uploads\/2022\/05\/DSCN6831-1536x1152.jpg 1536w, https:\/\/84310.fr\/jardin-morierois\/wp-content\/uploads\/2022\/05\/DSCN6831-2048x1536.jpg 2048w\" sizes=\"auto, (max-width: 2560px) 100vw, 2560px\" \/><br \/>\nPour l&rsquo;instant les salades ne g\u00eanent pas le passage des tuyaux.<\/span><\/span><\/span><img loading=\"lazy\" decoding=\"async\" class=\"alignnone size-full wp-image-3700\" src=\"https:\/\/84310.fr\/jardin-morierois\/wp-content\/uploads\/2022\/05\/DSCN6836.jpg\" alt=\"\" width=\"1125\" height=\"1500\" srcset=\"https:\/\/84310.fr\/jardin-morierois\/wp-content\/uploads\/2022\/05\/DSCN6836.jpg 1125w, https:\/\/84310.fr\/jardin-morierois\/wp-content\/uploads\/2022\/05\/DSCN6836-225x300.jpg 225w, https:\/\/84310.fr\/jardin-morierois\/wp-content\/uploads\/2022\/05\/DSCN6836-768x1024.jpg 768w\" sizes=\"auto, (max-width: 1125px) 100vw, 1125px\" \/><img loading=\"lazy\" decoding=\"async\" class=\"alignnone size-full wp-image-3702\" src=\"https:\/\/84310.fr\/jardin-morierois\/wp-content\/uploads\/2022\/05\/DSCN6842.jpg\" alt=\"\" width=\"1500\" height=\"1125\" srcset=\"https:\/\/84310.fr\/jardin-morierois\/wp-content\/uploads\/2022\/05\/DSCN6842.jpg 1500w, https:\/\/84310.fr\/jardin-morierois\/wp-content\/uploads\/2022\/05\/DSCN6842-300x225.jpg 300w, https:\/\/84310.fr\/jardin-morierois\/wp-content\/uploads\/2022\/05\/DSCN6842-1024x768.jpg 1024w, https:\/\/84310.fr\/jardin-morierois\/wp-content\/uploads\/2022\/05\/DSCN6842-768x576.jpg 768w\" sizes=\"auto, (max-width: 1500px) 100vw, 1500px\" \/><\/p>\n<h5 class=\"bi6gxh9e\"><span class=\"d2edcug0 hpfvmrgz qv66sw1b c1et5uql lr9zc1uh jq4qci2q a3bd9o3v b1v8xokw oo9gr5id\" style=\"color: #993366;\"><b><br \/>\n13 MAI 2022<\/b><\/span><\/h5>\n<\/div>\n<p>Cet apr\u00e8s midi, une nouvelle rang\u00e9e de 2&#215;12 plants de tomates a \u00e9t\u00e9 connect\u00e9e au r\u00e9seau d&rsquo;arrosage goutte \u00e0 goutte.<br \/>\nLa r\u00e9serve d&rsquo;eau \u00e9tait remplie depuis hier, l&rsquo;eau n&rsquo;est plus glac\u00e9e,<img loading=\"lazy\" decoding=\"async\" class=\"alignnone size-full wp-image-3712\" src=\"https:\/\/84310.fr\/jardin-morierois\/wp-content\/uploads\/2022\/05\/DSCN6862.jpg\" alt=\"\" width=\"1500\" height=\"1125\" srcset=\"https:\/\/84310.fr\/jardin-morierois\/wp-content\/uploads\/2022\/05\/DSCN6862.jpg 1500w, https:\/\/84310.fr\/jardin-morierois\/wp-content\/uploads\/2022\/05\/DSCN6862-300x225.jpg 300w, https:\/\/84310.fr\/jardin-morierois\/wp-content\/uploads\/2022\/05\/DSCN6862-1024x768.jpg 1024w, https:\/\/84310.fr\/jardin-morierois\/wp-content\/uploads\/2022\/05\/DSCN6862-768x576.jpg 768w\" sizes=\"auto, (max-width: 1500px) 100vw, 1500px\" \/><br \/>\nIl me reste encore a connecter une rang\u00e9e de 2&#215;12 plants de tomates au r\u00e9servoir qui est plein lui aussi, mais comme je suis en retard pour mettre la structure de tuteurs de tomates, je connecterai l&rsquo;arrosage goutte \u00e0 goutte une fois que tout sera fini.<\/p>\n<p><img loading=\"lazy\" decoding=\"async\" class=\"alignnone size-full wp-image-3713\" src=\"https:\/\/84310.fr\/jardin-morierois\/wp-content\/uploads\/2022\/05\/DSCN6865.jpg\" alt=\"\" width=\"1500\" height=\"1125\" srcset=\"https:\/\/84310.fr\/jardin-morierois\/wp-content\/uploads\/2022\/05\/DSCN6865.jpg 1500w, https:\/\/84310.fr\/jardin-morierois\/wp-content\/uploads\/2022\/05\/DSCN6865-300x225.jpg 300w, https:\/\/84310.fr\/jardin-morierois\/wp-content\/uploads\/2022\/05\/DSCN6865-1024x768.jpg 1024w, https:\/\/84310.fr\/jardin-morierois\/wp-content\/uploads\/2022\/05\/DSCN6865-768x576.jpg 768w\" sizes=\"auto, (max-width: 1500px) 100vw, 1500px\" \/><\/p>\n<p><img loading=\"lazy\" decoding=\"async\" class=\"alignnone size-full wp-image-3714\" src=\"https:\/\/84310.fr\/jardin-morierois\/wp-content\/uploads\/2022\/05\/DSCN6866.jpg\" alt=\"\" width=\"1500\" height=\"1125\" srcset=\"https:\/\/84310.fr\/jardin-morierois\/wp-content\/uploads\/2022\/05\/DSCN6866.jpg 1500w, https:\/\/84310.fr\/jardin-morierois\/wp-content\/uploads\/2022\/05\/DSCN6866-300x225.jpg 300w, https:\/\/84310.fr\/jardin-morierois\/wp-content\/uploads\/2022\/05\/DSCN6866-1024x768.jpg 1024w, https:\/\/84310.fr\/jardin-morierois\/wp-content\/uploads\/2022\/05\/DSCN6866-768x576.jpg 768w\" sizes=\"auto, (max-width: 1500px) 100vw, 1500px\" \/><\/p>\n<p>Nous sommes \u00e0 J+7 ( une semaine d\u00e9j\u00e0 que la premi\u00e8re double rang\u00e9e est aliment\u00e9e en eau ) et il reste peut \u00eatre un jour ou deux de r\u00e9serve d&rsquo;eau dans le r\u00e9servoir..( peut \u00eatre trois mais pas plus &#8230;)<br \/>\ncela ferait un remplissage tous les 8-10 jours ( cela d\u00e9pend du r\u00e9glage de d\u00e9bit )<br \/>\nd&rsquo;ici quelques jours, il va falloir mettre un paillage, pour \u00e9viter l&rsquo;\u00e9vaporation et prot\u00e9ger la terre et les plants, de la chaleur.<\/p>\n<h5 class=\"bi6gxh9e\"><span class=\"d2edcug0 hpfvmrgz qv66sw1b c1et5uql lr9zc1uh jq4qci2q a3bd9o3v b1v8xokw oo9gr5id\" style=\"color: #993366;\"><b>14 MAI 2022<\/b><\/span><\/h5>\n<p>&nbsp;<\/p>\n<p>Aujourd&rsquo;hui, la troisi\u00e8me et derni\u00e8re double rang\u00e9e de 12 tomates a \u00e9t\u00e9 structur\u00e9e et l&rsquo;arrosage goutte \u00e0 goutte a \u00e9t\u00e9 install\u00e9.<br \/>\n<img loading=\"lazy\" decoding=\"async\" class=\"alignnone size-full wp-image-3719\" src=\"https:\/\/84310.fr\/jardin-morierois\/wp-content\/uploads\/2022\/05\/DSCN6868.jpg\" alt=\"\" width=\"1500\" height=\"1125\" srcset=\"https:\/\/84310.fr\/jardin-morierois\/wp-content\/uploads\/2022\/05\/DSCN6868.jpg 1500w, https:\/\/84310.fr\/jardin-morierois\/wp-content\/uploads\/2022\/05\/DSCN6868-300x225.jpg 300w, https:\/\/84310.fr\/jardin-morierois\/wp-content\/uploads\/2022\/05\/DSCN6868-1024x768.jpg 1024w, https:\/\/84310.fr\/jardin-morierois\/wp-content\/uploads\/2022\/05\/DSCN6868-768x576.jpg 768w\" sizes=\"auto, (max-width: 1500px) 100vw, 1500px\" \/><\/p>\n<p><img loading=\"lazy\" decoding=\"async\" class=\"alignnone size-full wp-image-3718\" src=\"https:\/\/84310.fr\/jardin-morierois\/wp-content\/uploads\/2022\/05\/DSCN6867.jpg\" alt=\"\" width=\"1500\" height=\"1125\" srcset=\"https:\/\/84310.fr\/jardin-morierois\/wp-content\/uploads\/2022\/05\/DSCN6867.jpg 1500w, https:\/\/84310.fr\/jardin-morierois\/wp-content\/uploads\/2022\/05\/DSCN6867-300x225.jpg 300w, https:\/\/84310.fr\/jardin-morierois\/wp-content\/uploads\/2022\/05\/DSCN6867-1024x768.jpg 1024w, https:\/\/84310.fr\/jardin-morierois\/wp-content\/uploads\/2022\/05\/DSCN6867-768x576.jpg 768w\" sizes=\"auto, (max-width: 1500px) 100vw, 1500px\" \/><img loading=\"lazy\" decoding=\"async\" class=\"alignnone size-full wp-image-3720\" src=\"https:\/\/84310.fr\/jardin-morierois\/wp-content\/uploads\/2022\/05\/DSCN6869.jpg\" alt=\"\" width=\"1500\" height=\"1310\" srcset=\"https:\/\/84310.fr\/jardin-morierois\/wp-content\/uploads\/2022\/05\/DSCN6869.jpg 1500w, https:\/\/84310.fr\/jardin-morierois\/wp-content\/uploads\/2022\/05\/DSCN6869-300x262.jpg 300w, https:\/\/84310.fr\/jardin-morierois\/wp-content\/uploads\/2022\/05\/DSCN6869-1024x894.jpg 1024w, https:\/\/84310.fr\/jardin-morierois\/wp-content\/uploads\/2022\/05\/DSCN6869-768x671.jpg 768w\" sizes=\"auto, (max-width: 1500px) 100vw, 1500px\" \/><br \/>\nLe paillage va venir sous peu, le temps d&rsquo;isoler les plants de salades dispos\u00e9s entre.<br \/>\nIl ne reste plus qu&rsquo;a nettoyer la grande bande de 12.5 m de long actuellement occup\u00e9e par des restes de salades, cotes de blettes et \u00e9pinards pour pouvoir y installer une double rang\u00e9e de 25 pieds de grosses tomates.<\/p>\n<p>Il va falloir commander des kits d&rsquo;arrosage goutte \u00e0 goutte suppl\u00e9mentaires.<\/p>\n<h5 class=\"bi6gxh9e\"><span class=\"d2edcug0 hpfvmrgz qv66sw1b c1et5uql lr9zc1uh jq4qci2q a3bd9o3v b1v8xokw oo9gr5id\" style=\"color: #800080;\"><b>17 MAI 2022<br \/>\n<\/b><\/span><\/h5>\n<p>&nbsp;<\/p>\n<p>L&rsquo;espace qui contenait les salades a \u00e9t\u00e9 lib\u00e9r\u00e9 ( dons aux voisins pour leurs tortues )<\/p>\n<p><img loading=\"lazy\" decoding=\"async\" class=\"alignnone size-full wp-image-3725\" src=\"https:\/\/84310.fr\/jardin-morierois\/wp-content\/uploads\/2022\/05\/DSCN6876.jpg\" alt=\"\" width=\"1500\" height=\"1125\" srcset=\"https:\/\/84310.fr\/jardin-morierois\/wp-content\/uploads\/2022\/05\/DSCN6876.jpg 1500w, https:\/\/84310.fr\/jardin-morierois\/wp-content\/uploads\/2022\/05\/DSCN6876-300x225.jpg 300w, https:\/\/84310.fr\/jardin-morierois\/wp-content\/uploads\/2022\/05\/DSCN6876-1024x768.jpg 1024w, https:\/\/84310.fr\/jardin-morierois\/wp-content\/uploads\/2022\/05\/DSCN6876-768x576.jpg 768w\" sizes=\"auto, (max-width: 1500px) 100vw, 1500px\" \/><br \/>\nDeux rang\u00e9es de 25 bambous ont \u00e9t\u00e9 install\u00e9es, la structure est pr\u00eate \u00e0 accueillir les plants de tomates.<img loading=\"lazy\" decoding=\"async\" class=\"alignnone size-full wp-image-3726\" src=\"https:\/\/84310.fr\/jardin-morierois\/wp-content\/uploads\/2022\/05\/DSCN6877.jpg\" alt=\"\" width=\"1500\" height=\"1125\" srcset=\"https:\/\/84310.fr\/jardin-morierois\/wp-content\/uploads\/2022\/05\/DSCN6877.jpg 1500w, https:\/\/84310.fr\/jardin-morierois\/wp-content\/uploads\/2022\/05\/DSCN6877-300x225.jpg 300w, https:\/\/84310.fr\/jardin-morierois\/wp-content\/uploads\/2022\/05\/DSCN6877-1024x768.jpg 1024w, https:\/\/84310.fr\/jardin-morierois\/wp-content\/uploads\/2022\/05\/DSCN6877-768x576.jpg 768w\" sizes=\"auto, (max-width: 1500px) 100vw, 1500px\" \/><br \/>\n\u00c7a n&rsquo;a l&rsquo;air tr\u00e8s droit &#8230;\u00a0 comme disait mon papa, on en mettra plus dans les courbes que dans une droite &#8230;<br \/>\n<img loading=\"lazy\" decoding=\"async\" class=\"alignnone size-full wp-image-3727\" src=\"https:\/\/84310.fr\/jardin-morierois\/wp-content\/uploads\/2022\/05\/DSCN6881.jpg\" alt=\"\" width=\"1500\" height=\"1125\" srcset=\"https:\/\/84310.fr\/jardin-morierois\/wp-content\/uploads\/2022\/05\/DSCN6881.jpg 1500w, https:\/\/84310.fr\/jardin-morierois\/wp-content\/uploads\/2022\/05\/DSCN6881-300x225.jpg 300w, https:\/\/84310.fr\/jardin-morierois\/wp-content\/uploads\/2022\/05\/DSCN6881-1024x768.jpg 1024w, https:\/\/84310.fr\/jardin-morierois\/wp-content\/uploads\/2022\/05\/DSCN6881-768x576.jpg 768w\" sizes=\"auto, (max-width: 1500px) 100vw, 1500px\" \/><br \/>\nEt voil\u00e0 &#8230;.\u00a0 50 plants en terre ( plus 6 mis au milieu des deux rang\u00e9es ) donc 56&#8230; <img loading=\"lazy\" decoding=\"async\" class=\"alignnone size-full wp-image-3729\" src=\"https:\/\/84310.fr\/jardin-morierois\/wp-content\/uploads\/2022\/05\/DSCN6885.jpg\" alt=\"\" width=\"1500\" height=\"1125\" srcset=\"https:\/\/84310.fr\/jardin-morierois\/wp-content\/uploads\/2022\/05\/DSCN6885.jpg 1500w, https:\/\/84310.fr\/jardin-morierois\/wp-content\/uploads\/2022\/05\/DSCN6885-300x225.jpg 300w, https:\/\/84310.fr\/jardin-morierois\/wp-content\/uploads\/2022\/05\/DSCN6885-1024x768.jpg 1024w, https:\/\/84310.fr\/jardin-morierois\/wp-content\/uploads\/2022\/05\/DSCN6885-768x576.jpg 768w\" sizes=\"auto, (max-width: 1500px) 100vw, 1500px\" \/><br \/>\nUne bonne couche de paillage ( de fouinage car c&rsquo;est du foin&#8230; )<br \/>\n<img loading=\"lazy\" decoding=\"async\" class=\"alignnone size-full wp-image-3730\" src=\"https:\/\/84310.fr\/jardin-morierois\/wp-content\/uploads\/2022\/05\/DSCN6886.jpg\" alt=\"\" width=\"1500\" height=\"1125\" srcset=\"https:\/\/84310.fr\/jardin-morierois\/wp-content\/uploads\/2022\/05\/DSCN6886.jpg 1500w, https:\/\/84310.fr\/jardin-morierois\/wp-content\/uploads\/2022\/05\/DSCN6886-300x225.jpg 300w, https:\/\/84310.fr\/jardin-morierois\/wp-content\/uploads\/2022\/05\/DSCN6886-1024x768.jpg 1024w, https:\/\/84310.fr\/jardin-morierois\/wp-content\/uploads\/2022\/05\/DSCN6886-768x576.jpg 768w\" sizes=\"auto, (max-width: 1500px) 100vw, 1500px\" \/> <img loading=\"lazy\" decoding=\"async\" class=\"alignnone size-full wp-image-3731\" src=\"https:\/\/84310.fr\/jardin-morierois\/wp-content\/uploads\/2022\/05\/DSCN6887.jpg\" alt=\"\" width=\"1125\" height=\"1500\" srcset=\"https:\/\/84310.fr\/jardin-morierois\/wp-content\/uploads\/2022\/05\/DSCN6887.jpg 1125w, https:\/\/84310.fr\/jardin-morierois\/wp-content\/uploads\/2022\/05\/DSCN6887-225x300.jpg 225w, https:\/\/84310.fr\/jardin-morierois\/wp-content\/uploads\/2022\/05\/DSCN6887-768x1024.jpg 768w\" sizes=\"auto, (max-width: 1125px) 100vw, 1125px\" \/><br \/>\nSoit le photographe est pas d\u2019aplomb, soit l&rsquo;architecte a un soucis &#8230;<\/p>\n<h5><\/h5>\n<h5><\/h5>\n<h5 class=\"bi6gxh9e\"><span class=\"d2edcug0 hpfvmrgz qv66sw1b c1et5uql lr9zc1uh jq4qci2q a3bd9o3v b1v8xokw oo9gr5id\" style=\"color: #800080;\"><b>19 MAI 2022<\/b><\/span><\/h5>\n<p>suite \u00e0 la commande pass\u00e9e le 16 mai au soir, trois jours plus tard, voici la r\u00e9ception du colis<\/p>\n<p><img loading=\"lazy\" decoding=\"async\" class=\"alignnone size-full wp-image-3723\" src=\"https:\/\/84310.fr\/jardin-morierois\/wp-content\/uploads\/2022\/05\/DSCN6908.jpg\" alt=\"\" width=\"1500\" height=\"1125\" srcset=\"https:\/\/84310.fr\/jardin-morierois\/wp-content\/uploads\/2022\/05\/DSCN6908.jpg 1500w, https:\/\/84310.fr\/jardin-morierois\/wp-content\/uploads\/2022\/05\/DSCN6908-300x225.jpg 300w, https:\/\/84310.fr\/jardin-morierois\/wp-content\/uploads\/2022\/05\/DSCN6908-1024x768.jpg 1024w, https:\/\/84310.fr\/jardin-morierois\/wp-content\/uploads\/2022\/05\/DSCN6908-768x576.jpg 768w\" sizes=\"auto, (max-width: 1500px) 100vw, 1500px\" \/><\/p>\n<p>Il ne reste plus qu&rsquo;\u00e0 installer tout ceci \u00e0 sa place, pour alimenter la double rang\u00e9e de 25 tomates &#8230;<\/p>\n","protected":false},"excerpt":{"rendered":"<p>6 MAI 2022 Aujourd\u2019hui, nouvelle exp\u00e9rience pour moi. \u00c0 l\u2019heure ou les restrictions d\u2019eau ne font que commencer, je me suis mis en qu\u00eate de trouver une solution pour p\u00e9renniser l\u2019arrosage de mon jardin, \u00e9conomiser une mati\u00e8re qui va devenir&hellip; <\/p>\n","protected":false},"author":1,"featured_media":0,"parent":0,"menu_order":0,"comment_status":"closed","ping_status":"closed","template":"","meta":{"_exactmetrics_skip_tracking":false,"_exactmetrics_sitenote_active":false,"_exactmetrics_sitenote_note":"","_exactmetrics_sitenote_category":0,"footnotes":""},"class_list":["post-3695","page","type-page","status-publish","hentry"],"_links":{"self":[{"href":"https:\/\/84310.fr\/jardin-morierois\/wp-json\/wp\/v2\/pages\/3695","targetHints":{"allow":["GET"]}}],"collection":[{"href":"https:\/\/84310.fr\/jardin-morierois\/wp-json\/wp\/v2\/pages"}],"about":[{"href":"https:\/\/84310.fr\/jardin-morierois\/wp-json\/wp\/v2\/types\/page"}],"author":[{"embeddable":true,"href":"https:\/\/84310.fr\/jardin-morierois\/wp-json\/wp\/v2\/users\/1"}],"replies":[{"embeddable":true,"href":"https:\/\/84310.fr\/jardin-morierois\/wp-json\/wp\/v2\/comments?post=3695"}],"version-history":[{"count":9,"href":"https:\/\/84310.fr\/jardin-morierois\/wp-json\/wp\/v2\/pages\/3695\/revisions"}],"predecessor-version":[{"id":3732,"href":"https:\/\/84310.fr\/jardin-morierois\/wp-json\/wp\/v2\/pages\/3695\/revisions\/3732"}],"wp:attachment":[{"href":"https:\/\/84310.fr\/jardin-morierois\/wp-json\/wp\/v2\/media?parent=3695"}],"curies":[{"name":"wp","href":"https:\/\/api.w.org\/{rel}","templated":true}]}}