{"id":3544,"date":"2021-06-13T21:07:01","date_gmt":"2021-06-13T20:07:01","guid":{"rendered":"http:\/\/84310.fr\/jardin-morierois\/?page_id=3544"},"modified":"2021-06-13T21:07:41","modified_gmt":"2021-06-13T20:07:41","slug":"jardin-juin-2021","status":"publish","type":"page","link":"https:\/\/84310.fr\/jardin-morierois\/jardin-juin-2021\/","title":{"rendered":"Jardin Juin 2021"},"content":{"rendered":"<p>un bref coup d\u2019\u0153il en quelques photos pour montrer l&rsquo;\u00e9volution de la v\u00e9g\u00e9tation et des projets en cours.<img loading=\"lazy\" decoding=\"async\" class=\"alignnone size-full wp-image-3545\" src=\"https:\/\/84310.fr\/jardin-morierois\/wp-content\/uploads\/2021\/06\/DSCN3636.jpg\" alt=\"\" width=\"800\" height=\"600\" srcset=\"https:\/\/84310.fr\/jardin-morierois\/wp-content\/uploads\/2021\/06\/DSCN3636.jpg 800w, https:\/\/84310.fr\/jardin-morierois\/wp-content\/uploads\/2021\/06\/DSCN3636-300x225.jpg 300w, https:\/\/84310.fr\/jardin-morierois\/wp-content\/uploads\/2021\/06\/DSCN3636-768x576.jpg 768w\" sizes=\"auto, (max-width: 800px) 100vw, 800px\" \/> <img loading=\"lazy\" decoding=\"async\" class=\"alignnone size-full wp-image-3546\" src=\"https:\/\/84310.fr\/jardin-morierois\/wp-content\/uploads\/2021\/06\/DSCN3637.jpg\" alt=\"\" width=\"800\" height=\"600\" srcset=\"https:\/\/84310.fr\/jardin-morierois\/wp-content\/uploads\/2021\/06\/DSCN3637.jpg 800w, https:\/\/84310.fr\/jardin-morierois\/wp-content\/uploads\/2021\/06\/DSCN3637-300x225.jpg 300w, https:\/\/84310.fr\/jardin-morierois\/wp-content\/uploads\/2021\/06\/DSCN3637-768x576.jpg 768w\" sizes=\"auto, (max-width: 800px) 100vw, 800px\" \/> <img loading=\"lazy\" decoding=\"async\" class=\"alignnone size-full wp-image-3547\" src=\"https:\/\/84310.fr\/jardin-morierois\/wp-content\/uploads\/2021\/06\/DSCN3638.jpg\" alt=\"\" width=\"800\" height=\"600\" srcset=\"https:\/\/84310.fr\/jardin-morierois\/wp-content\/uploads\/2021\/06\/DSCN3638.jpg 800w, https:\/\/84310.fr\/jardin-morierois\/wp-content\/uploads\/2021\/06\/DSCN3638-300x225.jpg 300w, https:\/\/84310.fr\/jardin-morierois\/wp-content\/uploads\/2021\/06\/DSCN3638-768x576.jpg 768w\" sizes=\"auto, (max-width: 800px) 100vw, 800px\" \/> <img loading=\"lazy\" decoding=\"async\" class=\"alignnone size-full wp-image-3548\" src=\"https:\/\/84310.fr\/jardin-morierois\/wp-content\/uploads\/2021\/06\/DSCN3639.jpg\" alt=\"\" width=\"800\" height=\"600\" srcset=\"https:\/\/84310.fr\/jardin-morierois\/wp-content\/uploads\/2021\/06\/DSCN3639.jpg 800w, https:\/\/84310.fr\/jardin-morierois\/wp-content\/uploads\/2021\/06\/DSCN3639-300x225.jpg 300w, https:\/\/84310.fr\/jardin-morierois\/wp-content\/uploads\/2021\/06\/DSCN3639-768x576.jpg 768w\" sizes=\"auto, (max-width: 800px) 100vw, 800px\" \/> <img loading=\"lazy\" decoding=\"async\" class=\"alignnone size-full wp-image-3549\" src=\"https:\/\/84310.fr\/jardin-morierois\/wp-content\/uploads\/2021\/06\/DSCN3640.jpg\" alt=\"\" width=\"800\" height=\"600\" srcset=\"https:\/\/84310.fr\/jardin-morierois\/wp-content\/uploads\/2021\/06\/DSCN3640.jpg 800w, https:\/\/84310.fr\/jardin-morierois\/wp-content\/uploads\/2021\/06\/DSCN3640-300x225.jpg 300w, https:\/\/84310.fr\/jardin-morierois\/wp-content\/uploads\/2021\/06\/DSCN3640-768x576.jpg 768w\" sizes=\"auto, (max-width: 800px) 100vw, 800px\" \/> <img loading=\"lazy\" decoding=\"async\" class=\"alignnone size-full wp-image-3550\" src=\"https:\/\/84310.fr\/jardin-morierois\/wp-content\/uploads\/2021\/06\/DSCN3641.jpg\" alt=\"\" width=\"800\" height=\"600\" srcset=\"https:\/\/84310.fr\/jardin-morierois\/wp-content\/uploads\/2021\/06\/DSCN3641.jpg 800w, https:\/\/84310.fr\/jardin-morierois\/wp-content\/uploads\/2021\/06\/DSCN3641-300x225.jpg 300w, https:\/\/84310.fr\/jardin-morierois\/wp-content\/uploads\/2021\/06\/DSCN3641-768x576.jpg 768w\" sizes=\"auto, (max-width: 800px) 100vw, 800px\" \/>\u00a0\u00a0 <img loading=\"lazy\" decoding=\"async\" class=\"alignnone size-full wp-image-3553\" src=\"https:\/\/84310.fr\/jardin-morierois\/wp-content\/uploads\/2021\/06\/DSCN3644.jpg\" alt=\"\" width=\"800\" height=\"600\" srcset=\"https:\/\/84310.fr\/jardin-morierois\/wp-content\/uploads\/2021\/06\/DSCN3644.jpg 800w, https:\/\/84310.fr\/jardin-morierois\/wp-content\/uploads\/2021\/06\/DSCN3644-300x225.jpg 300w, https:\/\/84310.fr\/jardin-morierois\/wp-content\/uploads\/2021\/06\/DSCN3644-768x576.jpg 768w\" sizes=\"auto, (max-width: 800px) 100vw, 800px\" \/> <img loading=\"lazy\" decoding=\"async\" class=\"alignnone size-full wp-image-3554\" src=\"https:\/\/84310.fr\/jardin-morierois\/wp-content\/uploads\/2021\/06\/DSCN3645.jpg\" alt=\"\" width=\"800\" height=\"600\" srcset=\"https:\/\/84310.fr\/jardin-morierois\/wp-content\/uploads\/2021\/06\/DSCN3645.jpg 800w, https:\/\/84310.fr\/jardin-morierois\/wp-content\/uploads\/2021\/06\/DSCN3645-300x225.jpg 300w, https:\/\/84310.fr\/jardin-morierois\/wp-content\/uploads\/2021\/06\/DSCN3645-768x576.jpg 768w\" sizes=\"auto, (max-width: 800px) 100vw, 800px\" \/> <img loading=\"lazy\" decoding=\"async\" class=\"alignnone size-full wp-image-3555\" src=\"https:\/\/84310.fr\/jardin-morierois\/wp-content\/uploads\/2021\/06\/DSCN3646.jpg\" alt=\"\" width=\"800\" height=\"600\" srcset=\"https:\/\/84310.fr\/jardin-morierois\/wp-content\/uploads\/2021\/06\/DSCN3646.jpg 800w, https:\/\/84310.fr\/jardin-morierois\/wp-content\/uploads\/2021\/06\/DSCN3646-300x225.jpg 300w, https:\/\/84310.fr\/jardin-morierois\/wp-content\/uploads\/2021\/06\/DSCN3646-768x576.jpg 768w\" sizes=\"auto, (max-width: 800px) 100vw, 800px\" \/> <img loading=\"lazy\" decoding=\"async\" class=\"alignnone size-full wp-image-3556\" src=\"https:\/\/84310.fr\/jardin-morierois\/wp-content\/uploads\/2021\/06\/DSCN3647.jpg\" alt=\"\" width=\"800\" height=\"600\" srcset=\"https:\/\/84310.fr\/jardin-morierois\/wp-content\/uploads\/2021\/06\/DSCN3647.jpg 800w, https:\/\/84310.fr\/jardin-morierois\/wp-content\/uploads\/2021\/06\/DSCN3647-300x225.jpg 300w, https:\/\/84310.fr\/jardin-morierois\/wp-content\/uploads\/2021\/06\/DSCN3647-768x576.jpg 768w\" sizes=\"auto, (max-width: 800px) 100vw, 800px\" \/> <img loading=\"lazy\" decoding=\"async\" class=\"alignnone size-full wp-image-3557\" src=\"https:\/\/84310.fr\/jardin-morierois\/wp-content\/uploads\/2021\/06\/DSCN3648.jpg\" alt=\"\" width=\"800\" height=\"600\" srcset=\"https:\/\/84310.fr\/jardin-morierois\/wp-content\/uploads\/2021\/06\/DSCN3648.jpg 800w, https:\/\/84310.fr\/jardin-morierois\/wp-content\/uploads\/2021\/06\/DSCN3648-300x225.jpg 300w, https:\/\/84310.fr\/jardin-morierois\/wp-content\/uploads\/2021\/06\/DSCN3648-768x576.jpg 768w\" sizes=\"auto, (max-width: 800px) 100vw, 800px\" \/> <img loading=\"lazy\" decoding=\"async\" class=\"alignnone size-full wp-image-3558\" src=\"https:\/\/84310.fr\/jardin-morierois\/wp-content\/uploads\/2021\/06\/DSCN3649.jpg\" alt=\"\" width=\"800\" height=\"600\" srcset=\"https:\/\/84310.fr\/jardin-morierois\/wp-content\/uploads\/2021\/06\/DSCN3649.jpg 800w, https:\/\/84310.fr\/jardin-morierois\/wp-content\/uploads\/2021\/06\/DSCN3649-300x225.jpg 300w, https:\/\/84310.fr\/jardin-morierois\/wp-content\/uploads\/2021\/06\/DSCN3649-768x576.jpg 768w\" sizes=\"auto, (max-width: 800px) 100vw, 800px\" \/> <img loading=\"lazy\" decoding=\"async\" class=\"alignnone size-full wp-image-3559\" src=\"https:\/\/84310.fr\/jardin-morierois\/wp-content\/uploads\/2021\/06\/DSCN3650.jpg\" alt=\"\" width=\"800\" height=\"600\" srcset=\"https:\/\/84310.fr\/jardin-morierois\/wp-content\/uploads\/2021\/06\/DSCN3650.jpg 800w, https:\/\/84310.fr\/jardin-morierois\/wp-content\/uploads\/2021\/06\/DSCN3650-300x225.jpg 300w, https:\/\/84310.fr\/jardin-morierois\/wp-content\/uploads\/2021\/06\/DSCN3650-768x576.jpg 768w\" sizes=\"auto, (max-width: 800px) 100vw, 800px\" \/><\/p>\n","protected":false},"excerpt":{"rendered":"<p>un bref coup d\u2019\u0153il en quelques photos pour montrer l&rsquo;\u00e9volution de la v\u00e9g\u00e9tation et des projets en cours. \u00a0\u00a0<\/p>\n","protected":false},"author":1,"featured_media":0,"parent":0,"menu_order":0,"comment_status":"closed","ping_status":"closed","template":"","meta":{"_exactmetrics_skip_tracking":false,"_exactmetrics_sitenote_active":false,"_exactmetrics_sitenote_note":"","_exactmetrics_sitenote_category":0,"footnotes":""},"class_list":["post-3544","page","type-page","status-publish","hentry"],"_links":{"self":[{"href":"https:\/\/84310.fr\/jardin-morierois\/wp-json\/wp\/v2\/pages\/3544","targetHints":{"allow":["GET"]}}],"collection":[{"href":"https:\/\/84310.fr\/jardin-morierois\/wp-json\/wp\/v2\/pages"}],"about":[{"href":"https:\/\/84310.fr\/jardin-morierois\/wp-json\/wp\/v2\/types\/page"}],"author":[{"embeddable":true,"href":"https:\/\/84310.fr\/jardin-morierois\/wp-json\/wp\/v2\/users\/1"}],"replies":[{"embeddable":true,"href":"https:\/\/84310.fr\/jardin-morierois\/wp-json\/wp\/v2\/comments?post=3544"}],"version-history":[{"count":2,"href":"https:\/\/84310.fr\/jardin-morierois\/wp-json\/wp\/v2\/pages\/3544\/revisions"}],"predecessor-version":[{"id":3561,"href":"https:\/\/84310.fr\/jardin-morierois\/wp-json\/wp\/v2\/pages\/3544\/revisions\/3561"}],"wp:attachment":[{"href":"https:\/\/84310.fr\/jardin-morierois\/wp-json\/wp\/v2\/media?parent=3544"}],"curies":[{"name":"wp","href":"https:\/\/api.w.org\/{rel}","templated":true}]}}