{"id":3537,"date":"2021-06-13T20:53:02","date_gmt":"2021-06-13T19:53:02","guid":{"rendered":"http:\/\/84310.fr\/jardin-morierois\/?page_id=3537"},"modified":"2021-06-13T20:53:02","modified_gmt":"2021-06-13T19:53:02","slug":"2021-operation-gourmands","status":"publish","type":"page","link":"https:\/\/84310.fr\/jardin-morierois\/2021-operation-gourmands\/","title":{"rendered":"2021 op\u00e9ration gourmands"},"content":{"rendered":"<p>comme chaque ann\u00e9e, je me fais \u00ab\u00a0avoir\u00a0\u00bb sur mes choix de d\u00e9but de saison. le sujet saisonnier de tout bon jardinier revient \u00e0 chaque cycle&#8230; gourmands, les garder ou pas ?<br \/>\npour r\u00e9sumer, quand les plants sont petits, m\u00eame plant\u00e9s en terre, je ne vois pas ce qui g\u00e8ne \u00e0 les laisser &#8230;. mais quand les plants deviennent grands, on voit partir de \u00e7a et l\u00e0 de multiples branches de tomates dans un ordre plut\u00f4t chaotique.<br \/>\nsachant que ces grandes branches risquent de g\u00eaner le passage, et d&rsquo;affaiblir les plants m\u00eame s&rsquo;ils sont porteurs de fruits, j&rsquo;ai pr\u00e9f\u00e9r\u00e9 en supprimer quelques uns.<br \/>\nsupprimer, c&rsquo;est bien, mais c&rsquo;est g\u00e2cher un peu le travail qu&rsquo;a fourni le plant .. il est une technique de r\u00e9plication des plants, qui pourrait s\u2019av\u00e9rer utile pour ce nouveau projet.<br \/>\nbut : recr\u00e9er d&rsquo;autres plants de tomates \u00e0 partir des gourmands supprim\u00e9s, pour \u00e9ventuellement les donner \u00e0 des jardins partag\u00e9s &#8230;<br \/>\nil suffit de mettre les gourmands coup\u00e9s \u00e0 tremper dans de l&rsquo;eau avec une exposition \u00e0 la lumi\u00e8re mais pas directe .<\/p>\n<h5><span style=\"color: #800080;\"><strong>13 JUIN 2021<\/strong><\/span><\/h5>\n<p><img loading=\"lazy\" decoding=\"async\" class=\"alignnone size-full wp-image-3538\" src=\"https:\/\/84310.fr\/jardin-morierois\/wp-content\/uploads\/2021\/06\/DSCN3632.jpg\" alt=\"\" width=\"800\" height=\"600\" srcset=\"https:\/\/84310.fr\/jardin-morierois\/wp-content\/uploads\/2021\/06\/DSCN3632.jpg 800w, https:\/\/84310.fr\/jardin-morierois\/wp-content\/uploads\/2021\/06\/DSCN3632-300x225.jpg 300w, https:\/\/84310.fr\/jardin-morierois\/wp-content\/uploads\/2021\/06\/DSCN3632-768x576.jpg 768w\" sizes=\"auto, (max-width: 800px) 100vw, 800px\" \/><br \/>\nNormalement, d&rsquo;ici quelques jours des racines devraient apparaitre dans les bouteilles d&rsquo;eau.<br \/>\n<img loading=\"lazy\" decoding=\"async\" class=\"alignnone size-full wp-image-3539\" src=\"https:\/\/84310.fr\/jardin-morierois\/wp-content\/uploads\/2021\/06\/DSCN3633.jpg\" alt=\"\" width=\"600\" height=\"800\" srcset=\"https:\/\/84310.fr\/jardin-morierois\/wp-content\/uploads\/2021\/06\/DSCN3633.jpg 600w, https:\/\/84310.fr\/jardin-morierois\/wp-content\/uploads\/2021\/06\/DSCN3633-225x300.jpg 225w\" sizes=\"auto, (max-width: 600px) 100vw, 600px\" \/><br \/>\nJ&rsquo;ai fait 5 r\u00e9cipients diff\u00e9rents &#8230; 5 vari\u00e9t\u00e9s<br \/>\n<img loading=\"lazy\" decoding=\"async\" class=\"alignnone size-full wp-image-3540\" src=\"https:\/\/84310.fr\/jardin-morierois\/wp-content\/uploads\/2021\/06\/DSCN3634.jpg\" alt=\"\" width=\"600\" height=\"800\" srcset=\"https:\/\/84310.fr\/jardin-morierois\/wp-content\/uploads\/2021\/06\/DSCN3634.jpg 600w, https:\/\/84310.fr\/jardin-morierois\/wp-content\/uploads\/2021\/06\/DSCN3634-225x300.jpg 225w\" sizes=\"auto, (max-width: 600px) 100vw, 600px\" \/><br \/>\nGreen Copia, Great White, Black from TULA, Poivron Vincent et Beaut\u00e9 blanche du canada.<br \/>\n<img loading=\"lazy\" decoding=\"async\" class=\"alignnone size-full wp-image-3541\" src=\"https:\/\/84310.fr\/jardin-morierois\/wp-content\/uploads\/2021\/06\/DSCN3635.jpg\" alt=\"\" width=\"800\" height=\"600\" srcset=\"https:\/\/84310.fr\/jardin-morierois\/wp-content\/uploads\/2021\/06\/DSCN3635.jpg 800w, https:\/\/84310.fr\/jardin-morierois\/wp-content\/uploads\/2021\/06\/DSCN3635-300x225.jpg 300w, https:\/\/84310.fr\/jardin-morierois\/wp-content\/uploads\/2021\/06\/DSCN3635-768x576.jpg 768w\" sizes=\"auto, (max-width: 800px) 100vw, 800px\" \/><br \/>\nEn y regardant de plus pr\u00e9s, certains qourmands comportent des fleurs mais aussi de petits fruits &#8230;.<br \/>\nA Suivre &#8230;<\/p>\n","protected":false},"excerpt":{"rendered":"<p>comme chaque ann\u00e9e, je me fais \u00ab\u00a0avoir\u00a0\u00bb sur mes choix de d\u00e9but de saison. le sujet saisonnier de tout bon jardinier revient \u00e0 chaque cycle&#8230; gourmands, les garder ou pas ? pour r\u00e9sumer, quand les plants sont petits, m\u00eame plant\u00e9s&hellip; <\/p>\n","protected":false},"author":1,"featured_media":0,"parent":0,"menu_order":0,"comment_status":"closed","ping_status":"closed","template":"","meta":{"_exactmetrics_skip_tracking":false,"_exactmetrics_sitenote_active":false,"_exactmetrics_sitenote_note":"","_exactmetrics_sitenote_category":0,"footnotes":""},"class_list":["post-3537","page","type-page","status-publish","hentry"],"_links":{"self":[{"href":"https:\/\/84310.fr\/jardin-morierois\/wp-json\/wp\/v2\/pages\/3537","targetHints":{"allow":["GET"]}}],"collection":[{"href":"https:\/\/84310.fr\/jardin-morierois\/wp-json\/wp\/v2\/pages"}],"about":[{"href":"https:\/\/84310.fr\/jardin-morierois\/wp-json\/wp\/v2\/types\/page"}],"author":[{"embeddable":true,"href":"https:\/\/84310.fr\/jardin-morierois\/wp-json\/wp\/v2\/users\/1"}],"replies":[{"embeddable":true,"href":"https:\/\/84310.fr\/jardin-morierois\/wp-json\/wp\/v2\/comments?post=3537"}],"version-history":[{"count":1,"href":"https:\/\/84310.fr\/jardin-morierois\/wp-json\/wp\/v2\/pages\/3537\/revisions"}],"predecessor-version":[{"id":3542,"href":"https:\/\/84310.fr\/jardin-morierois\/wp-json\/wp\/v2\/pages\/3537\/revisions\/3542"}],"wp:attachment":[{"href":"https:\/\/84310.fr\/jardin-morierois\/wp-json\/wp\/v2\/media?parent=3537"}],"curies":[{"name":"wp","href":"https:\/\/api.w.org\/{rel}","templated":true}]}}