{"id":3523,"date":"2021-06-11T21:35:00","date_gmt":"2021-06-11T20:35:00","guid":{"rendered":"http:\/\/84310.fr\/jardin-morierois\/?page_id=3523"},"modified":"2021-06-11T21:35:59","modified_gmt":"2021-06-11T20:35:59","slug":"2021-mai","status":"publish","type":"page","link":"https:\/\/84310.fr\/jardin-morierois\/2021-mai\/","title":{"rendered":"2021 Juin"},"content":{"rendered":"<p>Une premi\u00e8re au jardin Mori\u00e8rois, ma r\u00e9colte de courgettes de Nice rondes<br \/>\nUne farce succulente pr\u00e9par\u00e9e par une jeune Mori\u00e8roise tr\u00e8s dou\u00e9e en cuisine.<\/p>\n<p><img loading=\"lazy\" decoding=\"async\" class=\"alignnone size-full wp-image-3524\" src=\"https:\/\/84310.fr\/jardin-morierois\/wp-content\/uploads\/2021\/06\/DSCN3574.jpg\" alt=\"\" width=\"800\" height=\"600\" srcset=\"https:\/\/84310.fr\/jardin-morierois\/wp-content\/uploads\/2021\/06\/DSCN3574.jpg 800w, https:\/\/84310.fr\/jardin-morierois\/wp-content\/uploads\/2021\/06\/DSCN3574-300x225.jpg 300w, https:\/\/84310.fr\/jardin-morierois\/wp-content\/uploads\/2021\/06\/DSCN3574-768x576.jpg 768w\" sizes=\"auto, (max-width: 800px) 100vw, 800px\" \/><br \/>\nle r\u00e9sultat d&rsquo;une m\u00e2tin\u00e9 de pr\u00e9paration &#8230;. avant &#8230;<br \/>\n<img loading=\"lazy\" decoding=\"async\" class=\"alignnone size-full wp-image-3525\" src=\"https:\/\/84310.fr\/jardin-morierois\/wp-content\/uploads\/2021\/06\/DSCN3576.jpg\" alt=\"\" width=\"800\" height=\"600\" srcset=\"https:\/\/84310.fr\/jardin-morierois\/wp-content\/uploads\/2021\/06\/DSCN3576.jpg 800w, https:\/\/84310.fr\/jardin-morierois\/wp-content\/uploads\/2021\/06\/DSCN3576-300x225.jpg 300w, https:\/\/84310.fr\/jardin-morierois\/wp-content\/uploads\/2021\/06\/DSCN3576-768x576.jpg 768w\" sizes=\"auto, (max-width: 800px) 100vw, 800px\" \/><br \/>\nEt apr\u00e8s &#8230;. ( il en manque d\u00e9j\u00e0 &#8230; c&rsquo;\u00e9tait trop bon )<\/p>\n","protected":false},"excerpt":{"rendered":"<p>Une premi\u00e8re au jardin Mori\u00e8rois, ma r\u00e9colte de courgettes de Nice rondes Une farce succulente pr\u00e9par\u00e9e par une jeune Mori\u00e8roise tr\u00e8s dou\u00e9e en cuisine. le r\u00e9sultat d&rsquo;une m\u00e2tin\u00e9 de pr\u00e9paration &#8230;. avant &#8230; Et apr\u00e8s &#8230;. ( il en manque&hellip; <\/p>\n","protected":false},"author":1,"featured_media":0,"parent":0,"menu_order":0,"comment_status":"closed","ping_status":"closed","template":"","meta":{"_exactmetrics_skip_tracking":false,"_exactmetrics_sitenote_active":false,"_exactmetrics_sitenote_note":"","_exactmetrics_sitenote_category":0,"footnotes":""},"class_list":["post-3523","page","type-page","status-publish","hentry"],"_links":{"self":[{"href":"https:\/\/84310.fr\/jardin-morierois\/wp-json\/wp\/v2\/pages\/3523","targetHints":{"allow":["GET"]}}],"collection":[{"href":"https:\/\/84310.fr\/jardin-morierois\/wp-json\/wp\/v2\/pages"}],"about":[{"href":"https:\/\/84310.fr\/jardin-morierois\/wp-json\/wp\/v2\/types\/page"}],"author":[{"embeddable":true,"href":"https:\/\/84310.fr\/jardin-morierois\/wp-json\/wp\/v2\/users\/1"}],"replies":[{"embeddable":true,"href":"https:\/\/84310.fr\/jardin-morierois\/wp-json\/wp\/v2\/comments?post=3523"}],"version-history":[{"count":2,"href":"https:\/\/84310.fr\/jardin-morierois\/wp-json\/wp\/v2\/pages\/3523\/revisions"}],"predecessor-version":[{"id":3527,"href":"https:\/\/84310.fr\/jardin-morierois\/wp-json\/wp\/v2\/pages\/3523\/revisions\/3527"}],"wp:attachment":[{"href":"https:\/\/84310.fr\/jardin-morierois\/wp-json\/wp\/v2\/media?parent=3523"}],"curies":[{"name":"wp","href":"https:\/\/api.w.org\/{rel}","templated":true}]}}