{"id":3467,"date":"2021-05-09T21:02:07","date_gmt":"2021-05-09T20:02:07","guid":{"rendered":"http:\/\/84310.fr\/jardin-morierois\/?page_id=3467"},"modified":"2021-06-07T21:37:21","modified_gmt":"2021-06-07T20:37:21","slug":"mini-aquaponie","status":"publish","type":"page","link":"https:\/\/84310.fr\/jardin-morierois\/mini-aquaponie\/","title":{"rendered":"Mini AQUAPONIE"},"content":{"rendered":"<h5><span style=\"color: #993366;\"><strong>9 MAI 2021<\/strong><\/span><\/h5>\n<p>Encore une id\u00e9e farfelue qui me trotte dans la t\u00eate depuis d\u00e9j\u00e0 quelques ann\u00e9es.<\/p>\n<p>Suite \u00e0 ma page r\u00e9cemment cr\u00e9\u00e9e \u00a0\u00bb <a href=\"https:\/\/84310.fr\/jardin-morierois\/booster-ses-legumes-avec-le-bassin-a-poissons\/\"><strong>Booster ses l\u00e9gumes avec le bassin \u00e0 poissons<\/strong><\/a> \u00a0\u00bb<\/p>\n<p>le test d&rsquo;aquaponie ne pouvait pas se trouver bien loin. une peu de d\u00e9finition :<br \/>\n<span class=\"ILfuVd\"><span class=\"hgKElc\">L&rsquo;<b>aquaponie<\/b> est une m\u00e9thode de culture de poissons et de plantes dans le m\u00eame syst\u00e8me. Les d\u00e9chets produits par les poissons sont utilis\u00e9s comme source de nutriments par les plantes, ce qui maintient un environnement sain pour les poisson.<br \/>\n<\/span><\/span><br \/>\ndans le titre de l&rsquo;exp\u00e9rience, <strong>Mini aquaponie<\/strong>, il ne va pas \u00eatre possible de r\u00e9aliser la partie ou les poisson pourront r\u00e9cup\u00e9rer un environnement sain, nous allons juste faire la premi\u00e8re partie ou les d\u00e9chets produits par les poissons seront les nutriments des plantes.<\/p>\n<p>L&rsquo;exp\u00e9rience va \u00eatre de comparer la croissance de 5 vari\u00e9t\u00e9s de salades dont un exemplaire sera cultiv\u00e9 en jardin bio traditionnel, classique, et l&rsquo;autre exemplaire des 5 vari\u00e9t\u00e9s sera cultiv\u00e9 dans un mini syst\u00e8me aquaponique, r\u00e9sum\u00e9 en son plus simple mod\u00e8le, des plants seront pos\u00e9s dans un r\u00e9cipient contenant de l&rsquo;eau de marre \u00e0 poisson ( ici appel\u00e9e Jus de poisson )<br \/>\n<img loading=\"lazy\" decoding=\"async\" class=\"alignnone size-full wp-image-3468\" src=\"https:\/\/84310.fr\/jardin-morierois\/wp-content\/uploads\/2021\/05\/DSCN3336.jpg\" alt=\"\" width=\"800\" height=\"600\" srcset=\"https:\/\/84310.fr\/jardin-morierois\/wp-content\/uploads\/2021\/05\/DSCN3336.jpg 800w, https:\/\/84310.fr\/jardin-morierois\/wp-content\/uploads\/2021\/05\/DSCN3336-300x225.jpg 300w, https:\/\/84310.fr\/jardin-morierois\/wp-content\/uploads\/2021\/05\/DSCN3336-768x576.jpg 768w\" sizes=\"auto, (max-width: 800px) 100vw, 800px\" \/><br \/>\ndeux exemplaires de 5 vari\u00e9t\u00e9s de salades.<br \/>\n<img loading=\"lazy\" decoding=\"async\" class=\"alignnone size-full wp-image-3469\" src=\"https:\/\/84310.fr\/jardin-morierois\/wp-content\/uploads\/2021\/05\/DSCN3337.jpg\" alt=\"\" width=\"800\" height=\"600\" srcset=\"https:\/\/84310.fr\/jardin-morierois\/wp-content\/uploads\/2021\/05\/DSCN3337.jpg 800w, https:\/\/84310.fr\/jardin-morierois\/wp-content\/uploads\/2021\/05\/DSCN3337-300x225.jpg 300w, https:\/\/84310.fr\/jardin-morierois\/wp-content\/uploads\/2021\/05\/DSCN3337-768x576.jpg 768w\" sizes=\"auto, (max-width: 800px) 100vw, 800px\" \/><br \/>\nUn exemplaire de chaque vari\u00e9t\u00e9 de salade va aller en jardin bio classique, en pleine terre et l&rsquo;autre va aller dans une barquette flottante sur du jus de poisson.<img loading=\"lazy\" decoding=\"async\" class=\"alignnone size-full wp-image-3470\" src=\"https:\/\/84310.fr\/jardin-morierois\/wp-content\/uploads\/2021\/05\/DSCN3338.jpg\" alt=\"\" width=\"800\" height=\"600\" srcset=\"https:\/\/84310.fr\/jardin-morierois\/wp-content\/uploads\/2021\/05\/DSCN3338.jpg 800w, https:\/\/84310.fr\/jardin-morierois\/wp-content\/uploads\/2021\/05\/DSCN3338-300x225.jpg 300w, https:\/\/84310.fr\/jardin-morierois\/wp-content\/uploads\/2021\/05\/DSCN3338-768x576.jpg 768w\" sizes=\"auto, (max-width: 800px) 100vw, 800px\" \/><br \/>\nne cherchez pas la petite b\u00eate, il n&rsquo;y a rien de droit, ni de trac\u00e9, ni d&rsquo;\u00e9gal ou de sym\u00e9trique. Ce support a \u00e9t\u00e9 fait \u00e0 l\u2019arrache, dans l&rsquo;urgence avec les moyens du bord ( c&rsquo;est \u00e0 dire aucun moyen particulier juste ce qu&rsquo;on avait sous la main.)<br \/>\n<img loading=\"lazy\" decoding=\"async\" class=\"alignnone size-full wp-image-3471\" src=\"https:\/\/84310.fr\/jardin-morierois\/wp-content\/uploads\/2021\/05\/DSCN3339.jpg\" alt=\"\" width=\"800\" height=\"600\" srcset=\"https:\/\/84310.fr\/jardin-morierois\/wp-content\/uploads\/2021\/05\/DSCN3339.jpg 800w, https:\/\/84310.fr\/jardin-morierois\/wp-content\/uploads\/2021\/05\/DSCN3339-300x225.jpg 300w, https:\/\/84310.fr\/jardin-morierois\/wp-content\/uploads\/2021\/05\/DSCN3339-768x576.jpg 768w\" sizes=\"auto, (max-width: 800px) 100vw, 800px\" \/><br \/>\ndes godets seront de jolis paniers pour maintenir les plants de salades dans le jus de poisson sans qu&rsquo;ils tombent au fond du r\u00e9cipient. ( d\u00e9sol\u00e9, je n&rsquo;ai pas pu avoir 5 petits godets identiques,<br \/>\n<img loading=\"lazy\" decoding=\"async\" class=\"alignnone size-full wp-image-3472\" src=\"https:\/\/84310.fr\/jardin-morierois\/wp-content\/uploads\/2021\/05\/DSCN3340.jpg\" alt=\"\" width=\"800\" height=\"600\" srcset=\"https:\/\/84310.fr\/jardin-morierois\/wp-content\/uploads\/2021\/05\/DSCN3340.jpg 800w, https:\/\/84310.fr\/jardin-morierois\/wp-content\/uploads\/2021\/05\/DSCN3340-300x225.jpg 300w, https:\/\/84310.fr\/jardin-morierois\/wp-content\/uploads\/2021\/05\/DSCN3340-768x576.jpg 768w\" sizes=\"auto, (max-width: 800px) 100vw, 800px\" \/><br \/>\nLes godets sont trou\u00e9s ( normal ) et permettront aux racines de descendre chercher des nutriments.<br \/>\n<img loading=\"lazy\" decoding=\"async\" class=\"alignnone size-full wp-image-3474\" src=\"https:\/\/84310.fr\/jardin-morierois\/wp-content\/uploads\/2021\/05\/DSCN3342.jpg\" alt=\"\" width=\"800\" height=\"600\" srcset=\"https:\/\/84310.fr\/jardin-morierois\/wp-content\/uploads\/2021\/05\/DSCN3342.jpg 800w, https:\/\/84310.fr\/jardin-morierois\/wp-content\/uploads\/2021\/05\/DSCN3342-300x225.jpg 300w, https:\/\/84310.fr\/jardin-morierois\/wp-content\/uploads\/2021\/05\/DSCN3342-768x576.jpg 768w\" sizes=\"auto, (max-width: 800px) 100vw, 800px\" \/><br \/>\nUne grande vasque en plastique servira de r\u00e9cipient \u00e0 jus de poisson, et permettra la flottaison de l&rsquo;exp\u00e9rience<br \/>\n<img loading=\"lazy\" decoding=\"async\" class=\"alignnone size-full wp-image-3475\" src=\"https:\/\/84310.fr\/jardin-morierois\/wp-content\/uploads\/2021\/05\/DSCN3343.jpg\" alt=\"\" width=\"800\" height=\"600\" srcset=\"https:\/\/84310.fr\/jardin-morierois\/wp-content\/uploads\/2021\/05\/DSCN3343.jpg 800w, https:\/\/84310.fr\/jardin-morierois\/wp-content\/uploads\/2021\/05\/DSCN3343-300x225.jpg 300w, https:\/\/84310.fr\/jardin-morierois\/wp-content\/uploads\/2021\/05\/DSCN3343-768x576.jpg 768w\" sizes=\"auto, (max-width: 800px) 100vw, 800px\" \/><br \/>\nLes salades ont pris leur place dans les godets<br \/>\n<img loading=\"lazy\" decoding=\"async\" class=\"alignnone size-full wp-image-3476\" src=\"https:\/\/84310.fr\/jardin-morierois\/wp-content\/uploads\/2021\/05\/DSCN3344.jpg\" alt=\"\" width=\"800\" height=\"600\" srcset=\"https:\/\/84310.fr\/jardin-morierois\/wp-content\/uploads\/2021\/05\/DSCN3344.jpg 800w, https:\/\/84310.fr\/jardin-morierois\/wp-content\/uploads\/2021\/05\/DSCN3344-300x225.jpg 300w, https:\/\/84310.fr\/jardin-morierois\/wp-content\/uploads\/2021\/05\/DSCN3344-768x576.jpg 768w\" sizes=\"auto, (max-width: 800px) 100vw, 800px\" \/><br \/>\nLa motte terreau devrais se \u00ab\u00a0dissoudre\u00a0\u00bb dans le liquide, mais les plants de salades devraient rester dans les godets, nourris par leur racines qui elles, pourront descendre dans le jus de poisson.<br \/>\n<img loading=\"lazy\" decoding=\"async\" class=\"alignnone size-full wp-image-3477\" src=\"https:\/\/84310.fr\/jardin-morierois\/wp-content\/uploads\/2021\/05\/DSCN3345.jpg\" alt=\"\" width=\"800\" height=\"600\" srcset=\"https:\/\/84310.fr\/jardin-morierois\/wp-content\/uploads\/2021\/05\/DSCN3345.jpg 800w, https:\/\/84310.fr\/jardin-morierois\/wp-content\/uploads\/2021\/05\/DSCN3345-300x225.jpg 300w, https:\/\/84310.fr\/jardin-morierois\/wp-content\/uploads\/2021\/05\/DSCN3345-768x576.jpg 768w\" sizes=\"auto, (max-width: 800px) 100vw, 800px\" \/><br \/>\nles cinq autres plants de salade sont plant\u00e9s dans un des vieux carr\u00e9 potager.<br \/>\n<img loading=\"lazy\" decoding=\"async\" class=\"alignnone size-full wp-image-3478\" src=\"https:\/\/84310.fr\/jardin-morierois\/wp-content\/uploads\/2021\/05\/DSCN3346.jpg\" alt=\"\" width=\"800\" height=\"600\" srcset=\"https:\/\/84310.fr\/jardin-morierois\/wp-content\/uploads\/2021\/05\/DSCN3346.jpg 800w, https:\/\/84310.fr\/jardin-morierois\/wp-content\/uploads\/2021\/05\/DSCN3346-300x225.jpg 300w, https:\/\/84310.fr\/jardin-morierois\/wp-content\/uploads\/2021\/05\/DSCN3346-768x576.jpg 768w\" sizes=\"auto, (max-width: 800px) 100vw, 800px\" \/><br \/>\nla mini exp\u00e9rience d&rsquo;aquaponie va \u00eatre mise au m\u00eame endroit que les plants en pleine terre pour que l&rsquo;ensemble b\u00e9n\u00e9ficie des m\u00eames conditions climatiques et d&rsquo;ensoleillement.<br \/>\n<img loading=\"lazy\" decoding=\"async\" class=\"alignnone size-full wp-image-3479\" src=\"https:\/\/84310.fr\/jardin-morierois\/wp-content\/uploads\/2021\/05\/DSCN3348.jpg\" alt=\"\" width=\"800\" height=\"600\" srcset=\"https:\/\/84310.fr\/jardin-morierois\/wp-content\/uploads\/2021\/05\/DSCN3348.jpg 800w, https:\/\/84310.fr\/jardin-morierois\/wp-content\/uploads\/2021\/05\/DSCN3348-300x225.jpg 300w, https:\/\/84310.fr\/jardin-morierois\/wp-content\/uploads\/2021\/05\/DSCN3348-768x576.jpg 768w\" sizes=\"auto, (max-width: 800px) 100vw, 800px\" \/><br \/>\nEn gros plan, on voit bien que la salade baigne bien dans le jus de poisson.<\/p>\n<p>\u00e0 suivre &#8230;.<\/p>\n<h5><span style=\"color: #800080;\"><strong>17 MAI 2021<\/strong><\/span><\/h5>\n<p><img loading=\"lazy\" decoding=\"async\" class=\"alignnone size-full wp-image-3505\" src=\"https:\/\/84310.fr\/jardin-morierois\/wp-content\/uploads\/2021\/06\/DSCN3442.jpg\" alt=\"\" width=\"800\" height=\"600\" srcset=\"https:\/\/84310.fr\/jardin-morierois\/wp-content\/uploads\/2021\/06\/DSCN3442.jpg 800w, https:\/\/84310.fr\/jardin-morierois\/wp-content\/uploads\/2021\/06\/DSCN3442-300x225.jpg 300w, https:\/\/84310.fr\/jardin-morierois\/wp-content\/uploads\/2021\/06\/DSCN3442-768x576.jpg 768w\" sizes=\"auto, (max-width: 800px) 100vw, 800px\" \/><br \/>\nles salades continuent de grossir<br \/>\n<img loading=\"lazy\" decoding=\"async\" class=\"alignnone size-full wp-image-3506\" src=\"https:\/\/84310.fr\/jardin-morierois\/wp-content\/uploads\/2021\/06\/DSCN3443.jpg\" alt=\"\" width=\"800\" height=\"600\" srcset=\"https:\/\/84310.fr\/jardin-morierois\/wp-content\/uploads\/2021\/06\/DSCN3443.jpg 800w, https:\/\/84310.fr\/jardin-morierois\/wp-content\/uploads\/2021\/06\/DSCN3443-300x225.jpg 300w, https:\/\/84310.fr\/jardin-morierois\/wp-content\/uploads\/2021\/06\/DSCN3443-768x576.jpg 768w\" sizes=\"auto, (max-width: 800px) 100vw, 800px\" \/><br \/>\nElles sont de taille presque identique 8 jours apr\u00e8s.<\/p>\n<h5><span style=\"color: #800080;\"><strong>30 MAI 2021<\/strong><\/span><\/h5>\n<p><img loading=\"lazy\" decoding=\"async\" class=\"alignnone size-full wp-image-3507\" src=\"https:\/\/84310.fr\/jardin-morierois\/wp-content\/uploads\/2021\/06\/DSCN3495.jpg\" alt=\"\" width=\"800\" height=\"600\" srcset=\"https:\/\/84310.fr\/jardin-morierois\/wp-content\/uploads\/2021\/06\/DSCN3495.jpg 800w, https:\/\/84310.fr\/jardin-morierois\/wp-content\/uploads\/2021\/06\/DSCN3495-300x225.jpg 300w, https:\/\/84310.fr\/jardin-morierois\/wp-content\/uploads\/2021\/06\/DSCN3495-768x576.jpg 768w\" sizes=\"auto, (max-width: 800px) 100vw, 800px\" \/><br \/>\nde belles racines, qui descendent jusqu&rsquo;en bas du r\u00e9cipient contenant le jus de poisson, ( qui a \u00e9t\u00e9 rajout\u00e9 au fur et \u00e0 mesure du temps).<br \/>\n<img loading=\"lazy\" decoding=\"async\" class=\"alignnone size-full wp-image-3508\" src=\"https:\/\/84310.fr\/jardin-morierois\/wp-content\/uploads\/2021\/06\/DSCN3497.jpg\" alt=\"\" width=\"800\" height=\"600\" srcset=\"https:\/\/84310.fr\/jardin-morierois\/wp-content\/uploads\/2021\/06\/DSCN3497.jpg 800w, https:\/\/84310.fr\/jardin-morierois\/wp-content\/uploads\/2021\/06\/DSCN3497-300x225.jpg 300w, https:\/\/84310.fr\/jardin-morierois\/wp-content\/uploads\/2021\/06\/DSCN3497-768x576.jpg 768w\" sizes=\"auto, (max-width: 800px) 100vw, 800px\" \/><br \/>\n3 semaines apr\u00e8s le d\u00e9but de cette exp\u00e9rience, le r\u00e9sultat parle de lui m\u00eame&#8230;<br \/>\n<img loading=\"lazy\" decoding=\"async\" class=\"alignnone size-full wp-image-3509\" src=\"https:\/\/84310.fr\/jardin-morierois\/wp-content\/uploads\/2021\/06\/DSCN3499.jpg\" alt=\"\" width=\"800\" height=\"600\" srcset=\"https:\/\/84310.fr\/jardin-morierois\/wp-content\/uploads\/2021\/06\/DSCN3499.jpg 800w, https:\/\/84310.fr\/jardin-morierois\/wp-content\/uploads\/2021\/06\/DSCN3499-300x225.jpg 300w, https:\/\/84310.fr\/jardin-morierois\/wp-content\/uploads\/2021\/06\/DSCN3499-768x576.jpg 768w\" sizes=\"auto, (max-width: 800px) 100vw, 800px\" \/><br \/>\nLes salades exp\u00e9rimentales ont \u00e9t\u00e9 mises en terre pour essayer de les sauver ( et de les manger si possible )<br \/>\non voit bien la diff\u00e9rence entre celles qui ont b\u00e9n\u00e9fici\u00e9 de la terre classique ( les grosses ) et celles qui n&rsquo;ont eu que du jus de poisson ( les petites )<\/p>\n<p>cette exp\u00e9rience est un \u00e9chec, mais il faudra am\u00e9liorer et modifier le d\u00e9roulement de la suite, si suite il y a &#8230;.<\/p>\n<p><img loading=\"lazy\" decoding=\"async\" class=\"alignnone size-full wp-image-1839\" src=\"https:\/\/84310.fr\/jardin-morierois\/wp-content\/uploads\/2018\/03\/ECHEC.png\" alt=\"\" width=\"500\" height=\"333\" srcset=\"https:\/\/84310.fr\/jardin-morierois\/wp-content\/uploads\/2018\/03\/ECHEC.png 500w, https:\/\/84310.fr\/jardin-morierois\/wp-content\/uploads\/2018\/03\/ECHEC-300x200.png 300w\" sizes=\"auto, (max-width: 500px) 100vw, 500px\" \/><\/p>\n","protected":false},"excerpt":{"rendered":"<p>9 MAI 2021 Encore une id\u00e9e farfelue qui me trotte dans la t\u00eate depuis d\u00e9j\u00e0 quelques ann\u00e9es. Suite \u00e0 ma page r\u00e9cemment cr\u00e9\u00e9e \u00a0\u00bb Booster ses l\u00e9gumes avec le bassin \u00e0 poissons \u00a0\u00bb le test d&rsquo;aquaponie ne pouvait pas se&hellip; <\/p>\n","protected":false},"author":1,"featured_media":0,"parent":0,"menu_order":0,"comment_status":"closed","ping_status":"closed","template":"","meta":{"_exactmetrics_skip_tracking":false,"_exactmetrics_sitenote_active":false,"_exactmetrics_sitenote_note":"","_exactmetrics_sitenote_category":0,"footnotes":""},"class_list":["post-3467","page","type-page","status-publish","hentry"],"_links":{"self":[{"href":"https:\/\/84310.fr\/jardin-morierois\/wp-json\/wp\/v2\/pages\/3467","targetHints":{"allow":["GET"]}}],"collection":[{"href":"https:\/\/84310.fr\/jardin-morierois\/wp-json\/wp\/v2\/pages"}],"about":[{"href":"https:\/\/84310.fr\/jardin-morierois\/wp-json\/wp\/v2\/types\/page"}],"author":[{"embeddable":true,"href":"https:\/\/84310.fr\/jardin-morierois\/wp-json\/wp\/v2\/users\/1"}],"replies":[{"embeddable":true,"href":"https:\/\/84310.fr\/jardin-morierois\/wp-json\/wp\/v2\/comments?post=3467"}],"version-history":[{"count":6,"href":"https:\/\/84310.fr\/jardin-morierois\/wp-json\/wp\/v2\/pages\/3467\/revisions"}],"predecessor-version":[{"id":3511,"href":"https:\/\/84310.fr\/jardin-morierois\/wp-json\/wp\/v2\/pages\/3467\/revisions\/3511"}],"wp:attachment":[{"href":"https:\/\/84310.fr\/jardin-morierois\/wp-json\/wp\/v2\/media?parent=3467"}],"curies":[{"name":"wp","href":"https:\/\/api.w.org\/{rel}","templated":true}]}}