{"id":3448,"date":"2021-05-08T19:08:00","date_gmt":"2021-05-08T18:08:00","guid":{"rendered":"http:\/\/84310.fr\/jardin-morierois\/?page_id=3448"},"modified":"2021-05-08T19:08:00","modified_gmt":"2021-05-08T18:08:00","slug":"booster-ses-legumes-avec-le-bassin-a-poissons","status":"publish","type":"page","link":"https:\/\/84310.fr\/jardin-morierois\/booster-ses-legumes-avec-le-bassin-a-poissons\/","title":{"rendered":"booster ses l\u00e9gumes avec le bassin \u00e0 poissons"},"content":{"rendered":"<p>comment \u00ab\u00a0booster\u00a0\u00bb ses l\u00e9gumes avec autre chose que de l&rsquo;engrais ( industriel ? beurk ) mais chacun fait comme il veut et surtout comme il peut.<br \/>\nCela faisait quelques ann\u00e9es que l&rsquo;id\u00e9e me trottait dans la t\u00eate &#8230; et cette ann\u00e9e, on se lance dans ce nouveau projet\/test &#8230;. Je ne vois pas ce qui pourrait faire en sorte que cela ne fonctionne pas..<br \/>\nIl y a, juste \u00e0 cot\u00e9 du jardin Mori\u00e8rois, un endroit bien humide, bien naturel, ou les n\u00e9nuphars, les poissons, grenouilles et crapauds, croissent et se multiplient en toute qui\u00e9tude sauf quand un h\u00e9ron vient se repaitre de ses derniers&#8230;<br \/>\n<img loading=\"lazy\" decoding=\"async\" class=\"alignnone size-full wp-image-3452\" src=\"https:\/\/84310.fr\/jardin-morierois\/wp-content\/uploads\/2021\/05\/DSCN3329.jpg\" alt=\"\" width=\"800\" height=\"600\" srcset=\"https:\/\/84310.fr\/jardin-morierois\/wp-content\/uploads\/2021\/05\/DSCN3329.jpg 800w, https:\/\/84310.fr\/jardin-morierois\/wp-content\/uploads\/2021\/05\/DSCN3329-300x225.jpg 300w, https:\/\/84310.fr\/jardin-morierois\/wp-content\/uploads\/2021\/05\/DSCN3329-768x576.jpg 768w\" sizes=\"auto, (max-width: 800px) 100vw, 800px\" \/><br \/>\nCet endroit magique comporte un tr\u00e9sor !!!<br \/>\n<img loading=\"lazy\" decoding=\"async\" class=\"alignnone size-full wp-image-3453\" src=\"https:\/\/84310.fr\/jardin-morierois\/wp-content\/uploads\/2021\/05\/DSCN3330.jpg\" alt=\"\" width=\"800\" height=\"600\" srcset=\"https:\/\/84310.fr\/jardin-morierois\/wp-content\/uploads\/2021\/05\/DSCN3330.jpg 800w, https:\/\/84310.fr\/jardin-morierois\/wp-content\/uploads\/2021\/05\/DSCN3330-300x225.jpg 300w, https:\/\/84310.fr\/jardin-morierois\/wp-content\/uploads\/2021\/05\/DSCN3330-768x576.jpg 768w\" sizes=\"auto, (max-width: 800px) 100vw, 800px\" \/><br \/>\nUn jus de poisson, une vase inf\u00e2me, mais un concentr\u00e9 de bonnes choses.<br \/>\nAyant obtenu l&rsquo;autorisation de venir pr\u00e9lever le pr\u00e9cieux \u00ab\u00a0jus de poisson\u00a0\u00bb il manquait un ustensile pour le r\u00e9cup\u00e9rer.<br \/>\npas d&rsquo;outil existant pour faire l&rsquo;office, il a fallu en cr\u00e9er un. Ce qui fut vite fait.<img loading=\"lazy\" decoding=\"async\" class=\"alignnone size-full wp-image-3449\" src=\"https:\/\/84310.fr\/jardin-morierois\/wp-content\/uploads\/2021\/05\/DSCN3326.jpg\" alt=\"\" width=\"800\" height=\"587\" srcset=\"https:\/\/84310.fr\/jardin-morierois\/wp-content\/uploads\/2021\/05\/DSCN3326.jpg 800w, https:\/\/84310.fr\/jardin-morierois\/wp-content\/uploads\/2021\/05\/DSCN3326-300x220.jpg 300w, https:\/\/84310.fr\/jardin-morierois\/wp-content\/uploads\/2021\/05\/DSCN3326-768x564.jpg 768w\" sizes=\"auto, (max-width: 800px) 100vw, 800px\" \/><br \/>\nL&rsquo;\u00e9puisette \u00e0 \u00ab\u00a0jus de poisson\u00a0\u00bb<br \/>\n<img loading=\"lazy\" decoding=\"async\" class=\"alignnone size-full wp-image-3451\" src=\"https:\/\/84310.fr\/jardin-morierois\/wp-content\/uploads\/2021\/05\/DSCN3328.jpg\" alt=\"\" width=\"800\" height=\"600\" srcset=\"https:\/\/84310.fr\/jardin-morierois\/wp-content\/uploads\/2021\/05\/DSCN3328.jpg 800w, https:\/\/84310.fr\/jardin-morierois\/wp-content\/uploads\/2021\/05\/DSCN3328-300x225.jpg 300w, https:\/\/84310.fr\/jardin-morierois\/wp-content\/uploads\/2021\/05\/DSCN3328-768x576.jpg 768w\" sizes=\"auto, (max-width: 800px) 100vw, 800px\" \/><br \/>\nUn bambou solide, une vieille casserole, quelques trous pour lier les deux ensemble, et c&rsquo;est fait.<br \/>\n<img loading=\"lazy\" decoding=\"async\" class=\"alignnone size-full wp-image-3454\" src=\"https:\/\/84310.fr\/jardin-morierois\/wp-content\/uploads\/2021\/05\/casserole.jpg\" alt=\"\" width=\"800\" height=\"751\" srcset=\"https:\/\/84310.fr\/jardin-morierois\/wp-content\/uploads\/2021\/05\/casserole.jpg 800w, https:\/\/84310.fr\/jardin-morierois\/wp-content\/uploads\/2021\/05\/casserole-300x282.jpg 300w, https:\/\/84310.fr\/jardin-morierois\/wp-content\/uploads\/2021\/05\/casserole-768x721.jpg 768w\" sizes=\"auto, (max-width: 800px) 100vw, 800px\" \/><br \/>\nla casserole doit avoir une contenance d&rsquo;environ 1.5 \u00e0 2 litres<br \/>\n<img loading=\"lazy\" decoding=\"async\" class=\"alignnone size-full wp-image-3450\" src=\"https:\/\/84310.fr\/jardin-morierois\/wp-content\/uploads\/2021\/05\/DSCN3327.jpg\" alt=\"\" width=\"800\" height=\"600\" srcset=\"https:\/\/84310.fr\/jardin-morierois\/wp-content\/uploads\/2021\/05\/DSCN3327.jpg 800w, https:\/\/84310.fr\/jardin-morierois\/wp-content\/uploads\/2021\/05\/DSCN3327-300x225.jpg 300w, https:\/\/84310.fr\/jardin-morierois\/wp-content\/uploads\/2021\/05\/DSCN3327-768x576.jpg 768w\" sizes=\"auto, (max-width: 800px) 100vw, 800px\" \/><br \/>\nj&rsquo;avoue que l&rsquo;aspect de la \u00ab\u00a0sauce\u00a0\u00bb est peu motivante, et l&rsquo;odeur encore moins, mais c&rsquo;est un concentr\u00e9 de d\u00e9jections de poissons, grenouilles, crapauds ainsi qu&rsquo;un mix de d\u00e9composition de n\u00e9nuphars et de tout ce qui peut tomber dans la marre.<\/p>\n<p>D&rsquo;un cot\u00e9 j&rsquo;aide a supprimer l&rsquo;\u00e9paisse couche de vase et ainsi rendre l&rsquo;espace navigable des poissons plus important, et de l&rsquo;autre j&rsquo;apporte des nutriments \u00e0 mes l\u00e9gumes tout autant qu&rsquo;au sol.<\/p>\n","protected":false},"excerpt":{"rendered":"<p>comment \u00ab\u00a0booster\u00a0\u00bb ses l\u00e9gumes avec autre chose que de l&rsquo;engrais ( industriel ? beurk ) mais chacun fait comme il veut et surtout comme il peut. Cela faisait quelques ann\u00e9es que l&rsquo;id\u00e9e me trottait dans la t\u00eate &#8230; et cette&hellip; <\/p>\n","protected":false},"author":1,"featured_media":0,"parent":0,"menu_order":0,"comment_status":"closed","ping_status":"closed","template":"","meta":{"_exactmetrics_skip_tracking":false,"_exactmetrics_sitenote_active":false,"_exactmetrics_sitenote_note":"","_exactmetrics_sitenote_category":0,"footnotes":""},"class_list":["post-3448","page","type-page","status-publish","hentry"],"_links":{"self":[{"href":"https:\/\/84310.fr\/jardin-morierois\/wp-json\/wp\/v2\/pages\/3448","targetHints":{"allow":["GET"]}}],"collection":[{"href":"https:\/\/84310.fr\/jardin-morierois\/wp-json\/wp\/v2\/pages"}],"about":[{"href":"https:\/\/84310.fr\/jardin-morierois\/wp-json\/wp\/v2\/types\/page"}],"author":[{"embeddable":true,"href":"https:\/\/84310.fr\/jardin-morierois\/wp-json\/wp\/v2\/users\/1"}],"replies":[{"embeddable":true,"href":"https:\/\/84310.fr\/jardin-morierois\/wp-json\/wp\/v2\/comments?post=3448"}],"version-history":[{"count":1,"href":"https:\/\/84310.fr\/jardin-morierois\/wp-json\/wp\/v2\/pages\/3448\/revisions"}],"predecessor-version":[{"id":3455,"href":"https:\/\/84310.fr\/jardin-morierois\/wp-json\/wp\/v2\/pages\/3448\/revisions\/3455"}],"wp:attachment":[{"href":"https:\/\/84310.fr\/jardin-morierois\/wp-json\/wp\/v2\/media?parent=3448"}],"curies":[{"name":"wp","href":"https:\/\/api.w.org\/{rel}","templated":true}]}}