{"id":3432,"date":"2021-04-30T22:00:51","date_gmt":"2021-04-30T21:00:51","guid":{"rendered":"http:\/\/84310.fr\/jardin-morierois\/?page_id=3432"},"modified":"2021-04-30T22:00:51","modified_gmt":"2021-04-30T21:00:51","slug":"chambre-de-croissance-led-phase-ii","status":"publish","type":"page","link":"https:\/\/84310.fr\/jardin-morierois\/chambre-de-croissance-led-phase-ii\/","title":{"rendered":"Chambre de croissance LED Phase II"},"content":{"rendered":"<h5><span style=\"color: #800080;\">30 AVRIL 2021<\/span><\/h5>\n<p>apr\u00e8s les bons r\u00e9sultats donn\u00e9s sur les tomates qui ont fait un s\u00e9jour sous les dalles de Leds, il est temps de passer \u00e0 la phase II du projet, motiver et booster les plants de basilics ( oui il y a deux sortes de basilics dans les godets, celui \u00e0 grosses feuilles et celui \u00e0 petites feuilles ) ainsi que quelques plants de courgettes et par la m\u00eame occasion, un plateau de tomates cerises \u00e0 la d\u00e9rive, re sem\u00e9es \u00e0 la va vite car toutes celles de la premi\u00e8re cession de tomates cerises de cette sorte ont coul\u00e9.<\/p>\n<p><img loading=\"lazy\" decoding=\"async\" class=\"size-full wp-image-3417 aligncenter\" src=\"https:\/\/84310.fr\/jardin-morierois\/wp-content\/uploads\/2021\/04\/DSCN3293.jpg\" alt=\"\" width=\"800\" height=\"600\" srcset=\"https:\/\/84310.fr\/jardin-morierois\/wp-content\/uploads\/2021\/04\/DSCN3293.jpg 800w, https:\/\/84310.fr\/jardin-morierois\/wp-content\/uploads\/2021\/04\/DSCN3293-300x225.jpg 300w, https:\/\/84310.fr\/jardin-morierois\/wp-content\/uploads\/2021\/04\/DSCN3293-768x576.jpg 768w\" sizes=\"auto, (max-width: 800px) 100vw, 800px\" \/>Les plants de basilics \u00e9taient tous sem\u00e9 ensembles dans le pot rond en haut \u00e0 droite de l&rsquo;image.<br \/>\n<img loading=\"lazy\" decoding=\"async\" class=\"size-full wp-image-3418 aligncenter\" src=\"https:\/\/84310.fr\/jardin-morierois\/wp-content\/uploads\/2021\/04\/DSCN3294.jpg\" alt=\"\" width=\"800\" height=\"600\" srcset=\"https:\/\/84310.fr\/jardin-morierois\/wp-content\/uploads\/2021\/04\/DSCN3294.jpg 800w, https:\/\/84310.fr\/jardin-morierois\/wp-content\/uploads\/2021\/04\/DSCN3294-300x225.jpg 300w, https:\/\/84310.fr\/jardin-morierois\/wp-content\/uploads\/2021\/04\/DSCN3294-768x576.jpg 768w\" sizes=\"auto, (max-width: 800px) 100vw, 800px\" \/>Ils ont \u00e9t\u00e9 rempot\u00e9s un \u00e0 un dans des godets ,<br \/>\n<img loading=\"lazy\" decoding=\"async\" class=\"size-full wp-image-3419 aligncenter\" src=\"https:\/\/84310.fr\/jardin-morierois\/wp-content\/uploads\/2021\/04\/DSCN3295.jpg\" alt=\"\" width=\"800\" height=\"600\" srcset=\"https:\/\/84310.fr\/jardin-morierois\/wp-content\/uploads\/2021\/04\/DSCN3295.jpg 800w, https:\/\/84310.fr\/jardin-morierois\/wp-content\/uploads\/2021\/04\/DSCN3295-300x225.jpg 300w, https:\/\/84310.fr\/jardin-morierois\/wp-content\/uploads\/2021\/04\/DSCN3295-768x576.jpg 768w\" sizes=\"auto, (max-width: 800px) 100vw, 800px\" \/>Nous allons voir s&rsquo;il est possible de faire de jolis plants de basilics<br \/>\n<img loading=\"lazy\" decoding=\"async\" class=\"size-full wp-image-3423 aligncenter\" src=\"https:\/\/84310.fr\/jardin-morierois\/wp-content\/uploads\/2021\/04\/DSCN3299.jpg\" alt=\"\" width=\"800\" height=\"600\" srcset=\"https:\/\/84310.fr\/jardin-morierois\/wp-content\/uploads\/2021\/04\/DSCN3299.jpg 800w, https:\/\/84310.fr\/jardin-morierois\/wp-content\/uploads\/2021\/04\/DSCN3299-300x225.jpg 300w, https:\/\/84310.fr\/jardin-morierois\/wp-content\/uploads\/2021\/04\/DSCN3299-768x576.jpg 768w\" sizes=\"auto, (max-width: 800px) 100vw, 800px\" \/>Les godets ont \u00e9t\u00e9 mis dans une plaque, et une terrine de tabac blond de Virginie a \u00e9t\u00e9 rajout\u00e9, pour profiter de l&rsquo;\u00e9clairage Led<br \/>\n<img loading=\"lazy\" decoding=\"async\" class=\"size-full wp-image-3424 aligncenter\" src=\"https:\/\/84310.fr\/jardin-morierois\/wp-content\/uploads\/2021\/04\/DSCN3300.jpg\" alt=\"\" width=\"800\" height=\"600\" srcset=\"https:\/\/84310.fr\/jardin-morierois\/wp-content\/uploads\/2021\/04\/DSCN3300.jpg 800w, https:\/\/84310.fr\/jardin-morierois\/wp-content\/uploads\/2021\/04\/DSCN3300-300x225.jpg 300w, https:\/\/84310.fr\/jardin-morierois\/wp-content\/uploads\/2021\/04\/DSCN3300-768x576.jpg 768w\" sizes=\"auto, (max-width: 800px) 100vw, 800px\" \/>En arri\u00e8re plant, quelques godets avec des courgettes de Nice Longues, \u00e0 noter, qu&rsquo;il m&rsquo;en reste quelques plants identiques au jardin, histoire de pouvoir comparer la diff\u00e9rence de taille, de robustesse entre ceux qui auront b\u00e9n\u00e9fici\u00e9 de l&rsquo;exposition Led et ceux qui auront continu\u00e9 leur croissance normalement au soleil.<br \/>\n<img loading=\"lazy\" decoding=\"async\" class=\"size-full wp-image-3425 aligncenter\" src=\"https:\/\/84310.fr\/jardin-morierois\/wp-content\/uploads\/2021\/04\/DSCN3301.jpg\" alt=\"\" width=\"800\" height=\"600\" srcset=\"https:\/\/84310.fr\/jardin-morierois\/wp-content\/uploads\/2021\/04\/DSCN3301.jpg 800w, https:\/\/84310.fr\/jardin-morierois\/wp-content\/uploads\/2021\/04\/DSCN3301-300x225.jpg 300w, https:\/\/84310.fr\/jardin-morierois\/wp-content\/uploads\/2021\/04\/DSCN3301-768x576.jpg 768w\" sizes=\"auto, (max-width: 800px) 100vw, 800px\" \/>C&rsquo;est parti pour le re initialisation du Wattm\u00e8tre, pour voir la consommation \u00e9lectrique de tout ce test<\/p>\n","protected":false},"excerpt":{"rendered":"<p>30 AVRIL 2021 apr\u00e8s les bons r\u00e9sultats donn\u00e9s sur les tomates qui ont fait un s\u00e9jour sous les dalles de Leds, il est temps de passer \u00e0 la phase II du projet, motiver et booster les plants de basilics (&hellip; <\/p>\n","protected":false},"author":1,"featured_media":0,"parent":0,"menu_order":0,"comment_status":"closed","ping_status":"closed","template":"","meta":{"_exactmetrics_skip_tracking":false,"_exactmetrics_sitenote_active":false,"_exactmetrics_sitenote_note":"","_exactmetrics_sitenote_category":0,"footnotes":""},"class_list":["post-3432","page","type-page","status-publish","hentry"],"_links":{"self":[{"href":"https:\/\/84310.fr\/jardin-morierois\/wp-json\/wp\/v2\/pages\/3432","targetHints":{"allow":["GET"]}}],"collection":[{"href":"https:\/\/84310.fr\/jardin-morierois\/wp-json\/wp\/v2\/pages"}],"about":[{"href":"https:\/\/84310.fr\/jardin-morierois\/wp-json\/wp\/v2\/types\/page"}],"author":[{"embeddable":true,"href":"https:\/\/84310.fr\/jardin-morierois\/wp-json\/wp\/v2\/users\/1"}],"replies":[{"embeddable":true,"href":"https:\/\/84310.fr\/jardin-morierois\/wp-json\/wp\/v2\/comments?post=3432"}],"version-history":[{"count":1,"href":"https:\/\/84310.fr\/jardin-morierois\/wp-json\/wp\/v2\/pages\/3432\/revisions"}],"predecessor-version":[{"id":3433,"href":"https:\/\/84310.fr\/jardin-morierois\/wp-json\/wp\/v2\/pages\/3432\/revisions\/3433"}],"wp:attachment":[{"href":"https:\/\/84310.fr\/jardin-morierois\/wp-json\/wp\/v2\/media?parent=3432"}],"curies":[{"name":"wp","href":"https:\/\/api.w.org\/{rel}","templated":true}]}}