{"id":3411,"date":"2021-04-29T21:14:45","date_gmt":"2021-04-29T20:14:45","guid":{"rendered":"http:\/\/84310.fr\/jardin-morierois\/?page_id=3411"},"modified":"2021-05-10T17:06:29","modified_gmt":"2021-05-10T16:06:29","slug":"persil-2021","status":"publish","type":"page","link":"https:\/\/84310.fr\/jardin-morierois\/persil-2021\/","title":{"rendered":"persil 2021"},"content":{"rendered":"<h5><span style=\"color: #800080;\"><strong>29 AVRIL 2021<\/strong><\/span><\/h5>\n<p>un nouvel essai pour cette saison, le persil !<\/p>\n<p>on dit toujours qu&rsquo;il faut \u00eatre fou ou amoureux pour faire pousser du persil qui est assez difficile \u00e0 obtenir.<br \/>\nmalgr\u00e9 le grand nombre de semis que je fais, rares sont ceux qui poussent comme il faut.<\/p>\n<p>Une vid\u00e9o vante une m\u00e9thode \u00ab\u00a0r\u00e9ussir son semis \u00e0 coup s\u00fbr\u00a0\u00bb<br \/>\n<iframe loading=\"lazy\" title=\"Comment et quand semer le persil\u00a0et r\u00e9ussir son semis \u00e0 coup s\u00fbr ?\" width=\"700\" height=\"394\" src=\"https:\/\/www.youtube.com\/embed\/l5pEn0IZOYQ?start=135&#038;feature=oembed\" frameborder=\"0\" allow=\"accelerometer; autoplay; clipboard-write; encrypted-media; gyroscope; picture-in-picture\" allowfullscreen><\/iframe><\/p>\n<p>nous allons essayer, et voir si cela fonctionne r\u00e9ellement,<\/p>\n<p>Les graines de persil ont pass\u00e9 deux jours sous l&rsquo;eau. et ont \u00e9t\u00e9 mises dans une caisse avec du terreau classique au fond et un terreau tr\u00e8s fin \u00e0 semis sur le dessus.<br \/>\nles graines ont \u00e9t\u00e9 pos\u00e9es sur le terreau, et un linge est pos\u00e9 dessus pour garder un maximum d&rsquo;humidit\u00e9.<\/p>\n<p><img loading=\"lazy\" decoding=\"async\" class=\"alignnone size-full wp-image-3416\" src=\"https:\/\/84310.fr\/jardin-morierois\/wp-content\/uploads\/2021\/04\/DSCN3292.jpg\" alt=\"\" width=\"800\" height=\"600\" srcset=\"https:\/\/84310.fr\/jardin-morierois\/wp-content\/uploads\/2021\/04\/DSCN3292.jpg 800w, https:\/\/84310.fr\/jardin-morierois\/wp-content\/uploads\/2021\/04\/DSCN3292-300x225.jpg 300w, https:\/\/84310.fr\/jardin-morierois\/wp-content\/uploads\/2021\/04\/DSCN3292-768x576.jpg 768w\" sizes=\"auto, (max-width: 800px) 100vw, 800px\" \/><\/p>\n<p>Suite au prochain changement de situation.<\/p>\n<h5><span style=\"color: #800080;\"><strong>9 MAI 2021<\/strong><\/span><\/h5>\n<p>10 jours apr\u00e8s, quelques tiges commencent \u00e0 apparaitre &#8230;<\/p>\n<p><img loading=\"lazy\" decoding=\"async\" class=\"alignnone size-full wp-image-3465\" src=\"https:\/\/84310.fr\/jardin-morierois\/wp-content\/uploads\/2021\/05\/DSCN3353.jpg\" alt=\"\" width=\"800\" height=\"600\" srcset=\"https:\/\/84310.fr\/jardin-morierois\/wp-content\/uploads\/2021\/05\/DSCN3353.jpg 800w, https:\/\/84310.fr\/jardin-morierois\/wp-content\/uploads\/2021\/05\/DSCN3353-300x225.jpg 300w, https:\/\/84310.fr\/jardin-morierois\/wp-content\/uploads\/2021\/05\/DSCN3353-768x576.jpg 768w\" sizes=\"auto, (max-width: 800px) 100vw, 800px\" \/><\/p>\n<p>on va lever le voile de protection, et voir si \u00e7a pousse comme dans la vid\u00e9o.<\/p>\n<h5>\n<p><span style=\"color: #800080;\"><strong>10 MAI 2021<\/strong><\/span><\/h5>\n<p>le jour suivant, l&rsquo;\u00e9closion semble s\u2019acc\u00e9l\u00e9rer,<\/p>\n<p><img loading=\"lazy\" decoding=\"async\" class=\"alignnone size-full wp-image-3489\" src=\"https:\/\/84310.fr\/jardin-morierois\/wp-content\/uploads\/2021\/05\/DSCN3354.jpg\" alt=\"\" width=\"800\" height=\"600\" srcset=\"https:\/\/84310.fr\/jardin-morierois\/wp-content\/uploads\/2021\/05\/DSCN3354.jpg 800w, https:\/\/84310.fr\/jardin-morierois\/wp-content\/uploads\/2021\/05\/DSCN3354-300x225.jpg 300w, https:\/\/84310.fr\/jardin-morierois\/wp-content\/uploads\/2021\/05\/DSCN3354-768x576.jpg 768w\" sizes=\"auto, (max-width: 800px) 100vw, 800px\" \/><br \/>\nCependant on voit bien que les tiges cherchent la lumi\u00e8re et sont toutes pench\u00e9es vers le haut.<\/p>\n<p><img loading=\"lazy\" decoding=\"async\" class=\"alignnone size-full wp-image-3490\" src=\"https:\/\/84310.fr\/jardin-morierois\/wp-content\/uploads\/2021\/05\/DSCN3355.jpg\" alt=\"\" width=\"800\" height=\"600\" srcset=\"https:\/\/84310.fr\/jardin-morierois\/wp-content\/uploads\/2021\/05\/DSCN3355.jpg 800w, https:\/\/84310.fr\/jardin-morierois\/wp-content\/uploads\/2021\/05\/DSCN3355-300x225.jpg 300w, https:\/\/84310.fr\/jardin-morierois\/wp-content\/uploads\/2021\/05\/DSCN3355-768x576.jpg 768w\" sizes=\"auto, (max-width: 800px) 100vw, 800px\" \/><br \/>\nPour \u00e9viter que les plants filent je les ai mis sous la chambre de croissance Led, ou la lumi\u00e8re vient tout droit du haut, nous allons voir si on peut r\u00e9cup\u00e9rer le d\u00e9faut.<\/p>\n","protected":false},"excerpt":{"rendered":"<p>29 AVRIL 2021 un nouvel essai pour cette saison, le persil ! on dit toujours qu&rsquo;il faut \u00eatre fou ou amoureux pour faire pousser du persil qui est assez difficile \u00e0 obtenir. malgr\u00e9 le grand nombre de semis que je&hellip; <\/p>\n","protected":false},"author":1,"featured_media":0,"parent":0,"menu_order":0,"comment_status":"closed","ping_status":"closed","template":"","meta":{"_exactmetrics_skip_tracking":false,"_exactmetrics_sitenote_active":false,"_exactmetrics_sitenote_note":"","_exactmetrics_sitenote_category":0,"footnotes":""},"class_list":["post-3411","page","type-page","status-publish","hentry"],"_links":{"self":[{"href":"https:\/\/84310.fr\/jardin-morierois\/wp-json\/wp\/v2\/pages\/3411","targetHints":{"allow":["GET"]}}],"collection":[{"href":"https:\/\/84310.fr\/jardin-morierois\/wp-json\/wp\/v2\/pages"}],"about":[{"href":"https:\/\/84310.fr\/jardin-morierois\/wp-json\/wp\/v2\/types\/page"}],"author":[{"embeddable":true,"href":"https:\/\/84310.fr\/jardin-morierois\/wp-json\/wp\/v2\/users\/1"}],"replies":[{"embeddable":true,"href":"https:\/\/84310.fr\/jardin-morierois\/wp-json\/wp\/v2\/comments?post=3411"}],"version-history":[{"count":7,"href":"https:\/\/84310.fr\/jardin-morierois\/wp-json\/wp\/v2\/pages\/3411\/revisions"}],"predecessor-version":[{"id":3491,"href":"https:\/\/84310.fr\/jardin-morierois\/wp-json\/wp\/v2\/pages\/3411\/revisions\/3491"}],"wp:attachment":[{"href":"https:\/\/84310.fr\/jardin-morierois\/wp-json\/wp\/v2\/media?parent=3411"}],"curies":[{"name":"wp","href":"https:\/\/api.w.org\/{rel}","templated":true}]}}