{"id":3397,"date":"2021-04-28T18:07:17","date_gmt":"2021-04-28T17:07:17","guid":{"rendered":"http:\/\/84310.fr\/jardin-morierois\/?page_id=3397"},"modified":"2021-04-29T18:34:11","modified_gmt":"2021-04-29T17:34:11","slug":"rectangle-potager-3","status":"publish","type":"page","link":"https:\/\/84310.fr\/jardin-morierois\/rectangle-potager-3\/","title":{"rendered":"Rectangle potager #3"},"content":{"rendered":"<h4><span style=\"color: #800080;\"><strong>28 Avril 2021<\/strong><\/span><\/h4>\n<p>&nbsp;<\/p>\n<p><span style=\"color: #000000;\">un nouvel \u00e9pisode de la s\u00e9rie des rectangles potagers, le 3eme&#8230;<br \/>\n<img loading=\"lazy\" decoding=\"async\" class=\"alignnone size-full wp-image-3398\" src=\"https:\/\/84310.fr\/jardin-morierois\/wp-content\/uploads\/2021\/04\/DSCN3283.jpg\" alt=\"\" width=\"800\" height=\"600\" srcset=\"https:\/\/84310.fr\/jardin-morierois\/wp-content\/uploads\/2021\/04\/DSCN3283.jpg 800w, https:\/\/84310.fr\/jardin-morierois\/wp-content\/uploads\/2021\/04\/DSCN3283-300x225.jpg 300w, https:\/\/84310.fr\/jardin-morierois\/wp-content\/uploads\/2021\/04\/DSCN3283-768x576.jpg 768w\" sizes=\"auto, (max-width: 800px) 100vw, 800px\" \/><br \/>\nil n&rsquo;a pas pu \u00eatre fini dans l\u2019apr\u00e8s midi comme ses pr\u00e9d\u00e9cesseurs, la terre trop dure, le rectangle plus grand, et beaucoup de racines, pas sp\u00e9cialement du chiendent, mais un esp\u00e8ce de fraisier sauvage, ( sans fraise h\u00e9las ) avec de grandes et grosses racines qui vont bien profond.<br \/>\nSuite dans les jours qui suivent si la m\u00e9t\u00e9o le permet.<\/p>\n<p><\/span><\/p>\n<h4><span style=\"color: #800080;\"><strong>29 Avril 2021<\/strong><\/span><\/h4>\n<p>&nbsp;<\/p>\n<p><img loading=\"lazy\" decoding=\"async\" class=\"alignnone size-full wp-image-3403\" src=\"https:\/\/84310.fr\/jardin-morierois\/wp-content\/uploads\/2021\/04\/DSCN3285.jpg\" alt=\"\" width=\"800\" height=\"600\" srcset=\"https:\/\/84310.fr\/jardin-morierois\/wp-content\/uploads\/2021\/04\/DSCN3285.jpg 800w, https:\/\/84310.fr\/jardin-morierois\/wp-content\/uploads\/2021\/04\/DSCN3285-300x225.jpg 300w, https:\/\/84310.fr\/jardin-morierois\/wp-content\/uploads\/2021\/04\/DSCN3285-768x576.jpg 768w\" sizes=\"auto, (max-width: 800px) 100vw, 800px\" \/><br \/>\nJ&rsquo;en profite pour maintenir en forme le reste de l&rsquo;\u00e9quipe ( 83 ans ).. un bon travail de la terre et en plein air, quoi de mieux pour \u00e9chapper au Covid !!!<\/p>\n<p><img loading=\"lazy\" decoding=\"async\" class=\"alignnone size-full wp-image-3404\" src=\"https:\/\/84310.fr\/jardin-morierois\/wp-content\/uploads\/2021\/04\/DSCN3286.jpg\" alt=\"\" width=\"800\" height=\"600\" srcset=\"https:\/\/84310.fr\/jardin-morierois\/wp-content\/uploads\/2021\/04\/DSCN3286.jpg 800w, https:\/\/84310.fr\/jardin-morierois\/wp-content\/uploads\/2021\/04\/DSCN3286-300x225.jpg 300w, https:\/\/84310.fr\/jardin-morierois\/wp-content\/uploads\/2021\/04\/DSCN3286-768x576.jpg 768w\" sizes=\"auto, (max-width: 800px) 100vw, 800px\" \/><br \/>\nBlague \u00e0 part, le rectangle potager a \u00e9t\u00e9 a\u00e9r\u00e9 ( et les racines et chiendent enlev\u00e9s )<br \/>\nune bonne couche de crottin d&rsquo;Akal T\u00e9k\u00e9, un bon paillage au foin, donc fouinage, sans oublier d&rsquo;arroser copieusement malgr\u00e9 la forte pluie de ce matin.<\/p>\n<p><img loading=\"lazy\" decoding=\"async\" class=\"alignnone size-full wp-image-3405\" src=\"https:\/\/84310.fr\/jardin-morierois\/wp-content\/uploads\/2021\/04\/DSCN3288.jpg\" alt=\"\" width=\"800\" height=\"600\" srcset=\"https:\/\/84310.fr\/jardin-morierois\/wp-content\/uploads\/2021\/04\/DSCN3288.jpg 800w, https:\/\/84310.fr\/jardin-morierois\/wp-content\/uploads\/2021\/04\/DSCN3288-300x225.jpg 300w, https:\/\/84310.fr\/jardin-morierois\/wp-content\/uploads\/2021\/04\/DSCN3288-768x576.jpg 768w\" sizes=\"auto, (max-width: 800px) 100vw, 800px\" \/><br \/>\nLa couche de foin est bien arros\u00e9e<\/p>\n<p><img loading=\"lazy\" decoding=\"async\" class=\"alignnone size-full wp-image-3406\" src=\"https:\/\/84310.fr\/jardin-morierois\/wp-content\/uploads\/2021\/04\/DSCN3289.jpg\" alt=\"\" width=\"800\" height=\"600\" srcset=\"https:\/\/84310.fr\/jardin-morierois\/wp-content\/uploads\/2021\/04\/DSCN3289.jpg 800w, https:\/\/84310.fr\/jardin-morierois\/wp-content\/uploads\/2021\/04\/DSCN3289-300x225.jpg 300w, https:\/\/84310.fr\/jardin-morierois\/wp-content\/uploads\/2021\/04\/DSCN3289-768x576.jpg 768w\" sizes=\"auto, (max-width: 800px) 100vw, 800px\" \/><br \/>\nQuelques sacs de terreau 1er prix ( le m\u00eame que pour les autres rectangles ) et un bon arrosage&#8230;<br \/>\n<img loading=\"lazy\" decoding=\"async\" class=\"alignnone size-full wp-image-3407\" src=\"https:\/\/84310.fr\/jardin-morierois\/wp-content\/uploads\/2021\/04\/DSCN3290.jpg\" alt=\"\" width=\"800\" height=\"600\" srcset=\"https:\/\/84310.fr\/jardin-morierois\/wp-content\/uploads\/2021\/04\/DSCN3290.jpg 800w, https:\/\/84310.fr\/jardin-morierois\/wp-content\/uploads\/2021\/04\/DSCN3290-300x225.jpg 300w, https:\/\/84310.fr\/jardin-morierois\/wp-content\/uploads\/2021\/04\/DSCN3290-768x576.jpg 768w\" sizes=\"auto, (max-width: 800px) 100vw, 800px\" \/><br \/>\nderni\u00e8re \u00e9paisseur de foin, et le tout avec un copieux arrosage, au premier plan, les 3 plants de courgettes rondes de Nice, impatients de trouver leur place dans leur emplacement d\u00e9finitif.<br \/>\n<img loading=\"lazy\" decoding=\"async\" class=\"alignnone size-full wp-image-3408\" src=\"https:\/\/84310.fr\/jardin-morierois\/wp-content\/uploads\/2021\/04\/DSCN3291.jpg\" alt=\"\" width=\"800\" height=\"600\" srcset=\"https:\/\/84310.fr\/jardin-morierois\/wp-content\/uploads\/2021\/04\/DSCN3291.jpg 800w, https:\/\/84310.fr\/jardin-morierois\/wp-content\/uploads\/2021\/04\/DSCN3291-300x225.jpg 300w, https:\/\/84310.fr\/jardin-morierois\/wp-content\/uploads\/2021\/04\/DSCN3291-768x576.jpg 768w\" sizes=\"auto, (max-width: 800px) 100vw, 800px\" \/><br \/>\nEt voila !!! c&rsquo;est fait, tout le monde est en place. il ne reste plus qu&rsquo;a croitre et \u00e0 produire.<\/p>\n<p>&nbsp;<\/p>\n<p><span style=\"color: #000000;\">\u00a0<\/span><\/p>\n","protected":false},"excerpt":{"rendered":"<p>28 Avril 2021 &nbsp; un nouvel \u00e9pisode de la s\u00e9rie des rectangles potagers, le 3eme&#8230; il n&rsquo;a pas pu \u00eatre fini dans l\u2019apr\u00e8s midi comme ses pr\u00e9d\u00e9cesseurs, la terre trop dure, le rectangle plus grand, et beaucoup de racines, pas&hellip; <\/p>\n","protected":false},"author":1,"featured_media":0,"parent":0,"menu_order":0,"comment_status":"closed","ping_status":"closed","template":"","meta":{"_exactmetrics_skip_tracking":false,"_exactmetrics_sitenote_active":false,"_exactmetrics_sitenote_note":"","_exactmetrics_sitenote_category":0,"footnotes":""},"class_list":["post-3397","page","type-page","status-publish","hentry"],"_links":{"self":[{"href":"https:\/\/84310.fr\/jardin-morierois\/wp-json\/wp\/v2\/pages\/3397","targetHints":{"allow":["GET"]}}],"collection":[{"href":"https:\/\/84310.fr\/jardin-morierois\/wp-json\/wp\/v2\/pages"}],"about":[{"href":"https:\/\/84310.fr\/jardin-morierois\/wp-json\/wp\/v2\/types\/page"}],"author":[{"embeddable":true,"href":"https:\/\/84310.fr\/jardin-morierois\/wp-json\/wp\/v2\/users\/1"}],"replies":[{"embeddable":true,"href":"https:\/\/84310.fr\/jardin-morierois\/wp-json\/wp\/v2\/comments?post=3397"}],"version-history":[{"count":3,"href":"https:\/\/84310.fr\/jardin-morierois\/wp-json\/wp\/v2\/pages\/3397\/revisions"}],"predecessor-version":[{"id":3410,"href":"https:\/\/84310.fr\/jardin-morierois\/wp-json\/wp\/v2\/pages\/3397\/revisions\/3410"}],"wp:attachment":[{"href":"https:\/\/84310.fr\/jardin-morierois\/wp-json\/wp\/v2\/media?parent=3397"}],"curies":[{"name":"wp","href":"https:\/\/api.w.org\/{rel}","templated":true}]}}