{"id":3382,"date":"2021-04-24T21:03:46","date_gmt":"2021-04-24T20:03:46","guid":{"rendered":"http:\/\/84310.fr\/jardin-morierois\/?page_id=3382"},"modified":"2021-04-28T17:31:34","modified_gmt":"2021-04-28T16:31:34","slug":"rectangle-potager-2","status":"publish","type":"page","link":"https:\/\/84310.fr\/jardin-morierois\/rectangle-potager-2\/","title":{"rendered":"Rectangle potager #2"},"content":{"rendered":"<h5><span style=\"color: #800080;\"><strong>24 AVRIL 2021<\/strong><\/span><\/h5>\n<p style=\"text-align: left;\">Cette apr\u00e8s midi, un deuxi\u00e8me rectangle potager a vu le jour.<br \/>\nil ne reste plus qu&rsquo;\u00e0 humidifier le sol, le d\u00e9compacter un peu et faire des couches de lasagne en alternant foin et terreau sur plusieurs couches<\/p>\n<p><img loading=\"lazy\" decoding=\"async\" class=\"alignnone size-full wp-image-3384\" src=\"https:\/\/84310.fr\/jardin-morierois\/wp-content\/uploads\/2021\/04\/DSCN3277.jpg\" alt=\"\" width=\"800\" height=\"600\" srcset=\"https:\/\/84310.fr\/jardin-morierois\/wp-content\/uploads\/2021\/04\/DSCN3277.jpg 800w, https:\/\/84310.fr\/jardin-morierois\/wp-content\/uploads\/2021\/04\/DSCN3277-300x225.jpg 300w, https:\/\/84310.fr\/jardin-morierois\/wp-content\/uploads\/2021\/04\/DSCN3277-768x576.jpg 768w\" sizes=\"auto, (max-width: 800px) 100vw, 800px\" \/><\/p>\n<h5><span style=\"color: #800080;\"><strong>27 AVRIL 2021<\/strong><\/span><\/h5>\n<p style=\"text-align: left;\"><img loading=\"lazy\" decoding=\"async\" class=\"alignnone size-full wp-image-3390\" src=\"https:\/\/84310.fr\/jardin-morierois\/wp-content\/uploads\/2021\/04\/DSCN3278.jpg\" alt=\"\" width=\"800\" height=\"600\" srcset=\"https:\/\/84310.fr\/jardin-morierois\/wp-content\/uploads\/2021\/04\/DSCN3278.jpg 800w, https:\/\/84310.fr\/jardin-morierois\/wp-content\/uploads\/2021\/04\/DSCN3278-300x225.jpg 300w, https:\/\/84310.fr\/jardin-morierois\/wp-content\/uploads\/2021\/04\/DSCN3278-768x576.jpg 768w\" sizes=\"auto, (max-width: 800px) 100vw, 800px\" \/><br \/>\nC&rsquo;est chose faite, le cadre a \u00e9t\u00e9 positionn\u00e9 \u00e0 sa place d\u00e9finitive, et la terre a \u00e9t\u00e9 a\u00e9r\u00e9e, pas mal de racines de chiendent et de tr\u00e8fle ont \u00e9t\u00e9 enlev\u00e9es. un bon arrosage en plus.<br \/>\n<img loading=\"lazy\" decoding=\"async\" class=\"alignnone size-full wp-image-3391\" src=\"https:\/\/84310.fr\/jardin-morierois\/wp-content\/uploads\/2021\/04\/DSCN3279.jpg\" alt=\"\" width=\"800\" height=\"600\" srcset=\"https:\/\/84310.fr\/jardin-morierois\/wp-content\/uploads\/2021\/04\/DSCN3279.jpg 800w, https:\/\/84310.fr\/jardin-morierois\/wp-content\/uploads\/2021\/04\/DSCN3279-300x225.jpg 300w, https:\/\/84310.fr\/jardin-morierois\/wp-content\/uploads\/2021\/04\/DSCN3279-768x576.jpg 768w\" sizes=\"auto, (max-width: 800px) 100vw, 800px\" \/><br \/>\nune bonne dose de crottin d&rsquo;Akal T\u00e9k\u00e9 ( Merci \u00e0 Carole R et JB ) avec bien sur un bon arrosage.<br \/>\n<img loading=\"lazy\" decoding=\"async\" class=\"alignnone size-full wp-image-3392\" src=\"https:\/\/84310.fr\/jardin-morierois\/wp-content\/uploads\/2021\/04\/DSCN3280.jpg\" alt=\"\" width=\"800\" height=\"600\" srcset=\"https:\/\/84310.fr\/jardin-morierois\/wp-content\/uploads\/2021\/04\/DSCN3280.jpg 800w, https:\/\/84310.fr\/jardin-morierois\/wp-content\/uploads\/2021\/04\/DSCN3280-300x225.jpg 300w, https:\/\/84310.fr\/jardin-morierois\/wp-content\/uploads\/2021\/04\/DSCN3280-768x576.jpg 768w\" sizes=\"auto, (max-width: 800px) 100vw, 800px\" \/><br \/>\nUne bonne couche de foin de l&rsquo;ann\u00e9e derni\u00e8re, et un bon arrosage ( encore !!! )<br \/>\n<img loading=\"lazy\" decoding=\"async\" class=\"alignnone size-full wp-image-3393\" src=\"https:\/\/84310.fr\/jardin-morierois\/wp-content\/uploads\/2021\/04\/DSCN3281.jpg\" alt=\"\" width=\"800\" height=\"600\" srcset=\"https:\/\/84310.fr\/jardin-morierois\/wp-content\/uploads\/2021\/04\/DSCN3281.jpg 800w, https:\/\/84310.fr\/jardin-morierois\/wp-content\/uploads\/2021\/04\/DSCN3281-300x225.jpg 300w, https:\/\/84310.fr\/jardin-morierois\/wp-content\/uploads\/2021\/04\/DSCN3281-768x576.jpg 768w\" sizes=\"auto, (max-width: 800px) 100vw, 800px\" \/>Deux sac de terreau premier prix pour tasser le tout, avec un bon arrosage !!!<\/p>\n<p style=\"text-align: left;\"><img loading=\"lazy\" decoding=\"async\" class=\"alignnone size-full wp-image-3394\" src=\"https:\/\/84310.fr\/jardin-morierois\/wp-content\/uploads\/2021\/04\/DSCN3282.jpg\" alt=\"\" width=\"800\" height=\"600\" srcset=\"https:\/\/84310.fr\/jardin-morierois\/wp-content\/uploads\/2021\/04\/DSCN3282.jpg 800w, https:\/\/84310.fr\/jardin-morierois\/wp-content\/uploads\/2021\/04\/DSCN3282-300x225.jpg 300w, https:\/\/84310.fr\/jardin-morierois\/wp-content\/uploads\/2021\/04\/DSCN3282-768x576.jpg 768w\" sizes=\"auto, (max-width: 800px) 100vw, 800px\" \/><br \/>\nEncore une couche de foin et bien sur un bon arrosage !!! et deux autres courgettes de Nice Rondes sont \u00e0 leur place d\u00e9finitive.<\/p>\n","protected":false},"excerpt":{"rendered":"<p>24 AVRIL 2021 Cette apr\u00e8s midi, un deuxi\u00e8me rectangle potager a vu le jour. il ne reste plus qu&rsquo;\u00e0 humidifier le sol, le d\u00e9compacter un peu et faire des couches de lasagne en alternant foin et terreau sur plusieurs couches&hellip; <\/p>\n","protected":false},"author":1,"featured_media":0,"parent":0,"menu_order":0,"comment_status":"closed","ping_status":"closed","template":"","meta":{"_exactmetrics_skip_tracking":false,"_exactmetrics_sitenote_active":false,"_exactmetrics_sitenote_note":"","_exactmetrics_sitenote_category":0,"footnotes":""},"class_list":["post-3382","page","type-page","status-publish","hentry"],"_links":{"self":[{"href":"https:\/\/84310.fr\/jardin-morierois\/wp-json\/wp\/v2\/pages\/3382","targetHints":{"allow":["GET"]}}],"collection":[{"href":"https:\/\/84310.fr\/jardin-morierois\/wp-json\/wp\/v2\/pages"}],"about":[{"href":"https:\/\/84310.fr\/jardin-morierois\/wp-json\/wp\/v2\/types\/page"}],"author":[{"embeddable":true,"href":"https:\/\/84310.fr\/jardin-morierois\/wp-json\/wp\/v2\/users\/1"}],"replies":[{"embeddable":true,"href":"https:\/\/84310.fr\/jardin-morierois\/wp-json\/wp\/v2\/comments?post=3382"}],"version-history":[{"count":4,"href":"https:\/\/84310.fr\/jardin-morierois\/wp-json\/wp\/v2\/pages\/3382\/revisions"}],"predecessor-version":[{"id":3396,"href":"https:\/\/84310.fr\/jardin-morierois\/wp-json\/wp\/v2\/pages\/3382\/revisions\/3396"}],"wp:attachment":[{"href":"https:\/\/84310.fr\/jardin-morierois\/wp-json\/wp\/v2\/media?parent=3382"}],"curies":[{"name":"wp","href":"https:\/\/api.w.org\/{rel}","templated":true}]}}