{"id":3369,"date":"2021-04-24T11:43:11","date_gmt":"2021-04-24T10:43:11","guid":{"rendered":"http:\/\/84310.fr\/jardin-morierois\/?page_id=3369"},"modified":"2021-04-24T11:43:11","modified_gmt":"2021-04-24T10:43:11","slug":"patates-2021","status":"publish","type":"page","link":"https:\/\/84310.fr\/jardin-morierois\/patates-2021\/","title":{"rendered":"patates 2021"},"content":{"rendered":"<h5><span style=\"color: #800080;\"><strong>24 AVRIL 2021<\/strong><\/span><\/h5>\n<p>&nbsp;<\/p>\n<p>\u00e0 ce jour, et suite au COVID, j&rsquo;ai loup\u00e9 l&rsquo;achat de patates \u00e0 planter,<\/p>\n<p>Il n&rsquo;est pas impossible que nous tentions quelques exp\u00e9riences..<\/p>\n","protected":false},"excerpt":{"rendered":"<p>24 AVRIL 2021 &nbsp; \u00e0 ce jour, et suite au COVID, j&rsquo;ai loup\u00e9 l&rsquo;achat de patates \u00e0 planter, Il n&rsquo;est pas impossible que nous tentions quelques exp\u00e9riences..<\/p>\n","protected":false},"author":1,"featured_media":0,"parent":0,"menu_order":0,"comment_status":"closed","ping_status":"closed","template":"","meta":{"_exactmetrics_skip_tracking":false,"_exactmetrics_sitenote_active":false,"_exactmetrics_sitenote_note":"","_exactmetrics_sitenote_category":0,"footnotes":""},"class_list":["post-3369","page","type-page","status-publish","hentry"],"_links":{"self":[{"href":"https:\/\/84310.fr\/jardin-morierois\/wp-json\/wp\/v2\/pages\/3369","targetHints":{"allow":["GET"]}}],"collection":[{"href":"https:\/\/84310.fr\/jardin-morierois\/wp-json\/wp\/v2\/pages"}],"about":[{"href":"https:\/\/84310.fr\/jardin-morierois\/wp-json\/wp\/v2\/types\/page"}],"author":[{"embeddable":true,"href":"https:\/\/84310.fr\/jardin-morierois\/wp-json\/wp\/v2\/users\/1"}],"replies":[{"embeddable":true,"href":"https:\/\/84310.fr\/jardin-morierois\/wp-json\/wp\/v2\/comments?post=3369"}],"version-history":[{"count":1,"href":"https:\/\/84310.fr\/jardin-morierois\/wp-json\/wp\/v2\/pages\/3369\/revisions"}],"predecessor-version":[{"id":3370,"href":"https:\/\/84310.fr\/jardin-morierois\/wp-json\/wp\/v2\/pages\/3369\/revisions\/3370"}],"wp:attachment":[{"href":"https:\/\/84310.fr\/jardin-morierois\/wp-json\/wp\/v2\/media?parent=3369"}],"curies":[{"name":"wp","href":"https:\/\/api.w.org\/{rel}","templated":true}]}}