{"id":3317,"date":"2021-04-23T21:27:56","date_gmt":"2021-04-23T20:27:56","guid":{"rendered":"http:\/\/84310.fr\/jardin-morierois\/?page_id=3317"},"modified":"2021-04-24T21:26:58","modified_gmt":"2021-04-24T20:26:58","slug":"rectangle-potager-1","status":"publish","type":"page","link":"https:\/\/84310.fr\/jardin-morierois\/rectangle-potager-1\/","title":{"rendered":"Rectangle potager #1"},"content":{"rendered":"<h4><span style=\"color: #993366;\"><strong>23 Avril 2021<\/strong><\/span><\/h4>\n<p>Nouveau projet pour cette saison 2021, pas assez d&rsquo;espace ( trop de cultures ) et d\u00e9j\u00e0 l&rsquo;espace existant est difficile \u00e0 entretenir, \u00e0 travailler, retourner, motoculter, etc<br \/>\nLes seuls espaces faciles sont les carr\u00e9s ( rectangles potagers ) existants, peu d&rsquo;entretien, terre moins basse car un peu sur\u00e9lev\u00e9e, et terre souple ou peu dure car on ne passe pas dessus, on ne tasse pas.<br \/>\nAutre point fastidieux, les espaces non cultiv\u00e9s sont \u00e0 entretenir, \u00e0 tondre &#8230; ( malgr\u00e9 que cela apporte de la tonte, c&rsquo;est p\u00e9nible.<\/p>\n<p>Un coll\u00e8gue de travail a chang\u00e9 sa terrasse en bois et m&rsquo;a gentiment propos\u00e9 de r\u00e9cup\u00e9rer ses anciennes planches ( merci Fr\u00e9d\u00e9ric )<br \/>\n<img loading=\"lazy\" decoding=\"async\" class=\"alignnone size-full wp-image-3318\" src=\"https:\/\/84310.fr\/jardin-morierois\/wp-content\/uploads\/2021\/04\/DSCN3237.jpg\" alt=\"\" width=\"800\" height=\"600\" srcset=\"https:\/\/84310.fr\/jardin-morierois\/wp-content\/uploads\/2021\/04\/DSCN3237.jpg 800w, https:\/\/84310.fr\/jardin-morierois\/wp-content\/uploads\/2021\/04\/DSCN3237-300x225.jpg 300w, https:\/\/84310.fr\/jardin-morierois\/wp-content\/uploads\/2021\/04\/DSCN3237-768x576.jpg 768w\" sizes=\"auto, (max-width: 800px) 100vw, 800px\" \/><br \/>\nLes planches sont stock\u00e9es en attendant leur utilisation.<br \/>\n<img loading=\"lazy\" decoding=\"async\" class=\"alignnone size-full wp-image-3319\" src=\"https:\/\/84310.fr\/jardin-morierois\/wp-content\/uploads\/2021\/04\/DSCN3261.jpg\" alt=\"\" width=\"800\" height=\"600\" srcset=\"https:\/\/84310.fr\/jardin-morierois\/wp-content\/uploads\/2021\/04\/DSCN3261.jpg 800w, https:\/\/84310.fr\/jardin-morierois\/wp-content\/uploads\/2021\/04\/DSCN3261-300x225.jpg 300w, https:\/\/84310.fr\/jardin-morierois\/wp-content\/uploads\/2021\/04\/DSCN3261-768x576.jpg 768w\" sizes=\"auto, (max-width: 800px) 100vw, 800px\" \/><br \/>\nla structure est pr\u00eate, et positionn\u00e9e \u00e0 son emplacement d\u00e9sign\u00e9.<br \/>\n<img loading=\"lazy\" decoding=\"async\" class=\"alignnone size-full wp-image-3320\" src=\"https:\/\/84310.fr\/jardin-morierois\/wp-content\/uploads\/2021\/04\/DSCN3262.jpg\" alt=\"\" width=\"800\" height=\"600\" srcset=\"https:\/\/84310.fr\/jardin-morierois\/wp-content\/uploads\/2021\/04\/DSCN3262.jpg 800w, https:\/\/84310.fr\/jardin-morierois\/wp-content\/uploads\/2021\/04\/DSCN3262-300x225.jpg 300w, https:\/\/84310.fr\/jardin-morierois\/wp-content\/uploads\/2021\/04\/DSCN3262-768x576.jpg 768w\" sizes=\"auto, (max-width: 800px) 100vw, 800px\" \/><br \/>\nle sol a \u00e9t\u00e9 retourn\u00e9 grossi\u00e8rement, plus une a\u00e9ration qu&rsquo;un b\u00eachage profond, surtout pour enlever les grosses mottes d&rsquo;herbes et d\u00e9-tasser la terre qui sert uniquement au passage depuis de nombreuses ann\u00e9es .<br \/>\nSuite \u00e0 ce travail rapide mais pourtant \u00e9reintant, l&rsquo;ensemble a \u00e9t\u00e9 copieusement arros\u00e9.<br \/>\n<img loading=\"lazy\" decoding=\"async\" class=\"alignnone size-full wp-image-3321\" src=\"https:\/\/84310.fr\/jardin-morierois\/wp-content\/uploads\/2021\/04\/DSCN3263.jpg\" alt=\"\" width=\"800\" height=\"600\" srcset=\"https:\/\/84310.fr\/jardin-morierois\/wp-content\/uploads\/2021\/04\/DSCN3263.jpg 800w, https:\/\/84310.fr\/jardin-morierois\/wp-content\/uploads\/2021\/04\/DSCN3263-300x225.jpg 300w, https:\/\/84310.fr\/jardin-morierois\/wp-content\/uploads\/2021\/04\/DSCN3263-768x576.jpg 768w\" sizes=\"auto, (max-width: 800px) 100vw, 800px\" \/><br \/>\nune bonne dizaine de centim\u00e8tres de vieux foin de l&rsquo;ann\u00e9e derni\u00e8re est \u00e9tendu, et aussi copieusement arros\u00e9.<br \/>\n<img loading=\"lazy\" decoding=\"async\" class=\"alignnone size-full wp-image-3322\" src=\"https:\/\/84310.fr\/jardin-morierois\/wp-content\/uploads\/2021\/04\/DSCN3264.jpg\" alt=\"\" width=\"800\" height=\"600\" srcset=\"https:\/\/84310.fr\/jardin-morierois\/wp-content\/uploads\/2021\/04\/DSCN3264.jpg 800w, https:\/\/84310.fr\/jardin-morierois\/wp-content\/uploads\/2021\/04\/DSCN3264-300x225.jpg 300w, https:\/\/84310.fr\/jardin-morierois\/wp-content\/uploads\/2021\/04\/DSCN3264-768x576.jpg 768w\" sizes=\"auto, (max-width: 800px) 100vw, 800px\" \/><br \/>\n3 sac de terreau Auchan premier prix ( 18 Euros les 9 ( 6 + 3 offerts )) sont \u00e9tendus sur le foin humide, entre 8 et 10 cm d&rsquo;\u00e9paisseur , et tout cela copieusement arros\u00e9 \u00e9galement.<br \/>\n<img loading=\"lazy\" decoding=\"async\" class=\"alignnone size-full wp-image-3323\" src=\"https:\/\/84310.fr\/jardin-morierois\/wp-content\/uploads\/2021\/04\/DSCN3265.jpg\" alt=\"\" width=\"800\" height=\"600\" srcset=\"https:\/\/84310.fr\/jardin-morierois\/wp-content\/uploads\/2021\/04\/DSCN3265.jpg 800w, https:\/\/84310.fr\/jardin-morierois\/wp-content\/uploads\/2021\/04\/DSCN3265-300x225.jpg 300w, https:\/\/84310.fr\/jardin-morierois\/wp-content\/uploads\/2021\/04\/DSCN3265-768x576.jpg 768w\" sizes=\"auto, (max-width: 800px) 100vw, 800px\" \/><br \/>\npour finir, une autre couche de foin de l&rsquo;ann\u00e9e derni\u00e8re, et aussi copieusement arros\u00e9.<br \/>\n<img loading=\"lazy\" decoding=\"async\" class=\"alignnone size-full wp-image-3324\" src=\"https:\/\/84310.fr\/jardin-morierois\/wp-content\/uploads\/2021\/04\/DSCN3266.jpg\" alt=\"\" width=\"600\" height=\"800\" srcset=\"https:\/\/84310.fr\/jardin-morierois\/wp-content\/uploads\/2021\/04\/DSCN3266.jpg 600w, https:\/\/84310.fr\/jardin-morierois\/wp-content\/uploads\/2021\/04\/DSCN3266-225x300.jpg 225w\" sizes=\"auto, (max-width: 600px) 100vw, 600px\" \/><br \/>\nL&rsquo;espace suppl\u00e9mentaire est pr\u00eat, ( rectangle potager ) je ne sais pas encore quoi y mettre, mais il ne va pas rester vide bien longtemps&#8230;<\/p>\n<h4><span style=\"color: #800080;\"><strong>24 Avril 2021<\/strong><\/span><\/h4>\n<p>&nbsp;<\/p>\n<p>il n&rsquo;aura pas fallu longtemps pour inaugurer notre espace suppl\u00e9mentaire, deux courgettes de Nice Rondes sont venues se mettre au chaud .<img loading=\"lazy\" decoding=\"async\" class=\"size-full wp-image-3383 aligncenter\" src=\"https:\/\/84310.fr\/jardin-morierois\/wp-content\/uploads\/2021\/04\/DSCN3276.jpg\" alt=\"\" width=\"800\" height=\"600\" srcset=\"https:\/\/84310.fr\/jardin-morierois\/wp-content\/uploads\/2021\/04\/DSCN3276.jpg 800w, https:\/\/84310.fr\/jardin-morierois\/wp-content\/uploads\/2021\/04\/DSCN3276-300x225.jpg 300w, https:\/\/84310.fr\/jardin-morierois\/wp-content\/uploads\/2021\/04\/DSCN3276-768x576.jpg 768w\" sizes=\"auto, (max-width: 800px) 100vw, 800px\" \/><\/p>\n","protected":false},"excerpt":{"rendered":"<p>23 Avril 2021 Nouveau projet pour cette saison 2021, pas assez d&rsquo;espace ( trop de cultures ) et d\u00e9j\u00e0 l&rsquo;espace existant est difficile \u00e0 entretenir, \u00e0 travailler, retourner, motoculter, etc Les seuls espaces faciles sont les carr\u00e9s ( rectangles potagers&hellip; <\/p>\n","protected":false},"author":1,"featured_media":0,"parent":0,"menu_order":0,"comment_status":"closed","ping_status":"closed","template":"","meta":{"_exactmetrics_skip_tracking":false,"_exactmetrics_sitenote_active":false,"_exactmetrics_sitenote_note":"","_exactmetrics_sitenote_category":0,"footnotes":""},"class_list":["post-3317","page","type-page","status-publish","hentry"],"_links":{"self":[{"href":"https:\/\/84310.fr\/jardin-morierois\/wp-json\/wp\/v2\/pages\/3317","targetHints":{"allow":["GET"]}}],"collection":[{"href":"https:\/\/84310.fr\/jardin-morierois\/wp-json\/wp\/v2\/pages"}],"about":[{"href":"https:\/\/84310.fr\/jardin-morierois\/wp-json\/wp\/v2\/types\/page"}],"author":[{"embeddable":true,"href":"https:\/\/84310.fr\/jardin-morierois\/wp-json\/wp\/v2\/users\/1"}],"replies":[{"embeddable":true,"href":"https:\/\/84310.fr\/jardin-morierois\/wp-json\/wp\/v2\/comments?post=3317"}],"version-history":[{"count":3,"href":"https:\/\/84310.fr\/jardin-morierois\/wp-json\/wp\/v2\/pages\/3317\/revisions"}],"predecessor-version":[{"id":3388,"href":"https:\/\/84310.fr\/jardin-morierois\/wp-json\/wp\/v2\/pages\/3317\/revisions\/3388"}],"wp:attachment":[{"href":"https:\/\/84310.fr\/jardin-morierois\/wp-json\/wp\/v2\/media?parent=3317"}],"curies":[{"name":"wp","href":"https:\/\/api.w.org\/{rel}","templated":true}]}}