{"id":3279,"date":"2021-03-09T22:39:22","date_gmt":"2021-03-09T21:39:22","guid":{"rendered":"http:\/\/84310.fr\/jardin-morierois\/?page_id=3279"},"modified":"2021-04-24T14:33:51","modified_gmt":"2021-04-24T13:33:51","slug":"chambre-de-croissance-led","status":"publish","type":"page","link":"https:\/\/84310.fr\/jardin-morierois\/chambre-de-croissance-led\/","title":{"rendered":"Chambre de croissance LED"},"content":{"rendered":"<h5><span style=\"color: #800080;\"><strong>9 MARS 2021<\/strong><\/span><\/h5>\n<p>curieux de nature, depuis longtemps je me suis int\u00e9ress\u00e9 \u00e0 la croissance sous lampes\/Leds<\/p>\n<p>Ce No\u00ebl, une bonne occasion de se faire plaisir et de tester une nouvelle fa\u00e7on de semer.<br \/>\n<img loading=\"lazy\" decoding=\"async\" class=\"alignnone size-full wp-image-3281\" src=\"https:\/\/84310.fr\/jardin-morierois\/wp-content\/uploads\/2021\/03\/DSCN3128.jpg\" alt=\"\" width=\"800\" height=\"600\" srcset=\"https:\/\/84310.fr\/jardin-morierois\/wp-content\/uploads\/2021\/03\/DSCN3128.jpg 800w, https:\/\/84310.fr\/jardin-morierois\/wp-content\/uploads\/2021\/03\/DSCN3128-300x225.jpg 300w, https:\/\/84310.fr\/jardin-morierois\/wp-content\/uploads\/2021\/03\/DSCN3128-768x576.jpg 768w\" sizes=\"auto, (max-width: 800px) 100vw, 800px\" \/><br \/>\nQuelques bouts de bois r\u00e9cup\u00e9r\u00e9s au travail ( ils partaient \u00e0 la benne )<img loading=\"lazy\" decoding=\"async\" class=\"alignnone size-full wp-image-3280\" src=\"https:\/\/84310.fr\/jardin-morierois\/wp-content\/uploads\/2021\/03\/DSCN3127.jpg\" alt=\"\" width=\"800\" height=\"600\" srcset=\"https:\/\/84310.fr\/jardin-morierois\/wp-content\/uploads\/2021\/03\/DSCN3127.jpg 800w, https:\/\/84310.fr\/jardin-morierois\/wp-content\/uploads\/2021\/03\/DSCN3127-300x225.jpg 300w, https:\/\/84310.fr\/jardin-morierois\/wp-content\/uploads\/2021\/03\/DSCN3127-768x576.jpg 768w\" sizes=\"auto, (max-width: 800px) 100vw, 800px\" \/><br \/>\nLes deux cot\u00e9s prennent forme. <img loading=\"lazy\" decoding=\"async\" class=\"alignnone size-full wp-image-3282\" src=\"https:\/\/84310.fr\/jardin-morierois\/wp-content\/uploads\/2021\/03\/DSCN3129.jpg\" alt=\"\" width=\"800\" height=\"600\" srcset=\"https:\/\/84310.fr\/jardin-morierois\/wp-content\/uploads\/2021\/03\/DSCN3129.jpg 800w, https:\/\/84310.fr\/jardin-morierois\/wp-content\/uploads\/2021\/03\/DSCN3129-300x225.jpg 300w, https:\/\/84310.fr\/jardin-morierois\/wp-content\/uploads\/2021\/03\/DSCN3129-768x576.jpg 768w\" sizes=\"auto, (max-width: 800px) 100vw, 800px\" \/><br \/>\nLa structure est finie. <img loading=\"lazy\" decoding=\"async\" class=\"alignnone size-full wp-image-3283\" src=\"https:\/\/84310.fr\/jardin-morierois\/wp-content\/uploads\/2021\/03\/DSCN3130.jpg\" alt=\"\" width=\"800\" height=\"600\" srcset=\"https:\/\/84310.fr\/jardin-morierois\/wp-content\/uploads\/2021\/03\/DSCN3130.jpg 800w, https:\/\/84310.fr\/jardin-morierois\/wp-content\/uploads\/2021\/03\/DSCN3130-300x225.jpg 300w, https:\/\/84310.fr\/jardin-morierois\/wp-content\/uploads\/2021\/03\/DSCN3130-768x576.jpg 768w\" sizes=\"auto, (max-width: 800px) 100vw, 800px\" \/> <img loading=\"lazy\" decoding=\"async\" class=\"alignnone size-full wp-image-3284\" src=\"https:\/\/84310.fr\/jardin-morierois\/wp-content\/uploads\/2021\/03\/DSCN3131.jpg\" alt=\"\" width=\"800\" height=\"600\" srcset=\"https:\/\/84310.fr\/jardin-morierois\/wp-content\/uploads\/2021\/03\/DSCN3131.jpg 800w, https:\/\/84310.fr\/jardin-morierois\/wp-content\/uploads\/2021\/03\/DSCN3131-300x225.jpg 300w, https:\/\/84310.fr\/jardin-morierois\/wp-content\/uploads\/2021\/03\/DSCN3131-768x576.jpg 768w\" sizes=\"auto, (max-width: 800px) 100vw, 800px\" \/><br \/>\nEssai dans la table de r\u00e9cup\u00e9ration.<br \/>\n<img loading=\"lazy\" decoding=\"async\" class=\"alignnone size-full wp-image-3285\" src=\"https:\/\/84310.fr\/jardin-morierois\/wp-content\/uploads\/2021\/03\/DSCN3132.jpg\" alt=\"\" width=\"800\" height=\"600\" srcset=\"https:\/\/84310.fr\/jardin-morierois\/wp-content\/uploads\/2021\/03\/DSCN3132.jpg 800w, https:\/\/84310.fr\/jardin-morierois\/wp-content\/uploads\/2021\/03\/DSCN3132-300x225.jpg 300w, https:\/\/84310.fr\/jardin-morierois\/wp-content\/uploads\/2021\/03\/DSCN3132-768x576.jpg 768w\" sizes=\"auto, (max-width: 800px) 100vw, 800px\" \/><br \/>\n\u00e7a rentre bien, mais la structure est plie au dessus de rang\u00e9es de semis .<br \/>\n<img loading=\"lazy\" decoding=\"async\" class=\"alignnone size-full wp-image-3286\" src=\"https:\/\/84310.fr\/jardin-morierois\/wp-content\/uploads\/2021\/03\/DSCN3134.jpg\" alt=\"\" width=\"800\" height=\"600\" srcset=\"https:\/\/84310.fr\/jardin-morierois\/wp-content\/uploads\/2021\/03\/DSCN3134.jpg 800w, https:\/\/84310.fr\/jardin-morierois\/wp-content\/uploads\/2021\/03\/DSCN3134-300x225.jpg 300w, https:\/\/84310.fr\/jardin-morierois\/wp-content\/uploads\/2021\/03\/DSCN3134-768x576.jpg 768w\" sizes=\"auto, (max-width: 800px) 100vw, 800px\" \/><br \/>\n\u00e7a risque de coincer un peu cot\u00e9 &#8230;. croissance des deux rang\u00e9es extr\u00eames &#8230;<br \/>\nc<img loading=\"lazy\" decoding=\"async\" class=\"alignnone size-full wp-image-3287\" src=\"https:\/\/84310.fr\/jardin-morierois\/wp-content\/uploads\/2021\/03\/DSCN3135.jpg\" alt=\"\" width=\"800\" height=\"600\" srcset=\"https:\/\/84310.fr\/jardin-morierois\/wp-content\/uploads\/2021\/03\/DSCN3135.jpg 800w, https:\/\/84310.fr\/jardin-morierois\/wp-content\/uploads\/2021\/03\/DSCN3135-300x225.jpg 300w, https:\/\/84310.fr\/jardin-morierois\/wp-content\/uploads\/2021\/03\/DSCN3135-768x576.jpg 768w\" sizes=\"auto, (max-width: 800px) 100vw, 800px\" \/><br \/>\nEssai de la pellicule r\u00e9fl\u00e9chissante et isolante, ( en fait un pare soleil \u00e0 1.99 Euros )<br \/>\n<img loading=\"lazy\" decoding=\"async\" class=\"alignnone size-full wp-image-3288\" src=\"https:\/\/84310.fr\/jardin-morierois\/wp-content\/uploads\/2021\/03\/DSCN3136.jpg\" alt=\"\" width=\"800\" height=\"600\" srcset=\"https:\/\/84310.fr\/jardin-morierois\/wp-content\/uploads\/2021\/03\/DSCN3136.jpg 800w, https:\/\/84310.fr\/jardin-morierois\/wp-content\/uploads\/2021\/03\/DSCN3136-300x225.jpg 300w, https:\/\/84310.fr\/jardin-morierois\/wp-content\/uploads\/2021\/03\/DSCN3136-768x576.jpg 768w\" sizes=\"auto, (max-width: 800px) 100vw, 800px\" \/><br \/>\nFixation du tube LED \u00e0 l&rsquo;axe central.<img loading=\"lazy\" decoding=\"async\" class=\"alignnone size-full wp-image-3289\" src=\"https:\/\/84310.fr\/jardin-morierois\/wp-content\/uploads\/2021\/03\/DSCN3137.jpg\" alt=\"\" width=\"800\" height=\"600\" srcset=\"https:\/\/84310.fr\/jardin-morierois\/wp-content\/uploads\/2021\/03\/DSCN3137.jpg 800w, https:\/\/84310.fr\/jardin-morierois\/wp-content\/uploads\/2021\/03\/DSCN3137-300x225.jpg 300w, https:\/\/84310.fr\/jardin-morierois\/wp-content\/uploads\/2021\/03\/DSCN3137-768x576.jpg 768w\" sizes=\"auto, (max-width: 800px) 100vw, 800px\" \/><br \/>\nL&rsquo;autre cot\u00e9 est bien fix\u00e9 \u00e9galement.<br \/>\n<img loading=\"lazy\" decoding=\"async\" class=\"alignnone size-full wp-image-3290\" src=\"https:\/\/84310.fr\/jardin-morierois\/wp-content\/uploads\/2021\/03\/DSCN3138.jpg\" alt=\"\" width=\"800\" height=\"600\" srcset=\"https:\/\/84310.fr\/jardin-morierois\/wp-content\/uploads\/2021\/03\/DSCN3138.jpg 800w, https:\/\/84310.fr\/jardin-morierois\/wp-content\/uploads\/2021\/03\/DSCN3138-300x225.jpg 300w, https:\/\/84310.fr\/jardin-morierois\/wp-content\/uploads\/2021\/03\/DSCN3138-768x576.jpg 768w\" sizes=\"auto, (max-width: 800px) 100vw, 800px\" \/><br \/>\nEssai d&rsquo;\u00e9clairage, \u00e7a \u00e9claire super bien, et \u00e7a refl\u00e8te bien la lumi\u00e8re<img loading=\"lazy\" decoding=\"async\" class=\"alignnone size-full wp-image-3291\" src=\"https:\/\/84310.fr\/jardin-morierois\/wp-content\/uploads\/2021\/03\/DSCN3139.jpg\" alt=\"\" width=\"800\" height=\"600\" srcset=\"https:\/\/84310.fr\/jardin-morierois\/wp-content\/uploads\/2021\/03\/DSCN3139.jpg 800w, https:\/\/84310.fr\/jardin-morierois\/wp-content\/uploads\/2021\/03\/DSCN3139-300x225.jpg 300w, https:\/\/84310.fr\/jardin-morierois\/wp-content\/uploads\/2021\/03\/DSCN3139-768x576.jpg 768w\" sizes=\"auto, (max-width: 800px) 100vw, 800px\" \/><br \/>\n\u00e7a \u00e9claire vachement bien !!!!<br \/>\n<img loading=\"lazy\" decoding=\"async\" class=\"alignnone size-full wp-image-3292\" src=\"https:\/\/84310.fr\/jardin-morierois\/wp-content\/uploads\/2021\/03\/DSCN3140.jpg\" alt=\"\" width=\"800\" height=\"600\" srcset=\"https:\/\/84310.fr\/jardin-morierois\/wp-content\/uploads\/2021\/03\/DSCN3140.jpg 800w, https:\/\/84310.fr\/jardin-morierois\/wp-content\/uploads\/2021\/03\/DSCN3140-300x225.jpg 300w, https:\/\/84310.fr\/jardin-morierois\/wp-content\/uploads\/2021\/03\/DSCN3140-768x576.jpg 768w\" sizes=\"auto, (max-width: 800px) 100vw, 800px\" \/><br \/>\nvue d&rsquo;en haut &#8230;<br \/>\nCalcul\u00a0 :<br \/>\nchaque plaque contient 54 emplacements.<br \/>\nsi j&rsquo;en mets 3 dans la longueur, je peux ais\u00e9ment faire 162 plants &#8230;<br \/>\nsi j&rsquo;en mets 4 dans la longueur, ( plaques tourn\u00e9es dans l&rsquo;autre sens ) facile 216 plants<br \/>\nsi j&rsquo;en mets 6 ( 2 x 3 ) \u00e7a fait 324 &#8211; 54 plants qui seront perdus car sous les barres de la structure&#8230;\u00e7a fait quand m\u00eame pr\u00e9s de 270 plants qui pourraient \u00eatre mis en croissance la dedans ..<br \/>\n<img loading=\"lazy\" decoding=\"async\" class=\"alignnone size-full wp-image-3293\" src=\"https:\/\/84310.fr\/jardin-morierois\/wp-content\/uploads\/2021\/03\/DSCN3141.jpg\" alt=\"\" width=\"800\" height=\"600\" srcset=\"https:\/\/84310.fr\/jardin-morierois\/wp-content\/uploads\/2021\/03\/DSCN3141.jpg 800w, https:\/\/84310.fr\/jardin-morierois\/wp-content\/uploads\/2021\/03\/DSCN3141-300x225.jpg 300w, https:\/\/84310.fr\/jardin-morierois\/wp-content\/uploads\/2021\/03\/DSCN3141-768x576.jpg 768w\" sizes=\"auto, (max-width: 800px) 100vw, 800px\" \/><br \/>\nUne Barre Led de 95 cm, 288 Leds\u00a0 6500 K pour une conso de 42 W<br \/>\n<img loading=\"lazy\" decoding=\"async\" class=\"alignnone size-full wp-image-3294\" src=\"https:\/\/84310.fr\/jardin-morierois\/wp-content\/uploads\/2021\/03\/DSCN3143.jpg\" alt=\"\" width=\"800\" height=\"600\" srcset=\"https:\/\/84310.fr\/jardin-morierois\/wp-content\/uploads\/2021\/03\/DSCN3143.jpg 800w, https:\/\/84310.fr\/jardin-morierois\/wp-content\/uploads\/2021\/03\/DSCN3143-300x225.jpg 300w, https:\/\/84310.fr\/jardin-morierois\/wp-content\/uploads\/2021\/03\/DSCN3143-768x576.jpg 768w\" sizes=\"auto, (max-width: 800px) 100vw, 800px\" \/><br \/>\nPas de chance apr\u00e8s 5 minutes de fonctionnement, la barre s&rsquo;est \u00e9teinte pour de bon &#8230;<br \/>\n5 minutes, 99 Euros, \u00e7a fait cher la minute pour faire grandir des tomates !!!!<br \/>\nsurtout que certains sites garantissent les Leds pour une utilisation de 50 000 heures &#8230;<br \/>\npar chance, le magasin ou je l&rsquo;ai achet\u00e9 s&rsquo;est souvenu de moi et a pu m&rsquo;en fournir une autre &#8230;( apr\u00e8s le tes de deux autres barres neuves d\u00e9fectueuses ..)<br \/>\nje commence \u00e0 regretter mon investissement )<\/p>\n<h5><span style=\"color: #800080;\"><strong>21 MARS 2021<\/strong><\/span><\/h5>\n<p>&nbsp;<\/p>\n<p>je profite d&rsquo;un peu de temps pour continuer mon projet de chambre de pousse car les semis montent.<br \/>\n<img loading=\"lazy\" decoding=\"async\" class=\"alignnone size-full wp-image-3301\" src=\"https:\/\/84310.fr\/jardin-morierois\/wp-content\/uploads\/2021\/03\/DSCN3166.jpg\" alt=\"\" width=\"800\" height=\"1067\" srcset=\"https:\/\/84310.fr\/jardin-morierois\/wp-content\/uploads\/2021\/03\/DSCN3166.jpg 800w, https:\/\/84310.fr\/jardin-morierois\/wp-content\/uploads\/2021\/03\/DSCN3166-225x300.jpg 225w, https:\/\/84310.fr\/jardin-morierois\/wp-content\/uploads\/2021\/03\/DSCN3166-768x1024.jpg 768w\" sizes=\"auto, (max-width: 800px) 100vw, 800px\" \/><br \/>\nLe bout est juste scotch\u00e9 pour permettre une ouverture facile et rapide pour pouvoir manipuler les plaques de semis si besoin.<br \/>\n<img loading=\"lazy\" decoding=\"async\" class=\"alignnone size-full wp-image-3302\" src=\"https:\/\/84310.fr\/jardin-morierois\/wp-content\/uploads\/2021\/03\/DSCN3167.jpg\" alt=\"\" width=\"800\" height=\"1067\" srcset=\"https:\/\/84310.fr\/jardin-morierois\/wp-content\/uploads\/2021\/03\/DSCN3167.jpg 800w, https:\/\/84310.fr\/jardin-morierois\/wp-content\/uploads\/2021\/03\/DSCN3167-225x300.jpg 225w, https:\/\/84310.fr\/jardin-morierois\/wp-content\/uploads\/2021\/03\/DSCN3167-768x1024.jpg 768w\" sizes=\"auto, (max-width: 800px) 100vw, 800px\" \/><br \/>\nLe dessus est \u00e9galement maintenu libre ( non fix\u00e9 )<br \/>\n<img loading=\"lazy\" decoding=\"async\" class=\"alignnone size-full wp-image-3303\" src=\"https:\/\/84310.fr\/jardin-morierois\/wp-content\/uploads\/2021\/03\/DSCN3168.jpg\" alt=\"\" width=\"800\" height=\"600\" srcset=\"https:\/\/84310.fr\/jardin-morierois\/wp-content\/uploads\/2021\/03\/DSCN3168.jpg 800w, https:\/\/84310.fr\/jardin-morierois\/wp-content\/uploads\/2021\/03\/DSCN3168-300x225.jpg 300w, https:\/\/84310.fr\/jardin-morierois\/wp-content\/uploads\/2021\/03\/DSCN3168-768x576.jpg 768w\" sizes=\"auto, (max-width: 800px) 100vw, 800px\" \/> <img loading=\"lazy\" decoding=\"async\" class=\"alignnone size-full wp-image-3304\" src=\"https:\/\/84310.fr\/jardin-morierois\/wp-content\/uploads\/2021\/03\/DSCN3169.jpg\" alt=\"\" width=\"800\" height=\"600\" srcset=\"https:\/\/84310.fr\/jardin-morierois\/wp-content\/uploads\/2021\/03\/DSCN3169.jpg 800w, https:\/\/84310.fr\/jardin-morierois\/wp-content\/uploads\/2021\/03\/DSCN3169-300x225.jpg 300w, https:\/\/84310.fr\/jardin-morierois\/wp-content\/uploads\/2021\/03\/DSCN3169-768x576.jpg 768w\" sizes=\"auto, (max-width: 800px) 100vw, 800px\" \/><br \/>\nOuverture facile ..<img loading=\"lazy\" decoding=\"async\" class=\"alignnone size-full wp-image-3305\" src=\"https:\/\/84310.fr\/jardin-morierois\/wp-content\/uploads\/2021\/03\/DSCN3170.jpg\" alt=\"\" width=\"800\" height=\"600\" srcset=\"https:\/\/84310.fr\/jardin-morierois\/wp-content\/uploads\/2021\/03\/DSCN3170.jpg 800w, https:\/\/84310.fr\/jardin-morierois\/wp-content\/uploads\/2021\/03\/DSCN3170-300x225.jpg 300w, https:\/\/84310.fr\/jardin-morierois\/wp-content\/uploads\/2021\/03\/DSCN3170-768x576.jpg 768w\" sizes=\"auto, (max-width: 800px) 100vw, 800px\" \/><br \/>\nla chambre de pousse est pratiquement termin\u00e9e, le n\u00e9on Led va \u00eatre mis sur l&rsquo;axe central.<br \/>\n<img loading=\"lazy\" decoding=\"async\" class=\"alignnone size-full wp-image-3306\" src=\"https:\/\/84310.fr\/jardin-morierois\/wp-content\/uploads\/2021\/03\/DSCN3173.jpg\" alt=\"\" width=\"800\" height=\"600\" srcset=\"https:\/\/84310.fr\/jardin-morierois\/wp-content\/uploads\/2021\/03\/DSCN3173.jpg 800w, https:\/\/84310.fr\/jardin-morierois\/wp-content\/uploads\/2021\/03\/DSCN3173-300x225.jpg 300w, https:\/\/84310.fr\/jardin-morierois\/wp-content\/uploads\/2021\/03\/DSCN3173-768x576.jpg 768w\" sizes=\"auto, (max-width: 800px) 100vw, 800px\" \/><br \/>\nUne fois encore, grosse d\u00e9ception sur ce N\u00e9on Led \u00e0 99 Euros.<br \/>\npour voir la consommation \u00e9lectrique, j&rsquo;avais mis le tout sur un Wattm\u00e8tre, et finalement pour savoir si cela valait le coup de \u00ab\u00a0booster\u00a0\u00bb les semis sans trop d\u00e9penser d&rsquo;\u00e9nergie et d&rsquo;argent.<br \/>\nLe n\u00e9on Led aura tenu 6 minutes et 12 seconde &#8230;.<\/p>\n<p><img loading=\"lazy\" decoding=\"async\" class=\"alignnone size-full wp-image-3307\" src=\"https:\/\/84310.fr\/jardin-morierois\/wp-content\/uploads\/2021\/03\/DSCN3174.jpg\" alt=\"\" width=\"800\" height=\"600\" srcset=\"https:\/\/84310.fr\/jardin-morierois\/wp-content\/uploads\/2021\/03\/DSCN3174.jpg 800w, https:\/\/84310.fr\/jardin-morierois\/wp-content\/uploads\/2021\/03\/DSCN3174-300x225.jpg 300w, https:\/\/84310.fr\/jardin-morierois\/wp-content\/uploads\/2021\/03\/DSCN3174-768x576.jpg 768w\" sizes=\"auto, (max-width: 800px) 100vw, 800px\" \/> <img loading=\"lazy\" decoding=\"async\" class=\"alignnone size-full wp-image-3308\" src=\"https:\/\/84310.fr\/jardin-morierois\/wp-content\/uploads\/2021\/03\/DSCN3176.jpg\" alt=\"\" width=\"800\" height=\"600\" srcset=\"https:\/\/84310.fr\/jardin-morierois\/wp-content\/uploads\/2021\/03\/DSCN3176.jpg 800w, https:\/\/84310.fr\/jardin-morierois\/wp-content\/uploads\/2021\/03\/DSCN3176-300x225.jpg 300w, https:\/\/84310.fr\/jardin-morierois\/wp-content\/uploads\/2021\/03\/DSCN3176-768x576.jpg 768w\" sizes=\"auto, (max-width: 800px) 100vw, 800px\" \/> <img loading=\"lazy\" decoding=\"async\" class=\"alignnone size-full wp-image-3309\" src=\"https:\/\/84310.fr\/jardin-morierois\/wp-content\/uploads\/2021\/03\/DSCN3178.jpg\" alt=\"\" width=\"800\" height=\"600\" srcset=\"https:\/\/84310.fr\/jardin-morierois\/wp-content\/uploads\/2021\/03\/DSCN3178.jpg 800w, https:\/\/84310.fr\/jardin-morierois\/wp-content\/uploads\/2021\/03\/DSCN3178-300x225.jpg 300w, https:\/\/84310.fr\/jardin-morierois\/wp-content\/uploads\/2021\/03\/DSCN3178-768x576.jpg 768w\" sizes=\"auto, (max-width: 800px) 100vw, 800px\" \/> <img loading=\"lazy\" decoding=\"async\" class=\"alignnone size-full wp-image-3310\" src=\"https:\/\/84310.fr\/jardin-morierois\/wp-content\/uploads\/2021\/03\/DSCN3179.jpg\" alt=\"\" width=\"800\" height=\"600\" srcset=\"https:\/\/84310.fr\/jardin-morierois\/wp-content\/uploads\/2021\/03\/DSCN3179.jpg 800w, https:\/\/84310.fr\/jardin-morierois\/wp-content\/uploads\/2021\/03\/DSCN3179-300x225.jpg 300w, https:\/\/84310.fr\/jardin-morierois\/wp-content\/uploads\/2021\/03\/DSCN3179-768x576.jpg 768w\" sizes=\"auto, (max-width: 800px) 100vw, 800px\" \/> <img loading=\"lazy\" decoding=\"async\" class=\"alignnone size-full wp-image-3311\" src=\"https:\/\/84310.fr\/jardin-morierois\/wp-content\/uploads\/2021\/03\/DSCN3180.jpg\" alt=\"\" width=\"800\" height=\"600\" srcset=\"https:\/\/84310.fr\/jardin-morierois\/wp-content\/uploads\/2021\/03\/DSCN3180.jpg 800w, https:\/\/84310.fr\/jardin-morierois\/wp-content\/uploads\/2021\/03\/DSCN3180-300x225.jpg 300w, https:\/\/84310.fr\/jardin-morierois\/wp-content\/uploads\/2021\/03\/DSCN3180-768x576.jpg 768w\" sizes=\"auto, (max-width: 800px) 100vw, 800px\" \/><br \/>\nLors de l&rsquo;\u00e9chec du premier N\u00e9on Led ( je devrai plut\u00f4t dire Tube Led ) j&rsquo;avais command\u00e9 sur internet des rubans de croissance Led pour quelques Euros, Ce sont plut\u00f4t des Led de Floraison, pr\u00e9vu pour \u00a0\u00bb motiver \u00a0\u00bb les plantes \u00e0 faire des fleurs. &lsquo;couleur violet&rsquo;<\/p>\n<p>Dans mon malheur, les deux tubes d\u00e9fectueux ont \u00e9t\u00e9 rembours\u00e9s et j&rsquo;ai pu acqu\u00e9rir \u00e0 la place, deux dalles de LED\u00a0 6500K,<\/p>\n<p><strong>Phase de culture :<\/strong><br \/>\n<strong>Ce panneau led horticole est pr\u00e9conis\u00e9 dans la phase de croissance de vos plantes.<\/strong><\/p>\n<p><strong>Caract\u00e9ristiques :<\/strong><br \/>\nDimensions : 60 x 60 cm<br \/>\nPuissance : 36 Watts<br \/>\nTemp\u00e9rature de couleur : 6500\u00b0K<br \/>\nDur\u00e9e de vie : 50 000 heures<br \/>\nRebord en Aluminium<\/p>\n<p>bon, je n&rsquo;ai pas \u00e9t\u00e9 d\u00e9\u00e7u de ce syst\u00e8me, juste 5 minutes pour y greffer une prise \u00e9lectrique et brancher 2 fils.( car rien n&rsquo;est pr\u00e9vu pour le brancher directement )<br \/>\nj&rsquo;ai trouv\u00e9 que les plantes se sont bien adapt\u00e9 aux dalles LED, cela a fait des plants bien droits, qui ne cherchaient pas la source lumineuse ailleurs qu&rsquo;au dessus d&rsquo;eux. Les plants \u00e9taient bien robustes, avec une tige bien \u00e9paisse, bien droite, et de belles feuilles.<br \/>\nj&rsquo;allumais les dalles de 8h00 du matin jusqu&rsquo;\u00e0 23h00 ou minuit et l&rsquo;obscurit\u00e9 pendant les heures restantes \u00e9tait n\u00e9cessaire \u00e0 la bonne sant\u00e9 des plants.<\/p>\n<p><img loading=\"lazy\" decoding=\"async\" class=\"alignnone size-full wp-image-3373\" src=\"https:\/\/84310.fr\/jardin-morierois\/wp-content\/uploads\/2021\/04\/DSCN3208.jpg\" alt=\"\" width=\"800\" height=\"600\" srcset=\"https:\/\/84310.fr\/jardin-morierois\/wp-content\/uploads\/2021\/04\/DSCN3208.jpg 800w, https:\/\/84310.fr\/jardin-morierois\/wp-content\/uploads\/2021\/04\/DSCN3208-300x225.jpg 300w, https:\/\/84310.fr\/jardin-morierois\/wp-content\/uploads\/2021\/04\/DSCN3208-768x576.jpg 768w\" sizes=\"auto, (max-width: 800px) 100vw, 800px\" \/><br \/>\nLes deux plaques Leds sont suspendues \u00e0 la structure de la chambre de pousse. Initialement pr\u00e9vue pour un tube Leds, la chambre se trouve trop petite car les dalles font 60&#215;60 cm. Il va falloir que je refasse la chambre un poil plus grande car les dalles d\u00e9passaient un peu de la structure.<\/p>\n<p><img loading=\"lazy\" decoding=\"async\" class=\"alignnone size-full wp-image-3374\" src=\"https:\/\/84310.fr\/jardin-morierois\/wp-content\/uploads\/2021\/04\/DSCN3212.jpg\" alt=\"\" width=\"800\" height=\"600\" srcset=\"https:\/\/84310.fr\/jardin-morierois\/wp-content\/uploads\/2021\/04\/DSCN3212.jpg 800w, https:\/\/84310.fr\/jardin-morierois\/wp-content\/uploads\/2021\/04\/DSCN3212-300x225.jpg 300w, https:\/\/84310.fr\/jardin-morierois\/wp-content\/uploads\/2021\/04\/DSCN3212-768x576.jpg 768w\" sizes=\"auto, (max-width: 800px) 100vw, 800px\" \/><br \/>\nLes plants s&rsquo;y trouvent bien,\u00a0 au d\u00e9but une centaine de plants de tomates accompagn\u00e9 d&rsquo;un grand godet de basilic ( au fond)<\/p>\n<p><img loading=\"lazy\" decoding=\"async\" class=\"alignnone size-full wp-image-3377\" src=\"https:\/\/84310.fr\/jardin-morierois\/wp-content\/uploads\/2021\/04\/DSCN3219.jpg\" alt=\"\" width=\"800\" height=\"600\" srcset=\"https:\/\/84310.fr\/jardin-morierois\/wp-content\/uploads\/2021\/04\/DSCN3219.jpg 800w, https:\/\/84310.fr\/jardin-morierois\/wp-content\/uploads\/2021\/04\/DSCN3219-300x225.jpg 300w, https:\/\/84310.fr\/jardin-morierois\/wp-content\/uploads\/2021\/04\/DSCN3219-768x576.jpg 768w\" sizes=\"auto, (max-width: 800px) 100vw, 800px\" \/><br \/>\nquelques jours plus tard, deux autres plaques de tomates sont venues profiter des dalles Leds.<br \/>\n<img loading=\"lazy\" decoding=\"async\" class=\"alignnone size-full wp-image-3375\" src=\"https:\/\/84310.fr\/jardin-morierois\/wp-content\/uploads\/2021\/04\/DSCN3215.jpg\" alt=\"\" width=\"800\" height=\"600\" srcset=\"https:\/\/84310.fr\/jardin-morierois\/wp-content\/uploads\/2021\/04\/DSCN3215.jpg 800w, https:\/\/84310.fr\/jardin-morierois\/wp-content\/uploads\/2021\/04\/DSCN3215-300x225.jpg 300w, https:\/\/84310.fr\/jardin-morierois\/wp-content\/uploads\/2021\/04\/DSCN3215-768x576.jpg 768w\" sizes=\"auto, (max-width: 800px) 100vw, 800px\" \/><br \/>\nau bout de quelques semaines, les plants sont vigoureux et suffisamment robustes pour \u00eatre transplant\u00e9s en godets.<br \/>\n<img loading=\"lazy\" decoding=\"async\" class=\"alignnone size-full wp-image-3376\" src=\"https:\/\/84310.fr\/jardin-morierois\/wp-content\/uploads\/2021\/04\/DSCN3218.jpg\" alt=\"\" width=\"800\" height=\"600\" srcset=\"https:\/\/84310.fr\/jardin-morierois\/wp-content\/uploads\/2021\/04\/DSCN3218.jpg 800w, https:\/\/84310.fr\/jardin-morierois\/wp-content\/uploads\/2021\/04\/DSCN3218-300x225.jpg 300w, https:\/\/84310.fr\/jardin-morierois\/wp-content\/uploads\/2021\/04\/DSCN3218-768x576.jpg 768w\" sizes=\"auto, (max-width: 800px) 100vw, 800px\" \/> un beau feuillage<br \/>\n<img loading=\"lazy\" decoding=\"async\" class=\"alignnone size-full wp-image-3378\" src=\"https:\/\/84310.fr\/jardin-morierois\/wp-content\/uploads\/2021\/04\/DSCN3245.jpg\" alt=\"\" width=\"800\" height=\"600\" srcset=\"https:\/\/84310.fr\/jardin-morierois\/wp-content\/uploads\/2021\/04\/DSCN3245.jpg 800w, https:\/\/84310.fr\/jardin-morierois\/wp-content\/uploads\/2021\/04\/DSCN3245-300x225.jpg 300w, https:\/\/84310.fr\/jardin-morierois\/wp-content\/uploads\/2021\/04\/DSCN3245-768x576.jpg 768w\" sizes=\"auto, (max-width: 800px) 100vw, 800px\" \/><br \/>\nde belles tiges bien violettes<br \/>\n<img loading=\"lazy\" decoding=\"async\" class=\"alignnone size-full wp-image-3379\" src=\"https:\/\/84310.fr\/jardin-morierois\/wp-content\/uploads\/2021\/04\/DSCN3246.jpg\" alt=\"\" width=\"800\" height=\"600\" srcset=\"https:\/\/84310.fr\/jardin-morierois\/wp-content\/uploads\/2021\/04\/DSCN3246.jpg 800w, https:\/\/84310.fr\/jardin-morierois\/wp-content\/uploads\/2021\/04\/DSCN3246-300x225.jpg 300w, https:\/\/84310.fr\/jardin-morierois\/wp-content\/uploads\/2021\/04\/DSCN3246-768x576.jpg 768w\" sizes=\"auto, (max-width: 800px) 100vw, 800px\" \/><\/p>\n<p><img loading=\"lazy\" decoding=\"async\" class=\"alignnone size-full wp-image-3380\" src=\"https:\/\/84310.fr\/jardin-morierois\/wp-content\/uploads\/2021\/04\/DSCN3247.jpg\" alt=\"\" width=\"600\" height=\"800\" srcset=\"https:\/\/84310.fr\/jardin-morierois\/wp-content\/uploads\/2021\/04\/DSCN3247.jpg 600w, https:\/\/84310.fr\/jardin-morierois\/wp-content\/uploads\/2021\/04\/DSCN3247-225x300.jpg 225w\" sizes=\"auto, (max-width: 600px) 100vw, 600px\" \/><br \/>\ndes racines robustes..<br \/>\nje ne sais plus combien de semaines j&rsquo;ai mis les plants de tomates sous Leds, m&rsquo;ai pour une consommation d&rsquo;environ 14 KW, j&rsquo;en ai eu pour environ 2,50 Euros ( hors abonnement )<\/p>\n<p>c&rsquo;est une exp\u00e9rience que je vais poursuivre avec d&rsquo;autres sortes de l\u00e9gumes, et reconduire l&rsquo;ann\u00e9e prochaine.<\/p>\n","protected":false},"excerpt":{"rendered":"<p>9 MARS 2021 curieux de nature, depuis longtemps je me suis int\u00e9ress\u00e9 \u00e0 la croissance sous lampes\/Leds Ce No\u00ebl, une bonne occasion de se faire plaisir et de tester une nouvelle fa\u00e7on de semer. Quelques bouts de bois r\u00e9cup\u00e9r\u00e9s au&hellip; <\/p>\n","protected":false},"author":1,"featured_media":0,"parent":0,"menu_order":0,"comment_status":"closed","ping_status":"closed","template":"","meta":{"_exactmetrics_skip_tracking":false,"_exactmetrics_sitenote_active":false,"_exactmetrics_sitenote_note":"","_exactmetrics_sitenote_category":0,"footnotes":""},"class_list":["post-3279","page","type-page","status-publish","hentry"],"_links":{"self":[{"href":"https:\/\/84310.fr\/jardin-morierois\/wp-json\/wp\/v2\/pages\/3279","targetHints":{"allow":["GET"]}}],"collection":[{"href":"https:\/\/84310.fr\/jardin-morierois\/wp-json\/wp\/v2\/pages"}],"about":[{"href":"https:\/\/84310.fr\/jardin-morierois\/wp-json\/wp\/v2\/types\/page"}],"author":[{"embeddable":true,"href":"https:\/\/84310.fr\/jardin-morierois\/wp-json\/wp\/v2\/users\/1"}],"replies":[{"embeddable":true,"href":"https:\/\/84310.fr\/jardin-morierois\/wp-json\/wp\/v2\/comments?post=3279"}],"version-history":[{"count":8,"href":"https:\/\/84310.fr\/jardin-morierois\/wp-json\/wp\/v2\/pages\/3279\/revisions"}],"predecessor-version":[{"id":3381,"href":"https:\/\/84310.fr\/jardin-morierois\/wp-json\/wp\/v2\/pages\/3279\/revisions\/3381"}],"wp:attachment":[{"href":"https:\/\/84310.fr\/jardin-morierois\/wp-json\/wp\/v2\/media?parent=3279"}],"curies":[{"name":"wp","href":"https:\/\/api.w.org\/{rel}","templated":true}]}}