{"id":3247,"date":"2021-01-13T22:39:34","date_gmt":"2021-01-13T21:39:34","guid":{"rendered":"http:\/\/84310.fr\/jardin-morierois\/?page_id=3247"},"modified":"2021-01-13T22:42:18","modified_gmt":"2021-01-13T21:42:18","slug":"etat-des-lieux-janvier-2021","status":"publish","type":"page","link":"https:\/\/84310.fr\/jardin-morierois\/etat-des-lieux-janvier-2021\/","title":{"rendered":"\u00c9tat des lieux Janvier 2021"},"content":{"rendered":"<p><img loading=\"lazy\" decoding=\"async\" class=\"alignnone size-full wp-image-3249\" src=\"https:\/\/84310.fr\/jardin-morierois\/wp-content\/uploads\/2021\/01\/DSCN2626.jpg\" alt=\"\" width=\"800\" height=\"600\" srcset=\"https:\/\/84310.fr\/jardin-morierois\/wp-content\/uploads\/2021\/01\/DSCN2626.jpg 800w, https:\/\/84310.fr\/jardin-morierois\/wp-content\/uploads\/2021\/01\/DSCN2626-300x225.jpg 300w, https:\/\/84310.fr\/jardin-morierois\/wp-content\/uploads\/2021\/01\/DSCN2626-768x576.jpg 768w\" sizes=\"auto, (max-width: 800px) 100vw, 800px\" \/><br \/>\nUn petit peu de neige en ce 4 Janvier 2021<br \/>\n<img loading=\"lazy\" decoding=\"async\" class=\"alignnone size-full wp-image-3250\" src=\"https:\/\/84310.fr\/jardin-morierois\/wp-content\/uploads\/2021\/01\/DSCN2627.jpg\" alt=\"\" width=\"800\" height=\"600\" srcset=\"https:\/\/84310.fr\/jardin-morierois\/wp-content\/uploads\/2021\/01\/DSCN2627.jpg 800w, https:\/\/84310.fr\/jardin-morierois\/wp-content\/uploads\/2021\/01\/DSCN2627-300x225.jpg 300w, https:\/\/84310.fr\/jardin-morierois\/wp-content\/uploads\/2021\/01\/DSCN2627-768x576.jpg 768w\" sizes=\"auto, (max-width: 800px) 100vw, 800px\" \/><br \/>\nL&#8217;emplacement des patates se repose tranquilement<img loading=\"lazy\" decoding=\"async\" class=\"alignnone size-full wp-image-3251\" src=\"https:\/\/84310.fr\/jardin-morierois\/wp-content\/uploads\/2021\/01\/DSCN2634.jpg\" alt=\"\" width=\"800\" height=\"600\" srcset=\"https:\/\/84310.fr\/jardin-morierois\/wp-content\/uploads\/2021\/01\/DSCN2634.jpg 800w, https:\/\/84310.fr\/jardin-morierois\/wp-content\/uploads\/2021\/01\/DSCN2634-300x225.jpg 300w, https:\/\/84310.fr\/jardin-morierois\/wp-content\/uploads\/2021\/01\/DSCN2634-768x576.jpg 768w\" sizes=\"auto, (max-width: 800px) 100vw, 800px\" \/><br \/>\nL&rsquo;entr\u00e9e du jardin<br \/>\n<img loading=\"lazy\" decoding=\"async\" class=\"alignnone size-full wp-image-3252\" src=\"https:\/\/84310.fr\/jardin-morierois\/wp-content\/uploads\/2021\/01\/DSCN2635.jpg\" alt=\"\" width=\"800\" height=\"600\" srcset=\"https:\/\/84310.fr\/jardin-morierois\/wp-content\/uploads\/2021\/01\/DSCN2635.jpg 800w, https:\/\/84310.fr\/jardin-morierois\/wp-content\/uploads\/2021\/01\/DSCN2635-300x225.jpg 300w, https:\/\/84310.fr\/jardin-morierois\/wp-content\/uploads\/2021\/01\/DSCN2635-768x576.jpg 768w\" sizes=\"auto, (max-width: 800px) 100vw, 800px\" \/><br \/>\nLa grande rang\u00e9e des salades glac\u00e9es, \u00e7a tombe bien, Neige, Glace, on est pas loin &#8230;<img loading=\"lazy\" decoding=\"async\" class=\"alignnone size-full wp-image-3253\" src=\"https:\/\/84310.fr\/jardin-morierois\/wp-content\/uploads\/2021\/01\/DSCN2636.jpg\" alt=\"\" width=\"800\" height=\"600\" srcset=\"https:\/\/84310.fr\/jardin-morierois\/wp-content\/uploads\/2021\/01\/DSCN2636.jpg 800w, https:\/\/84310.fr\/jardin-morierois\/wp-content\/uploads\/2021\/01\/DSCN2636-300x225.jpg 300w, https:\/\/84310.fr\/jardin-morierois\/wp-content\/uploads\/2021\/01\/DSCN2636-768x576.jpg 768w\" sizes=\"auto, (max-width: 800px) 100vw, 800px\" \/><br \/>\nLes choux, et \u00e0 gauche on devine les rang\u00e9es de m\u00e2che.<img loading=\"lazy\" decoding=\"async\" class=\"alignnone size-full wp-image-3254\" src=\"https:\/\/84310.fr\/jardin-morierois\/wp-content\/uploads\/2021\/01\/DSCN2637.jpg\" alt=\"\" width=\"800\" height=\"600\" srcset=\"https:\/\/84310.fr\/jardin-morierois\/wp-content\/uploads\/2021\/01\/DSCN2637.jpg 800w, https:\/\/84310.fr\/jardin-morierois\/wp-content\/uploads\/2021\/01\/DSCN2637-300x225.jpg 300w, https:\/\/84310.fr\/jardin-morierois\/wp-content\/uploads\/2021\/01\/DSCN2637-768x576.jpg 768w\" sizes=\"auto, (max-width: 800px) 100vw, 800px\" \/><br \/>\nLes salades sous serre n&rsquo;ont pas \u00e9t\u00e9 trop d\u00e9rang\u00e9es. un peu plus de 350 et autant de salades glac\u00e9es, sans compter les m\u00e2ches &#8230;<br \/>\n<img loading=\"lazy\" decoding=\"async\" class=\"alignnone size-full wp-image-3255\" src=\"https:\/\/84310.fr\/jardin-morierois\/wp-content\/uploads\/2021\/01\/DSCN2639.jpg\" alt=\"\" width=\"800\" height=\"600\" srcset=\"https:\/\/84310.fr\/jardin-morierois\/wp-content\/uploads\/2021\/01\/DSCN2639.jpg 800w, https:\/\/84310.fr\/jardin-morierois\/wp-content\/uploads\/2021\/01\/DSCN2639-300x225.jpg 300w, https:\/\/84310.fr\/jardin-morierois\/wp-content\/uploads\/2021\/01\/DSCN2639-768x576.jpg 768w\" sizes=\"auto, (max-width: 800px) 100vw, 800px\" \/><br \/>\nEncore des salades Glac\u00e9es, et quelques poireaux<img loading=\"lazy\" decoding=\"async\" class=\"alignnone size-full wp-image-3256\" src=\"https:\/\/84310.fr\/jardin-morierois\/wp-content\/uploads\/2021\/01\/DSCN2640.jpg\" alt=\"\" width=\"800\" height=\"600\" srcset=\"https:\/\/84310.fr\/jardin-morierois\/wp-content\/uploads\/2021\/01\/DSCN2640.jpg 800w, https:\/\/84310.fr\/jardin-morierois\/wp-content\/uploads\/2021\/01\/DSCN2640-300x225.jpg 300w, https:\/\/84310.fr\/jardin-morierois\/wp-content\/uploads\/2021\/01\/DSCN2640-768x576.jpg 768w\" sizes=\"auto, (max-width: 800px) 100vw, 800px\" \/><br \/>\nQuelques choux, achet\u00e9s pendant l&rsquo;op\u00e9ration \u00a0\u00bb de ferme en ferme \u00a0\u00bb 2020<br \/>\n<img loading=\"lazy\" decoding=\"async\" class=\"alignnone size-full wp-image-3257\" src=\"https:\/\/84310.fr\/jardin-morierois\/wp-content\/uploads\/2021\/01\/DSCN2642.jpg\" alt=\"\" width=\"800\" height=\"600\" srcset=\"https:\/\/84310.fr\/jardin-morierois\/wp-content\/uploads\/2021\/01\/DSCN2642.jpg 800w, https:\/\/84310.fr\/jardin-morierois\/wp-content\/uploads\/2021\/01\/DSCN2642-300x225.jpg 300w, https:\/\/84310.fr\/jardin-morierois\/wp-content\/uploads\/2021\/01\/DSCN2642-768x576.jpg 768w\" sizes=\"auto, (max-width: 800px) 100vw, 800px\" \/><br \/>\nL&rsquo;espace ph\u00e9noculture qui sert de d\u00e9p\u00f4t de v\u00e9g\u00e9taux<img loading=\"lazy\" decoding=\"async\" class=\"alignnone size-full wp-image-3258\" src=\"https:\/\/84310.fr\/jardin-morierois\/wp-content\/uploads\/2021\/01\/DSCN2644.jpg\" alt=\"\" width=\"800\" height=\"600\" srcset=\"https:\/\/84310.fr\/jardin-morierois\/wp-content\/uploads\/2021\/01\/DSCN2644.jpg 800w, https:\/\/84310.fr\/jardin-morierois\/wp-content\/uploads\/2021\/01\/DSCN2644-300x225.jpg 300w, https:\/\/84310.fr\/jardin-morierois\/wp-content\/uploads\/2021\/01\/DSCN2644-768x576.jpg 768w\" sizes=\"auto, (max-width: 800px) 100vw, 800px\" \/><br \/>\nAutre vue de la grande rang\u00e9e de salades glac\u00e9es.<img loading=\"lazy\" decoding=\"async\" class=\"alignnone size-full wp-image-3259\" src=\"https:\/\/84310.fr\/jardin-morierois\/wp-content\/uploads\/2021\/01\/DSCN2654.jpg\" alt=\"\" width=\"800\" height=\"600\" srcset=\"https:\/\/84310.fr\/jardin-morierois\/wp-content\/uploads\/2021\/01\/DSCN2654.jpg 800w, https:\/\/84310.fr\/jardin-morierois\/wp-content\/uploads\/2021\/01\/DSCN2654-300x225.jpg 300w, https:\/\/84310.fr\/jardin-morierois\/wp-content\/uploads\/2021\/01\/DSCN2654-768x576.jpg 768w\" sizes=\"auto, (max-width: 800px) 100vw, 800px\" \/><br \/>\nL&rsquo;espace Aromates sans Aromates, au devant les plants de fraises donn\u00e9s par Serge<br \/>\n<img loading=\"lazy\" decoding=\"async\" class=\"alignnone size-full wp-image-3260\" src=\"https:\/\/84310.fr\/jardin-morierois\/wp-content\/uploads\/2021\/01\/DSCN2657-scaled.jpg\" alt=\"\" width=\"2560\" height=\"1920\" srcset=\"https:\/\/84310.fr\/jardin-morierois\/wp-content\/uploads\/2021\/01\/DSCN2657-scaled.jpg 2560w, https:\/\/84310.fr\/jardin-morierois\/wp-content\/uploads\/2021\/01\/DSCN2657-300x225.jpg 300w, https:\/\/84310.fr\/jardin-morierois\/wp-content\/uploads\/2021\/01\/DSCN2657-1024x768.jpg 1024w, https:\/\/84310.fr\/jardin-morierois\/wp-content\/uploads\/2021\/01\/DSCN2657-768x576.jpg 768w, https:\/\/84310.fr\/jardin-morierois\/wp-content\/uploads\/2021\/01\/DSCN2657-1536x1152.jpg 1536w, https:\/\/84310.fr\/jardin-morierois\/wp-content\/uploads\/2021\/01\/DSCN2657-2048x1536.jpg 2048w\" sizes=\"auto, (max-width: 2560px) 100vw, 2560px\" \/><br \/>\nvue g\u00e9n\u00e9rale des motoculteurs et du petit cabanon.<\/p>\n","protected":false},"excerpt":{"rendered":"<p>Un petit peu de neige en ce 4 Janvier 2021 L&#8217;emplacement des patates se repose tranquilement L&rsquo;entr\u00e9e du jardin La grande rang\u00e9e des salades glac\u00e9es, \u00e7a tombe bien, Neige, Glace, on est pas loin &#8230; Les choux, et \u00e0 gauche&hellip; <\/p>\n","protected":false},"author":1,"featured_media":0,"parent":0,"menu_order":0,"comment_status":"closed","ping_status":"closed","template":"","meta":{"_exactmetrics_skip_tracking":false,"_exactmetrics_sitenote_active":false,"_exactmetrics_sitenote_note":"","_exactmetrics_sitenote_category":0,"footnotes":""},"class_list":["post-3247","page","type-page","status-publish","hentry"],"_links":{"self":[{"href":"https:\/\/84310.fr\/jardin-morierois\/wp-json\/wp\/v2\/pages\/3247","targetHints":{"allow":["GET"]}}],"collection":[{"href":"https:\/\/84310.fr\/jardin-morierois\/wp-json\/wp\/v2\/pages"}],"about":[{"href":"https:\/\/84310.fr\/jardin-morierois\/wp-json\/wp\/v2\/types\/page"}],"author":[{"embeddable":true,"href":"https:\/\/84310.fr\/jardin-morierois\/wp-json\/wp\/v2\/users\/1"}],"replies":[{"embeddable":true,"href":"https:\/\/84310.fr\/jardin-morierois\/wp-json\/wp\/v2\/comments?post=3247"}],"version-history":[{"count":4,"href":"https:\/\/84310.fr\/jardin-morierois\/wp-json\/wp\/v2\/pages\/3247\/revisions"}],"predecessor-version":[{"id":3264,"href":"https:\/\/84310.fr\/jardin-morierois\/wp-json\/wp\/v2\/pages\/3247\/revisions\/3264"}],"wp:attachment":[{"href":"https:\/\/84310.fr\/jardin-morierois\/wp-json\/wp\/v2\/media?parent=3247"}],"curies":[{"name":"wp","href":"https:\/\/api.w.org\/{rel}","templated":true}]}}