{"id":3234,"date":"2020-12-19T23:04:28","date_gmt":"2020-12-19T22:04:28","guid":{"rendered":"http:\/\/84310.fr\/jardin-morierois\/?page_id=3234"},"modified":"2020-12-19T23:05:03","modified_gmt":"2020-12-19T22:05:03","slug":"20-milles-lieux-sous-les-serres","status":"publish","type":"page","link":"https:\/\/84310.fr\/jardin-morierois\/20-milles-lieux-sous-les-serres\/","title":{"rendered":"20 milles lieux sous les serres"},"content":{"rendered":"<p>une petite id\u00e9e de ce qui se passe sous les serres tunnel &#8230;<\/p>\n<p><img loading=\"lazy\" decoding=\"async\" class=\"alignnone size-full wp-image-3235\" src=\"https:\/\/84310.fr\/jardin-morierois\/wp-content\/uploads\/2020\/12\/DSCN2545.jpg\" alt=\"\" width=\"800\" height=\"600\" srcset=\"https:\/\/84310.fr\/jardin-morierois\/wp-content\/uploads\/2020\/12\/DSCN2545.jpg 800w, https:\/\/84310.fr\/jardin-morierois\/wp-content\/uploads\/2020\/12\/DSCN2545-300x225.jpg 300w, https:\/\/84310.fr\/jardin-morierois\/wp-content\/uploads\/2020\/12\/DSCN2545-768x576.jpg 768w\" sizes=\"auto, (max-width: 800px) 100vw, 800px\" \/><br \/>\non grandit bien \u00e0 l&rsquo;abri du froid ..<br \/>\n<img loading=\"lazy\" decoding=\"async\" class=\"alignnone size-full wp-image-3236\" src=\"https:\/\/84310.fr\/jardin-morierois\/wp-content\/uploads\/2020\/12\/DSCN2547.jpg\" alt=\"\" width=\"800\" height=\"600\" srcset=\"https:\/\/84310.fr\/jardin-morierois\/wp-content\/uploads\/2020\/12\/DSCN2547.jpg 800w, https:\/\/84310.fr\/jardin-morierois\/wp-content\/uploads\/2020\/12\/DSCN2547-300x225.jpg 300w, https:\/\/84310.fr\/jardin-morierois\/wp-content\/uploads\/2020\/12\/DSCN2547-768x576.jpg 768w\" sizes=\"auto, (max-width: 800px) 100vw, 800px\" \/><br \/>\nA cot\u00e9 des serres aussi &#8230; mais plus doucement &#8230;<br \/>\n<img loading=\"lazy\" decoding=\"async\" class=\"alignnone size-full wp-image-3237\" src=\"https:\/\/84310.fr\/jardin-morierois\/wp-content\/uploads\/2020\/12\/DSCN2551.jpg\" alt=\"\" width=\"800\" height=\"600\" srcset=\"https:\/\/84310.fr\/jardin-morierois\/wp-content\/uploads\/2020\/12\/DSCN2551.jpg 800w, https:\/\/84310.fr\/jardin-morierois\/wp-content\/uploads\/2020\/12\/DSCN2551-300x225.jpg 300w, https:\/\/84310.fr\/jardin-morierois\/wp-content\/uploads\/2020\/12\/DSCN2551-768x576.jpg 768w\" sizes=\"auto, (max-width: 800px) 100vw, 800px\" \/><br \/>\nD&rsquo;autres vari\u00e9t\u00e9s se pr\u00e9parent<img loading=\"lazy\" decoding=\"async\" class=\"alignnone size-full wp-image-3238\" src=\"https:\/\/84310.fr\/jardin-morierois\/wp-content\/uploads\/2020\/12\/DSCN2553.jpg\" alt=\"\" width=\"800\" height=\"600\" srcset=\"https:\/\/84310.fr\/jardin-morierois\/wp-content\/uploads\/2020\/12\/DSCN2553.jpg 800w, https:\/\/84310.fr\/jardin-morierois\/wp-content\/uploads\/2020\/12\/DSCN2553-300x225.jpg 300w, https:\/\/84310.fr\/jardin-morierois\/wp-content\/uploads\/2020\/12\/DSCN2553-768x576.jpg 768w\" sizes=\"auto, (max-width: 800px) 100vw, 800px\" \/><br \/>\nLa m\u00e2che commence \u00e0 s&rsquo;\u00e9panouir.<br \/>\n<img loading=\"lazy\" decoding=\"async\" class=\"alignnone size-full wp-image-3239\" src=\"https:\/\/84310.fr\/jardin-morierois\/wp-content\/uploads\/2020\/12\/DSCN2554.jpg\" alt=\"\" width=\"800\" height=\"600\" srcset=\"https:\/\/84310.fr\/jardin-morierois\/wp-content\/uploads\/2020\/12\/DSCN2554.jpg 800w, https:\/\/84310.fr\/jardin-morierois\/wp-content\/uploads\/2020\/12\/DSCN2554-300x225.jpg 300w, https:\/\/84310.fr\/jardin-morierois\/wp-content\/uploads\/2020\/12\/DSCN2554-768x576.jpg 768w\" sizes=\"auto, (max-width: 800px) 100vw, 800px\" \/><br \/>\nEncore un peu de patience&#8230;. \u00e7a va venir&#8230; ( si les limaces et escargots ne d\u00e9vorent pas tout.. )<\/p>\n","protected":false},"excerpt":{"rendered":"<p>une petite id\u00e9e de ce qui se passe sous les serres tunnel &#8230; on grandit bien \u00e0 l&rsquo;abri du froid .. A cot\u00e9 des serres aussi &#8230; mais plus doucement &#8230; D&rsquo;autres vari\u00e9t\u00e9s se pr\u00e9parent La m\u00e2che commence \u00e0 s&rsquo;\u00e9panouir.&hellip; <\/p>\n","protected":false},"author":1,"featured_media":0,"parent":0,"menu_order":0,"comment_status":"closed","ping_status":"closed","template":"","meta":{"_exactmetrics_skip_tracking":false,"_exactmetrics_sitenote_active":false,"_exactmetrics_sitenote_note":"","_exactmetrics_sitenote_category":0,"footnotes":""},"class_list":["post-3234","page","type-page","status-publish","hentry"],"_links":{"self":[{"href":"https:\/\/84310.fr\/jardin-morierois\/wp-json\/wp\/v2\/pages\/3234","targetHints":{"allow":["GET"]}}],"collection":[{"href":"https:\/\/84310.fr\/jardin-morierois\/wp-json\/wp\/v2\/pages"}],"about":[{"href":"https:\/\/84310.fr\/jardin-morierois\/wp-json\/wp\/v2\/types\/page"}],"author":[{"embeddable":true,"href":"https:\/\/84310.fr\/jardin-morierois\/wp-json\/wp\/v2\/users\/1"}],"replies":[{"embeddable":true,"href":"https:\/\/84310.fr\/jardin-morierois\/wp-json\/wp\/v2\/comments?post=3234"}],"version-history":[{"count":2,"href":"https:\/\/84310.fr\/jardin-morierois\/wp-json\/wp\/v2\/pages\/3234\/revisions"}],"predecessor-version":[{"id":3241,"href":"https:\/\/84310.fr\/jardin-morierois\/wp-json\/wp\/v2\/pages\/3234\/revisions\/3241"}],"wp:attachment":[{"href":"https:\/\/84310.fr\/jardin-morierois\/wp-json\/wp\/v2\/media?parent=3234"}],"curies":[{"name":"wp","href":"https:\/\/api.w.org\/{rel}","templated":true}]}}