{"id":3218,"date":"2020-12-19T22:20:00","date_gmt":"2020-12-19T21:20:00","guid":{"rendered":"http:\/\/84310.fr\/jardin-morierois\/?page_id=3218"},"modified":"2021-01-17T09:07:56","modified_gmt":"2021-01-17T08:07:56","slug":"2020-serre-de-pousse-exterieure","status":"publish","type":"page","link":"https:\/\/84310.fr\/jardin-morierois\/2020-serre-de-pousse-exterieure\/","title":{"rendered":"2020 2021 serres de pousse ext\u00e9rieure"},"content":{"rendered":"<h4><span style=\"color: #ff00ff;\">19 D\u00e9cembre 2020<\/span><\/h4>\n<p>Un gentil voisin nous a donn\u00e9 deux\u00a0 parois vitr\u00e9es qu&rsquo;il avait jadis utilis\u00e9 pour faire un double vitrage sur une fen\u00eatre en vitrage simple.<br \/>\n<img loading=\"lazy\" decoding=\"async\" class=\"alignnone size-full wp-image-3231\" src=\"https:\/\/84310.fr\/jardin-morierois\/wp-content\/uploads\/2020\/12\/DSCN2508.jpg\" alt=\"\" width=\"800\" height=\"600\" srcset=\"https:\/\/84310.fr\/jardin-morierois\/wp-content\/uploads\/2020\/12\/DSCN2508.jpg 800w, https:\/\/84310.fr\/jardin-morierois\/wp-content\/uploads\/2020\/12\/DSCN2508-300x225.jpg 300w, https:\/\/84310.fr\/jardin-morierois\/wp-content\/uploads\/2020\/12\/DSCN2508-768x576.jpg 768w\" sizes=\"auto, (max-width: 800px) 100vw, 800px\" \/><br \/>\nplut\u00f4t que de les apporter \u00e0 la d\u00e9ch\u00e8terie, il a pens\u00e9 \u00e0 juste titre que nous pourrions en faire quelque chose d&rsquo;utile. il a bien vu.<br \/>\n<img loading=\"lazy\" decoding=\"async\" class=\"alignnone size-full wp-image-3230\" src=\"https:\/\/84310.fr\/jardin-morierois\/wp-content\/uploads\/2020\/12\/DSCN2510.jpg\" alt=\"\" width=\"800\" height=\"600\" srcset=\"https:\/\/84310.fr\/jardin-morierois\/wp-content\/uploads\/2020\/12\/DSCN2510.jpg 800w, https:\/\/84310.fr\/jardin-morierois\/wp-content\/uploads\/2020\/12\/DSCN2510-300x225.jpg 300w, https:\/\/84310.fr\/jardin-morierois\/wp-content\/uploads\/2020\/12\/DSCN2510-768x576.jpg 768w\" sizes=\"auto, (max-width: 800px) 100vw, 800px\" \/><br \/>\nen guise d&rsquo;\u00e9tabli, le petit endroit ou je rempote mes godets fera l&rsquo;affaire.<br \/>\n<img loading=\"lazy\" decoding=\"async\" class=\"alignnone size-full wp-image-3219\" src=\"https:\/\/84310.fr\/jardin-morierois\/wp-content\/uploads\/2020\/12\/DSCN2515.jpg\" alt=\"\" width=\"800\" height=\"600\" srcset=\"https:\/\/84310.fr\/jardin-morierois\/wp-content\/uploads\/2020\/12\/DSCN2515.jpg 800w, https:\/\/84310.fr\/jardin-morierois\/wp-content\/uploads\/2020\/12\/DSCN2515-300x225.jpg 300w, https:\/\/84310.fr\/jardin-morierois\/wp-content\/uploads\/2020\/12\/DSCN2515-768x576.jpg 768w\" sizes=\"auto, (max-width: 800px) 100vw, 800px\" \/><br \/>\n4 planches de r\u00e9cup, quelques vis et le cadre est pr\u00eat. \u00e9paisseur 2.5 cm longueur 143 * 50 environ <img loading=\"lazy\" decoding=\"async\" class=\"alignnone size-full wp-image-3220\" src=\"https:\/\/84310.fr\/jardin-morierois\/wp-content\/uploads\/2020\/12\/DSCN2516.jpg\" alt=\"\" width=\"800\" height=\"600\" srcset=\"https:\/\/84310.fr\/jardin-morierois\/wp-content\/uploads\/2020\/12\/DSCN2516.jpg 800w, https:\/\/84310.fr\/jardin-morierois\/wp-content\/uploads\/2020\/12\/DSCN2516-300x225.jpg 300w, https:\/\/84310.fr\/jardin-morierois\/wp-content\/uploads\/2020\/12\/DSCN2516-768x576.jpg 768w\" sizes=\"auto, (max-width: 800px) 100vw, 800px\" \/><br \/>\npour hausser l&rsquo;arri\u00e8re et permettre un peu plus l&rsquo;entr\u00e9e du soleil dans la serre, j&rsquo;ai rajout\u00e9 une planche identique sur l&rsquo;arri\u00e8re, et coup\u00e9 deux planches en diagonale sur chaque cot\u00e9.<br \/>\n<img loading=\"lazy\" decoding=\"async\" class=\"alignnone size-full wp-image-3221\" src=\"https:\/\/84310.fr\/jardin-morierois\/wp-content\/uploads\/2020\/12\/DSCN2517.jpg\" alt=\"\" width=\"800\" height=\"600\" srcset=\"https:\/\/84310.fr\/jardin-morierois\/wp-content\/uploads\/2020\/12\/DSCN2517.jpg 800w, https:\/\/84310.fr\/jardin-morierois\/wp-content\/uploads\/2020\/12\/DSCN2517-300x225.jpg 300w, https:\/\/84310.fr\/jardin-morierois\/wp-content\/uploads\/2020\/12\/DSCN2517-768x576.jpg 768w\" sizes=\"auto, (max-width: 800px) 100vw, 800px\" \/><br \/>\npour fixer la vitre, je ne me suis gu\u00e8re emb\u00eat\u00e9, deux clous par patte de fixation,\u00a0 et \u00e7a le fait. <img loading=\"lazy\" decoding=\"async\" class=\"alignnone size-full wp-image-3223\" src=\"https:\/\/84310.fr\/jardin-morierois\/wp-content\/uploads\/2020\/12\/DSCN2519.jpg\" alt=\"\" width=\"800\" height=\"600\" srcset=\"https:\/\/84310.fr\/jardin-morierois\/wp-content\/uploads\/2020\/12\/DSCN2519.jpg 800w, https:\/\/84310.fr\/jardin-morierois\/wp-content\/uploads\/2020\/12\/DSCN2519-300x225.jpg 300w, https:\/\/84310.fr\/jardin-morierois\/wp-content\/uploads\/2020\/12\/DSCN2519-768x576.jpg 768w\" sizes=\"auto, (max-width: 800px) 100vw, 800px\" \/><br \/>\npas tr\u00e8s droit tout \u00e7a, mais bon, fait \u00e0 l&rsquo;arrache sur un coin de table pas tr\u00e8s stable, \u00e7a fera l&rsquo;affaire.<br \/>\n<img loading=\"lazy\" decoding=\"async\" class=\"alignnone size-full wp-image-3224\" src=\"https:\/\/84310.fr\/jardin-morierois\/wp-content\/uploads\/2020\/12\/DSCN2520.jpg\" alt=\"\" width=\"800\" height=\"600\" srcset=\"https:\/\/84310.fr\/jardin-morierois\/wp-content\/uploads\/2020\/12\/DSCN2520.jpg 800w, https:\/\/84310.fr\/jardin-morierois\/wp-content\/uploads\/2020\/12\/DSCN2520-300x225.jpg 300w, https:\/\/84310.fr\/jardin-morierois\/wp-content\/uploads\/2020\/12\/DSCN2520-768x576.jpg 768w\" sizes=\"auto, (max-width: 800px) 100vw, 800px\" \/><br \/>\nla non droitesse des coupes diagonales fera une bonne a\u00e9ration et \u00e9vitera que l&rsquo;int\u00e9rieur ne chauffe trop.<br \/>\n<img loading=\"lazy\" decoding=\"async\" class=\"alignnone size-full wp-image-3227\" src=\"https:\/\/84310.fr\/jardin-morierois\/wp-content\/uploads\/2020\/12\/DSCN2523.jpg\" alt=\"\" width=\"800\" height=\"600\" srcset=\"https:\/\/84310.fr\/jardin-morierois\/wp-content\/uploads\/2020\/12\/DSCN2523.jpg 800w, https:\/\/84310.fr\/jardin-morierois\/wp-content\/uploads\/2020\/12\/DSCN2523-300x225.jpg 300w, https:\/\/84310.fr\/jardin-morierois\/wp-content\/uploads\/2020\/12\/DSCN2523-768x576.jpg 768w\" sizes=\"auto, (max-width: 800px) 100vw, 800px\" \/><br \/>\nSyst\u00e8me d&rsquo;ouverture High tech &#8230; made in Mori\u00e8res.<br \/>\n<img loading=\"lazy\" decoding=\"async\" class=\"alignnone size-full wp-image-3228\" src=\"https:\/\/84310.fr\/jardin-morierois\/wp-content\/uploads\/2020\/12\/DSCN2524.jpg\" alt=\"\" width=\"800\" height=\"600\" srcset=\"https:\/\/84310.fr\/jardin-morierois\/wp-content\/uploads\/2020\/12\/DSCN2524.jpg 800w, https:\/\/84310.fr\/jardin-morierois\/wp-content\/uploads\/2020\/12\/DSCN2524-300x225.jpg 300w, https:\/\/84310.fr\/jardin-morierois\/wp-content\/uploads\/2020\/12\/DSCN2524-768x576.jpg 768w\" sizes=\"auto, (max-width: 800px) 100vw, 800px\" \/><br \/>\nSyst\u00e8me de fermeture hyper complexe, ..made in Mori\u00e8res aussi !<br \/>\n<img loading=\"lazy\" decoding=\"async\" class=\"alignnone size-full wp-image-3229\" src=\"https:\/\/84310.fr\/jardin-morierois\/wp-content\/uploads\/2020\/12\/DSCN2525.jpg\" alt=\"\" width=\"800\" height=\"600\" srcset=\"https:\/\/84310.fr\/jardin-morierois\/wp-content\/uploads\/2020\/12\/DSCN2525.jpg 800w, https:\/\/84310.fr\/jardin-morierois\/wp-content\/uploads\/2020\/12\/DSCN2525-300x225.jpg 300w, https:\/\/84310.fr\/jardin-morierois\/wp-content\/uploads\/2020\/12\/DSCN2525-768x576.jpg 768w\" sizes=\"auto, (max-width: 800px) 100vw, 800px\" \/><br \/>\nEt Voil\u00e0 !!!<br \/>\nmalheureusement je n&rsquo;ai pas eu assez de planches pour faire la deuxi\u00e8me serre.<br \/>\nCo\u00fbt : Z\u00e9ro Euro<br \/>\nPlanches =&gt; d\u00e9j\u00e0 en stock<br \/>\nclous et vis, d\u00e9j\u00e0 en stock<br \/>\nvitre =&gt; donn\u00e9e par un gentil voisin &#8230;<\/p>\n<h4><span style=\"color: #ff00ff;\">14 Janvier 2021<\/span><\/h4>\n<p>seconde phase de construction des serres ( apr\u00e8s investissement d&rsquo;un lot de planches, 11,50 Euros )<img loading=\"lazy\" decoding=\"async\" class=\"alignnone size-full wp-image-3266\" src=\"https:\/\/84310.fr\/jardin-morierois\/wp-content\/uploads\/2021\/01\/DSCN2739.jpg\" alt=\"\" width=\"800\" height=\"600\" srcset=\"https:\/\/84310.fr\/jardin-morierois\/wp-content\/uploads\/2021\/01\/DSCN2739.jpg 800w, https:\/\/84310.fr\/jardin-morierois\/wp-content\/uploads\/2021\/01\/DSCN2739-300x225.jpg 300w, https:\/\/84310.fr\/jardin-morierois\/wp-content\/uploads\/2021\/01\/DSCN2739-768x576.jpg 768w\" sizes=\"auto, (max-width: 800px) 100vw, 800px\" \/><br \/>\nmoins de mat\u00e9riels au milieu,<br \/>\n<img loading=\"lazy\" decoding=\"async\" class=\"alignnone size-full wp-image-3267\" src=\"https:\/\/84310.fr\/jardin-morierois\/wp-content\/uploads\/2021\/01\/DSCN2740.jpg\" alt=\"\" width=\"800\" height=\"600\" srcset=\"https:\/\/84310.fr\/jardin-morierois\/wp-content\/uploads\/2021\/01\/DSCN2740.jpg 800w, https:\/\/84310.fr\/jardin-morierois\/wp-content\/uploads\/2021\/01\/DSCN2740-300x225.jpg 300w, https:\/\/84310.fr\/jardin-morierois\/wp-content\/uploads\/2021\/01\/DSCN2740-768x576.jpg 768w\" sizes=\"auto, (max-width: 800px) 100vw, 800px\" \/><br \/>\nsyst\u00e8me d&rsquo;ouverture dernier cri<br \/>\n<img loading=\"lazy\" decoding=\"async\" class=\"alignnone size-full wp-image-3268\" src=\"https:\/\/84310.fr\/jardin-morierois\/wp-content\/uploads\/2021\/01\/DSCN2742.jpg\" alt=\"\" width=\"800\" height=\"600\" srcset=\"https:\/\/84310.fr\/jardin-morierois\/wp-content\/uploads\/2021\/01\/DSCN2742.jpg 800w, https:\/\/84310.fr\/jardin-morierois\/wp-content\/uploads\/2021\/01\/DSCN2742-300x225.jpg 300w, https:\/\/84310.fr\/jardin-morierois\/wp-content\/uploads\/2021\/01\/DSCN2742-768x576.jpg 768w\" sizes=\"auto, (max-width: 800px) 100vw, 800px\" \/><br \/>\nvoila de quoi prot\u00e9ger des intemp\u00e9ries nos futurs l\u00e9gumes en semis<\/p>\n","protected":false},"excerpt":{"rendered":"<p>19 D\u00e9cembre 2020 Un gentil voisin nous a donn\u00e9 deux\u00a0 parois vitr\u00e9es qu&rsquo;il avait jadis utilis\u00e9 pour faire un double vitrage sur une fen\u00eatre en vitrage simple. plut\u00f4t que de les apporter \u00e0 la d\u00e9ch\u00e8terie, il a pens\u00e9 \u00e0 juste&hellip; <\/p>\n","protected":false},"author":1,"featured_media":0,"parent":0,"menu_order":0,"comment_status":"closed","ping_status":"closed","template":"","meta":{"_exactmetrics_skip_tracking":false,"_exactmetrics_sitenote_active":false,"_exactmetrics_sitenote_note":"","_exactmetrics_sitenote_category":0,"footnotes":""},"class_list":["post-3218","page","type-page","status-publish","hentry"],"_links":{"self":[{"href":"https:\/\/84310.fr\/jardin-morierois\/wp-json\/wp\/v2\/pages\/3218","targetHints":{"allow":["GET"]}}],"collection":[{"href":"https:\/\/84310.fr\/jardin-morierois\/wp-json\/wp\/v2\/pages"}],"about":[{"href":"https:\/\/84310.fr\/jardin-morierois\/wp-json\/wp\/v2\/types\/page"}],"author":[{"embeddable":true,"href":"https:\/\/84310.fr\/jardin-morierois\/wp-json\/wp\/v2\/users\/1"}],"replies":[{"embeddable":true,"href":"https:\/\/84310.fr\/jardin-morierois\/wp-json\/wp\/v2\/comments?post=3218"}],"version-history":[{"count":3,"href":"https:\/\/84310.fr\/jardin-morierois\/wp-json\/wp\/v2\/pages\/3218\/revisions"}],"predecessor-version":[{"id":3269,"href":"https:\/\/84310.fr\/jardin-morierois\/wp-json\/wp\/v2\/pages\/3218\/revisions\/3269"}],"wp:attachment":[{"href":"https:\/\/84310.fr\/jardin-morierois\/wp-json\/wp\/v2\/media?parent=3218"}],"curies":[{"name":"wp","href":"https:\/\/api.w.org\/{rel}","templated":true}]}}