{"id":32,"date":"2016-03-04T21:46:08","date_gmt":"2016-03-04T20:46:08","guid":{"rendered":"http:\/\/84310.fr\/jardin-morierois\/?page_id=32"},"modified":"2016-11-11T10:00:51","modified_gmt":"2016-11-11T09:00:51","slug":"cornue-des-andes","status":"publish","type":"page","link":"https:\/\/84310.fr\/jardin-morierois\/cornue-des-andes\/","title":{"rendered":"CORNUE DES ANDES"},"content":{"rendered":"<p>Tomates CORNUE DES ANDES<\/p>\n<p>6 graines sem\u00e9es le 14 F\u00e9vrier 2016<\/p>\n<p>Le 24 F\u00e9vrier, comme il me restait quelques graines, j\u2019ai sem\u00e9 deux graines de plus par \u00bb s\u00e9curit\u00e9 \u00bb<\/p>\n<p>Le 6 Mars, sur les 6 plants initiaux, 4 plants pr\u00e9vus pour greffe ont \u00e9t\u00e9 transplant\u00e9s en godet et les 2 plants restants pour graine ont \u00e9galement \u00e9t\u00e9 mis en godet.<br \/>\nLe 14 Mars, j&rsquo;ai mis les deux plants Bonus, cit\u00e9s plus hauts, en godet.<\/p>\n<p>&nbsp;<\/p>\n<p><span style=\"color: #3366ff;\"><strong>Total au 19\/06\/16<\/strong><\/span><\/p>\n<p>Greff\u00e9 =&gt; 2<br \/>\nNormales =&gt; 2<br \/>\nR\u00e9cup =&gt; 3<\/p>\n<p><img loading=\"lazy\" decoding=\"async\" class=\"alignnone size-full wp-image-730\" src=\"https:\/\/84310.fr\/jardin-morierois\/wp-content\/uploads\/2016\/03\/DSCN2618cornue1.jpg\" alt=\"DSCN2618cornue1\" width=\"600\" height=\"800\" srcset=\"https:\/\/84310.fr\/jardin-morierois\/wp-content\/uploads\/2016\/03\/DSCN2618cornue1.jpg 600w, https:\/\/84310.fr\/jardin-morierois\/wp-content\/uploads\/2016\/03\/DSCN2618cornue1-225x300.jpg 225w\" sizes=\"auto, (max-width: 600px) 100vw, 600px\" \/><\/p>\n<p>une dr\u00f4le de forme &#8230;<img loading=\"lazy\" decoding=\"async\" class=\"alignnone size-full wp-image-731\" src=\"https:\/\/84310.fr\/jardin-morierois\/wp-content\/uploads\/2016\/03\/DSCN2619cornue2.jpg\" alt=\"DSCN2619cornue2\" width=\"600\" height=\"800\" srcset=\"https:\/\/84310.fr\/jardin-morierois\/wp-content\/uploads\/2016\/03\/DSCN2619cornue2.jpg 600w, https:\/\/84310.fr\/jardin-morierois\/wp-content\/uploads\/2016\/03\/DSCN2619cornue2-225x300.jpg 225w\" sizes=\"auto, (max-width: 600px) 100vw, 600px\" \/><\/p>\n<h2 style=\"text-align: center;\"><span style=\"color: #ff0000;\"><strong>STATISTIQUES de la saison 2016<\/strong><\/span><\/h2>\n<p><img loading=\"lazy\" decoding=\"async\" class=\"alignnone size-full wp-image-940\" src=\"https:\/\/84310.fr\/jardin-morierois\/wp-content\/uploads\/2016\/03\/cornue.jpg\" alt=\"cornue\" width=\"711\" height=\"158\" srcset=\"https:\/\/84310.fr\/jardin-morierois\/wp-content\/uploads\/2016\/03\/cornue.jpg 711w, https:\/\/84310.fr\/jardin-morierois\/wp-content\/uploads\/2016\/03\/cornue-300x67.jpg 300w\" sizes=\"auto, (max-width: 711px) 100vw, 711px\" \/><\/p>\n<p>au niveau g\u00e9n\u00e9ral on constate une diff\u00e9rence de rendement , il y a plus de fruits sur les plants greff\u00e9s, mais ils sont plus gros sur les plants non greff\u00e9s.<\/p>\n<p>Le plant greff\u00e9 a plus donn\u00e9 que les non greff\u00e9s.<\/p>\n<p><strong><span style=\"color: #ff0000;\">ce n&rsquo;est pas une vari\u00e9t\u00e9 que je referai en 2017 &#8230;<\/span><\/strong><\/p>\n","protected":false},"excerpt":{"rendered":"<p>Tomates CORNUE DES ANDES 6 graines sem\u00e9es le 14 F\u00e9vrier 2016 Le 24 F\u00e9vrier, comme il me restait quelques graines, j\u2019ai sem\u00e9 deux graines de plus par \u00bb s\u00e9curit\u00e9 \u00bb Le 6 Mars, sur les 6 plants initiaux, 4 plants&hellip; <\/p>\n","protected":false},"author":1,"featured_media":0,"parent":0,"menu_order":0,"comment_status":"closed","ping_status":"closed","template":"","meta":{"_exactmetrics_skip_tracking":false,"_exactmetrics_sitenote_active":false,"_exactmetrics_sitenote_note":"","_exactmetrics_sitenote_category":0,"footnotes":""},"class_list":["post-32","page","type-page","status-publish","hentry"],"_links":{"self":[{"href":"https:\/\/84310.fr\/jardin-morierois\/wp-json\/wp\/v2\/pages\/32","targetHints":{"allow":["GET"]}}],"collection":[{"href":"https:\/\/84310.fr\/jardin-morierois\/wp-json\/wp\/v2\/pages"}],"about":[{"href":"https:\/\/84310.fr\/jardin-morierois\/wp-json\/wp\/v2\/types\/page"}],"author":[{"embeddable":true,"href":"https:\/\/84310.fr\/jardin-morierois\/wp-json\/wp\/v2\/users\/1"}],"replies":[{"embeddable":true,"href":"https:\/\/84310.fr\/jardin-morierois\/wp-json\/wp\/v2\/comments?post=32"}],"version-history":[{"count":8,"href":"https:\/\/84310.fr\/jardin-morierois\/wp-json\/wp\/v2\/pages\/32\/revisions"}],"predecessor-version":[{"id":985,"href":"https:\/\/84310.fr\/jardin-morierois\/wp-json\/wp\/v2\/pages\/32\/revisions\/985"}],"wp:attachment":[{"href":"https:\/\/84310.fr\/jardin-morierois\/wp-json\/wp\/v2\/media?parent=32"}],"curies":[{"name":"wp","href":"https:\/\/api.w.org\/{rel}","templated":true}]}}