{"id":3164,"date":"2020-05-10T10:04:04","date_gmt":"2020-05-10T09:04:04","guid":{"rendered":"http:\/\/84310.fr\/jardin-morierois\/?page_id=3164"},"modified":"2020-05-10T10:31:45","modified_gmt":"2020-05-10T09:31:45","slug":"2020-mai","status":"publish","type":"page","link":"https:\/\/84310.fr\/jardin-morierois\/2020-mai\/","title":{"rendered":"2020 MAI"},"content":{"rendered":"<p>le doux mois de mai est d\u00e9j\u00e0 l\u00e0 &#8230;<br \/>\nles petits pois ont pass\u00e9 fleurs, de petites cosses sont apparues, puis ont grossi.<br \/>\n<img loading=\"lazy\" decoding=\"async\" class=\"alignnone size-full wp-image-3165\" src=\"https:\/\/84310.fr\/jardin-morierois\/wp-content\/uploads\/2020\/05\/DSCN1291.jpg\" alt=\"\" width=\"600\" height=\"800\" srcset=\"https:\/\/84310.fr\/jardin-morierois\/wp-content\/uploads\/2020\/05\/DSCN1291.jpg 600w, https:\/\/84310.fr\/jardin-morierois\/wp-content\/uploads\/2020\/05\/DSCN1291-225x300.jpg 225w\" sizes=\"auto, (max-width: 600px) 100vw, 600px\" \/><br \/>\nL&rsquo;heure de la r\u00e9colte a sonn\u00e9, on recherche des volontaires pour la cueillette &#8230;<br \/>\n<img loading=\"lazy\" decoding=\"async\" class=\"alignnone size-full wp-image-3166\" src=\"https:\/\/84310.fr\/jardin-morierois\/wp-content\/uploads\/2020\/05\/DSCN1292.jpg\" alt=\"\" width=\"600\" height=\"800\" srcset=\"https:\/\/84310.fr\/jardin-morierois\/wp-content\/uploads\/2020\/05\/DSCN1292.jpg 600w, https:\/\/84310.fr\/jardin-morierois\/wp-content\/uploads\/2020\/05\/DSCN1292-225x300.jpg 225w\" sizes=\"auto, (max-width: 600px) 100vw, 600px\" \/><\/p>\n<p><img loading=\"lazy\" decoding=\"async\" class=\"alignnone size-full wp-image-3167\" src=\"https:\/\/84310.fr\/jardin-morierois\/wp-content\/uploads\/2020\/05\/DSCN1293.jpg\" alt=\"\" width=\"800\" height=\"600\" srcset=\"https:\/\/84310.fr\/jardin-morierois\/wp-content\/uploads\/2020\/05\/DSCN1293.jpg 800w, https:\/\/84310.fr\/jardin-morierois\/wp-content\/uploads\/2020\/05\/DSCN1293-300x225.jpg 300w, https:\/\/84310.fr\/jardin-morierois\/wp-content\/uploads\/2020\/05\/DSCN1293-768x576.jpg 768w\" sizes=\"auto, (max-width: 800px) 100vw, 800px\" \/><\/p>\n<p><img loading=\"lazy\" decoding=\"async\" class=\"alignnone size-full wp-image-3150\" src=\"https:\/\/84310.fr\/jardin-morierois\/wp-content\/uploads\/2020\/05\/DSCN1320.jpg\" alt=\"\" width=\"800\" height=\"600\" srcset=\"https:\/\/84310.fr\/jardin-morierois\/wp-content\/uploads\/2020\/05\/DSCN1320.jpg 800w, https:\/\/84310.fr\/jardin-morierois\/wp-content\/uploads\/2020\/05\/DSCN1320-300x225.jpg 300w, https:\/\/84310.fr\/jardin-morierois\/wp-content\/uploads\/2020\/05\/DSCN1320-768x576.jpg 768w\" sizes=\"auto, (max-width: 800px) 100vw, 800px\" \/><br \/>\nQuelques rares carottes ( du jardin ) quelques lardons, un oignon ou deux, et le tour est jou\u00e9.<\/p>\n","protected":false},"excerpt":{"rendered":"<p>le doux mois de mai est d\u00e9j\u00e0 l\u00e0 &#8230; les petits pois ont pass\u00e9 fleurs, de petites cosses sont apparues, puis ont grossi. L&rsquo;heure de la r\u00e9colte a sonn\u00e9, on recherche des volontaires pour la cueillette &#8230; Quelques rares carottes&hellip; <\/p>\n","protected":false},"author":1,"featured_media":0,"parent":0,"menu_order":0,"comment_status":"closed","ping_status":"closed","template":"","meta":{"_exactmetrics_skip_tracking":false,"_exactmetrics_sitenote_active":false,"_exactmetrics_sitenote_note":"","_exactmetrics_sitenote_category":0,"footnotes":""},"class_list":["post-3164","page","type-page","status-publish","hentry"],"_links":{"self":[{"href":"https:\/\/84310.fr\/jardin-morierois\/wp-json\/wp\/v2\/pages\/3164","targetHints":{"allow":["GET"]}}],"collection":[{"href":"https:\/\/84310.fr\/jardin-morierois\/wp-json\/wp\/v2\/pages"}],"about":[{"href":"https:\/\/84310.fr\/jardin-morierois\/wp-json\/wp\/v2\/types\/page"}],"author":[{"embeddable":true,"href":"https:\/\/84310.fr\/jardin-morierois\/wp-json\/wp\/v2\/users\/1"}],"replies":[{"embeddable":true,"href":"https:\/\/84310.fr\/jardin-morierois\/wp-json\/wp\/v2\/comments?post=3164"}],"version-history":[{"count":2,"href":"https:\/\/84310.fr\/jardin-morierois\/wp-json\/wp\/v2\/pages\/3164\/revisions"}],"predecessor-version":[{"id":3170,"href":"https:\/\/84310.fr\/jardin-morierois\/wp-json\/wp\/v2\/pages\/3164\/revisions\/3170"}],"wp:attachment":[{"href":"https:\/\/84310.fr\/jardin-morierois\/wp-json\/wp\/v2\/media?parent=3164"}],"curies":[{"name":"wp","href":"https:\/\/api.w.org\/{rel}","templated":true}]}}