{"id":3129,"date":"2020-05-09T22:03:32","date_gmt":"2020-05-09T21:03:32","guid":{"rendered":"http:\/\/84310.fr\/jardin-morierois\/?page_id=3129"},"modified":"2020-05-11T08:43:07","modified_gmt":"2020-05-11T07:43:07","slug":"2020-tomates-inclinees","status":"publish","type":"page","link":"https:\/\/84310.fr\/jardin-morierois\/2020-tomates-inclinees\/","title":{"rendered":"2020 tomates inclin\u00e9es"},"content":{"rendered":"<p>Encore un nouvel essai, test, exp\u00e9rimentation&#8230;.<\/p>\n<h5><span style=\"color: #333399;\"><strong>9 MAI 2020<\/strong><\/span><\/h5>\n<p>&nbsp;<\/p>\n<p>En discutant avec notre voisine, j&rsquo;ai appris qu&rsquo;elle disposait ses tomates de travers lors de la plantation, je connaissais d\u00e9j\u00e0 la technique sans l&rsquo;avoir jamais pratiqu\u00e9e, et comme il me reste une quinzaine de plants de tomates \u00e0 planter, je vais en profiter pour voir le r\u00e9sultat,<\/p>\n<p>il suffit de creuser un trou plus grand et de faire une pente \u00e0 45\u00b0, d&rsquo;allonger le plant et de le recouvrir<\/p>\n<p><img loading=\"lazy\" decoding=\"async\" class=\"size-full wp-image-3182 aligncenter\" src=\"https:\/\/84310.fr\/jardin-morierois\/wp-content\/uploads\/2020\/05\/tomate-inclin\u00e9e-2.jpg\" alt=\"\" width=\"451\" height=\"315\" srcset=\"https:\/\/84310.fr\/jardin-morierois\/wp-content\/uploads\/2020\/05\/tomate-inclin\u00e9e-2.jpg 451w, https:\/\/84310.fr\/jardin-morierois\/wp-content\/uploads\/2020\/05\/tomate-inclin\u00e9e-2-300x210.jpg 300w\" sizes=\"auto, (max-width: 451px) 100vw, 451px\" \/><br \/>\ncomme \u00e7a<img loading=\"lazy\" decoding=\"async\" class=\"alignnone size-full wp-image-3183\" src=\"https:\/\/84310.fr\/jardin-morierois\/wp-content\/uploads\/2020\/05\/tomate-inclin\u00e9e-1.jpg\" alt=\"\" width=\"1024\" height=\"768\" srcset=\"https:\/\/84310.fr\/jardin-morierois\/wp-content\/uploads\/2020\/05\/tomate-inclin\u00e9e-1.jpg 1024w, https:\/\/84310.fr\/jardin-morierois\/wp-content\/uploads\/2020\/05\/tomate-inclin\u00e9e-1-300x225.jpg 300w, https:\/\/84310.fr\/jardin-morierois\/wp-content\/uploads\/2020\/05\/tomate-inclin\u00e9e-1-768x576.jpg 768w\" sizes=\"auto, (max-width: 1024px) 100vw, 1024px\" \/><br \/>\nou comme \u00e7a.<\/p>\n<p>Si j&rsquo;en crois les infos trouv\u00e9es, et la logique du geste, \u00a0\u00bb <span style=\"color: #800080;\">Incliner le plant de tomate quand on le repique, permet l\u2019enracinement de la tige au-dessus du collet. Cet enracinement accru permet une meilleure production.\u00a0\u00bb<\/span><\/p>\n<p><img loading=\"lazy\" decoding=\"async\" class=\"alignnone size-full wp-image-3184\" src=\"https:\/\/84310.fr\/jardin-morierois\/wp-content\/uploads\/2020\/05\/DSCN1372.jpg\" alt=\"\" width=\"800\" height=\"600\" srcset=\"https:\/\/84310.fr\/jardin-morierois\/wp-content\/uploads\/2020\/05\/DSCN1372.jpg 800w, https:\/\/84310.fr\/jardin-morierois\/wp-content\/uploads\/2020\/05\/DSCN1372-300x225.jpg 300w, https:\/\/84310.fr\/jardin-morierois\/wp-content\/uploads\/2020\/05\/DSCN1372-768x576.jpg 768w\" sizes=\"auto, (max-width: 800px) 100vw, 800px\" \/><br \/>\nEn l&rsquo;inclinant ainsi, je l&rsquo;enterre de bien 20cm de plus<\/p>\n<p><img loading=\"lazy\" decoding=\"async\" class=\"alignnone size-full wp-image-3185\" src=\"https:\/\/84310.fr\/jardin-morierois\/wp-content\/uploads\/2020\/05\/DSCN1373.jpg\" alt=\"\" width=\"800\" height=\"600\" srcset=\"https:\/\/84310.fr\/jardin-morierois\/wp-content\/uploads\/2020\/05\/DSCN1373.jpg 800w, https:\/\/84310.fr\/jardin-morierois\/wp-content\/uploads\/2020\/05\/DSCN1373-300x225.jpg 300w, https:\/\/84310.fr\/jardin-morierois\/wp-content\/uploads\/2020\/05\/DSCN1373-768x576.jpg 768w\" sizes=\"auto, (max-width: 800px) 100vw, 800px\" \/><\/p>\n<p><img loading=\"lazy\" decoding=\"async\" class=\"alignnone size-full wp-image-3186\" src=\"https:\/\/84310.fr\/jardin-morierois\/wp-content\/uploads\/2020\/05\/DSCN1374.jpg\" alt=\"\" width=\"800\" height=\"600\" srcset=\"https:\/\/84310.fr\/jardin-morierois\/wp-content\/uploads\/2020\/05\/DSCN1374.jpg 800w, https:\/\/84310.fr\/jardin-morierois\/wp-content\/uploads\/2020\/05\/DSCN1374-300x225.jpg 300w, https:\/\/84310.fr\/jardin-morierois\/wp-content\/uploads\/2020\/05\/DSCN1374-768x576.jpg 768w\" sizes=\"auto, (max-width: 800px) 100vw, 800px\" \/><br \/>\nPareil pour celle ci<img loading=\"lazy\" decoding=\"async\" class=\"alignnone size-full wp-image-3187\" src=\"https:\/\/84310.fr\/jardin-morierois\/wp-content\/uploads\/2020\/05\/DSCN1375.jpg\" alt=\"\" width=\"800\" height=\"600\" srcset=\"https:\/\/84310.fr\/jardin-morierois\/wp-content\/uploads\/2020\/05\/DSCN1375.jpg 800w, https:\/\/84310.fr\/jardin-morierois\/wp-content\/uploads\/2020\/05\/DSCN1375-300x225.jpg 300w, https:\/\/84310.fr\/jardin-morierois\/wp-content\/uploads\/2020\/05\/DSCN1375-768x576.jpg 768w\" sizes=\"auto, (max-width: 800px) 100vw, 800px\" \/><br \/>\nOn est pas loin des 30 cm enterr\u00e9s &#8230;<\/p>\n<p>J&rsquo;ai donc fait selon cette technique pour les 14 derniers plants de tomate qui me restait.<br \/>\nnous allons essayer de mesurer le rendement entre la pose droite et la pose inclin\u00e9e.<\/p>\n","protected":false},"excerpt":{"rendered":"<p>Encore un nouvel essai, test, exp\u00e9rimentation&#8230;. 9 MAI 2020 &nbsp; En discutant avec notre voisine, j&rsquo;ai appris qu&rsquo;elle disposait ses tomates de travers lors de la plantation, je connaissais d\u00e9j\u00e0 la technique sans l&rsquo;avoir jamais pratiqu\u00e9e, et comme il me&hellip; <\/p>\n","protected":false},"author":1,"featured_media":0,"parent":0,"menu_order":0,"comment_status":"closed","ping_status":"closed","template":"","meta":{"_exactmetrics_skip_tracking":false,"_exactmetrics_sitenote_active":false,"_exactmetrics_sitenote_note":"","_exactmetrics_sitenote_category":0,"footnotes":""},"class_list":["post-3129","page","type-page","status-publish","hentry"],"_links":{"self":[{"href":"https:\/\/84310.fr\/jardin-morierois\/wp-json\/wp\/v2\/pages\/3129","targetHints":{"allow":["GET"]}}],"collection":[{"href":"https:\/\/84310.fr\/jardin-morierois\/wp-json\/wp\/v2\/pages"}],"about":[{"href":"https:\/\/84310.fr\/jardin-morierois\/wp-json\/wp\/v2\/types\/page"}],"author":[{"embeddable":true,"href":"https:\/\/84310.fr\/jardin-morierois\/wp-json\/wp\/v2\/users\/1"}],"replies":[{"embeddable":true,"href":"https:\/\/84310.fr\/jardin-morierois\/wp-json\/wp\/v2\/comments?post=3129"}],"version-history":[{"count":5,"href":"https:\/\/84310.fr\/jardin-morierois\/wp-json\/wp\/v2\/pages\/3129\/revisions"}],"predecessor-version":[{"id":3190,"href":"https:\/\/84310.fr\/jardin-morierois\/wp-json\/wp\/v2\/pages\/3129\/revisions\/3190"}],"wp:attachment":[{"href":"https:\/\/84310.fr\/jardin-morierois\/wp-json\/wp\/v2\/media?parent=3129"}],"curies":[{"name":"wp","href":"https:\/\/api.w.org\/{rel}","templated":true}]}}