{"id":3104,"date":"2020-04-30T13:12:47","date_gmt":"2020-04-30T12:12:47","guid":{"rendered":"http:\/\/84310.fr\/jardin-morierois\/?page_id=3104"},"modified":"2020-04-30T13:12:47","modified_gmt":"2020-04-30T12:12:47","slug":"2020-mais-pop-corn","status":"publish","type":"page","link":"https:\/\/84310.fr\/jardin-morierois\/2020-mais-pop-corn\/","title":{"rendered":"2020 Ma\u00efs POP CORN"},"content":{"rendered":"<p>Encore une nouvelle exp\u00e9rience, ( fournie par une sympathique voisine, merci \u00e0 Christine )<br \/>\nElle nous a gentiment fourni deux \u00e9pis de Ma\u00efs \u00e0 pop Corn, pour essayer de tester &#8230;.<br \/>\n<img loading=\"lazy\" decoding=\"async\" class=\"alignnone size-full wp-image-3105\" src=\"https:\/\/84310.fr\/jardin-morierois\/wp-content\/uploads\/2020\/04\/mais-pop-corn.jpg\" alt=\"\" width=\"800\" height=\"664\" srcset=\"https:\/\/84310.fr\/jardin-morierois\/wp-content\/uploads\/2020\/04\/mais-pop-corn.jpg 800w, https:\/\/84310.fr\/jardin-morierois\/wp-content\/uploads\/2020\/04\/mais-pop-corn-300x249.jpg 300w, https:\/\/84310.fr\/jardin-morierois\/wp-content\/uploads\/2020\/04\/mais-pop-corn-768x637.jpg 768w\" sizes=\"auto, (max-width: 800px) 100vw, 800px\" \/><br \/>\nles grains ont la particularit\u00e9 d&rsquo;\u00eatre ronds compar\u00e9 aux grains de ma\u00efs doux, de plus ils arborent une multitude de couleurs pastel&#8230;<\/p>\n<p><img loading=\"lazy\" decoding=\"async\" class=\"alignnone size-full wp-image-3106\" src=\"https:\/\/84310.fr\/jardin-morierois\/wp-content\/uploads\/2020\/04\/DSCN1253.jpg\" alt=\"\" width=\"600\" height=\"800\" srcset=\"https:\/\/84310.fr\/jardin-morierois\/wp-content\/uploads\/2020\/04\/DSCN1253.jpg 600w, https:\/\/84310.fr\/jardin-morierois\/wp-content\/uploads\/2020\/04\/DSCN1253-225x300.jpg 225w\" sizes=\"auto, (max-width: 600px) 100vw, 600px\" \/><\/p>\n<p>au bout d&rsquo;une quinzaine de jours, les plants commencent \u00e0 sortir<\/p>\n","protected":false},"excerpt":{"rendered":"<p>Encore une nouvelle exp\u00e9rience, ( fournie par une sympathique voisine, merci \u00e0 Christine ) Elle nous a gentiment fourni deux \u00e9pis de Ma\u00efs \u00e0 pop Corn, pour essayer de tester &#8230;. les grains ont la particularit\u00e9 d&rsquo;\u00eatre ronds compar\u00e9 aux&hellip; <\/p>\n","protected":false},"author":1,"featured_media":0,"parent":0,"menu_order":0,"comment_status":"closed","ping_status":"closed","template":"","meta":{"_exactmetrics_skip_tracking":false,"_exactmetrics_sitenote_active":false,"_exactmetrics_sitenote_note":"","_exactmetrics_sitenote_category":0,"footnotes":""},"class_list":["post-3104","page","type-page","status-publish","hentry"],"_links":{"self":[{"href":"https:\/\/84310.fr\/jardin-morierois\/wp-json\/wp\/v2\/pages\/3104","targetHints":{"allow":["GET"]}}],"collection":[{"href":"https:\/\/84310.fr\/jardin-morierois\/wp-json\/wp\/v2\/pages"}],"about":[{"href":"https:\/\/84310.fr\/jardin-morierois\/wp-json\/wp\/v2\/types\/page"}],"author":[{"embeddable":true,"href":"https:\/\/84310.fr\/jardin-morierois\/wp-json\/wp\/v2\/users\/1"}],"replies":[{"embeddable":true,"href":"https:\/\/84310.fr\/jardin-morierois\/wp-json\/wp\/v2\/comments?post=3104"}],"version-history":[{"count":1,"href":"https:\/\/84310.fr\/jardin-morierois\/wp-json\/wp\/v2\/pages\/3104\/revisions"}],"predecessor-version":[{"id":3107,"href":"https:\/\/84310.fr\/jardin-morierois\/wp-json\/wp\/v2\/pages\/3104\/revisions\/3107"}],"wp:attachment":[{"href":"https:\/\/84310.fr\/jardin-morierois\/wp-json\/wp\/v2\/media?parent=3104"}],"curies":[{"name":"wp","href":"https:\/\/api.w.org\/{rel}","templated":true}]}}