{"id":3035,"date":"2020-04-04T19:12:24","date_gmt":"2020-04-04T18:12:24","guid":{"rendered":"http:\/\/84310.fr\/jardin-morierois\/?page_id=3035"},"modified":"2020-04-04T20:47:04","modified_gmt":"2020-04-04T19:47:04","slug":"cabane-a-zoizeaux","status":"publish","type":"page","link":"https:\/\/84310.fr\/jardin-morierois\/cabane-a-zoizeaux\/","title":{"rendered":"Cabane \u00e0 ZoiZeauX"},"content":{"rendered":"<h5><span style=\"color: #993366;\"><strong>Samedi 4 AVRIL 2020<\/strong><\/span><\/h5>\n<p>COVID19 &#8230;. plein confinement, le dos a craqu\u00e9 une fois de plus, je me trouve interdit de jardin&#8230;.<br \/>\nUne id\u00e9e qui me trotte dans la t\u00eate depuis quelques temps &#8230;<br \/>\npas d&rsquo;effort \u00e0 faire ( de toute fa\u00e7on le dos ne tiendrait pas )<br \/>\n<img loading=\"lazy\" decoding=\"async\" class=\"alignnone size-full wp-image-3037\" src=\"https:\/\/84310.fr\/jardin-morierois\/wp-content\/uploads\/2020\/04\/cabane-proto.jpg\" alt=\"\" width=\"747\" height=\"731\" srcset=\"https:\/\/84310.fr\/jardin-morierois\/wp-content\/uploads\/2020\/04\/cabane-proto.jpg 747w, https:\/\/84310.fr\/jardin-morierois\/wp-content\/uploads\/2020\/04\/cabane-proto-300x294.jpg 300w\" sizes=\"auto, (max-width: 747px) 100vw, 747px\" \/><br \/>\nConception rapide d&rsquo;un proto en 3D d&rsquo;apr\u00e8s les id\u00e9es\u00a0 <img loading=\"lazy\" decoding=\"async\" class=\"alignnone size-full wp-image-3038\" src=\"https:\/\/84310.fr\/jardin-morierois\/wp-content\/uploads\/2020\/04\/DSCN1087.jpg\" alt=\"\" width=\"800\" height=\"600\" srcset=\"https:\/\/84310.fr\/jardin-morierois\/wp-content\/uploads\/2020\/04\/DSCN1087.jpg 800w, https:\/\/84310.fr\/jardin-morierois\/wp-content\/uploads\/2020\/04\/DSCN1087-300x225.jpg 300w, https:\/\/84310.fr\/jardin-morierois\/wp-content\/uploads\/2020\/04\/DSCN1087-768x576.jpg 768w\" sizes=\"auto, (max-width: 800px) 100vw, 800px\" \/><br \/>\nDeux planches \u00e0 peu pr\u00e9s droites et une triangulaire r\u00e9cup\u00e9r\u00e9es au boulot ( merci l&rsquo;Oiseau ! )<br \/>\n<img loading=\"lazy\" decoding=\"async\" class=\"alignnone size-full wp-image-3039\" src=\"https:\/\/84310.fr\/jardin-morierois\/wp-content\/uploads\/2020\/04\/DSCN1089.jpg\" alt=\"\" width=\"800\" height=\"600\" srcset=\"https:\/\/84310.fr\/jardin-morierois\/wp-content\/uploads\/2020\/04\/DSCN1089.jpg 800w, https:\/\/84310.fr\/jardin-morierois\/wp-content\/uploads\/2020\/04\/DSCN1089-300x225.jpg 300w, https:\/\/84310.fr\/jardin-morierois\/wp-content\/uploads\/2020\/04\/DSCN1089-768x576.jpg 768w\" sizes=\"auto, (max-width: 800px) 100vw, 800px\" \/><br \/>\nD\u00e9coupe rapide de l&rsquo;ensemble des pi\u00e8ces.<img loading=\"lazy\" decoding=\"async\" class=\"alignnone size-full wp-image-3040\" src=\"https:\/\/84310.fr\/jardin-morierois\/wp-content\/uploads\/2020\/04\/DSCN1092.jpg\" alt=\"\" width=\"800\" height=\"600\" srcset=\"https:\/\/84310.fr\/jardin-morierois\/wp-content\/uploads\/2020\/04\/DSCN1092.jpg 800w, https:\/\/84310.fr\/jardin-morierois\/wp-content\/uploads\/2020\/04\/DSCN1092-300x225.jpg 300w, https:\/\/84310.fr\/jardin-morierois\/wp-content\/uploads\/2020\/04\/DSCN1092-768x576.jpg 768w\" sizes=\"auto, (max-width: 800px) 100vw, 800px\" \/><br \/>\nLes trous sont faits, la protection de la toiture ( faiti\u00e8re ) aussi&#8230;<br \/>\n<img loading=\"lazy\" decoding=\"async\" class=\"alignnone size-full wp-image-3041\" src=\"https:\/\/84310.fr\/jardin-morierois\/wp-content\/uploads\/2020\/04\/DSCN1093.jpg\" alt=\"\" width=\"800\" height=\"600\" srcset=\"https:\/\/84310.fr\/jardin-morierois\/wp-content\/uploads\/2020\/04\/DSCN1093.jpg 800w, https:\/\/84310.fr\/jardin-morierois\/wp-content\/uploads\/2020\/04\/DSCN1093-300x225.jpg 300w, https:\/\/84310.fr\/jardin-morierois\/wp-content\/uploads\/2020\/04\/DSCN1093-768x576.jpg 768w\" sizes=\"auto, (max-width: 800px) 100vw, 800px\" \/><br \/>\nPetit pr\u00e9-per\u00e7age pour ne pas que le bois \u00e9clate<br \/>\n<img loading=\"lazy\" decoding=\"async\" class=\"alignnone size-full wp-image-3042\" src=\"https:\/\/84310.fr\/jardin-morierois\/wp-content\/uploads\/2020\/04\/DSCN1095.jpg\" alt=\"\" width=\"800\" height=\"600\" srcset=\"https:\/\/84310.fr\/jardin-morierois\/wp-content\/uploads\/2020\/04\/DSCN1095.jpg 800w, https:\/\/84310.fr\/jardin-morierois\/wp-content\/uploads\/2020\/04\/DSCN1095-300x225.jpg 300w, https:\/\/84310.fr\/jardin-morierois\/wp-content\/uploads\/2020\/04\/DSCN1095-768x576.jpg 768w\" sizes=\"auto, (max-width: 800px) 100vw, 800px\" \/><br \/>\nMontage des cot\u00e9s&#8230;<br \/>\n<img loading=\"lazy\" decoding=\"async\" class=\"alignnone size-full wp-image-3043\" src=\"https:\/\/84310.fr\/jardin-morierois\/wp-content\/uploads\/2020\/04\/DSCN1096.jpg\" alt=\"\" width=\"800\" height=\"600\" srcset=\"https:\/\/84310.fr\/jardin-morierois\/wp-content\/uploads\/2020\/04\/DSCN1096.jpg 800w, https:\/\/84310.fr\/jardin-morierois\/wp-content\/uploads\/2020\/04\/DSCN1096-300x225.jpg 300w, https:\/\/84310.fr\/jardin-morierois\/wp-content\/uploads\/2020\/04\/DSCN1096-768x576.jpg 768w\" sizes=\"auto, (max-width: 800px) 100vw, 800px\" \/><br \/>\nVu d&rsquo;en haut &#8230; ( bon, \u00e7a va, j&rsquo;ai un peu \u00e9clat\u00e9 le bois &#8230;)<br \/>\n<img loading=\"lazy\" decoding=\"async\" class=\"alignnone size-full wp-image-3044\" src=\"https:\/\/84310.fr\/jardin-morierois\/wp-content\/uploads\/2020\/04\/DSCN1099.jpg\" alt=\"\" width=\"800\" height=\"600\" srcset=\"https:\/\/84310.fr\/jardin-morierois\/wp-content\/uploads\/2020\/04\/DSCN1099.jpg 800w, https:\/\/84310.fr\/jardin-morierois\/wp-content\/uploads\/2020\/04\/DSCN1099-300x225.jpg 300w, https:\/\/84310.fr\/jardin-morierois\/wp-content\/uploads\/2020\/04\/DSCN1099-768x576.jpg 768w\" sizes=\"auto, (max-width: 800px) 100vw, 800px\" \/><br \/>\nAvec la structure de la toiture&#8230;<img loading=\"lazy\" decoding=\"async\" class=\"alignnone size-full wp-image-3045\" src=\"https:\/\/84310.fr\/jardin-morierois\/wp-content\/uploads\/2020\/04\/DSCN1100.jpg\" alt=\"\" width=\"800\" height=\"600\" srcset=\"https:\/\/84310.fr\/jardin-morierois\/wp-content\/uploads\/2020\/04\/DSCN1100.jpg 800w, https:\/\/84310.fr\/jardin-morierois\/wp-content\/uploads\/2020\/04\/DSCN1100-300x225.jpg 300w, https:\/\/84310.fr\/jardin-morierois\/wp-content\/uploads\/2020\/04\/DSCN1100-768x576.jpg 768w\" sizes=\"auto, (max-width: 800px) 100vw, 800px\" \/><br \/>\nAvec le socle&#8230;<img loading=\"lazy\" decoding=\"async\" class=\"alignnone size-full wp-image-3046\" src=\"https:\/\/84310.fr\/jardin-morierois\/wp-content\/uploads\/2020\/04\/DSCN1101.jpg\" alt=\"\" width=\"800\" height=\"600\" srcset=\"https:\/\/84310.fr\/jardin-morierois\/wp-content\/uploads\/2020\/04\/DSCN1101.jpg 800w, https:\/\/84310.fr\/jardin-morierois\/wp-content\/uploads\/2020\/04\/DSCN1101-300x225.jpg 300w, https:\/\/84310.fr\/jardin-morierois\/wp-content\/uploads\/2020\/04\/DSCN1101-768x576.jpg 768w\" sizes=\"auto, (max-width: 800px) 100vw, 800px\" \/> <img loading=\"lazy\" decoding=\"async\" class=\"alignnone size-full wp-image-3047\" src=\"https:\/\/84310.fr\/jardin-morierois\/wp-content\/uploads\/2020\/04\/DSCN1103.jpg\" alt=\"\" width=\"800\" height=\"600\" srcset=\"https:\/\/84310.fr\/jardin-morierois\/wp-content\/uploads\/2020\/04\/DSCN1103.jpg 800w, https:\/\/84310.fr\/jardin-morierois\/wp-content\/uploads\/2020\/04\/DSCN1103-300x225.jpg 300w, https:\/\/84310.fr\/jardin-morierois\/wp-content\/uploads\/2020\/04\/DSCN1103-768x576.jpg 768w\" sizes=\"auto, (max-width: 800px) 100vw, 800px\" \/><br \/>\nun cot\u00e9 de la toiture est fix\u00e9..<br \/>\n<img loading=\"lazy\" decoding=\"async\" class=\"alignnone size-full wp-image-3048\" src=\"https:\/\/84310.fr\/jardin-morierois\/wp-content\/uploads\/2020\/04\/DSCN1105.jpg\" alt=\"\" width=\"800\" height=\"600\" srcset=\"https:\/\/84310.fr\/jardin-morierois\/wp-content\/uploads\/2020\/04\/DSCN1105.jpg 800w, https:\/\/84310.fr\/jardin-morierois\/wp-content\/uploads\/2020\/04\/DSCN1105-300x225.jpg 300w, https:\/\/84310.fr\/jardin-morierois\/wp-content\/uploads\/2020\/04\/DSCN1105-768x576.jpg 768w\" sizes=\"auto, (max-width: 800px) 100vw, 800px\" \/><br \/>\nLe deuxi\u00e8me cot\u00e9 est fix\u00e9 lui aussi &#8230;<br \/>\n<img loading=\"lazy\" decoding=\"async\" class=\"alignnone size-full wp-image-3049\" src=\"https:\/\/84310.fr\/jardin-morierois\/wp-content\/uploads\/2020\/04\/DSCN1106.jpg\" alt=\"\" width=\"800\" height=\"600\" srcset=\"https:\/\/84310.fr\/jardin-morierois\/wp-content\/uploads\/2020\/04\/DSCN1106.jpg 800w, https:\/\/84310.fr\/jardin-morierois\/wp-content\/uploads\/2020\/04\/DSCN1106-300x225.jpg 300w, https:\/\/84310.fr\/jardin-morierois\/wp-content\/uploads\/2020\/04\/DSCN1106-768x576.jpg 768w\" sizes=\"auto, (max-width: 800px) 100vw, 800px\" \/><br \/>\nLa faiti\u00e8re est pos\u00e9e&#8230;<br \/>\n<img loading=\"lazy\" decoding=\"async\" class=\"alignnone size-full wp-image-3050\" src=\"https:\/\/84310.fr\/jardin-morierois\/wp-content\/uploads\/2020\/04\/DSCN1107.jpg\" alt=\"\" width=\"800\" height=\"600\" srcset=\"https:\/\/84310.fr\/jardin-morierois\/wp-content\/uploads\/2020\/04\/DSCN1107.jpg 800w, https:\/\/84310.fr\/jardin-morierois\/wp-content\/uploads\/2020\/04\/DSCN1107-300x225.jpg 300w, https:\/\/84310.fr\/jardin-morierois\/wp-content\/uploads\/2020\/04\/DSCN1107-768x576.jpg 768w\" sizes=\"auto, (max-width: 800px) 100vw, 800px\" \/><br \/>\nIl ne manque plus qu&rsquo;une chose&#8230;<img loading=\"lazy\" decoding=\"async\" class=\"alignnone size-full wp-image-3051\" src=\"https:\/\/84310.fr\/jardin-morierois\/wp-content\/uploads\/2020\/04\/DSCN1108.jpg\" alt=\"\" width=\"800\" height=\"600\" srcset=\"https:\/\/84310.fr\/jardin-morierois\/wp-content\/uploads\/2020\/04\/DSCN1108.jpg 800w, https:\/\/84310.fr\/jardin-morierois\/wp-content\/uploads\/2020\/04\/DSCN1108-300x225.jpg 300w, https:\/\/84310.fr\/jardin-morierois\/wp-content\/uploads\/2020\/04\/DSCN1108-768x576.jpg 768w\" sizes=\"auto, (max-width: 800px) 100vw, 800px\" \/><br \/>\nL&rsquo;\u00e9l\u00e9ment essentiel d&rsquo;une cabane \u00e0 ZoiZeauX&#8230;. Le Perchoir.<img loading=\"lazy\" decoding=\"async\" class=\"alignnone size-full wp-image-3052\" src=\"https:\/\/84310.fr\/jardin-morierois\/wp-content\/uploads\/2020\/04\/DSCN1109.jpg\" alt=\"\" width=\"800\" height=\"600\" srcset=\"https:\/\/84310.fr\/jardin-morierois\/wp-content\/uploads\/2020\/04\/DSCN1109.jpg 800w, https:\/\/84310.fr\/jardin-morierois\/wp-content\/uploads\/2020\/04\/DSCN1109-300x225.jpg 300w, https:\/\/84310.fr\/jardin-morierois\/wp-content\/uploads\/2020\/04\/DSCN1109-768x576.jpg 768w\" sizes=\"auto, (max-width: 800px) 100vw, 800px\" \/><br \/>\nTa daaaaammmmm !!!<img loading=\"lazy\" decoding=\"async\" class=\"alignnone size-full wp-image-3053\" src=\"https:\/\/84310.fr\/jardin-morierois\/wp-content\/uploads\/2020\/04\/DSCN1110.jpg\" alt=\"\" width=\"800\" height=\"600\" srcset=\"https:\/\/84310.fr\/jardin-morierois\/wp-content\/uploads\/2020\/04\/DSCN1110.jpg 800w, https:\/\/84310.fr\/jardin-morierois\/wp-content\/uploads\/2020\/04\/DSCN1110-300x225.jpg 300w, https:\/\/84310.fr\/jardin-morierois\/wp-content\/uploads\/2020\/04\/DSCN1110-768x576.jpg 768w\" sizes=\"auto, (max-width: 800px) 100vw, 800px\" \/><br \/>\nEt voil\u00e0 !!!!<br \/>\nP.S.<br \/>\nL&rsquo;oiseau Fournit des planches pour faire une cabane \u00e0 ZoiZeauX &#8230;. trop fort\u00a0 et simple retour des choses &#8230;<\/p>\n","protected":false},"excerpt":{"rendered":"<p>Samedi 4 AVRIL 2020 COVID19 &#8230;. plein confinement, le dos a craqu\u00e9 une fois de plus, je me trouve interdit de jardin&#8230;. Une id\u00e9e qui me trotte dans la t\u00eate depuis quelques temps &#8230; pas d&rsquo;effort \u00e0 faire ( de&hellip; <\/p>\n","protected":false},"author":1,"featured_media":0,"parent":0,"menu_order":0,"comment_status":"closed","ping_status":"closed","template":"","meta":{"_exactmetrics_skip_tracking":false,"_exactmetrics_sitenote_active":false,"_exactmetrics_sitenote_note":"","_exactmetrics_sitenote_category":0,"footnotes":""},"class_list":["post-3035","page","type-page","status-publish","hentry"],"_links":{"self":[{"href":"https:\/\/84310.fr\/jardin-morierois\/wp-json\/wp\/v2\/pages\/3035","targetHints":{"allow":["GET"]}}],"collection":[{"href":"https:\/\/84310.fr\/jardin-morierois\/wp-json\/wp\/v2\/pages"}],"about":[{"href":"https:\/\/84310.fr\/jardin-morierois\/wp-json\/wp\/v2\/types\/page"}],"author":[{"embeddable":true,"href":"https:\/\/84310.fr\/jardin-morierois\/wp-json\/wp\/v2\/users\/1"}],"replies":[{"embeddable":true,"href":"https:\/\/84310.fr\/jardin-morierois\/wp-json\/wp\/v2\/comments?post=3035"}],"version-history":[{"count":4,"href":"https:\/\/84310.fr\/jardin-morierois\/wp-json\/wp\/v2\/pages\/3035\/revisions"}],"predecessor-version":[{"id":3056,"href":"https:\/\/84310.fr\/jardin-morierois\/wp-json\/wp\/v2\/pages\/3035\/revisions\/3056"}],"wp:attachment":[{"href":"https:\/\/84310.fr\/jardin-morierois\/wp-json\/wp\/v2\/media?parent=3035"}],"curies":[{"name":"wp","href":"https:\/\/api.w.org\/{rel}","templated":true}]}}