{"id":3005,"date":"2020-04-02T22:30:58","date_gmt":"2020-04-02T21:30:58","guid":{"rendered":"http:\/\/84310.fr\/jardin-morierois\/?page_id=3005"},"modified":"2020-05-06T22:11:59","modified_gmt":"2020-05-06T21:11:59","slug":"2020-pepino-poire-melon","status":"publish","type":"page","link":"https:\/\/84310.fr\/jardin-morierois\/2020-pepino-poire-melon\/","title":{"rendered":"2020 PEPINO ( Poire melon )"},"content":{"rendered":"<p>je n&rsquo;en ai jamais gout\u00e9, mais j&rsquo;ai d\u00e9couvert \u00e7a sur un site de jardinage, du coup \u00e7a m&rsquo;a donn\u00e9 envie d&rsquo;essayer<br \/>\n2.30 Euros les graines minuscules ( 10 ) pas donn\u00e9 tout \u00e7a &#8230;.<br \/>\n<span style=\"color: #800080;\">La chair des fruits m\u00fbrs est douce, juteuse et aromatique, proche du go\u00fbt du melon ou de la mangue.<br \/>\n<span style=\"color: #000000;\">cela devrait donner \u00e7a &#8230;<\/span><br \/>\n<img decoding=\"async\" class=\"n3VNCb\" src=\"https:\/\/tous-les-fruits.com\/wp-content\/uploads\/2018\/02\/pepino.png\" alt=\"Pepino (poire-melon) | Tous Les Fruits\" data-noaft=\"1\" \/><\/span><\/p>\n<h5><span style=\"color: #ff9900;\"><strong>9 MARS 2020<\/strong><\/span><\/h5>\n<p><span style=\"color: #000000;\">5 graines de poire melon ont \u00e9t\u00e9 sem\u00e9es, et quelques jours apr\u00e8s, les 5 autres graines restantes &#8230;<\/span><\/p>\n<h5><span style=\"color: #ff9900;\"><strong>6 MAI 2020<\/strong><\/span><\/h5>\n<p>deux mois plus tard, l&rsquo;exp\u00e9rience se trouve difficile, sur 10 graines, 5 ont germ\u00e9, et sur les 5 seulement deux se trouvent en \u00e9tat d&rsquo;\u00eatre une plante digne de ce nom&#8230;<br \/>\n<img loading=\"lazy\" decoding=\"async\" class=\"alignnone size-full wp-image-3126\" src=\"https:\/\/84310.fr\/jardin-morierois\/wp-content\/uploads\/2020\/05\/DSCN1333.jpg\" alt=\"\" width=\"800\" height=\"600\" srcset=\"https:\/\/84310.fr\/jardin-morierois\/wp-content\/uploads\/2020\/05\/DSCN1333.jpg 800w, https:\/\/84310.fr\/jardin-morierois\/wp-content\/uploads\/2020\/05\/DSCN1333-300x225.jpg 300w, https:\/\/84310.fr\/jardin-morierois\/wp-content\/uploads\/2020\/05\/DSCN1333-768x576.jpg 768w\" sizes=\"auto, (max-width: 800px) 100vw, 800px\" \/><br \/>\nles 3 autres plants survivants v\u00e9g\u00e8tent &#8230;<\/p>\n<p>&nbsp;<\/p>\n<p>&nbsp;<\/p>\n","protected":false},"excerpt":{"rendered":"<p>je n&rsquo;en ai jamais gout\u00e9, mais j&rsquo;ai d\u00e9couvert \u00e7a sur un site de jardinage, du coup \u00e7a m&rsquo;a donn\u00e9 envie d&rsquo;essayer 2.30 Euros les graines minuscules ( 10 ) pas donn\u00e9 tout \u00e7a &#8230;. La chair des fruits m\u00fbrs est&hellip; <\/p>\n","protected":false},"author":1,"featured_media":0,"parent":0,"menu_order":0,"comment_status":"closed","ping_status":"closed","template":"","meta":{"_exactmetrics_skip_tracking":false,"_exactmetrics_sitenote_active":false,"_exactmetrics_sitenote_note":"","_exactmetrics_sitenote_category":0,"footnotes":""},"class_list":["post-3005","page","type-page","status-publish","hentry"],"_links":{"self":[{"href":"https:\/\/84310.fr\/jardin-morierois\/wp-json\/wp\/v2\/pages\/3005","targetHints":{"allow":["GET"]}}],"collection":[{"href":"https:\/\/84310.fr\/jardin-morierois\/wp-json\/wp\/v2\/pages"}],"about":[{"href":"https:\/\/84310.fr\/jardin-morierois\/wp-json\/wp\/v2\/types\/page"}],"author":[{"embeddable":true,"href":"https:\/\/84310.fr\/jardin-morierois\/wp-json\/wp\/v2\/users\/1"}],"replies":[{"embeddable":true,"href":"https:\/\/84310.fr\/jardin-morierois\/wp-json\/wp\/v2\/comments?post=3005"}],"version-history":[{"count":3,"href":"https:\/\/84310.fr\/jardin-morierois\/wp-json\/wp\/v2\/pages\/3005\/revisions"}],"predecessor-version":[{"id":3127,"href":"https:\/\/84310.fr\/jardin-morierois\/wp-json\/wp\/v2\/pages\/3005\/revisions\/3127"}],"wp:attachment":[{"href":"https:\/\/84310.fr\/jardin-morierois\/wp-json\/wp\/v2\/media?parent=3005"}],"curies":[{"name":"wp","href":"https:\/\/api.w.org\/{rel}","templated":true}]}}