{"id":3002,"date":"2020-04-02T21:46:09","date_gmt":"2020-04-02T20:46:09","guid":{"rendered":"http:\/\/84310.fr\/jardin-morierois\/?page_id=3002"},"modified":"2020-05-15T20:20:22","modified_gmt":"2020-05-15T19:20:22","slug":"2020-mais-doux-mezdi-bio","status":"publish","type":"page","link":"https:\/\/84310.fr\/jardin-morierois\/2020-mais-doux-mezdi-bio\/","title":{"rendered":"2020 Ma\u00efs doux Mezdi Bio"},"content":{"rendered":"<p>Cela faisait longtemps que je voulais en faire, j&rsquo;ai d\u00e9ja essay\u00e9 il y a une paire d&rsquo;ann\u00e9es, mais juste un ma\u00efs pour les animaux, celui ci est pour nous, c&rsquo;est une \u00a0\u00bb <span style=\"color: #800080;\">vari\u00e9t\u00e9 demi-pr\u00e9coce (venant en environ 100 jours), les \u00e9pis sont d&rsquo;un joli jaune, aux grains tr\u00e8s sucr\u00e9s et \u00e0 la qualit\u00e9 gustative remarquable\u00a0\u00bb .<\/span><\/p>\n<p><img loading=\"lazy\" decoding=\"async\" id=\"bigpic\" title=\"Ma\u00efs doux Mezdi Bio\" src=\"https:\/\/cdn1.labonnegraine.com\/4830-large_default\/doux-mezdi-bio.jpg\" alt=\"Ma\u00efs doux Mezdi Bio\" width=\"458\" height=\"458\" \/><\/p>\n<p>je compte semer mes graines au plus t\u00f4t !!!!!<\/p>\n<h5><span style=\"color: #ffcc00;\"><strong>5 AVRIL 2020<\/strong><\/span><\/h5>\n<p><img loading=\"lazy\" decoding=\"async\" class=\"alignnone size-full wp-image-3137\" src=\"https:\/\/84310.fr\/jardin-morierois\/wp-content\/uploads\/2020\/05\/DSCN1112.jpg\" alt=\"\" width=\"800\" height=\"600\" srcset=\"https:\/\/84310.fr\/jardin-morierois\/wp-content\/uploads\/2020\/05\/DSCN1112.jpg 800w, https:\/\/84310.fr\/jardin-morierois\/wp-content\/uploads\/2020\/05\/DSCN1112-300x225.jpg 300w, https:\/\/84310.fr\/jardin-morierois\/wp-content\/uploads\/2020\/05\/DSCN1112-768x576.jpg 768w\" sizes=\"auto, (max-width: 800px) 100vw, 800px\" \/><\/p>\n<p>une trentaine de grains de ma\u00efs ont \u00e9t\u00e9 mis en plaque<\/p>\n<h5><span style=\"color: #ffcc00;\"><strong>22 AVRIL 2020<\/strong><\/span><\/h5>\n<p>&nbsp;<\/p>\n<p><img loading=\"lazy\" decoding=\"async\" class=\"alignnone size-full wp-image-3138\" src=\"https:\/\/84310.fr\/jardin-morierois\/wp-content\/uploads\/2020\/05\/DSCN1164.jpg\" alt=\"\" width=\"800\" height=\"600\" srcset=\"https:\/\/84310.fr\/jardin-morierois\/wp-content\/uploads\/2020\/05\/DSCN1164.jpg 800w, https:\/\/84310.fr\/jardin-morierois\/wp-content\/uploads\/2020\/05\/DSCN1164-300x225.jpg 300w, https:\/\/84310.fr\/jardin-morierois\/wp-content\/uploads\/2020\/05\/DSCN1164-768x576.jpg 768w\" sizes=\"auto, (max-width: 800px) 100vw, 800px\" \/><\/p>\n<p>15 jours plus tard, une vingtaine de plants est sorti<\/p>\n<h5><strong>29 AVRIL 2020<\/strong><\/h5>\n<p><img loading=\"lazy\" decoding=\"async\" class=\"alignnone size-full wp-image-3140\" src=\"https:\/\/84310.fr\/jardin-morierois\/wp-content\/uploads\/2020\/05\/DSCN1248.jpg\" alt=\"\" width=\"600\" height=\"800\" srcset=\"https:\/\/84310.fr\/jardin-morierois\/wp-content\/uploads\/2020\/05\/DSCN1248.jpg 600w, https:\/\/84310.fr\/jardin-morierois\/wp-content\/uploads\/2020\/05\/DSCN1248-225x300.jpg 225w\" sizes=\"auto, (max-width: 600px) 100vw, 600px\" \/><\/p>\n<p>La totalit\u00e9 des plants de ma\u00efs a \u00e9t\u00e9 mise en terre, les plants sont dispos\u00e9s au milieu des rang\u00e9es de tomates ( les deux raies de 2&#215;11 )<\/p>\n<p><img loading=\"lazy\" decoding=\"async\" class=\"alignnone size-full wp-image-3141\" src=\"https:\/\/84310.fr\/jardin-morierois\/wp-content\/uploads\/2020\/05\/DSCN1250.jpg\" alt=\"\" width=\"600\" height=\"800\" srcset=\"https:\/\/84310.fr\/jardin-morierois\/wp-content\/uploads\/2020\/05\/DSCN1250.jpg 600w, https:\/\/84310.fr\/jardin-morierois\/wp-content\/uploads\/2020\/05\/DSCN1250-225x300.jpg 225w\" sizes=\"auto, (max-width: 600px) 100vw, 600px\" \/><br \/>\nles plants sont intercal\u00e9s entre des plants de persil.<br \/>\nles 4 plus beaux plants sont mis dans la grande double rang\u00e9e de tomates ( 2&#215;24 )<br \/>\nen tout, 24 plants de ma\u00efs sont d\u00e9sormais en terre.<\/p>\n<h5><strong><span style=\"color: #ff9900;\">13 MAI 2020<\/span><br \/>\n<\/strong><\/h5>\n<p>&nbsp;<\/p>\n<p>J&rsquo;ai \u00e9t\u00e9 averti par notre voisine jardini\u00e8re, qu&rsquo;elle a vu sur internet que les plants de tomates n&rsquo;aiment pas la proximit\u00e9 avec le Ma\u00efs<\/p>\n<p>je suis all\u00e9 v\u00e9rifier, et il est vrai, que sur certains sites ( pas tous ) cette information revient fr\u00e9quemment.<br \/>\nnous avons donc pris la ( sage ??? ) d\u00e9cision de d\u00e9placer notre grosse vingtaine de plants pour un endroit moins \u00a0\u00bb controvers\u00e9\u00a0\u00bb .. entre les plants de courgettes de Nice<\/p>\n<p>visiblement, pas de cot\u00e9 n\u00e9gatif \u00e0 ce mix, bien au contraire &#8230;.<\/p>\n","protected":false},"excerpt":{"rendered":"<p>Cela faisait longtemps que je voulais en faire, j&rsquo;ai d\u00e9ja essay\u00e9 il y a une paire d&rsquo;ann\u00e9es, mais juste un ma\u00efs pour les animaux, celui ci est pour nous, c&rsquo;est une \u00a0\u00bb vari\u00e9t\u00e9 demi-pr\u00e9coce (venant en environ 100 jours), les&hellip; <\/p>\n","protected":false},"author":1,"featured_media":0,"parent":0,"menu_order":0,"comment_status":"closed","ping_status":"closed","template":"","meta":{"_exactmetrics_skip_tracking":false,"_exactmetrics_sitenote_active":false,"_exactmetrics_sitenote_note":"","_exactmetrics_sitenote_category":0,"footnotes":""},"class_list":["post-3002","page","type-page","status-publish","hentry"],"_links":{"self":[{"href":"https:\/\/84310.fr\/jardin-morierois\/wp-json\/wp\/v2\/pages\/3002","targetHints":{"allow":["GET"]}}],"collection":[{"href":"https:\/\/84310.fr\/jardin-morierois\/wp-json\/wp\/v2\/pages"}],"about":[{"href":"https:\/\/84310.fr\/jardin-morierois\/wp-json\/wp\/v2\/types\/page"}],"author":[{"embeddable":true,"href":"https:\/\/84310.fr\/jardin-morierois\/wp-json\/wp\/v2\/users\/1"}],"replies":[{"embeddable":true,"href":"https:\/\/84310.fr\/jardin-morierois\/wp-json\/wp\/v2\/comments?post=3002"}],"version-history":[{"count":4,"href":"https:\/\/84310.fr\/jardin-morierois\/wp-json\/wp\/v2\/pages\/3002\/revisions"}],"predecessor-version":[{"id":3193,"href":"https:\/\/84310.fr\/jardin-morierois\/wp-json\/wp\/v2\/pages\/3002\/revisions\/3193"}],"wp:attachment":[{"href":"https:\/\/84310.fr\/jardin-morierois\/wp-json\/wp\/v2\/media?parent=3002"}],"curies":[{"name":"wp","href":"https:\/\/api.w.org\/{rel}","templated":true}]}}