{"id":2996,"date":"2020-04-02T21:12:27","date_gmt":"2020-04-02T20:12:27","guid":{"rendered":"http:\/\/84310.fr\/jardin-morierois\/?page_id=2996"},"modified":"2020-05-09T22:33:10","modified_gmt":"2020-05-09T21:33:10","slug":"2020-carre-a-tomates-sur-terrasse","status":"publish","type":"page","link":"https:\/\/84310.fr\/jardin-morierois\/2020-carre-a-tomates-sur-terrasse\/","title":{"rendered":"2020 carr\u00e9 \u00e0 tomates sur terrasse"},"content":{"rendered":"<p>sur notre terrasse, \u00e0 l&rsquo;endroit ou se trouvait dans le temps jadis, un arbre, dont le temps a effac\u00e9 la pr\u00e9sence jusque dans nos m\u00e9moires&#8230;<br \/>\nJe viens de retrouver le souvenir en me posant les questions, \u00a0\u00bb pourquoi il y avait un trou sur cette terrasse, et qu&rsquo;y avait il dedans &#8230;\u00a0\u00bb<br \/>\nje pense qu&rsquo;il devait y avoir un peuplier, ou un ormeau&#8230; je me renseignerai&#8230;<br \/>\nquoi qu&rsquo;il en soit, il y a un trou dans cette terrasse , r\u00e9cemment, des framboisiers, mais qui ont tr\u00e9pass\u00e9 ont laiss\u00e9 place au chiendent et aux \u00a0\u00bb mauvaises herbes\u00a0\u00bb<br \/>\n<img loading=\"lazy\" decoding=\"async\" class=\"alignnone size-full wp-image-2997\" src=\"https:\/\/84310.fr\/jardin-morierois\/wp-content\/uploads\/2020\/04\/DSCN1005.jpg\" alt=\"\" width=\"800\" height=\"600\" srcset=\"https:\/\/84310.fr\/jardin-morierois\/wp-content\/uploads\/2020\/04\/DSCN1005.jpg 800w, https:\/\/84310.fr\/jardin-morierois\/wp-content\/uploads\/2020\/04\/DSCN1005-300x225.jpg 300w, https:\/\/84310.fr\/jardin-morierois\/wp-content\/uploads\/2020\/04\/DSCN1005-768x576.jpg 768w\" sizes=\"auto, (max-width: 800px) 100vw, 800px\" \/><br \/>\nTout le chiendent a \u00e9t\u00e9 \u00f4t\u00e9, une \u00e9paisseur de terre une peu us\u00e9e par le temps a \u00e9t\u00e9 enlev\u00e9e, et deux bonnes brouettes de terre du poulailler ont \u00e9t\u00e9 rajout\u00e9es.<img loading=\"lazy\" decoding=\"async\" class=\"alignnone size-full wp-image-2998\" src=\"https:\/\/84310.fr\/jardin-morierois\/wp-content\/uploads\/2020\/04\/DSCN1006.jpg\" alt=\"\" width=\"800\" height=\"600\" srcset=\"https:\/\/84310.fr\/jardin-morierois\/wp-content\/uploads\/2020\/04\/DSCN1006.jpg 800w, https:\/\/84310.fr\/jardin-morierois\/wp-content\/uploads\/2020\/04\/DSCN1006-300x225.jpg 300w, https:\/\/84310.fr\/jardin-morierois\/wp-content\/uploads\/2020\/04\/DSCN1006-768x576.jpg 768w\" sizes=\"auto, (max-width: 800px) 100vw, 800px\" \/><\/p>\n<p>&nbsp;<\/p>\n<h5><span style=\"color: #00ff00;\"><strong>1er AVRIL 2020<\/strong><\/span><\/h5>\n<p>Le temps que la m\u00e9t\u00e9o se montre plus douce, nous y planterons 8 plants de tomates cerise.<br \/>\n<img loading=\"lazy\" decoding=\"async\" class=\"alignnone size-full wp-image-2999\" src=\"https:\/\/84310.fr\/jardin-morierois\/wp-content\/uploads\/2020\/04\/DSCN1076.jpg\" alt=\"\" width=\"800\" height=\"600\" srcset=\"https:\/\/84310.fr\/jardin-morierois\/wp-content\/uploads\/2020\/04\/DSCN1076.jpg 800w, https:\/\/84310.fr\/jardin-morierois\/wp-content\/uploads\/2020\/04\/DSCN1076-300x225.jpg 300w, https:\/\/84310.fr\/jardin-morierois\/wp-content\/uploads\/2020\/04\/DSCN1076-768x576.jpg 768w\" sizes=\"auto, (max-width: 800px) 100vw, 800px\" \/><br \/>\nPour prot\u00e9ger la terre, et garder un peu d&rsquo;humidit\u00e9, une bonne \u00e9paisseur de foin a \u00e9t\u00e9 rajout\u00e9e.<\/p>\n<h5><span style=\"color: #00ff00;\"><strong>9 AVRIL 2020<\/strong><\/span><\/h5>\n<p>plantation de 8 plants de tomates ap\u00e9ritif<\/p>\n<p>&nbsp;<\/p>\n<h5><span style=\"color: #00ff00;\"><strong>23 AVRIL 2020<\/strong><\/span><\/h5>\n<p>cela a bien pouss\u00e9, en l&rsquo;espace de 15 jours, les petits plants se sont bien adapt\u00e9s \u00e0 leur nouvel emplacement<\/p>\n<p><img loading=\"lazy\" decoding=\"async\" class=\"alignnone size-full wp-image-3133\" src=\"https:\/\/84310.fr\/jardin-morierois\/wp-content\/uploads\/2020\/05\/DSCN1172.jpg\" alt=\"\" width=\"800\" height=\"600\" srcset=\"https:\/\/84310.fr\/jardin-morierois\/wp-content\/uploads\/2020\/05\/DSCN1172.jpg 800w, https:\/\/84310.fr\/jardin-morierois\/wp-content\/uploads\/2020\/05\/DSCN1172-300x225.jpg 300w, https:\/\/84310.fr\/jardin-morierois\/wp-content\/uploads\/2020\/05\/DSCN1172-768x576.jpg 768w\" sizes=\"auto, (max-width: 800px) 100vw, 800px\" \/><\/p>\n<h5><span style=\"color: #00ff00;\"><strong>9 MAI 2020<\/strong><\/span><\/h5>\n<p>la v\u00e9g\u00e9tation explose, les plants ont trouv\u00e9 leur place, il a fallu mettre des tuteurs pour en pr\u00e9vision de leur future croissance<\/p>\n<p><img loading=\"lazy\" decoding=\"async\" class=\"alignnone size-full wp-image-3134\" src=\"https:\/\/84310.fr\/jardin-morierois\/wp-content\/uploads\/2020\/05\/DSCN1339.jpg\" alt=\"\" width=\"800\" height=\"600\" srcset=\"https:\/\/84310.fr\/jardin-morierois\/wp-content\/uploads\/2020\/05\/DSCN1339.jpg 800w, https:\/\/84310.fr\/jardin-morierois\/wp-content\/uploads\/2020\/05\/DSCN1339-300x225.jpg 300w, https:\/\/84310.fr\/jardin-morierois\/wp-content\/uploads\/2020\/05\/DSCN1339-768x576.jpg 768w\" sizes=\"auto, (max-width: 800px) 100vw, 800px\" \/><\/p>\n<p>&nbsp;<\/p>\n","protected":false},"excerpt":{"rendered":"<p>sur notre terrasse, \u00e0 l&rsquo;endroit ou se trouvait dans le temps jadis, un arbre, dont le temps a effac\u00e9 la pr\u00e9sence jusque dans nos m\u00e9moires&#8230; Je viens de retrouver le souvenir en me posant les questions, \u00a0\u00bb pourquoi il y&hellip; <\/p>\n","protected":false},"author":1,"featured_media":0,"parent":0,"menu_order":0,"comment_status":"closed","ping_status":"closed","template":"","meta":{"_exactmetrics_skip_tracking":false,"_exactmetrics_sitenote_active":false,"_exactmetrics_sitenote_note":"","_exactmetrics_sitenote_category":0,"footnotes":""},"class_list":["post-2996","page","type-page","status-publish","hentry"],"_links":{"self":[{"href":"https:\/\/84310.fr\/jardin-morierois\/wp-json\/wp\/v2\/pages\/2996","targetHints":{"allow":["GET"]}}],"collection":[{"href":"https:\/\/84310.fr\/jardin-morierois\/wp-json\/wp\/v2\/pages"}],"about":[{"href":"https:\/\/84310.fr\/jardin-morierois\/wp-json\/wp\/v2\/types\/page"}],"author":[{"embeddable":true,"href":"https:\/\/84310.fr\/jardin-morierois\/wp-json\/wp\/v2\/users\/1"}],"replies":[{"embeddable":true,"href":"https:\/\/84310.fr\/jardin-morierois\/wp-json\/wp\/v2\/comments?post=2996"}],"version-history":[{"count":3,"href":"https:\/\/84310.fr\/jardin-morierois\/wp-json\/wp\/v2\/pages\/2996\/revisions"}],"predecessor-version":[{"id":3135,"href":"https:\/\/84310.fr\/jardin-morierois\/wp-json\/wp\/v2\/pages\/2996\/revisions\/3135"}],"wp:attachment":[{"href":"https:\/\/84310.fr\/jardin-morierois\/wp-json\/wp\/v2\/media?parent=2996"}],"curies":[{"name":"wp","href":"https:\/\/api.w.org\/{rel}","templated":true}]}}