{"id":2977,"date":"2020-03-31T21:53:37","date_gmt":"2020-03-31T20:53:37","guid":{"rendered":"http:\/\/84310.fr\/jardin-morierois\/?page_id=2977"},"modified":"2020-05-06T20:52:55","modified_gmt":"2020-05-06T19:52:55","slug":"patates-2020","status":"publish","type":"page","link":"https:\/\/84310.fr\/jardin-morierois\/patates-2020\/","title":{"rendered":"Patates 2020"},"content":{"rendered":"<h6><span style=\"color: #993366;\"><strong>MARDI 31 MARS 2020<\/strong><\/span><\/h6>\n<p>c&rsquo;est parti pour cette nouvelle ann\u00e9e de patates !!! (\u00a0 10 jours plus t\u00f4t que l&rsquo;ann\u00e9e derni\u00e8re).<\/p>\n<p>L&rsquo;espoir de faire mieux que l&rsquo;ann\u00e9e pr\u00e9c\u00e9dente, qui sera facile car ex\u00e9crablement m\u00e9diocre&#8230;<br \/>\ndeux caisses de plant\u00e9es pour environ 1 kilos de petites billes de patates ( surement les meilleures du monde ) mais 1 maigre kilo tout de m\u00eame &#8230;. ( investissement p\u00e9cuniaire et temporel non n\u00e9gligeable pour un maigre r\u00e9sultat ).<br \/>\nCette ann\u00e9e 2020, nous essayons de faire mieux, du coup, pas de patates sur pelouse ou sur prairie. deux caisses de 60 plants achet\u00e9s sold\u00e9s \u00e0 50%..<br \/>\n<img loading=\"lazy\" decoding=\"async\" class=\"alignnone size-full wp-image-2978\" src=\"https:\/\/84310.fr\/jardin-morierois\/wp-content\/uploads\/2020\/03\/DSCN1027.jpg\" alt=\"\" width=\"800\" height=\"600\" srcset=\"https:\/\/84310.fr\/jardin-morierois\/wp-content\/uploads\/2020\/03\/DSCN1027.jpg 800w, https:\/\/84310.fr\/jardin-morierois\/wp-content\/uploads\/2020\/03\/DSCN1027-300x225.jpg 300w, https:\/\/84310.fr\/jardin-morierois\/wp-content\/uploads\/2020\/03\/DSCN1027-768x576.jpg 768w\" sizes=\"auto, (max-width: 800px) 100vw, 800px\" \/> Le terrain avait \u00e9t\u00e9 pr\u00e9par\u00e9 il y a quelques mois, avec l&rsquo;apport de foin et couches de tontes du chemin et du champ.<img loading=\"lazy\" decoding=\"async\" class=\"alignnone size-full wp-image-2979\" src=\"https:\/\/84310.fr\/jardin-morierois\/wp-content\/uploads\/2020\/03\/DSCN1030.jpg\" alt=\"\" width=\"800\" height=\"600\" srcset=\"https:\/\/84310.fr\/jardin-morierois\/wp-content\/uploads\/2020\/03\/DSCN1030.jpg 800w, https:\/\/84310.fr\/jardin-morierois\/wp-content\/uploads\/2020\/03\/DSCN1030-300x225.jpg 300w, https:\/\/84310.fr\/jardin-morierois\/wp-content\/uploads\/2020\/03\/DSCN1030-768x576.jpg 768w\" sizes=\"auto, (max-width: 800px) 100vw, 800px\" \/><br \/>\nCela avait d\u00e9j\u00e0 commenc\u00e9 \u00e0 ameublir l&rsquo;espace de plantation, j&rsquo;ai continu\u00e9 une fois n&rsquo;est pas coutume avec un bon coup de motoculteur &#8230;( bouhhhh , je sais c&rsquo;est pas bien ) <img loading=\"lazy\" decoding=\"async\" class=\"alignnone size-full wp-image-2980\" src=\"https:\/\/84310.fr\/jardin-morierois\/wp-content\/uploads\/2020\/03\/DSCN1033.jpg\" alt=\"\" width=\"800\" height=\"600\" srcset=\"https:\/\/84310.fr\/jardin-morierois\/wp-content\/uploads\/2020\/03\/DSCN1033.jpg 800w, https:\/\/84310.fr\/jardin-morierois\/wp-content\/uploads\/2020\/03\/DSCN1033-300x225.jpg 300w, https:\/\/84310.fr\/jardin-morierois\/wp-content\/uploads\/2020\/03\/DSCN1033-768x576.jpg 768w\" sizes=\"auto, (max-width: 800px) 100vw, 800px\" \/><br \/>\nDeux rang\u00e9es de vari\u00e9t\u00e9s diff\u00e9rentes,<\/p>\n<p><img loading=\"lazy\" decoding=\"async\" class=\"alignnone size-full wp-image-2983\" src=\"https:\/\/84310.fr\/jardin-morierois\/wp-content\/uploads\/2020\/03\/DSCN1037.jpg\" alt=\"\" width=\"600\" height=\"800\" srcset=\"https:\/\/84310.fr\/jardin-morierois\/wp-content\/uploads\/2020\/03\/DSCN1037.jpg 600w, https:\/\/84310.fr\/jardin-morierois\/wp-content\/uploads\/2020\/03\/DSCN1037-225x300.jpg 225w\" sizes=\"auto, (max-width: 600px) 100vw, 600px\" \/><br \/>\nMes rang\u00e9es sont plut\u00f4t des courbes en fait &#8230;. <img loading=\"lazy\" decoding=\"async\" class=\"alignnone size-full wp-image-2981\" src=\"https:\/\/84310.fr\/jardin-morierois\/wp-content\/uploads\/2020\/03\/DSCN1043.jpg\" alt=\"\" width=\"800\" height=\"600\" srcset=\"https:\/\/84310.fr\/jardin-morierois\/wp-content\/uploads\/2020\/03\/DSCN1043.jpg 800w, https:\/\/84310.fr\/jardin-morierois\/wp-content\/uploads\/2020\/03\/DSCN1043-300x225.jpg 300w, https:\/\/84310.fr\/jardin-morierois\/wp-content\/uploads\/2020\/03\/DSCN1043-768x576.jpg 768w\" sizes=\"auto, (max-width: 800px) 100vw, 800px\" \/><br \/>\nOn recouvre d\u00e9licatement les tubercules&#8230;<\/p>\n<p><img loading=\"lazy\" decoding=\"async\" class=\"alignnone size-full wp-image-2982\" src=\"https:\/\/84310.fr\/jardin-morierois\/wp-content\/uploads\/2020\/03\/DSCN1048.jpg\" alt=\"\" width=\"800\" height=\"600\" srcset=\"https:\/\/84310.fr\/jardin-morierois\/wp-content\/uploads\/2020\/03\/DSCN1048.jpg 800w, https:\/\/84310.fr\/jardin-morierois\/wp-content\/uploads\/2020\/03\/DSCN1048-300x225.jpg 300w, https:\/\/84310.fr\/jardin-morierois\/wp-content\/uploads\/2020\/03\/DSCN1048-768x576.jpg 768w\" sizes=\"auto, (max-width: 800px) 100vw, 800px\" \/><br \/>\nle reste de paillage ( fouinage en fait ) est remis par dessus avec l&rsquo;ensemble des v\u00e9g\u00e9taux verts arrach\u00e9s pendant l&rsquo;op\u00e9ration. ET ON ATTEND !!!!<\/p>\n<h6><span style=\"color: #800080;\"><strong>MERCREDI 22 AVRIL 2020<\/strong><\/span><\/h6>\n<p>d\u00e9j\u00e0 3 semaines sont pass\u00e9es depuis la plantation, les couches de tontes r\u00e9cup\u00e9r\u00e9es par mes voisins ( merci \u00e0 eaux ) viennent \u00e9paissir la couche au dessus des plant de patates.<\/p>\n<p><img loading=\"lazy\" decoding=\"async\" class=\"alignnone size-full wp-image-3110\" src=\"https:\/\/84310.fr\/jardin-morierois\/wp-content\/uploads\/2020\/05\/DSCN1166.jpg\" alt=\"\" width=\"800\" height=\"600\" srcset=\"https:\/\/84310.fr\/jardin-morierois\/wp-content\/uploads\/2020\/05\/DSCN1166.jpg 800w, https:\/\/84310.fr\/jardin-morierois\/wp-content\/uploads\/2020\/05\/DSCN1166-300x225.jpg 300w, https:\/\/84310.fr\/jardin-morierois\/wp-content\/uploads\/2020\/05\/DSCN1166-768x576.jpg 768w\" sizes=\"auto, (max-width: 800px) 100vw, 800px\" \/><br \/>\nl&rsquo;\u00e9paisseur de tonte augmente petit \u00e0 petit<img loading=\"lazy\" decoding=\"async\" class=\"alignnone size-full wp-image-3111\" src=\"https:\/\/84310.fr\/jardin-morierois\/wp-content\/uploads\/2020\/05\/DSCN1167.jpg\" alt=\"\" width=\"800\" height=\"600\" srcset=\"https:\/\/84310.fr\/jardin-morierois\/wp-content\/uploads\/2020\/05\/DSCN1167.jpg 800w, https:\/\/84310.fr\/jardin-morierois\/wp-content\/uploads\/2020\/05\/DSCN1167-300x225.jpg 300w, https:\/\/84310.fr\/jardin-morierois\/wp-content\/uploads\/2020\/05\/DSCN1167-768x576.jpg 768w\" sizes=\"auto, (max-width: 800px) 100vw, 800px\" \/><br \/>\nOn aper\u00e7oit quelques t\u00eates qui ont pu se frayer un passage entre les couches de tontes.<\/p>\n<h6><span style=\"color: #800080;\"><strong>MERCREDI 6 Mai 2020<\/strong><\/span><\/h6>\n<p>15 jours plus tard, un grand nombre de plants est sorti.<\/p>\n<p><img loading=\"lazy\" decoding=\"async\" class=\"alignnone size-full wp-image-3113\" src=\"https:\/\/84310.fr\/jardin-morierois\/wp-content\/uploads\/2020\/05\/patates.jpg\" alt=\"\" width=\"800\" height=\"580\" srcset=\"https:\/\/84310.fr\/jardin-morierois\/wp-content\/uploads\/2020\/05\/patates.jpg 800w, https:\/\/84310.fr\/jardin-morierois\/wp-content\/uploads\/2020\/05\/patates-300x218.jpg 300w, https:\/\/84310.fr\/jardin-morierois\/wp-content\/uploads\/2020\/05\/patates-768x557.jpg 768w\" sizes=\"auto, (max-width: 800px) 100vw, 800px\" \/><br \/>\nNous continuons \u00e0 y d\u00e9poser du mulch et de la tonte r\u00e9cup\u00e9r\u00e9e dans le quartier.<\/p>\n","protected":false},"excerpt":{"rendered":"<p>MARDI 31 MARS 2020 c&rsquo;est parti pour cette nouvelle ann\u00e9e de patates !!! (\u00a0 10 jours plus t\u00f4t que l&rsquo;ann\u00e9e derni\u00e8re). L&rsquo;espoir de faire mieux que l&rsquo;ann\u00e9e pr\u00e9c\u00e9dente, qui sera facile car ex\u00e9crablement m\u00e9diocre&#8230; deux caisses de plant\u00e9es pour environ&hellip; <\/p>\n","protected":false},"author":1,"featured_media":0,"parent":0,"menu_order":0,"comment_status":"closed","ping_status":"closed","template":"","meta":{"_exactmetrics_skip_tracking":false,"_exactmetrics_sitenote_active":false,"_exactmetrics_sitenote_note":"","_exactmetrics_sitenote_category":0,"footnotes":""},"class_list":["post-2977","page","type-page","status-publish","hentry"],"_links":{"self":[{"href":"https:\/\/84310.fr\/jardin-morierois\/wp-json\/wp\/v2\/pages\/2977","targetHints":{"allow":["GET"]}}],"collection":[{"href":"https:\/\/84310.fr\/jardin-morierois\/wp-json\/wp\/v2\/pages"}],"about":[{"href":"https:\/\/84310.fr\/jardin-morierois\/wp-json\/wp\/v2\/types\/page"}],"author":[{"embeddable":true,"href":"https:\/\/84310.fr\/jardin-morierois\/wp-json\/wp\/v2\/users\/1"}],"replies":[{"embeddable":true,"href":"https:\/\/84310.fr\/jardin-morierois\/wp-json\/wp\/v2\/comments?post=2977"}],"version-history":[{"count":5,"href":"https:\/\/84310.fr\/jardin-morierois\/wp-json\/wp\/v2\/pages\/2977\/revisions"}],"predecessor-version":[{"id":3115,"href":"https:\/\/84310.fr\/jardin-morierois\/wp-json\/wp\/v2\/pages\/2977\/revisions\/3115"}],"wp:attachment":[{"href":"https:\/\/84310.fr\/jardin-morierois\/wp-json\/wp\/v2\/media?parent=2977"}],"curies":[{"name":"wp","href":"https:\/\/api.w.org\/{rel}","templated":true}]}}