{"id":2961,"date":"2020-03-22T12:33:21","date_gmt":"2020-03-22T11:33:21","guid":{"rendered":"http:\/\/84310.fr\/jardin-morierois\/?page_id=2961"},"modified":"2020-05-10T09:37:12","modified_gmt":"2020-05-10T08:37:12","slug":"2020-courge-eponge-luffa-ou-loofah-loufah","status":"publish","type":"page","link":"https:\/\/84310.fr\/jardin-morierois\/2020-courge-eponge-luffa-ou-loofah-loufah\/","title":{"rendered":"2020 courge \u00e9ponge LUFFA ( ou Loofah, Loufah )"},"content":{"rendered":"<p>Ayant entendu parler de cette courge \u00e9ponge ( <a href=\"https:\/\/fr.wikipedia.org\/wiki\/Luffa\">lien wiki ici<\/a> ) cela m&rsquo;int\u00e9ressait d&rsquo;essayer quand un beau jour sur Fesses du Bouc, une gentille personne proposait d&rsquo;en donner.<br \/>\nSuite \u00e0 quelques \u00e9changes de messages, j&rsquo;envoyais une enveloppe \u00e0 son adresse qui contenait une enveloppe timbr\u00e9e pour le retour des graines.<br \/>\nQuelques jours plus tard, je recevais la dite enveloppe avec une dizaine de graines qui ont patient\u00e9 quelques temps le moment id\u00e9al pour la mise en semis.<\/p>\n<h6><span style=\"color: #339966;\"><strong>14 Mars 2020<\/strong><\/span><\/h6>\n<p>semis de 4 courges LUFFA en godet, il me restait 4 emplacements de libres sur une plaque, j&rsquo;en ai profit\u00e9.<\/p>\n<h6><strong><span style=\"color: #339966;\">22 Mars 2020<\/span><\/strong><\/h6>\n<p>bonne surprise, une des courges est en train de lever, il me reste \u00e0 semer les autres avant d&rsquo;\u00eatre \u00e0 la bourre.<\/p>\n<h6><span style=\"color: #008000;\"><strong>22 AVRIL 2020<\/strong><\/span><\/h6>\n<p>un mois plus tard &#8230;. seulement 5 plants on r\u00e9ussi \u00e0 lever&#8230; trop d&rsquo;eau\u00a0 ? chaleur ? ou graines vides ou pas d\u00e9veloppables &#8230;?<br \/>\nl&rsquo;essentiel , c&rsquo;est qu&rsquo;il y en ait au moins une &#8230;.<\/p>\n<h6><span style=\"color: #008000;\"><strong>9 MAI 2020<\/strong><\/span><\/h6>\n<p>il ne reste plus que 4 plants, le 5eme a fini par d\u00e9p\u00e9rir &#8230;. y a t il eu un ver dans le godet, cela a fait la m\u00eame chose qu&rsquo;avec le ver blanc et les salades &#8230;<br \/>\n<img loading=\"lazy\" decoding=\"async\" class=\"alignnone size-full wp-image-3147\" src=\"https:\/\/84310.fr\/jardin-morierois\/wp-content\/uploads\/2020\/05\/DSCN1335.jpg\" alt=\"\" width=\"800\" height=\"600\" srcset=\"https:\/\/84310.fr\/jardin-morierois\/wp-content\/uploads\/2020\/05\/DSCN1335.jpg 800w, https:\/\/84310.fr\/jardin-morierois\/wp-content\/uploads\/2020\/05\/DSCN1335-300x225.jpg 300w, https:\/\/84310.fr\/jardin-morierois\/wp-content\/uploads\/2020\/05\/DSCN1335-768x576.jpg 768w\" sizes=\"auto, (max-width: 800px) 100vw, 800px\" \/><br \/>\nIl va falloir les booster un peu, car elles sont un peu ch\u00e9tives et en retard<\/p>\n<p>&nbsp;<\/p>\n","protected":false},"excerpt":{"rendered":"<p>Ayant entendu parler de cette courge \u00e9ponge ( lien wiki ici ) cela m&rsquo;int\u00e9ressait d&rsquo;essayer quand un beau jour sur Fesses du Bouc, une gentille personne proposait d&rsquo;en donner. Suite \u00e0 quelques \u00e9changes de messages, j&rsquo;envoyais une enveloppe \u00e0 son&hellip; <\/p>\n","protected":false},"author":1,"featured_media":0,"parent":0,"menu_order":0,"comment_status":"closed","ping_status":"closed","template":"","meta":{"_exactmetrics_skip_tracking":false,"_exactmetrics_sitenote_active":false,"_exactmetrics_sitenote_note":"","_exactmetrics_sitenote_category":0,"footnotes":""},"class_list":["post-2961","page","type-page","status-publish","hentry"],"_links":{"self":[{"href":"https:\/\/84310.fr\/jardin-morierois\/wp-json\/wp\/v2\/pages\/2961","targetHints":{"allow":["GET"]}}],"collection":[{"href":"https:\/\/84310.fr\/jardin-morierois\/wp-json\/wp\/v2\/pages"}],"about":[{"href":"https:\/\/84310.fr\/jardin-morierois\/wp-json\/wp\/v2\/types\/page"}],"author":[{"embeddable":true,"href":"https:\/\/84310.fr\/jardin-morierois\/wp-json\/wp\/v2\/users\/1"}],"replies":[{"embeddable":true,"href":"https:\/\/84310.fr\/jardin-morierois\/wp-json\/wp\/v2\/comments?post=2961"}],"version-history":[{"count":5,"href":"https:\/\/84310.fr\/jardin-morierois\/wp-json\/wp\/v2\/pages\/2961\/revisions"}],"predecessor-version":[{"id":3148,"href":"https:\/\/84310.fr\/jardin-morierois\/wp-json\/wp\/v2\/pages\/2961\/revisions\/3148"}],"wp:attachment":[{"href":"https:\/\/84310.fr\/jardin-morierois\/wp-json\/wp\/v2\/media?parent=2961"}],"curies":[{"name":"wp","href":"https:\/\/api.w.org\/{rel}","templated":true}]}}